{"id":7349,"date":"2026-03-24T21:15:18","date_gmt":"2026-03-24T20:15:18","guid":{"rendered":"https:\/\/www.2mkhokejovekarty.sk\/produkt\/2025-26-upper-deck-series-2-hockey-blaster-package\/"},"modified":"2026-03-24T21:20:10","modified_gmt":"2026-03-24T20:20:10","slug":"2025-26-upper-deck-series-2-hockey-blaster-pack","status":"publish","type":"product","link":"https:\/\/www.2mkhokejovekarty.sk\/en\/produkt\/2025-26-upper-deck-series-2-hockey-blaster-pack\/","title":{"rendered":"2025-26 Upper Deck Series 2 Hockey Blaster Pack"},"content":{"rendered":"\n\t\t<style type=\"text\/css\">\n\t\t\t#gallery-1 {\n\t\t\t\tmargin: auto;\n\t\t\t}\n\t\t\t#gallery-1 .gallery-item {\n\t\t\t\tfloat: left;\n\t\t\t\tmargin-top: 10px;\n\t\t\t\ttext-align: center;\n\t\t\t\twidth: 25%;\n\t\t\t}\n\t\t\t#gallery-1 img {\n\t\t\t\tborder: 2px solid #cfcfcf;\n\t\t\t}\n\t\t\t#gallery-1 .gallery-caption {\n\t\t\t\tmargin-left: 0;\n\t\t\t}\n\t\t\t\/* see gallery_shortcode() in wp-includes\/media.php *\/\n\t\t<\/style>\n\t\t<div id='gallery-1' class='gallery galleryid-7349 gallery-columns-4 gallery-size-medium'><dl class='gallery-item'>\n\t\t\t<dt class='gallery-icon landscape'>\n\t\t\t\t<a href='https:\/\/www.2mkhokejovekarty.sk\/wp-content\/smush-webp\/2026\/03\/2025-26_upper_deck_series_2_hockey_retail_1.jpeg.webp'><img decoding=\"async\" width=\"300\" height=\"169\" src=\"https:\/\/www.2mkhokejovekarty.sk\/wp-content\/smush-webp\/2026\/03\/2025-26_upper_deck_series_2_hockey_retail_1-300x169.jpeg.webp\" class=\"attachment-medium size-medium\" alt=\"\" srcset=\"https:\/\/www.2mkhokejovekarty.sk\/wp-content\/smush-webp\/2026\/03\/2025-26_upper_deck_series_2_hockey_retail_1-300x169.jpeg.webp 300w, https:\/\/www.2mkhokejovekarty.sk\/wp-content\/smush-webp\/2026\/03\/2025-26_upper_deck_series_2_hockey_retail_1-1024x576.jpeg.webp 1024w, https:\/\/www.2mkhokejovekarty.sk\/wp-content\/smush-webp\/2026\/03\/2025-26_upper_deck_series_2_hockey_retail_1-768x432.jpeg.webp 768w, https:\/\/www.2mkhokejovekarty.sk\/wp-content\/smush-webp\/2026\/03\/2025-26_upper_deck_series_2_hockey_retail_1-60x34.jpeg.webp 60w, https:\/\/www.2mkhokejovekarty.sk\/wp-content\/smush-webp\/2026\/03\/2025-26_upper_deck_series_2_hockey_retail_1-1536x864.jpeg.webp 1536w, https:\/\/www.2mkhokejovekarty.sk\/wp-content\/smush-webp\/2026\/03\/2025-26_upper_deck_series_2_hockey_retail_1-1200x675.jpeg.webp 1200w, https:\/\/www.2mkhokejovekarty.sk\/wp-content\/smush-webp\/2026\/03\/2025-26_upper_deck_series_2_hockey_retail_1-150x84.jpeg.webp 150w, https:\/\/www.2mkhokejovekarty.sk\/wp-content\/smush-webp\/2026\/03\/2025-26_upper_deck_series_2_hockey_retail_1-96x54.jpeg.webp 96w, https:\/\/www.2mkhokejovekarty.sk\/wp-content\/smush-webp\/2026\/03\/2025-26_upper_deck_series_2_hockey_retail_1-42x24.jpeg.webp 42w, https:\/\/www.2mkhokejovekarty.sk\/wp-content\/smush-webp\/2026\/03\/2025-26_upper_deck_series_2_hockey_retail_1.jpeg.webp 2000w\" sizes=\"(max-width: 300px) 100vw, 300px\" \/><\/a>\n\t\t\t<\/dt><\/dl><dl class='gallery-item'>\n\t\t\t<dt class='gallery-icon landscape'>\n\t\t\t\t<a href='https:\/\/www.2mkhokejovekarty.sk\/wp-content\/smush-webp\/2026\/03\/2025-26_upper_deck_series_2_hockey_retail_2.jpeg.webp'><img decoding=\"async\" width=\"300\" height=\"169\" src=\"https:\/\/www.2mkhokejovekarty.sk\/wp-content\/smush-webp\/2026\/03\/2025-26_upper_deck_series_2_hockey_retail_2-300x169.jpeg.webp\" class=\"attachment-medium size-medium\" alt=\"\" srcset=\"https:\/\/www.2mkhokejovekarty.sk\/wp-content\/smush-webp\/2026\/03\/2025-26_upper_deck_series_2_hockey_retail_2-300x169.jpeg.webp 300w, https:\/\/www.2mkhokejovekarty.sk\/wp-content\/smush-webp\/2026\/03\/2025-26_upper_deck_series_2_hockey_retail_2-1024x576.jpeg.webp 1024w, https:\/\/www.2mkhokejovekarty.sk\/wp-content\/smush-webp\/2026\/03\/2025-26_upper_deck_series_2_hockey_retail_2-768x432.jpeg.webp 768w, https:\/\/www.2mkhokejovekarty.sk\/wp-content\/smush-webp\/2026\/03\/2025-26_upper_deck_series_2_hockey_retail_2-60x34.jpeg.webp 60w, https:\/\/www.2mkhokejovekarty.sk\/wp-content\/smush-webp\/2026\/03\/2025-26_upper_deck_series_2_hockey_retail_2-1536x864.jpeg.webp 1536w, https:\/\/www.2mkhokejovekarty.sk\/wp-content\/smush-webp\/2026\/03\/2025-26_upper_deck_series_2_hockey_retail_2-1200x675.jpeg.webp 1200w, https:\/\/www.2mkhokejovekarty.sk\/wp-content\/smush-webp\/2026\/03\/2025-26_upper_deck_series_2_hockey_retail_2-150x84.jpeg.webp 150w, https:\/\/www.2mkhokejovekarty.sk\/wp-content\/smush-webp\/2026\/03\/2025-26_upper_deck_series_2_hockey_retail_2-96x54.jpeg.webp 96w, https:\/\/www.2mkhokejovekarty.sk\/wp-content\/smush-webp\/2026\/03\/2025-26_upper_deck_series_2_hockey_retail_2-42x24.jpeg.webp 42w, https:\/\/www.2mkhokejovekarty.sk\/wp-content\/smush-webp\/2026\/03\/2025-26_upper_deck_series_2_hockey_retail_2.jpeg.webp 2000w\" sizes=\"(max-width: 300px) 100vw, 300px\" \/><\/a>\n\t\t\t<\/dt><\/dl><dl class='gallery-item'>\n\t\t\t<dt class='gallery-icon landscape'>\n\t\t\t\t<a href='https:\/\/www.2mkhokejovekarty.sk\/wp-content\/smush-webp\/2026\/03\/2025-26_upper_deck_series_2_hockey_retail_3.jpeg.webp'><img decoding=\"async\" width=\"300\" height=\"169\" src=\"https:\/\/www.2mkhokejovekarty.sk\/wp-content\/smush-webp\/2026\/03\/2025-26_upper_deck_series_2_hockey_retail_3-300x169.jpeg.webp\" class=\"attachment-medium size-medium\" alt=\"\" srcset=\"https:\/\/www.2mkhokejovekarty.sk\/wp-content\/smush-webp\/2026\/03\/2025-26_upper_deck_series_2_hockey_retail_3-300x169.jpeg.webp 300w, https:\/\/www.2mkhokejovekarty.sk\/wp-content\/smush-webp\/2026\/03\/2025-26_upper_deck_series_2_hockey_retail_3-1024x576.jpeg.webp 1024w, https:\/\/www.2mkhokejovekarty.sk\/wp-content\/smush-webp\/2026\/03\/2025-26_upper_deck_series_2_hockey_retail_3-768x432.jpeg.webp 768w, https:\/\/www.2mkhokejovekarty.sk\/wp-content\/smush-webp\/2026\/03\/2025-26_upper_deck_series_2_hockey_retail_3-60x34.jpeg.webp 60w, https:\/\/www.2mkhokejovekarty.sk\/wp-content\/smush-webp\/2026\/03\/2025-26_upper_deck_series_2_hockey_retail_3-1536x864.jpeg.webp 1536w, https:\/\/www.2mkhokejovekarty.sk\/wp-content\/smush-webp\/2026\/03\/2025-26_upper_deck_series_2_hockey_retail_3-1200x675.jpeg.webp 1200w, https:\/\/www.2mkhokejovekarty.sk\/wp-content\/smush-webp\/2026\/03\/2025-26_upper_deck_series_2_hockey_retail_3-150x84.jpeg.webp 150w, https:\/\/www.2mkhokejovekarty.sk\/wp-content\/smush-webp\/2026\/03\/2025-26_upper_deck_series_2_hockey_retail_3-96x54.jpeg.webp 96w, https:\/\/www.2mkhokejovekarty.sk\/wp-content\/smush-webp\/2026\/03\/2025-26_upper_deck_series_2_hockey_retail_3-42x24.jpeg.webp 42w, https:\/\/www.2mkhokejovekarty.sk\/wp-content\/smush-webp\/2026\/03\/2025-26_upper_deck_series_2_hockey_retail_3.jpeg.webp 2000w\" sizes=\"(max-width: 300px) 100vw, 300px\" \/><\/a>\n\t\t\t<\/dt><\/dl><dl class='gallery-item'>\n\t\t\t<dt class='gallery-icon landscape'>\n\t\t\t\t<a href='https:\/\/www.2mkhokejovekarty.sk\/wp-content\/smush-webp\/2026\/03\/2025-26_upper_Deck_series_2_hockey_retail_4.jpeg.webp'><img decoding=\"async\" width=\"300\" height=\"169\" src=\"https:\/\/www.2mkhokejovekarty.sk\/wp-content\/smush-webp\/2026\/03\/2025-26_upper_Deck_series_2_hockey_retail_4-300x169.jpeg.webp\" class=\"attachment-medium size-medium\" alt=\"\" srcset=\"https:\/\/www.2mkhokejovekarty.sk\/wp-content\/smush-webp\/2026\/03\/2025-26_upper_Deck_series_2_hockey_retail_4-300x169.jpeg.webp 300w, https:\/\/www.2mkhokejovekarty.sk\/wp-content\/smush-webp\/2026\/03\/2025-26_upper_Deck_series_2_hockey_retail_4-1024x576.jpeg.webp 1024w, https:\/\/www.2mkhokejovekarty.sk\/wp-content\/smush-webp\/2026\/03\/2025-26_upper_Deck_series_2_hockey_retail_4-768x432.jpeg.webp 768w, https:\/\/www.2mkhokejovekarty.sk\/wp-content\/smush-webp\/2026\/03\/2025-26_upper_Deck_series_2_hockey_retail_4-60x34.jpeg.webp 60w, https:\/\/www.2mkhokejovekarty.sk\/wp-content\/smush-webp\/2026\/03\/2025-26_upper_Deck_series_2_hockey_retail_4-1536x864.jpeg.webp 1536w, https:\/\/www.2mkhokejovekarty.sk\/wp-content\/smush-webp\/2026\/03\/2025-26_upper_Deck_series_2_hockey_retail_4-1200x675.jpeg.webp 1200w, https:\/\/www.2mkhokejovekarty.sk\/wp-content\/smush-webp\/2026\/03\/2025-26_upper_Deck_series_2_hockey_retail_4-150x84.jpeg.webp 150w, https:\/\/www.2mkhokejovekarty.sk\/wp-content\/smush-webp\/2026\/03\/2025-26_upper_Deck_series_2_hockey_retail_4-96x54.jpeg.webp 96w, https:\/\/www.2mkhokejovekarty.sk\/wp-content\/smush-webp\/2026\/03\/2025-26_upper_Deck_series_2_hockey_retail_4-42x24.jpeg.webp 42w, https:\/\/www.2mkhokejovekarty.sk\/wp-content\/smush-webp\/2026\/03\/2025-26_upper_Deck_series_2_hockey_retail_4.jpeg.webp 2000w\" sizes=\"(max-width: 300px) 100vw, 300px\" \/><\/a>\n\t\t\t<\/dt><\/dl><br style=\"clear: both\" \/>\n\t\t<\/div>\n\n<p><strong>2025-26 Upper Deck Series 2 Hockey Blaster Pack<\/strong><\/p>\n<p><strong>PRODUCT INCLUDES:<\/strong><\/p>\n<p><b>Young Guns cards:<\/b><\/p>\n<p>-Young Guns (451-500) 1:3<br \/>\n-Young Guns &#8211; Outburst Silver Parallel 1:180<br \/>\n-UD Canvas Young Guns 1:48<\/p>\n<p><b>Insert Cards:<\/b><\/p>\n<p>-Boomtown 1:10<br \/>\n-Boomtown &#8211; Speckle 1:80<br \/>\n-Blaster-Exclusive! Dazzlers &#8211; Green 1:4<br \/>\n-Dazzlers &#8211; Gold 1:2880<br \/>\n-Encore 1:3<br \/>\n-Glow-Up 1:5<br \/>\n-Glow-Up &#8211; Speckle Parallel 1:40<br \/>\n-IYKYK 1:10<br \/>\n-IYKYK &#8211; Speckle Parallel 1:80<br \/>\n-Let Them Cook 1:8<br \/>\n-Let Them Cook &#8211; Speckle Parallel 1:60<br \/>\n-OPC Glossy 1:3<br \/>\n-OPC Glossy &#8211; Gold Parallel 1:8<br \/>\n-Sizzle Reel 1:5<br \/>\n-Sizzle Reel &#8211; Speckle Parallel 1:35<br \/>\n-Slaps 1:6<br \/>\n-Slaps &#8211; Speckle Parallel 1:48<br \/>\n-UD Canvas 1:8<br \/>\n-UD Canvas &#8211; Retired 1:192<br \/>\n-UD Canvas &#8211; Program of Excellence 1:192<br \/>\n-UD Portraits 1:5<br \/>\n-UD Portraits &#8211; Speckle Parallel 1:40<br \/>\n-Vibing 1:5<br \/>\n-Vibing &#8211; Speckle Parallel 1:40<\/p>\n<p><b>Base set and parallel cards:<\/b><\/p>\n<p>-Base Set (251-450) N\/A<br \/>\n-Base Set &#8211; Outburst Silver Parallel 1:45<\/p>\n<p>&nbsp;<\/p>\n<p>&nbsp;<\/p>\n","protected":false},"excerpt":{"rendered":"<p><strong>Pack Contents<br \/>\n<\/strong>12 cards per pack<\/p>\n","protected":false},"featured_media":7347,"template":"","meta":[],"product_brand":[],"product_cat":[276,275],"product_tag":[267],"class_list":{"0":"post-7349","1":"product","2":"type-product","3":"status-publish","4":"has-post-thumbnail","6":"product_cat-packs","7":"product_cat-2025-26-packs","8":"product_tag-upper-deck","10":"first","11":"instock","12":"taxable","13":"shipping-taxable","14":"purchasable","15":"product-type-simple"},"yoast_head":"<!-- This site is optimized with the Yoast SEO plugin v17.7.1 - https:\/\/yoast.com\/wordpress\/plugins\/seo\/ -->\n<title>2025-26 Upper Deck Series 2 Hockey Blaster Pack - 2MK Hokejov\u00e9 Karty<\/title>\n<meta name=\"robots\" content=\"index, follow, max-snippet:-1, max-image-preview:large, max-video-preview:-1\" \/>\n<link rel=\"canonical\" href=\"https:\/\/www.2mkhokejovekarty.sk\/en\/produkt\/2025-26-upper-deck-series-2-hockey-blaster-pack\/\" \/>\n<meta property=\"og:locale\" content=\"en_US\" \/>\n<meta property=\"og:type\" content=\"article\" \/>\n<meta property=\"og:title\" content=\"2025-26 Upper Deck Series 2 Hockey Blaster Pack - 2MK Hokejov\u00e9 Karty\" \/>\n<meta property=\"og:description\" content=\"Pack Contents 12 cards per pack\" \/>\n<meta property=\"og:url\" content=\"https:\/\/www.2mkhokejovekarty.sk\/en\/produkt\/2025-26-upper-deck-series-2-hockey-blaster-pack\/\" \/>\n<meta property=\"og:site_name\" content=\"2MK Hokejov\u00e9 Karty\" \/>\n<meta property=\"article:publisher\" content=\"https:\/\/www.facebook.com\/2MK-hokejov%c3%a9-karty-106293018483710\" \/>\n<meta property=\"article:modified_time\" content=\"2026-03-24T20:20:10+00:00\" \/>\n<meta property=\"og:image\" content=\"https:\/\/www.2mkhokejovekarty.sk\/wp-content\/uploads\/2026\/03\/2025-26_upper_deck_series_2_hockey_blaster_balicek.jpeg\" \/>\n\t<meta property=\"og:image:width\" content=\"940\" \/>\n\t<meta property=\"og:image:height\" content=\"788\" \/>\n<meta name=\"twitter:card\" content=\"summary_large_image\" \/>\n<meta name=\"twitter:label1\" content=\"Est. reading time\" \/>\n\t<meta name=\"twitter:data1\" content=\"1 minute\" \/>\n<script type=\"application\/ld+json\" class=\"yoast-schema-graph\">{\"@context\":\"https:\/\/schema.org\",\"@graph\":[{\"@type\":\"Organization\",\"@id\":\"https:\/\/www.2mkhokejovekarty.sk\/en\/#organization\",\"name\":\"2MK Hockey Cards\",\"url\":\"https:\/\/www.2mkhokejovekarty.sk\/en\/\",\"sameAs\":[\"https:\/\/www.facebook.com\/2MK-hokejov\\u00e9-karty-106293018483710\"],\"logo\":{\"@type\":\"ImageObject\",\"@id\":\"https:\/\/www.2mkhokejovekarty.sk\/en\/#logo\",\"inLanguage\":\"en-US\",\"url\":\"https:\/\/www.2mkhokejovekarty.sk\/wp-content\/uploads\/2021\/12\/2MK-logo-org.jpg\",\"contentUrl\":\"https:\/\/www.2mkhokejovekarty.sk\/wp-content\/uploads\/2021\/12\/2MK-logo-org.jpg\",\"width\":300,\"height\":200,\"caption\":\"2MK Hockey Cards\"},\"image\":{\"@id\":\"https:\/\/www.2mkhokejovekarty.sk\/en\/#logo\"}},{\"@type\":\"WebSite\",\"@id\":\"https:\/\/www.2mkhokejovekarty.sk\/en\/#website\",\"url\":\"https:\/\/www.2mkhokejovekarty.sk\/en\/\",\"name\":\"2MK Hokejov\\u00e9 Karty\",\"description\":\"Str\\u00e1nka ur\\u010den\\u00e1 pre zberate\\u013eov hokejov\\u00fdch kariet\",\"publisher\":{\"@id\":\"https:\/\/www.2mkhokejovekarty.sk\/en\/#organization\"},\"potentialAction\":[{\"@type\":\"SearchAction\",\"target\":{\"@type\":\"EntryPoint\",\"urlTemplate\":\"https:\/\/www.2mkhokejovekarty.sk\/en\/?s={search_term_string}\"},\"query-input\":\"required name=search_term_string\"}],\"inLanguage\":\"en-US\"},{\"@type\":\"ImageObject\",\"@id\":\"https:\/\/www.2mkhokejovekarty.sk\/en\/produkt\/2025-26-upper-deck-series-2-hockey-blaster-pack\/#primaryimage\",\"inLanguage\":\"en-US\",\"url\":\"https:\/\/www.2mkhokejovekarty.sk\/wp-content\/uploads\/2026\/03\/2025-26_upper_deck_series_2_hockey_blaster_balicek.jpeg\",\"contentUrl\":\"https:\/\/www.2mkhokejovekarty.sk\/wp-content\/uploads\/2026\/03\/2025-26_upper_deck_series_2_hockey_blaster_balicek.jpeg\",\"width\":940,\"height\":788},{\"@type\":\"WebPage\",\"@id\":\"https:\/\/www.2mkhokejovekarty.sk\/en\/produkt\/2025-26-upper-deck-series-2-hockey-blaster-pack\/#webpage\",\"url\":\"https:\/\/www.2mkhokejovekarty.sk\/en\/produkt\/2025-26-upper-deck-series-2-hockey-blaster-pack\/\",\"name\":\"2025-26 Upper Deck Series 2 Hockey Blaster Pack - 2MK Hokejov\\u00e9 Karty\",\"isPartOf\":{\"@id\":\"https:\/\/www.2mkhokejovekarty.sk\/en\/#website\"},\"primaryImageOfPage\":{\"@id\":\"https:\/\/www.2mkhokejovekarty.sk\/en\/produkt\/2025-26-upper-deck-series-2-hockey-blaster-pack\/#primaryimage\"},\"datePublished\":\"2026-03-24T20:15:18+00:00\",\"dateModified\":\"2026-03-24T20:20:10+00:00\",\"breadcrumb\":{\"@id\":\"https:\/\/www.2mkhokejovekarty.sk\/en\/produkt\/2025-26-upper-deck-series-2-hockey-blaster-pack\/#breadcrumb\"},\"inLanguage\":\"en-US\",\"potentialAction\":[{\"@type\":\"ReadAction\",\"target\":[\"https:\/\/www.2mkhokejovekarty.sk\/en\/produkt\/2025-26-upper-deck-series-2-hockey-blaster-pack\/\"]}]},{\"@type\":\"BreadcrumbList\",\"@id\":\"https:\/\/www.2mkhokejovekarty.sk\/en\/produkt\/2025-26-upper-deck-series-2-hockey-blaster-pack\/#breadcrumb\",\"itemListElement\":[{\"@type\":\"ListItem\",\"position\":1,\"name\":\"Home\",\"item\":\"https:\/\/www.2mkhokejovekarty.sk\/en\/\"},{\"@type\":\"ListItem\",\"position\":2,\"name\":\"Shop\",\"item\":\"https:\/\/www.2mkhokejovekarty.sk\/en\/shop\/\"},{\"@type\":\"ListItem\",\"position\":3,\"name\":\"2025-26 Upper Deck Series 2 Hockey Blaster Pack\"}]}]}<\/script>\n<!-- \/ Yoast SEO plugin. -->","yoast_head_json":{"title":"2025-26 Upper Deck Series 2 Hockey Blaster Pack - 2MK Hokejov\u00e9 Karty","robots":{"index":"index","follow":"follow","max-snippet":"max-snippet:-1","max-image-preview":"max-image-preview:large","max-video-preview":"max-video-preview:-1"},"canonical":"https:\/\/www.2mkhokejovekarty.sk\/en\/produkt\/2025-26-upper-deck-series-2-hockey-blaster-pack\/","og_locale":"en_US","og_type":"article","og_title":"2025-26 Upper Deck Series 2 Hockey Blaster Pack - 2MK Hokejov\u00e9 Karty","og_description":"Pack Contents 12 cards per pack","og_url":"https:\/\/www.2mkhokejovekarty.sk\/en\/produkt\/2025-26-upper-deck-series-2-hockey-blaster-pack\/","og_site_name":"2MK Hokejov\u00e9 Karty","article_publisher":"https:\/\/www.facebook.com\/2MK-hokejov%c3%a9-karty-106293018483710","article_modified_time":"2026-03-24T20:20:10+00:00","og_image":[{"width":940,"height":788,"url":"https:\/\/www.2mkhokejovekarty.sk\/wp-content\/uploads\/2026\/03\/2025-26_upper_deck_series_2_hockey_blaster_balicek.jpeg","type":"image\/jpeg"}],"twitter_card":"summary_large_image","twitter_misc":{"Est. reading time":"1 minute"},"schema":{"@context":"https:\/\/schema.org","@graph":[{"@type":"Organization","@id":"https:\/\/www.2mkhokejovekarty.sk\/en\/#organization","name":"2MK Hockey Cards","url":"https:\/\/www.2mkhokejovekarty.sk\/en\/","sameAs":["https:\/\/www.facebook.com\/2MK-hokejov\u00e9-karty-106293018483710"],"logo":{"@type":"ImageObject","@id":"https:\/\/www.2mkhokejovekarty.sk\/en\/#logo","inLanguage":"en-US","url":"https:\/\/www.2mkhokejovekarty.sk\/wp-content\/uploads\/2021\/12\/2MK-logo-org.jpg","contentUrl":"https:\/\/www.2mkhokejovekarty.sk\/wp-content\/uploads\/2021\/12\/2MK-logo-org.jpg","width":300,"height":200,"caption":"2MK Hockey Cards"},"image":{"@id":"https:\/\/www.2mkhokejovekarty.sk\/en\/#logo"}},{"@type":"WebSite","@id":"https:\/\/www.2mkhokejovekarty.sk\/en\/#website","url":"https:\/\/www.2mkhokejovekarty.sk\/en\/","name":"2MK Hokejov\u00e9 Karty","description":"Str\u00e1nka ur\u010den\u00e1 pre zberate\u013eov hokejov\u00fdch kariet","publisher":{"@id":"https:\/\/www.2mkhokejovekarty.sk\/en\/#organization"},"potentialAction":[{"@type":"SearchAction","target":{"@type":"EntryPoint","urlTemplate":"https:\/\/www.2mkhokejovekarty.sk\/en\/?s={search_term_string}"},"query-input":"required name=search_term_string"}],"inLanguage":"en-US"},{"@type":"ImageObject","@id":"https:\/\/www.2mkhokejovekarty.sk\/en\/produkt\/2025-26-upper-deck-series-2-hockey-blaster-pack\/#primaryimage","inLanguage":"en-US","url":"https:\/\/www.2mkhokejovekarty.sk\/wp-content\/uploads\/2026\/03\/2025-26_upper_deck_series_2_hockey_blaster_balicek.jpeg","contentUrl":"https:\/\/www.2mkhokejovekarty.sk\/wp-content\/uploads\/2026\/03\/2025-26_upper_deck_series_2_hockey_blaster_balicek.jpeg","width":940,"height":788},{"@type":"WebPage","@id":"https:\/\/www.2mkhokejovekarty.sk\/en\/produkt\/2025-26-upper-deck-series-2-hockey-blaster-pack\/#webpage","url":"https:\/\/www.2mkhokejovekarty.sk\/en\/produkt\/2025-26-upper-deck-series-2-hockey-blaster-pack\/","name":"2025-26 Upper Deck Series 2 Hockey Blaster Pack - 2MK Hokejov\u00e9 Karty","isPartOf":{"@id":"https:\/\/www.2mkhokejovekarty.sk\/en\/#website"},"primaryImageOfPage":{"@id":"https:\/\/www.2mkhokejovekarty.sk\/en\/produkt\/2025-26-upper-deck-series-2-hockey-blaster-pack\/#primaryimage"},"datePublished":"2026-03-24T20:15:18+00:00","dateModified":"2026-03-24T20:20:10+00:00","breadcrumb":{"@id":"https:\/\/www.2mkhokejovekarty.sk\/en\/produkt\/2025-26-upper-deck-series-2-hockey-blaster-pack\/#breadcrumb"},"inLanguage":"en-US","potentialAction":[{"@type":"ReadAction","target":["https:\/\/www.2mkhokejovekarty.sk\/en\/produkt\/2025-26-upper-deck-series-2-hockey-blaster-pack\/"]}]},{"@type":"BreadcrumbList","@id":"https:\/\/www.2mkhokejovekarty.sk\/en\/produkt\/2025-26-upper-deck-series-2-hockey-blaster-pack\/#breadcrumb","itemListElement":[{"@type":"ListItem","position":1,"name":"Home","item":"https:\/\/www.2mkhokejovekarty.sk\/en\/"},{"@type":"ListItem","position":2,"name":"Shop","item":"https:\/\/www.2mkhokejovekarty.sk\/en\/shop\/"},{"@type":"ListItem","position":3,"name":"2025-26 Upper Deck Series 2 Hockey Blaster Pack"}]}]}},"_links":{"self":[{"href":"https:\/\/www.2mkhokejovekarty.sk\/en\/wp-json\/wp\/v2\/product\/7349","targetHints":{"allow":["GET"]}}],"collection":[{"href":"https:\/\/www.2mkhokejovekarty.sk\/en\/wp-json\/wp\/v2\/product"}],"about":[{"href":"https:\/\/www.2mkhokejovekarty.sk\/en\/wp-json\/wp\/v2\/types\/product"}],"version-history":[{"count":1,"href":"https:\/\/www.2mkhokejovekarty.sk\/en\/wp-json\/wp\/v2\/product\/7349\/revisions"}],"predecessor-version":[{"id":7350,"href":"https:\/\/www.2mkhokejovekarty.sk\/en\/wp-json\/wp\/v2\/product\/7349\/revisions\/7350"}],"wp:featuredmedia":[{"embeddable":true,"href":"https:\/\/www.2mkhokejovekarty.sk\/en\/wp-json\/wp\/v2\/media\/7347"}],"wp:attachment":[{"href":"https:\/\/www.2mkhokejovekarty.sk\/en\/wp-json\/wp\/v2\/media?parent=7349"}],"wp:term":[{"taxonomy":"product_brand","embeddable":true,"href":"https:\/\/www.2mkhokejovekarty.sk\/en\/wp-json\/wp\/v2\/product_brand?post=7349"},{"taxonomy":"product_cat","embeddable":true,"href":"https:\/\/www.2mkhokejovekarty.sk\/en\/wp-json\/wp\/v2\/product_cat?post=7349"},{"taxonomy":"product_tag","embeddable":true,"href":"https:\/\/www.2mkhokejovekarty.sk\/en\/wp-json\/wp\/v2\/product_tag?post=7349"}],"curies":[{"name":"wp","href":"https:\/\/api.w.org\/{rel}","templated":true}]}}