{"id":7072,"date":"2026-02-26T18:42:59","date_gmt":"2026-02-26T17:42:59","guid":{"rendered":"https:\/\/www.2mkhokejovekarty.sk\/produkt\/2025-26-upper-deck-series-2-hockey-hobby-pack\/"},"modified":"2026-02-26T18:42:59","modified_gmt":"2026-02-26T17:42:59","slug":"2025-26-upper-deck-series-2-hockey-hobby-pack","status":"publish","type":"product","link":"https:\/\/www.2mkhokejovekarty.sk\/en\/produkt\/2025-26-upper-deck-series-2-hockey-hobby-pack\/","title":{"rendered":"2025-26 Upper Deck Series 2 Hockey Hobby Pack"},"content":{"rendered":"\n\t\t<style type=\"text\/css\">\n\t\t\t#gallery-1 {\n\t\t\t\tmargin: auto;\n\t\t\t}\n\t\t\t#gallery-1 .gallery-item {\n\t\t\t\tfloat: left;\n\t\t\t\tmargin-top: 10px;\n\t\t\t\ttext-align: center;\n\t\t\t\twidth: 25%;\n\t\t\t}\n\t\t\t#gallery-1 img {\n\t\t\t\tborder: 2px solid #cfcfcf;\n\t\t\t}\n\t\t\t#gallery-1 .gallery-caption {\n\t\t\t\tmargin-left: 0;\n\t\t\t}\n\t\t\t\/* see gallery_shortcode() in wp-includes\/media.php *\/\n\t\t<\/style>\n\t\t<div id='gallery-1' class='gallery galleryid-7072 gallery-columns-4 gallery-size-medium'><dl class='gallery-item'>\n\t\t\t<dt class='gallery-icon landscape'>\n\t\t\t\t<a href='https:\/\/www.2mkhokejovekarty.sk\/wp-content\/smush-webp\/2026\/02\/2025-26_upper_deck_series_2_hockey_hobby_1.jpeg.webp'><img decoding=\"async\" width=\"300\" height=\"169\" src=\"https:\/\/www.2mkhokejovekarty.sk\/wp-content\/smush-webp\/2026\/02\/2025-26_upper_deck_series_2_hockey_hobby_1-300x169.jpeg.webp\" class=\"attachment-medium size-medium\" alt=\"\" srcset=\"https:\/\/www.2mkhokejovekarty.sk\/wp-content\/smush-webp\/2026\/02\/2025-26_upper_deck_series_2_hockey_hobby_1-300x169.jpeg.webp 300w, https:\/\/www.2mkhokejovekarty.sk\/wp-content\/smush-webp\/2026\/02\/2025-26_upper_deck_series_2_hockey_hobby_1-1024x576.jpeg.webp 1024w, https:\/\/www.2mkhokejovekarty.sk\/wp-content\/smush-webp\/2026\/02\/2025-26_upper_deck_series_2_hockey_hobby_1-768x432.jpeg.webp 768w, https:\/\/www.2mkhokejovekarty.sk\/wp-content\/smush-webp\/2026\/02\/2025-26_upper_deck_series_2_hockey_hobby_1-60x34.jpeg.webp 60w, https:\/\/www.2mkhokejovekarty.sk\/wp-content\/smush-webp\/2026\/02\/2025-26_upper_deck_series_2_hockey_hobby_1-1536x864.jpeg.webp 1536w, https:\/\/www.2mkhokejovekarty.sk\/wp-content\/smush-webp\/2026\/02\/2025-26_upper_deck_series_2_hockey_hobby_1-1200x675.jpeg.webp 1200w, https:\/\/www.2mkhokejovekarty.sk\/wp-content\/smush-webp\/2026\/02\/2025-26_upper_deck_series_2_hockey_hobby_1-150x84.jpeg.webp 150w, https:\/\/www.2mkhokejovekarty.sk\/wp-content\/smush-webp\/2026\/02\/2025-26_upper_deck_series_2_hockey_hobby_1-96x54.jpeg.webp 96w, https:\/\/www.2mkhokejovekarty.sk\/wp-content\/smush-webp\/2026\/02\/2025-26_upper_deck_series_2_hockey_hobby_1-42x24.jpeg.webp 42w, https:\/\/www.2mkhokejovekarty.sk\/wp-content\/smush-webp\/2026\/02\/2025-26_upper_deck_series_2_hockey_hobby_1.jpeg.webp 2000w\" sizes=\"(max-width: 300px) 100vw, 300px\" \/><\/a>\n\t\t\t<\/dt><\/dl><dl class='gallery-item'>\n\t\t\t<dt class='gallery-icon landscape'>\n\t\t\t\t<a href='https:\/\/www.2mkhokejovekarty.sk\/wp-content\/smush-webp\/2026\/02\/2025-26_upper_deck_series_2_hockey_hobby_2.jpeg.webp'><img decoding=\"async\" width=\"300\" height=\"169\" src=\"https:\/\/www.2mkhokejovekarty.sk\/wp-content\/smush-webp\/2026\/02\/2025-26_upper_deck_series_2_hockey_hobby_2-300x169.jpeg.webp\" class=\"attachment-medium size-medium\" alt=\"\" srcset=\"https:\/\/www.2mkhokejovekarty.sk\/wp-content\/smush-webp\/2026\/02\/2025-26_upper_deck_series_2_hockey_hobby_2-300x169.jpeg.webp 300w, https:\/\/www.2mkhokejovekarty.sk\/wp-content\/smush-webp\/2026\/02\/2025-26_upper_deck_series_2_hockey_hobby_2-1024x576.jpeg.webp 1024w, https:\/\/www.2mkhokejovekarty.sk\/wp-content\/smush-webp\/2026\/02\/2025-26_upper_deck_series_2_hockey_hobby_2-768x432.jpeg.webp 768w, https:\/\/www.2mkhokejovekarty.sk\/wp-content\/smush-webp\/2026\/02\/2025-26_upper_deck_series_2_hockey_hobby_2-60x34.jpeg.webp 60w, https:\/\/www.2mkhokejovekarty.sk\/wp-content\/smush-webp\/2026\/02\/2025-26_upper_deck_series_2_hockey_hobby_2-1536x864.jpeg.webp 1536w, https:\/\/www.2mkhokejovekarty.sk\/wp-content\/smush-webp\/2026\/02\/2025-26_upper_deck_series_2_hockey_hobby_2-1200x675.jpeg.webp 1200w, https:\/\/www.2mkhokejovekarty.sk\/wp-content\/smush-webp\/2026\/02\/2025-26_upper_deck_series_2_hockey_hobby_2-150x84.jpeg.webp 150w, https:\/\/www.2mkhokejovekarty.sk\/wp-content\/smush-webp\/2026\/02\/2025-26_upper_deck_series_2_hockey_hobby_2-96x54.jpeg.webp 96w, https:\/\/www.2mkhokejovekarty.sk\/wp-content\/smush-webp\/2026\/02\/2025-26_upper_deck_series_2_hockey_hobby_2-42x24.jpeg.webp 42w, https:\/\/www.2mkhokejovekarty.sk\/wp-content\/smush-webp\/2026\/02\/2025-26_upper_deck_series_2_hockey_hobby_2.jpeg.webp 2000w\" sizes=\"(max-width: 300px) 100vw, 300px\" \/><\/a>\n\t\t\t<\/dt><\/dl><dl class='gallery-item'>\n\t\t\t<dt class='gallery-icon landscape'>\n\t\t\t\t<a href='https:\/\/www.2mkhokejovekarty.sk\/wp-content\/smush-webp\/2026\/02\/2025-26_upper_deck_series_2_hockey_hobby_3.jpeg.webp'><img decoding=\"async\" width=\"300\" height=\"169\" src=\"https:\/\/www.2mkhokejovekarty.sk\/wp-content\/smush-webp\/2026\/02\/2025-26_upper_deck_series_2_hockey_hobby_3-300x169.jpeg.webp\" class=\"attachment-medium size-medium\" alt=\"\" srcset=\"https:\/\/www.2mkhokejovekarty.sk\/wp-content\/smush-webp\/2026\/02\/2025-26_upper_deck_series_2_hockey_hobby_3-300x169.jpeg.webp 300w, https:\/\/www.2mkhokejovekarty.sk\/wp-content\/smush-webp\/2026\/02\/2025-26_upper_deck_series_2_hockey_hobby_3-1024x576.jpeg.webp 1024w, https:\/\/www.2mkhokejovekarty.sk\/wp-content\/smush-webp\/2026\/02\/2025-26_upper_deck_series_2_hockey_hobby_3-768x432.jpeg.webp 768w, https:\/\/www.2mkhokejovekarty.sk\/wp-content\/smush-webp\/2026\/02\/2025-26_upper_deck_series_2_hockey_hobby_3-60x34.jpeg.webp 60w, https:\/\/www.2mkhokejovekarty.sk\/wp-content\/smush-webp\/2026\/02\/2025-26_upper_deck_series_2_hockey_hobby_3-1536x864.jpeg.webp 1536w, https:\/\/www.2mkhokejovekarty.sk\/wp-content\/smush-webp\/2026\/02\/2025-26_upper_deck_series_2_hockey_hobby_3-1200x675.jpeg.webp 1200w, https:\/\/www.2mkhokejovekarty.sk\/wp-content\/smush-webp\/2026\/02\/2025-26_upper_deck_series_2_hockey_hobby_3-150x84.jpeg.webp 150w, https:\/\/www.2mkhokejovekarty.sk\/wp-content\/smush-webp\/2026\/02\/2025-26_upper_deck_series_2_hockey_hobby_3-96x54.jpeg.webp 96w, https:\/\/www.2mkhokejovekarty.sk\/wp-content\/smush-webp\/2026\/02\/2025-26_upper_deck_series_2_hockey_hobby_3-42x24.jpeg.webp 42w, https:\/\/www.2mkhokejovekarty.sk\/wp-content\/smush-webp\/2026\/02\/2025-26_upper_deck_series_2_hockey_hobby_3.jpeg.webp 2000w\" sizes=\"(max-width: 300px) 100vw, 300px\" \/><\/a>\n\t\t\t<\/dt><\/dl><dl class='gallery-item'>\n\t\t\t<dt class='gallery-icon landscape'>\n\t\t\t\t<a href='https:\/\/www.2mkhokejovekarty.sk\/wp-content\/smush-webp\/2026\/02\/2025-26_upper_deck_series_2_hockey_hobby_4.jpeg.webp'><img decoding=\"async\" width=\"300\" height=\"169\" src=\"https:\/\/www.2mkhokejovekarty.sk\/wp-content\/smush-webp\/2026\/02\/2025-26_upper_deck_series_2_hockey_hobby_4-300x169.jpeg.webp\" class=\"attachment-medium size-medium\" alt=\"\" srcset=\"https:\/\/www.2mkhokejovekarty.sk\/wp-content\/smush-webp\/2026\/02\/2025-26_upper_deck_series_2_hockey_hobby_4-300x169.jpeg.webp 300w, https:\/\/www.2mkhokejovekarty.sk\/wp-content\/smush-webp\/2026\/02\/2025-26_upper_deck_series_2_hockey_hobby_4-1024x576.jpeg.webp 1024w, https:\/\/www.2mkhokejovekarty.sk\/wp-content\/smush-webp\/2026\/02\/2025-26_upper_deck_series_2_hockey_hobby_4-768x432.jpeg.webp 768w, https:\/\/www.2mkhokejovekarty.sk\/wp-content\/smush-webp\/2026\/02\/2025-26_upper_deck_series_2_hockey_hobby_4-60x34.jpeg.webp 60w, https:\/\/www.2mkhokejovekarty.sk\/wp-content\/smush-webp\/2026\/02\/2025-26_upper_deck_series_2_hockey_hobby_4-1536x864.jpeg.webp 1536w, https:\/\/www.2mkhokejovekarty.sk\/wp-content\/smush-webp\/2026\/02\/2025-26_upper_deck_series_2_hockey_hobby_4-1200x675.jpeg.webp 1200w, https:\/\/www.2mkhokejovekarty.sk\/wp-content\/smush-webp\/2026\/02\/2025-26_upper_deck_series_2_hockey_hobby_4-150x84.jpeg.webp 150w, https:\/\/www.2mkhokejovekarty.sk\/wp-content\/smush-webp\/2026\/02\/2025-26_upper_deck_series_2_hockey_hobby_4-96x54.jpeg.webp 96w, https:\/\/www.2mkhokejovekarty.sk\/wp-content\/smush-webp\/2026\/02\/2025-26_upper_deck_series_2_hockey_hobby_4-42x24.jpeg.webp 42w, https:\/\/www.2mkhokejovekarty.sk\/wp-content\/smush-webp\/2026\/02\/2025-26_upper_deck_series_2_hockey_hobby_4.jpeg.webp 2000w\" sizes=\"(max-width: 300px) 100vw, 300px\" \/><\/a>\n\t\t\t<\/dt><\/dl><br style=\"clear: both\" \/>\n\t\t<\/div>\n\n<p><strong>2025-26 Upper Deck Series 2 Hockey Hobby Pack<\/strong><\/p>\n<p><strong>PRODUCT INCLUDES:<\/strong><\/p>\n<p><b>Young Guns cards:<\/b><\/p>\n<p>-Young Guns (451-500) 1:2<br \/>\n-Young Guns \u2013 Outburst Silver Parallel 1:60<br \/>\n-Young Guns \u2013 Clear Cut Parallel 1:144<br \/>\n-Young Guns \u2013 Deluxe Parallel #\u2019d to 250<br \/>\n-Young Guns \u2013 Exclusives Parallel #\u2019d to 100<br \/>\n-Young Guns \u2013 Outburst Red Parallel #\u2019d to 25<br \/>\n-Young Guns \u2013 High Gloss Parallel #\u2019d to 10<br \/>\n-Young Guns \u2013 Outburst Gold Parallel #\u2019d 1-of-1<br \/>\n-UD Canvas Young Guns 1:24<br \/>\n-UD Canvas Young Guns Printing Plates N\/A<br \/>\n-UD Canvas Young Guns \u2013 Black &amp; White Variation 1:216<\/p>\n<p><b>Insert Cards:<\/b><\/p>\n<p>-Boomtown 1:10<br \/>\n-Boomtown \u2013 Speckle Parallel 1:80<br \/>\n-Boomtown \u2013 Red Parallel #\u2019d to 199<br \/>\n-Boomtown \u2013 Gold Parallel #\u2019d to 25<br \/>\n-Dazzlers \u2013 Blue 1:12<br \/>\n-Dazzlers \u2013 Pink 1:144<br \/>\n-Dazzlers \u2013 Gold 1:2880<br \/>\n-Dazzlers \u2013 Printing Plates N\/A<br \/>\n-Encore 1:3<br \/>\n-Encore \u2013 Blue Parallel 1:36<br \/>\n-Encore \u2013 Red Parallel #\u2019d to 199<br \/>\n-Encore \u2013 Gold Parallel #\u2019d to 50<br \/>\n-Fluorescence Red 1:36<br \/>\n-Fluorescence \u2013 Gold Parallel #\u2019d to 150<br \/>\n-Fluorescence \u2013 Blue Parallel #\u2019d to 50<br \/>\n-Fluorescence \u2013 Green Parallel #\u2019d to 15<br \/>\n-Fluorescence \u2013 Magenta Parallel #\u2019d to 5<br \/>\n-Glow-Up 1:5<br \/>\n-Glow-Up \u2013 Speckle Parallel 1:40<br \/>\n-Glow-Up \u2013 Red Parallel #\u2019d to 199<br \/>\n-Glow-Up \u2013 Gold Parallel #\u2019d to 25<br \/>\n-IYKYK 1:10<br \/>\n-IYKYK \u2013 Speckle Parallel 1:80<br \/>\n-IYKYK \u2013 Red Parallel #\u2019d to 199<br \/>\n-IYKYK \u2013 Gold Parallel #\u2019d to 25<br \/>\n-Let Them Cook 1:8<br \/>\n-Let Them Cook \u2013 Speckle Parallel 1:60<br \/>\n-Let Them Cook \u2013 Red Parallel #\u2019d to 199<br \/>\n-Let Them Cook \u2013 Gold Parallel #\u2019d to 25<br \/>\n-Population Count 1000 1,000 Copies<br \/>\n-Population Count 500 500 Copies<br \/>\n-Population Count 100 100 Copies<br \/>\n-Population Count 50 50 Copies<br \/>\n-Population Count 25 25 Copies<br \/>\n-Population Count 10 10 Copies<br \/>\n-Population Count 1 1 Copy<br \/>\n-Sizzle Reel 1:5<br \/>\n-Sizzle Reel \u2013 Speckle Parallel 1:35<br \/>\n-Sizzle Reel \u2013 Red Parallel #\u2019d to 199<br \/>\n-Sizzle Reel \u2013 Gold Parallel #\u2019d to 25<br \/>\n-Slaps 1:6<br \/>\n-Slaps \u2013 Speckle Parallel 1:48<br \/>\n-Slaps \u2013 Red Parallel #\u2019d to 199<br \/>\n-Slaps \u2013 Gold Parallel #\u2019d to 25<br \/>\n-UD Canvas 1:4<br \/>\n-UD Canvas Printing Plates N\/A<br \/>\n-UD Canvas \u2013 Black &amp; White Parallel 1:48<br \/>\n-UD Canvas \u2013 Program of Excellence 1:96<br \/>\n-UD Canvas \u2013 Program of Excellence \u2013 Printing Plates N\/A<br \/>\n-UD Canvas \u2013 Program of Excellence \u2013 Black &amp; White Parallel 1:864<br \/>\n-UD Canvas \u2013 Retired 1:96<br \/>\n-UD Canvas \u2013 Retired \u2013 Printing Plates N\/A<br \/>\n-UD Canvas \u2013 Retired \u2013 Black &amp; White Parallel 1:864<br \/>\n-UD Portraits 1:5<br \/>\n-UD Portraits \u2013 Speckle Parallel 1:40<br \/>\n-UD Portraits \u2013 Red Parallel #\u2019d to 199<br \/>\n-UD Portraits \u2013 Gold Parallel #\u2019d to 25<br \/>\n-Vibing 1:5<br \/>\n-Vibing \u2013 Speckle Parallel 1:40<br \/>\n-Vibing \u2013 Red Parallel #\u2019d to 199<br \/>\n-Vibing \u2013 Gold Parallel #\u2019d to 25<\/p>\n<p><b>Base set and parallel cards:<\/b><\/p>\n<p>-Base Set (251-450) N\/A<br \/>\n-Base Set \u2013 Outburst Silver Parallel 1:15<br \/>\n-Base Set \u2013 Clear Cut Parallel 1:48<br \/>\n-Base Set \u2013 Deluxe Parallel #\u2019d to 250<br \/>\n-Base Set \u2013 Exclusives Parallel #\u2019d to 100<br \/>\n-Base Set \u2013 Outburst Red Parallel #\u2019d to 25<br \/>\n-Base Set \u2013 High Gloss Parallel #\u2019d to 10<br \/>\n-Base Set \u2013 Outburst Gold Parallel #\u2019d 1-of-1<br \/>\n-Base Set Printing Plates N\/A<\/p>\n<p>&nbsp;<\/p>\n","protected":false},"excerpt":{"rendered":"<p><strong>Pack Contents<br \/>\n<\/strong>12 cards per pack<\/p>\n","protected":false},"featured_media":7070,"template":"","meta":[],"product_brand":[],"product_cat":[276,275],"product_tag":[267],"class_list":{"0":"post-7072","1":"product","2":"type-product","3":"status-publish","4":"has-post-thumbnail","6":"product_cat-packs","7":"product_cat-2025-26-packs","8":"product_tag-upper-deck","10":"first","11":"instock","12":"taxable","13":"shipping-taxable","14":"purchasable","15":"product-type-simple"},"yoast_head":"<!-- This site is optimized with the Yoast SEO plugin v17.7.1 - https:\/\/yoast.com\/wordpress\/plugins\/seo\/ -->\n<title>2025-26 Upper Deck Series 2 Hockey Hobby Pack - 2MK Hokejov\u00e9 Karty<\/title>\n<meta name=\"robots\" content=\"index, follow, max-snippet:-1, max-image-preview:large, max-video-preview:-1\" \/>\n<link rel=\"canonical\" href=\"https:\/\/www.2mkhokejovekarty.sk\/en\/produkt\/2025-26-upper-deck-series-2-hockey-hobby-pack\/\" \/>\n<meta property=\"og:locale\" content=\"en_US\" \/>\n<meta property=\"og:type\" content=\"article\" \/>\n<meta property=\"og:title\" content=\"2025-26 Upper Deck Series 2 Hockey Hobby Pack - 2MK Hokejov\u00e9 Karty\" \/>\n<meta property=\"og:description\" content=\"Pack Contents 12 cards per pack\" \/>\n<meta property=\"og:url\" content=\"https:\/\/www.2mkhokejovekarty.sk\/en\/produkt\/2025-26-upper-deck-series-2-hockey-hobby-pack\/\" \/>\n<meta property=\"og:site_name\" content=\"2MK Hokejov\u00e9 Karty\" \/>\n<meta property=\"article:publisher\" content=\"https:\/\/www.facebook.com\/2MK-hokejov%c3%a9-karty-106293018483710\" \/>\n<meta property=\"og:image\" content=\"https:\/\/www.2mkhokejovekarty.sk\/wp-content\/uploads\/2026\/02\/2025-26_upper_Deck_series_2_hockey_hobby_balicek.jpeg\" \/>\n\t<meta property=\"og:image:width\" content=\"940\" \/>\n\t<meta property=\"og:image:height\" content=\"788\" \/>\n<meta name=\"twitter:card\" content=\"summary_large_image\" \/>\n<meta name=\"twitter:label1\" content=\"Est. reading time\" \/>\n\t<meta name=\"twitter:data1\" content=\"2 minutes\" \/>\n<script type=\"application\/ld+json\" class=\"yoast-schema-graph\">{\"@context\":\"https:\/\/schema.org\",\"@graph\":[{\"@type\":\"Organization\",\"@id\":\"https:\/\/www.2mkhokejovekarty.sk\/en\/#organization\",\"name\":\"2MK Hockey Cards\",\"url\":\"https:\/\/www.2mkhokejovekarty.sk\/en\/\",\"sameAs\":[\"https:\/\/www.facebook.com\/2MK-hokejov\\u00e9-karty-106293018483710\"],\"logo\":{\"@type\":\"ImageObject\",\"@id\":\"https:\/\/www.2mkhokejovekarty.sk\/en\/#logo\",\"inLanguage\":\"en-US\",\"url\":\"https:\/\/www.2mkhokejovekarty.sk\/wp-content\/uploads\/2021\/12\/2MK-logo-org.jpg\",\"contentUrl\":\"https:\/\/www.2mkhokejovekarty.sk\/wp-content\/uploads\/2021\/12\/2MK-logo-org.jpg\",\"width\":300,\"height\":200,\"caption\":\"2MK Hockey Cards\"},\"image\":{\"@id\":\"https:\/\/www.2mkhokejovekarty.sk\/en\/#logo\"}},{\"@type\":\"WebSite\",\"@id\":\"https:\/\/www.2mkhokejovekarty.sk\/en\/#website\",\"url\":\"https:\/\/www.2mkhokejovekarty.sk\/en\/\",\"name\":\"2MK Hokejov\\u00e9 Karty\",\"description\":\"Str\\u00e1nka ur\\u010den\\u00e1 pre zberate\\u013eov hokejov\\u00fdch kariet\",\"publisher\":{\"@id\":\"https:\/\/www.2mkhokejovekarty.sk\/en\/#organization\"},\"potentialAction\":[{\"@type\":\"SearchAction\",\"target\":{\"@type\":\"EntryPoint\",\"urlTemplate\":\"https:\/\/www.2mkhokejovekarty.sk\/en\/?s={search_term_string}\"},\"query-input\":\"required name=search_term_string\"}],\"inLanguage\":\"en-US\"},{\"@type\":\"ImageObject\",\"@id\":\"https:\/\/www.2mkhokejovekarty.sk\/en\/produkt\/2025-26-upper-deck-series-2-hockey-hobby-pack\/#primaryimage\",\"inLanguage\":\"en-US\",\"url\":\"https:\/\/www.2mkhokejovekarty.sk\/wp-content\/uploads\/2026\/02\/2025-26_upper_Deck_series_2_hockey_hobby_balicek.jpeg\",\"contentUrl\":\"https:\/\/www.2mkhokejovekarty.sk\/wp-content\/uploads\/2026\/02\/2025-26_upper_Deck_series_2_hockey_hobby_balicek.jpeg\",\"width\":940,\"height\":788},{\"@type\":\"WebPage\",\"@id\":\"https:\/\/www.2mkhokejovekarty.sk\/en\/produkt\/2025-26-upper-deck-series-2-hockey-hobby-pack\/#webpage\",\"url\":\"https:\/\/www.2mkhokejovekarty.sk\/en\/produkt\/2025-26-upper-deck-series-2-hockey-hobby-pack\/\",\"name\":\"2025-26 Upper Deck Series 2 Hockey Hobby Pack - 2MK Hokejov\\u00e9 Karty\",\"isPartOf\":{\"@id\":\"https:\/\/www.2mkhokejovekarty.sk\/en\/#website\"},\"primaryImageOfPage\":{\"@id\":\"https:\/\/www.2mkhokejovekarty.sk\/en\/produkt\/2025-26-upper-deck-series-2-hockey-hobby-pack\/#primaryimage\"},\"datePublished\":\"2026-02-26T17:42:59+00:00\",\"dateModified\":\"2026-02-26T17:42:59+00:00\",\"breadcrumb\":{\"@id\":\"https:\/\/www.2mkhokejovekarty.sk\/en\/produkt\/2025-26-upper-deck-series-2-hockey-hobby-pack\/#breadcrumb\"},\"inLanguage\":\"en-US\",\"potentialAction\":[{\"@type\":\"ReadAction\",\"target\":[\"https:\/\/www.2mkhokejovekarty.sk\/en\/produkt\/2025-26-upper-deck-series-2-hockey-hobby-pack\/\"]}]},{\"@type\":\"BreadcrumbList\",\"@id\":\"https:\/\/www.2mkhokejovekarty.sk\/en\/produkt\/2025-26-upper-deck-series-2-hockey-hobby-pack\/#breadcrumb\",\"itemListElement\":[{\"@type\":\"ListItem\",\"position\":1,\"name\":\"Home\",\"item\":\"https:\/\/www.2mkhokejovekarty.sk\/en\/\"},{\"@type\":\"ListItem\",\"position\":2,\"name\":\"Shop\",\"item\":\"https:\/\/www.2mkhokejovekarty.sk\/en\/shop\/\"},{\"@type\":\"ListItem\",\"position\":3,\"name\":\"2025-26 Upper Deck Series 2 Hockey Hobby Pack\"}]}]}<\/script>\n<!-- \/ Yoast SEO plugin. -->","yoast_head_json":{"title":"2025-26 Upper Deck Series 2 Hockey Hobby Pack - 2MK Hokejov\u00e9 Karty","robots":{"index":"index","follow":"follow","max-snippet":"max-snippet:-1","max-image-preview":"max-image-preview:large","max-video-preview":"max-video-preview:-1"},"canonical":"https:\/\/www.2mkhokejovekarty.sk\/en\/produkt\/2025-26-upper-deck-series-2-hockey-hobby-pack\/","og_locale":"en_US","og_type":"article","og_title":"2025-26 Upper Deck Series 2 Hockey Hobby Pack - 2MK Hokejov\u00e9 Karty","og_description":"Pack Contents 12 cards per pack","og_url":"https:\/\/www.2mkhokejovekarty.sk\/en\/produkt\/2025-26-upper-deck-series-2-hockey-hobby-pack\/","og_site_name":"2MK Hokejov\u00e9 Karty","article_publisher":"https:\/\/www.facebook.com\/2MK-hokejov%c3%a9-karty-106293018483710","og_image":[{"width":940,"height":788,"url":"https:\/\/www.2mkhokejovekarty.sk\/wp-content\/uploads\/2026\/02\/2025-26_upper_Deck_series_2_hockey_hobby_balicek.jpeg","type":"image\/jpeg"}],"twitter_card":"summary_large_image","twitter_misc":{"Est. reading time":"2 minutes"},"schema":{"@context":"https:\/\/schema.org","@graph":[{"@type":"Organization","@id":"https:\/\/www.2mkhokejovekarty.sk\/en\/#organization","name":"2MK Hockey Cards","url":"https:\/\/www.2mkhokejovekarty.sk\/en\/","sameAs":["https:\/\/www.facebook.com\/2MK-hokejov\u00e9-karty-106293018483710"],"logo":{"@type":"ImageObject","@id":"https:\/\/www.2mkhokejovekarty.sk\/en\/#logo","inLanguage":"en-US","url":"https:\/\/www.2mkhokejovekarty.sk\/wp-content\/uploads\/2021\/12\/2MK-logo-org.jpg","contentUrl":"https:\/\/www.2mkhokejovekarty.sk\/wp-content\/uploads\/2021\/12\/2MK-logo-org.jpg","width":300,"height":200,"caption":"2MK Hockey Cards"},"image":{"@id":"https:\/\/www.2mkhokejovekarty.sk\/en\/#logo"}},{"@type":"WebSite","@id":"https:\/\/www.2mkhokejovekarty.sk\/en\/#website","url":"https:\/\/www.2mkhokejovekarty.sk\/en\/","name":"2MK Hokejov\u00e9 Karty","description":"Str\u00e1nka ur\u010den\u00e1 pre zberate\u013eov hokejov\u00fdch kariet","publisher":{"@id":"https:\/\/www.2mkhokejovekarty.sk\/en\/#organization"},"potentialAction":[{"@type":"SearchAction","target":{"@type":"EntryPoint","urlTemplate":"https:\/\/www.2mkhokejovekarty.sk\/en\/?s={search_term_string}"},"query-input":"required name=search_term_string"}],"inLanguage":"en-US"},{"@type":"ImageObject","@id":"https:\/\/www.2mkhokejovekarty.sk\/en\/produkt\/2025-26-upper-deck-series-2-hockey-hobby-pack\/#primaryimage","inLanguage":"en-US","url":"https:\/\/www.2mkhokejovekarty.sk\/wp-content\/uploads\/2026\/02\/2025-26_upper_Deck_series_2_hockey_hobby_balicek.jpeg","contentUrl":"https:\/\/www.2mkhokejovekarty.sk\/wp-content\/uploads\/2026\/02\/2025-26_upper_Deck_series_2_hockey_hobby_balicek.jpeg","width":940,"height":788},{"@type":"WebPage","@id":"https:\/\/www.2mkhokejovekarty.sk\/en\/produkt\/2025-26-upper-deck-series-2-hockey-hobby-pack\/#webpage","url":"https:\/\/www.2mkhokejovekarty.sk\/en\/produkt\/2025-26-upper-deck-series-2-hockey-hobby-pack\/","name":"2025-26 Upper Deck Series 2 Hockey Hobby Pack - 2MK Hokejov\u00e9 Karty","isPartOf":{"@id":"https:\/\/www.2mkhokejovekarty.sk\/en\/#website"},"primaryImageOfPage":{"@id":"https:\/\/www.2mkhokejovekarty.sk\/en\/produkt\/2025-26-upper-deck-series-2-hockey-hobby-pack\/#primaryimage"},"datePublished":"2026-02-26T17:42:59+00:00","dateModified":"2026-02-26T17:42:59+00:00","breadcrumb":{"@id":"https:\/\/www.2mkhokejovekarty.sk\/en\/produkt\/2025-26-upper-deck-series-2-hockey-hobby-pack\/#breadcrumb"},"inLanguage":"en-US","potentialAction":[{"@type":"ReadAction","target":["https:\/\/www.2mkhokejovekarty.sk\/en\/produkt\/2025-26-upper-deck-series-2-hockey-hobby-pack\/"]}]},{"@type":"BreadcrumbList","@id":"https:\/\/www.2mkhokejovekarty.sk\/en\/produkt\/2025-26-upper-deck-series-2-hockey-hobby-pack\/#breadcrumb","itemListElement":[{"@type":"ListItem","position":1,"name":"Home","item":"https:\/\/www.2mkhokejovekarty.sk\/en\/"},{"@type":"ListItem","position":2,"name":"Shop","item":"https:\/\/www.2mkhokejovekarty.sk\/en\/shop\/"},{"@type":"ListItem","position":3,"name":"2025-26 Upper Deck Series 2 Hockey Hobby Pack"}]}]}},"_links":{"self":[{"href":"https:\/\/www.2mkhokejovekarty.sk\/en\/wp-json\/wp\/v2\/product\/7072","targetHints":{"allow":["GET"]}}],"collection":[{"href":"https:\/\/www.2mkhokejovekarty.sk\/en\/wp-json\/wp\/v2\/product"}],"about":[{"href":"https:\/\/www.2mkhokejovekarty.sk\/en\/wp-json\/wp\/v2\/types\/product"}],"version-history":[{"count":0,"href":"https:\/\/www.2mkhokejovekarty.sk\/en\/wp-json\/wp\/v2\/product\/7072\/revisions"}],"wp:featuredmedia":[{"embeddable":true,"href":"https:\/\/www.2mkhokejovekarty.sk\/en\/wp-json\/wp\/v2\/media\/7070"}],"wp:attachment":[{"href":"https:\/\/www.2mkhokejovekarty.sk\/en\/wp-json\/wp\/v2\/media?parent=7072"}],"wp:term":[{"taxonomy":"product_brand","embeddable":true,"href":"https:\/\/www.2mkhokejovekarty.sk\/en\/wp-json\/wp\/v2\/product_brand?post=7072"},{"taxonomy":"product_cat","embeddable":true,"href":"https:\/\/www.2mkhokejovekarty.sk\/en\/wp-json\/wp\/v2\/product_cat?post=7072"},{"taxonomy":"product_tag","embeddable":true,"href":"https:\/\/www.2mkhokejovekarty.sk\/en\/wp-json\/wp\/v2\/product_tag?post=7072"}],"curies":[{"name":"wp","href":"https:\/\/api.w.org\/{rel}","templated":true}]}}