{"id":6990,"date":"2026-02-23T21:55:18","date_gmt":"2026-02-23T20:55:18","guid":{"rendered":"https:\/\/www.2mkhokejovekarty.sk\/produkt\/nhl-mcfarlane-connor-mcdavid-edmonton-oilers-figurine-legacy-series-3-platinum-edition\/"},"modified":"2026-03-01T22:38:39","modified_gmt":"2026-03-01T21:38:39","slug":"nhl-mcfarlane-connor-mcdavid-edmonton-oilers-figurine-legacy-series-3-platinum-edition","status":"publish","type":"product","link":"https:\/\/www.2mkhokejovekarty.sk\/en\/produkt\/nhl-mcfarlane-connor-mcdavid-edmonton-oilers-figurine-legacy-series-3-platinum-edition\/","title":{"rendered":"NHL McFarlane Connor McDavid Edmonton Oilers Figurine \u2013 Legacy Series #3 Platinum Edition"},"content":{"rendered":"\n\t\t<style type=\"text\/css\">\n\t\t\t#gallery-1 {\n\t\t\t\tmargin: auto;\n\t\t\t}\n\t\t\t#gallery-1 .gallery-item {\n\t\t\t\tfloat: left;\n\t\t\t\tmargin-top: 10px;\n\t\t\t\ttext-align: center;\n\t\t\t\twidth: 25%;\n\t\t\t}\n\t\t\t#gallery-1 img {\n\t\t\t\tborder: 2px solid #cfcfcf;\n\t\t\t}\n\t\t\t#gallery-1 .gallery-caption {\n\t\t\t\tmargin-left: 0;\n\t\t\t}\n\t\t\t\/* see gallery_shortcode() in wp-includes\/media.php *\/\n\t\t<\/style>\n\t\t<div id='gallery-1' class='gallery galleryid-6990 gallery-columns-4 gallery-size-medium'><dl class='gallery-item'>\n\t\t\t<dt class='gallery-icon landscape'>\n\t\t\t\t<a href='https:\/\/www.2mkhokejovekarty.sk\/wp-content\/smush-webp\/2026\/02\/figurka_nhl_mcfarlane_connor_mcdavid_1.jpeg.webp'><img decoding=\"async\" width=\"300\" height=\"251\" src=\"https:\/\/www.2mkhokejovekarty.sk\/wp-content\/smush-webp\/2026\/02\/figurka_nhl_mcfarlane_connor_mcdavid_1-300x251.jpeg.webp\" class=\"attachment-medium size-medium\" alt=\"\" srcset=\"https:\/\/www.2mkhokejovekarty.sk\/wp-content\/smush-webp\/2026\/02\/figurka_nhl_mcfarlane_connor_mcdavid_1-300x251.jpeg.webp 300w, https:\/\/www.2mkhokejovekarty.sk\/wp-content\/smush-webp\/2026\/02\/figurka_nhl_mcfarlane_connor_mcdavid_1-768x644.jpeg.webp 768w, https:\/\/www.2mkhokejovekarty.sk\/wp-content\/uploads\/2026\/02\/figurka_nhl_mcfarlane_connor_mcdavid_1-60x50.jpeg 60w, https:\/\/www.2mkhokejovekarty.sk\/wp-content\/uploads\/2026\/02\/figurka_nhl_mcfarlane_connor_mcdavid_1-150x126.jpeg 150w, https:\/\/www.2mkhokejovekarty.sk\/wp-content\/uploads\/2026\/02\/figurka_nhl_mcfarlane_connor_mcdavid_1-96x80.jpeg 96w, https:\/\/www.2mkhokejovekarty.sk\/wp-content\/uploads\/2026\/02\/figurka_nhl_mcfarlane_connor_mcdavid_1-42x35.jpeg 42w, https:\/\/www.2mkhokejovekarty.sk\/wp-content\/smush-webp\/2026\/02\/figurka_nhl_mcfarlane_connor_mcdavid_1.jpeg.webp 940w\" sizes=\"(max-width: 300px) 100vw, 300px\" \/><\/a>\n\t\t\t<\/dt><\/dl><dl class='gallery-item'>\n\t\t\t<dt class='gallery-icon landscape'>\n\t\t\t\t<a href='https:\/\/www.2mkhokejovekarty.sk\/wp-content\/smush-webp\/2026\/02\/figurka_nhl_mcfarlane_connor_mcdavid_2.jpeg.webp'><img decoding=\"async\" width=\"300\" height=\"251\" src=\"https:\/\/www.2mkhokejovekarty.sk\/wp-content\/smush-webp\/2026\/02\/figurka_nhl_mcfarlane_connor_mcdavid_2-300x251.jpeg.webp\" class=\"attachment-medium size-medium\" alt=\"\" srcset=\"https:\/\/www.2mkhokejovekarty.sk\/wp-content\/smush-webp\/2026\/02\/figurka_nhl_mcfarlane_connor_mcdavid_2-300x251.jpeg.webp 300w, https:\/\/www.2mkhokejovekarty.sk\/wp-content\/smush-webp\/2026\/02\/figurka_nhl_mcfarlane_connor_mcdavid_2-768x644.jpeg.webp 768w, https:\/\/www.2mkhokejovekarty.sk\/wp-content\/uploads\/2026\/02\/figurka_nhl_mcfarlane_connor_mcdavid_2-60x50.jpeg 60w, https:\/\/www.2mkhokejovekarty.sk\/wp-content\/uploads\/2026\/02\/figurka_nhl_mcfarlane_connor_mcdavid_2-150x126.jpeg 150w, https:\/\/www.2mkhokejovekarty.sk\/wp-content\/uploads\/2026\/02\/figurka_nhl_mcfarlane_connor_mcdavid_2-96x80.jpeg 96w, https:\/\/www.2mkhokejovekarty.sk\/wp-content\/uploads\/2026\/02\/figurka_nhl_mcfarlane_connor_mcdavid_2-42x35.jpeg 42w, https:\/\/www.2mkhokejovekarty.sk\/wp-content\/smush-webp\/2026\/02\/figurka_nhl_mcfarlane_connor_mcdavid_2.jpeg.webp 940w\" sizes=\"(max-width: 300px) 100vw, 300px\" \/><\/a>\n\t\t\t<\/dt><\/dl><dl class='gallery-item'>\n\t\t\t<dt class='gallery-icon landscape'>\n\t\t\t\t<a href='https:\/\/www.2mkhokejovekarty.sk\/wp-content\/smush-webp\/2026\/02\/figurka_nhl_mcfarlane_connor_mcdavid_3.jpeg.webp'><img decoding=\"async\" width=\"300\" height=\"251\" src=\"https:\/\/www.2mkhokejovekarty.sk\/wp-content\/smush-webp\/2026\/02\/figurka_nhl_mcfarlane_connor_mcdavid_3-300x251.jpeg.webp\" class=\"attachment-medium size-medium\" alt=\"\" srcset=\"https:\/\/www.2mkhokejovekarty.sk\/wp-content\/smush-webp\/2026\/02\/figurka_nhl_mcfarlane_connor_mcdavid_3-300x251.jpeg.webp 300w, https:\/\/www.2mkhokejovekarty.sk\/wp-content\/smush-webp\/2026\/02\/figurka_nhl_mcfarlane_connor_mcdavid_3-768x644.jpeg.webp 768w, https:\/\/www.2mkhokejovekarty.sk\/wp-content\/uploads\/2026\/02\/figurka_nhl_mcfarlane_connor_mcdavid_3-60x50.jpeg 60w, https:\/\/www.2mkhokejovekarty.sk\/wp-content\/uploads\/2026\/02\/figurka_nhl_mcfarlane_connor_mcdavid_3-150x126.jpeg 150w, https:\/\/www.2mkhokejovekarty.sk\/wp-content\/uploads\/2026\/02\/figurka_nhl_mcfarlane_connor_mcdavid_3-96x80.jpeg 96w, https:\/\/www.2mkhokejovekarty.sk\/wp-content\/uploads\/2026\/02\/figurka_nhl_mcfarlane_connor_mcdavid_3-42x35.jpeg 42w, https:\/\/www.2mkhokejovekarty.sk\/wp-content\/smush-webp\/2026\/02\/figurka_nhl_mcfarlane_connor_mcdavid_3.jpeg.webp 940w\" sizes=\"(max-width: 300px) 100vw, 300px\" \/><\/a>\n\t\t\t<\/dt><\/dl><dl class='gallery-item'>\n\t\t\t<dt class='gallery-icon landscape'>\n\t\t\t\t<a href='https:\/\/www.2mkhokejovekarty.sk\/wp-content\/smush-webp\/2026\/02\/figurka_nhl_mcfarlane_connor_mcdavid_4.jpeg.webp'><img decoding=\"async\" width=\"300\" height=\"251\" src=\"https:\/\/www.2mkhokejovekarty.sk\/wp-content\/smush-webp\/2026\/02\/figurka_nhl_mcfarlane_connor_mcdavid_4-300x251.jpeg.webp\" class=\"attachment-medium size-medium\" alt=\"\" srcset=\"https:\/\/www.2mkhokejovekarty.sk\/wp-content\/smush-webp\/2026\/02\/figurka_nhl_mcfarlane_connor_mcdavid_4-300x251.jpeg.webp 300w, https:\/\/www.2mkhokejovekarty.sk\/wp-content\/smush-webp\/2026\/02\/figurka_nhl_mcfarlane_connor_mcdavid_4-768x644.jpeg.webp 768w, https:\/\/www.2mkhokejovekarty.sk\/wp-content\/uploads\/2026\/02\/figurka_nhl_mcfarlane_connor_mcdavid_4-60x50.jpeg 60w, https:\/\/www.2mkhokejovekarty.sk\/wp-content\/uploads\/2026\/02\/figurka_nhl_mcfarlane_connor_mcdavid_4-150x126.jpeg 150w, https:\/\/www.2mkhokejovekarty.sk\/wp-content\/uploads\/2026\/02\/figurka_nhl_mcfarlane_connor_mcdavid_4-96x80.jpeg 96w, https:\/\/www.2mkhokejovekarty.sk\/wp-content\/uploads\/2026\/02\/figurka_nhl_mcfarlane_connor_mcdavid_4-42x35.jpeg 42w, https:\/\/www.2mkhokejovekarty.sk\/wp-content\/smush-webp\/2026\/02\/figurka_nhl_mcfarlane_connor_mcdavid_4.jpeg.webp 940w\" sizes=\"(max-width: 300px) 100vw, 300px\" \/><\/a>\n\t\t\t<\/dt><\/dl><br style=\"clear: both\" \/>\n\t\t<\/div>\n\n<p><strong>NHL McFarlane Connor McDavid Edmonton Oilers Figurine \u2013 Legacy Series #3 Platinum Edition<\/strong><\/p>\n<p>Connor McDavid is a Canadian ice hockey forward wearing number 97, who was drafted first overall in the first round by the Edmonton Oilers in 2015. He is currently considered the best ice hockey forward in the world.  <\/p>\n","protected":false},"excerpt":{"rendered":"<p>The Connor McDavid figure from McFarlane Toys is approximately 18 cm tall.<\/p>\n","protected":false},"featured_media":6988,"template":"","meta":[],"product_brand":[],"product_cat":[271],"product_tag":[445],"class_list":{"0":"post-6990","1":"product","2":"type-product","3":"status-publish","4":"has-post-thumbnail","6":"product_cat-nhl-figures","7":"product_tag-mcfarlane-toys","9":"first","10":"instock","11":"taxable","12":"shipping-taxable","13":"purchasable","14":"product-type-simple"},"yoast_head":"<!-- This site is optimized with the Yoast SEO plugin v17.7.1 - https:\/\/yoast.com\/wordpress\/plugins\/seo\/ -->\n<title>NHL McFarlane Connor McDavid Edmonton Oilers Figurine \u2013 Legacy Series #3 Platinum Edition - 2MK Hokejov\u00e9 Karty<\/title>\n<meta name=\"robots\" content=\"index, follow, max-snippet:-1, max-image-preview:large, max-video-preview:-1\" \/>\n<link rel=\"canonical\" href=\"https:\/\/www.2mkhokejovekarty.sk\/en\/produkt\/nhl-mcfarlane-connor-mcdavid-edmonton-oilers-figurine-legacy-series-3-platinum-edition\/\" \/>\n<meta property=\"og:locale\" content=\"en_US\" \/>\n<meta property=\"og:type\" content=\"article\" \/>\n<meta property=\"og:title\" content=\"NHL McFarlane Connor McDavid Edmonton Oilers Figurine \u2013 Legacy Series #3 Platinum Edition - 2MK Hokejov\u00e9 Karty\" \/>\n<meta property=\"og:description\" content=\"The Connor McDavid figure from McFarlane Toys is approximately 18 cm tall.\" \/>\n<meta property=\"og:url\" content=\"https:\/\/www.2mkhokejovekarty.sk\/en\/produkt\/nhl-mcfarlane-connor-mcdavid-edmonton-oilers-figurine-legacy-series-3-platinum-edition\/\" \/>\n<meta property=\"og:site_name\" content=\"2MK Hokejov\u00e9 Karty\" \/>\n<meta property=\"article:publisher\" content=\"https:\/\/www.facebook.com\/2MK-hokejov%c3%a9-karty-106293018483710\" \/>\n<meta property=\"article:modified_time\" content=\"2026-03-01T21:38:39+00:00\" \/>\n<meta property=\"og:image\" content=\"https:\/\/www.2mkhokejovekarty.sk\/wp-content\/uploads\/2026\/02\/figurka_nhl_mcfarlane_connor_mcdavid.jpeg\" \/>\n\t<meta property=\"og:image:width\" content=\"940\" \/>\n\t<meta property=\"og:image:height\" content=\"788\" \/>\n<meta name=\"twitter:card\" content=\"summary_large_image\" \/>\n<script type=\"application\/ld+json\" class=\"yoast-schema-graph\">{\"@context\":\"https:\/\/schema.org\",\"@graph\":[{\"@type\":\"Organization\",\"@id\":\"https:\/\/www.2mkhokejovekarty.sk\/en\/#organization\",\"name\":\"2MK Hockey Cards\",\"url\":\"https:\/\/www.2mkhokejovekarty.sk\/en\/\",\"sameAs\":[\"https:\/\/www.facebook.com\/2MK-hokejov\\u00e9-karty-106293018483710\"],\"logo\":{\"@type\":\"ImageObject\",\"@id\":\"https:\/\/www.2mkhokejovekarty.sk\/en\/#logo\",\"inLanguage\":\"en-US\",\"url\":\"https:\/\/www.2mkhokejovekarty.sk\/wp-content\/uploads\/2021\/12\/2MK-logo-org.jpg\",\"contentUrl\":\"https:\/\/www.2mkhokejovekarty.sk\/wp-content\/uploads\/2021\/12\/2MK-logo-org.jpg\",\"width\":300,\"height\":200,\"caption\":\"2MK Hockey Cards\"},\"image\":{\"@id\":\"https:\/\/www.2mkhokejovekarty.sk\/en\/#logo\"}},{\"@type\":\"WebSite\",\"@id\":\"https:\/\/www.2mkhokejovekarty.sk\/en\/#website\",\"url\":\"https:\/\/www.2mkhokejovekarty.sk\/en\/\",\"name\":\"2MK Hokejov\\u00e9 Karty\",\"description\":\"Str\\u00e1nka ur\\u010den\\u00e1 pre zberate\\u013eov hokejov\\u00fdch kariet\",\"publisher\":{\"@id\":\"https:\/\/www.2mkhokejovekarty.sk\/en\/#organization\"},\"potentialAction\":[{\"@type\":\"SearchAction\",\"target\":{\"@type\":\"EntryPoint\",\"urlTemplate\":\"https:\/\/www.2mkhokejovekarty.sk\/en\/?s={search_term_string}\"},\"query-input\":\"required name=search_term_string\"}],\"inLanguage\":\"en-US\"},{\"@type\":\"ImageObject\",\"@id\":\"https:\/\/www.2mkhokejovekarty.sk\/en\/produkt\/nhl-mcfarlane-connor-mcdavid-edmonton-oilers-figurine-legacy-series-3-platinum-edition\/#primaryimage\",\"inLanguage\":\"en-US\",\"url\":\"https:\/\/www.2mkhokejovekarty.sk\/wp-content\/uploads\/2026\/02\/figurka_nhl_mcfarlane_connor_mcdavid.jpeg\",\"contentUrl\":\"https:\/\/www.2mkhokejovekarty.sk\/wp-content\/uploads\/2026\/02\/figurka_nhl_mcfarlane_connor_mcdavid.jpeg\",\"width\":940,\"height\":788},{\"@type\":\"WebPage\",\"@id\":\"https:\/\/www.2mkhokejovekarty.sk\/en\/produkt\/nhl-mcfarlane-connor-mcdavid-edmonton-oilers-figurine-legacy-series-3-platinum-edition\/#webpage\",\"url\":\"https:\/\/www.2mkhokejovekarty.sk\/en\/produkt\/nhl-mcfarlane-connor-mcdavid-edmonton-oilers-figurine-legacy-series-3-platinum-edition\/\",\"name\":\"NHL McFarlane Connor McDavid Edmonton Oilers Figurine \\u2013 Legacy Series #3 Platinum Edition - 2MK Hokejov\\u00e9 Karty\",\"isPartOf\":{\"@id\":\"https:\/\/www.2mkhokejovekarty.sk\/en\/#website\"},\"primaryImageOfPage\":{\"@id\":\"https:\/\/www.2mkhokejovekarty.sk\/en\/produkt\/nhl-mcfarlane-connor-mcdavid-edmonton-oilers-figurine-legacy-series-3-platinum-edition\/#primaryimage\"},\"datePublished\":\"2026-02-23T20:55:18+00:00\",\"dateModified\":\"2026-03-01T21:38:39+00:00\",\"breadcrumb\":{\"@id\":\"https:\/\/www.2mkhokejovekarty.sk\/en\/produkt\/nhl-mcfarlane-connor-mcdavid-edmonton-oilers-figurine-legacy-series-3-platinum-edition\/#breadcrumb\"},\"inLanguage\":\"en-US\",\"potentialAction\":[{\"@type\":\"ReadAction\",\"target\":[\"https:\/\/www.2mkhokejovekarty.sk\/en\/produkt\/nhl-mcfarlane-connor-mcdavid-edmonton-oilers-figurine-legacy-series-3-platinum-edition\/\"]}]},{\"@type\":\"BreadcrumbList\",\"@id\":\"https:\/\/www.2mkhokejovekarty.sk\/en\/produkt\/nhl-mcfarlane-connor-mcdavid-edmonton-oilers-figurine-legacy-series-3-platinum-edition\/#breadcrumb\",\"itemListElement\":[{\"@type\":\"ListItem\",\"position\":1,\"name\":\"Home\",\"item\":\"https:\/\/www.2mkhokejovekarty.sk\/en\/\"},{\"@type\":\"ListItem\",\"position\":2,\"name\":\"Shop\",\"item\":\"https:\/\/www.2mkhokejovekarty.sk\/en\/shop\/\"},{\"@type\":\"ListItem\",\"position\":3,\"name\":\"NHL McFarlane Connor McDavid Edmonton Oilers Figurine \\u2013 Legacy Series #3 Platinum Edition\"}]}]}<\/script>\n<!-- \/ Yoast SEO plugin. -->","yoast_head_json":{"title":"NHL McFarlane Connor McDavid Edmonton Oilers Figurine \u2013 Legacy Series #3 Platinum Edition - 2MK Hokejov\u00e9 Karty","robots":{"index":"index","follow":"follow","max-snippet":"max-snippet:-1","max-image-preview":"max-image-preview:large","max-video-preview":"max-video-preview:-1"},"canonical":"https:\/\/www.2mkhokejovekarty.sk\/en\/produkt\/nhl-mcfarlane-connor-mcdavid-edmonton-oilers-figurine-legacy-series-3-platinum-edition\/","og_locale":"en_US","og_type":"article","og_title":"NHL McFarlane Connor McDavid Edmonton Oilers Figurine \u2013 Legacy Series #3 Platinum Edition - 2MK Hokejov\u00e9 Karty","og_description":"The Connor McDavid figure from McFarlane Toys is approximately 18 cm tall.","og_url":"https:\/\/www.2mkhokejovekarty.sk\/en\/produkt\/nhl-mcfarlane-connor-mcdavid-edmonton-oilers-figurine-legacy-series-3-platinum-edition\/","og_site_name":"2MK Hokejov\u00e9 Karty","article_publisher":"https:\/\/www.facebook.com\/2MK-hokejov%c3%a9-karty-106293018483710","article_modified_time":"2026-03-01T21:38:39+00:00","og_image":[{"width":940,"height":788,"url":"https:\/\/www.2mkhokejovekarty.sk\/wp-content\/uploads\/2026\/02\/figurka_nhl_mcfarlane_connor_mcdavid.jpeg","type":"image\/jpeg"}],"twitter_card":"summary_large_image","schema":{"@context":"https:\/\/schema.org","@graph":[{"@type":"Organization","@id":"https:\/\/www.2mkhokejovekarty.sk\/en\/#organization","name":"2MK Hockey Cards","url":"https:\/\/www.2mkhokejovekarty.sk\/en\/","sameAs":["https:\/\/www.facebook.com\/2MK-hokejov\u00e9-karty-106293018483710"],"logo":{"@type":"ImageObject","@id":"https:\/\/www.2mkhokejovekarty.sk\/en\/#logo","inLanguage":"en-US","url":"https:\/\/www.2mkhokejovekarty.sk\/wp-content\/uploads\/2021\/12\/2MK-logo-org.jpg","contentUrl":"https:\/\/www.2mkhokejovekarty.sk\/wp-content\/uploads\/2021\/12\/2MK-logo-org.jpg","width":300,"height":200,"caption":"2MK Hockey Cards"},"image":{"@id":"https:\/\/www.2mkhokejovekarty.sk\/en\/#logo"}},{"@type":"WebSite","@id":"https:\/\/www.2mkhokejovekarty.sk\/en\/#website","url":"https:\/\/www.2mkhokejovekarty.sk\/en\/","name":"2MK Hokejov\u00e9 Karty","description":"Str\u00e1nka ur\u010den\u00e1 pre zberate\u013eov hokejov\u00fdch kariet","publisher":{"@id":"https:\/\/www.2mkhokejovekarty.sk\/en\/#organization"},"potentialAction":[{"@type":"SearchAction","target":{"@type":"EntryPoint","urlTemplate":"https:\/\/www.2mkhokejovekarty.sk\/en\/?s={search_term_string}"},"query-input":"required name=search_term_string"}],"inLanguage":"en-US"},{"@type":"ImageObject","@id":"https:\/\/www.2mkhokejovekarty.sk\/en\/produkt\/nhl-mcfarlane-connor-mcdavid-edmonton-oilers-figurine-legacy-series-3-platinum-edition\/#primaryimage","inLanguage":"en-US","url":"https:\/\/www.2mkhokejovekarty.sk\/wp-content\/uploads\/2026\/02\/figurka_nhl_mcfarlane_connor_mcdavid.jpeg","contentUrl":"https:\/\/www.2mkhokejovekarty.sk\/wp-content\/uploads\/2026\/02\/figurka_nhl_mcfarlane_connor_mcdavid.jpeg","width":940,"height":788},{"@type":"WebPage","@id":"https:\/\/www.2mkhokejovekarty.sk\/en\/produkt\/nhl-mcfarlane-connor-mcdavid-edmonton-oilers-figurine-legacy-series-3-platinum-edition\/#webpage","url":"https:\/\/www.2mkhokejovekarty.sk\/en\/produkt\/nhl-mcfarlane-connor-mcdavid-edmonton-oilers-figurine-legacy-series-3-platinum-edition\/","name":"NHL McFarlane Connor McDavid Edmonton Oilers Figurine \u2013 Legacy Series #3 Platinum Edition - 2MK Hokejov\u00e9 Karty","isPartOf":{"@id":"https:\/\/www.2mkhokejovekarty.sk\/en\/#website"},"primaryImageOfPage":{"@id":"https:\/\/www.2mkhokejovekarty.sk\/en\/produkt\/nhl-mcfarlane-connor-mcdavid-edmonton-oilers-figurine-legacy-series-3-platinum-edition\/#primaryimage"},"datePublished":"2026-02-23T20:55:18+00:00","dateModified":"2026-03-01T21:38:39+00:00","breadcrumb":{"@id":"https:\/\/www.2mkhokejovekarty.sk\/en\/produkt\/nhl-mcfarlane-connor-mcdavid-edmonton-oilers-figurine-legacy-series-3-platinum-edition\/#breadcrumb"},"inLanguage":"en-US","potentialAction":[{"@type":"ReadAction","target":["https:\/\/www.2mkhokejovekarty.sk\/en\/produkt\/nhl-mcfarlane-connor-mcdavid-edmonton-oilers-figurine-legacy-series-3-platinum-edition\/"]}]},{"@type":"BreadcrumbList","@id":"https:\/\/www.2mkhokejovekarty.sk\/en\/produkt\/nhl-mcfarlane-connor-mcdavid-edmonton-oilers-figurine-legacy-series-3-platinum-edition\/#breadcrumb","itemListElement":[{"@type":"ListItem","position":1,"name":"Home","item":"https:\/\/www.2mkhokejovekarty.sk\/en\/"},{"@type":"ListItem","position":2,"name":"Shop","item":"https:\/\/www.2mkhokejovekarty.sk\/en\/shop\/"},{"@type":"ListItem","position":3,"name":"NHL McFarlane Connor McDavid Edmonton Oilers Figurine \u2013 Legacy Series #3 Platinum Edition"}]}]}},"_links":{"self":[{"href":"https:\/\/www.2mkhokejovekarty.sk\/en\/wp-json\/wp\/v2\/product\/6990","targetHints":{"allow":["GET"]}}],"collection":[{"href":"https:\/\/www.2mkhokejovekarty.sk\/en\/wp-json\/wp\/v2\/product"}],"about":[{"href":"https:\/\/www.2mkhokejovekarty.sk\/en\/wp-json\/wp\/v2\/types\/product"}],"version-history":[{"count":1,"href":"https:\/\/www.2mkhokejovekarty.sk\/en\/wp-json\/wp\/v2\/product\/6990\/revisions"}],"predecessor-version":[{"id":7127,"href":"https:\/\/www.2mkhokejovekarty.sk\/en\/wp-json\/wp\/v2\/product\/6990\/revisions\/7127"}],"wp:featuredmedia":[{"embeddable":true,"href":"https:\/\/www.2mkhokejovekarty.sk\/en\/wp-json\/wp\/v2\/media\/6988"}],"wp:attachment":[{"href":"https:\/\/www.2mkhokejovekarty.sk\/en\/wp-json\/wp\/v2\/media?parent=6990"}],"wp:term":[{"taxonomy":"product_brand","embeddable":true,"href":"https:\/\/www.2mkhokejovekarty.sk\/en\/wp-json\/wp\/v2\/product_brand?post=6990"},{"taxonomy":"product_cat","embeddable":true,"href":"https:\/\/www.2mkhokejovekarty.sk\/en\/wp-json\/wp\/v2\/product_cat?post=6990"},{"taxonomy":"product_tag","embeddable":true,"href":"https:\/\/www.2mkhokejovekarty.sk\/en\/wp-json\/wp\/v2\/product_tag?post=6990"}],"curies":[{"name":"wp","href":"https:\/\/api.w.org\/{rel}","templated":true}]}}