{"id":6725,"date":"2026-01-30T21:51:50","date_gmt":"2026-01-30T20:51:50","guid":{"rendered":"https:\/\/www.2mkhokejovekarty.sk\/produkt\/2025-26-upper-deck-detroit-red-wings-centennial-hockey-hobby-box-pre-order\/"},"modified":"2026-02-04T14:31:59","modified_gmt":"2026-02-04T13:31:59","slug":"2025-26-upper-deck-detroit-red-wings-centennial-hockey-hobby-box","status":"publish","type":"product","link":"https:\/\/www.2mkhokejovekarty.sk\/en\/produkt\/2025-26-upper-deck-detroit-red-wings-centennial-hockey-hobby-box\/","title":{"rendered":"2025-26 Upper Deck Detroit Red Wings Centennial Hockey Hobby Box"},"content":{"rendered":"\n\t\t<style type=\"text\/css\">\n\t\t\t#gallery-1 {\n\t\t\t\tmargin: auto;\n\t\t\t}\n\t\t\t#gallery-1 .gallery-item {\n\t\t\t\tfloat: left;\n\t\t\t\tmargin-top: 10px;\n\t\t\t\ttext-align: center;\n\t\t\t\twidth: 20%;\n\t\t\t}\n\t\t\t#gallery-1 img {\n\t\t\t\tborder: 2px solid #cfcfcf;\n\t\t\t}\n\t\t\t#gallery-1 .gallery-caption {\n\t\t\t\tmargin-left: 0;\n\t\t\t}\n\t\t\t\/* see gallery_shortcode() in wp-includes\/media.php *\/\n\t\t<\/style>\n\t\t<div id='gallery-1' class='gallery galleryid-6725 gallery-columns-5 gallery-size-medium'><dl class='gallery-item'>\n\t\t\t<dt class='gallery-icon landscape'>\n\t\t\t\t<a href='https:\/\/www.2mkhokejovekarty.sk\/wp-content\/smush-webp\/2026\/01\/2025-26_upper_deck_detroit_red_wings_centennial_hockey_hobby_1.jpeg.webp'><img decoding=\"async\" width=\"300\" height=\"169\" src=\"https:\/\/www.2mkhokejovekarty.sk\/wp-content\/smush-webp\/2026\/01\/2025-26_upper_deck_detroit_red_wings_centennial_hockey_hobby_1-300x169.jpeg.webp\" class=\"attachment-medium size-medium\" alt=\"\" srcset=\"https:\/\/www.2mkhokejovekarty.sk\/wp-content\/smush-webp\/2026\/01\/2025-26_upper_deck_detroit_red_wings_centennial_hockey_hobby_1-300x169.jpeg.webp 300w, https:\/\/www.2mkhokejovekarty.sk\/wp-content\/smush-webp\/2026\/01\/2025-26_upper_deck_detroit_red_wings_centennial_hockey_hobby_1-1024x576.jpeg.webp 1024w, https:\/\/www.2mkhokejovekarty.sk\/wp-content\/smush-webp\/2026\/01\/2025-26_upper_deck_detroit_red_wings_centennial_hockey_hobby_1-768x432.jpeg.webp 768w, https:\/\/www.2mkhokejovekarty.sk\/wp-content\/smush-webp\/2026\/01\/2025-26_upper_deck_detroit_red_wings_centennial_hockey_hobby_1-60x34.jpeg.webp 60w, https:\/\/www.2mkhokejovekarty.sk\/wp-content\/smush-webp\/2026\/01\/2025-26_upper_deck_detroit_red_wings_centennial_hockey_hobby_1-1536x864.jpeg.webp 1536w, https:\/\/www.2mkhokejovekarty.sk\/wp-content\/smush-webp\/2026\/01\/2025-26_upper_deck_detroit_red_wings_centennial_hockey_hobby_1-1200x675.jpeg.webp 1200w, https:\/\/www.2mkhokejovekarty.sk\/wp-content\/smush-webp\/2026\/01\/2025-26_upper_deck_detroit_red_wings_centennial_hockey_hobby_1-150x84.jpeg.webp 150w, https:\/\/www.2mkhokejovekarty.sk\/wp-content\/smush-webp\/2026\/01\/2025-26_upper_deck_detroit_red_wings_centennial_hockey_hobby_1-96x54.jpeg.webp 96w, https:\/\/www.2mkhokejovekarty.sk\/wp-content\/smush-webp\/2026\/01\/2025-26_upper_deck_detroit_red_wings_centennial_hockey_hobby_1-42x24.jpeg.webp 42w, https:\/\/www.2mkhokejovekarty.sk\/wp-content\/smush-webp\/2026\/01\/2025-26_upper_deck_detroit_red_wings_centennial_hockey_hobby_1.jpeg.webp 2000w\" sizes=\"(max-width: 300px) 100vw, 300px\" \/><\/a>\n\t\t\t<\/dt><\/dl><dl class='gallery-item'>\n\t\t\t<dt class='gallery-icon landscape'>\n\t\t\t\t<a href='https:\/\/www.2mkhokejovekarty.sk\/wp-content\/smush-webp\/2026\/01\/2025-26_upper_deck_detroit_red_wings_centennial_hockey_hobby_2.jpeg.webp'><img decoding=\"async\" width=\"300\" height=\"169\" src=\"https:\/\/www.2mkhokejovekarty.sk\/wp-content\/smush-webp\/2026\/01\/2025-26_upper_deck_detroit_red_wings_centennial_hockey_hobby_2-300x169.jpeg.webp\" class=\"attachment-medium size-medium\" alt=\"\" srcset=\"https:\/\/www.2mkhokejovekarty.sk\/wp-content\/smush-webp\/2026\/01\/2025-26_upper_deck_detroit_red_wings_centennial_hockey_hobby_2-300x169.jpeg.webp 300w, https:\/\/www.2mkhokejovekarty.sk\/wp-content\/smush-webp\/2026\/01\/2025-26_upper_deck_detroit_red_wings_centennial_hockey_hobby_2-1024x576.jpeg.webp 1024w, https:\/\/www.2mkhokejovekarty.sk\/wp-content\/smush-webp\/2026\/01\/2025-26_upper_deck_detroit_red_wings_centennial_hockey_hobby_2-768x432.jpeg.webp 768w, https:\/\/www.2mkhokejovekarty.sk\/wp-content\/smush-webp\/2026\/01\/2025-26_upper_deck_detroit_red_wings_centennial_hockey_hobby_2-60x34.jpeg.webp 60w, https:\/\/www.2mkhokejovekarty.sk\/wp-content\/smush-webp\/2026\/01\/2025-26_upper_deck_detroit_red_wings_centennial_hockey_hobby_2-1536x864.jpeg.webp 1536w, https:\/\/www.2mkhokejovekarty.sk\/wp-content\/smush-webp\/2026\/01\/2025-26_upper_deck_detroit_red_wings_centennial_hockey_hobby_2-1200x675.jpeg.webp 1200w, https:\/\/www.2mkhokejovekarty.sk\/wp-content\/smush-webp\/2026\/01\/2025-26_upper_deck_detroit_red_wings_centennial_hockey_hobby_2-150x84.jpeg.webp 150w, https:\/\/www.2mkhokejovekarty.sk\/wp-content\/smush-webp\/2026\/01\/2025-26_upper_deck_detroit_red_wings_centennial_hockey_hobby_2-96x54.jpeg.webp 96w, https:\/\/www.2mkhokejovekarty.sk\/wp-content\/smush-webp\/2026\/01\/2025-26_upper_deck_detroit_red_wings_centennial_hockey_hobby_2-42x24.jpeg.webp 42w, https:\/\/www.2mkhokejovekarty.sk\/wp-content\/smush-webp\/2026\/01\/2025-26_upper_deck_detroit_red_wings_centennial_hockey_hobby_2.jpeg.webp 2000w\" sizes=\"(max-width: 300px) 100vw, 300px\" \/><\/a>\n\t\t\t<\/dt><\/dl><dl class='gallery-item'>\n\t\t\t<dt class='gallery-icon landscape'>\n\t\t\t\t<a href='https:\/\/www.2mkhokejovekarty.sk\/wp-content\/smush-webp\/2026\/01\/2025-26_upper_deck_detroit_red_wings_centennial_hockey_hobby_3.jpeg.webp'><img decoding=\"async\" width=\"300\" height=\"169\" src=\"https:\/\/www.2mkhokejovekarty.sk\/wp-content\/smush-webp\/2026\/01\/2025-26_upper_deck_detroit_red_wings_centennial_hockey_hobby_3-300x169.jpeg.webp\" class=\"attachment-medium size-medium\" alt=\"\" srcset=\"https:\/\/www.2mkhokejovekarty.sk\/wp-content\/smush-webp\/2026\/01\/2025-26_upper_deck_detroit_red_wings_centennial_hockey_hobby_3-300x169.jpeg.webp 300w, https:\/\/www.2mkhokejovekarty.sk\/wp-content\/smush-webp\/2026\/01\/2025-26_upper_deck_detroit_red_wings_centennial_hockey_hobby_3-1024x576.jpeg.webp 1024w, https:\/\/www.2mkhokejovekarty.sk\/wp-content\/smush-webp\/2026\/01\/2025-26_upper_deck_detroit_red_wings_centennial_hockey_hobby_3-768x432.jpeg.webp 768w, https:\/\/www.2mkhokejovekarty.sk\/wp-content\/smush-webp\/2026\/01\/2025-26_upper_deck_detroit_red_wings_centennial_hockey_hobby_3-60x34.jpeg.webp 60w, https:\/\/www.2mkhokejovekarty.sk\/wp-content\/smush-webp\/2026\/01\/2025-26_upper_deck_detroit_red_wings_centennial_hockey_hobby_3-1536x864.jpeg.webp 1536w, https:\/\/www.2mkhokejovekarty.sk\/wp-content\/smush-webp\/2026\/01\/2025-26_upper_deck_detroit_red_wings_centennial_hockey_hobby_3-1200x675.jpeg.webp 1200w, https:\/\/www.2mkhokejovekarty.sk\/wp-content\/smush-webp\/2026\/01\/2025-26_upper_deck_detroit_red_wings_centennial_hockey_hobby_3-150x84.jpeg.webp 150w, https:\/\/www.2mkhokejovekarty.sk\/wp-content\/smush-webp\/2026\/01\/2025-26_upper_deck_detroit_red_wings_centennial_hockey_hobby_3-96x54.jpeg.webp 96w, https:\/\/www.2mkhokejovekarty.sk\/wp-content\/smush-webp\/2026\/01\/2025-26_upper_deck_detroit_red_wings_centennial_hockey_hobby_3-42x24.jpeg.webp 42w, https:\/\/www.2mkhokejovekarty.sk\/wp-content\/smush-webp\/2026\/01\/2025-26_upper_deck_detroit_red_wings_centennial_hockey_hobby_3.jpeg.webp 2000w\" sizes=\"(max-width: 300px) 100vw, 300px\" \/><\/a>\n\t\t\t<\/dt><\/dl><dl class='gallery-item'>\n\t\t\t<dt class='gallery-icon landscape'>\n\t\t\t\t<a href='https:\/\/www.2mkhokejovekarty.sk\/wp-content\/smush-webp\/2026\/01\/2025-26_upper_deck_detroit_red_wings_centennial_hockey_hobby_4.jpeg.webp'><img decoding=\"async\" width=\"300\" height=\"169\" src=\"https:\/\/www.2mkhokejovekarty.sk\/wp-content\/smush-webp\/2026\/01\/2025-26_upper_deck_detroit_red_wings_centennial_hockey_hobby_4-300x169.jpeg.webp\" class=\"attachment-medium size-medium\" alt=\"\" srcset=\"https:\/\/www.2mkhokejovekarty.sk\/wp-content\/smush-webp\/2026\/01\/2025-26_upper_deck_detroit_red_wings_centennial_hockey_hobby_4-300x169.jpeg.webp 300w, https:\/\/www.2mkhokejovekarty.sk\/wp-content\/smush-webp\/2026\/01\/2025-26_upper_deck_detroit_red_wings_centennial_hockey_hobby_4-1024x576.jpeg.webp 1024w, https:\/\/www.2mkhokejovekarty.sk\/wp-content\/smush-webp\/2026\/01\/2025-26_upper_deck_detroit_red_wings_centennial_hockey_hobby_4-768x432.jpeg.webp 768w, https:\/\/www.2mkhokejovekarty.sk\/wp-content\/smush-webp\/2026\/01\/2025-26_upper_deck_detroit_red_wings_centennial_hockey_hobby_4-60x34.jpeg.webp 60w, https:\/\/www.2mkhokejovekarty.sk\/wp-content\/smush-webp\/2026\/01\/2025-26_upper_deck_detroit_red_wings_centennial_hockey_hobby_4-1536x864.jpeg.webp 1536w, https:\/\/www.2mkhokejovekarty.sk\/wp-content\/smush-webp\/2026\/01\/2025-26_upper_deck_detroit_red_wings_centennial_hockey_hobby_4-1200x675.jpeg.webp 1200w, https:\/\/www.2mkhokejovekarty.sk\/wp-content\/smush-webp\/2026\/01\/2025-26_upper_deck_detroit_red_wings_centennial_hockey_hobby_4-150x84.jpeg.webp 150w, https:\/\/www.2mkhokejovekarty.sk\/wp-content\/smush-webp\/2026\/01\/2025-26_upper_deck_detroit_red_wings_centennial_hockey_hobby_4-96x54.jpeg.webp 96w, https:\/\/www.2mkhokejovekarty.sk\/wp-content\/smush-webp\/2026\/01\/2025-26_upper_deck_detroit_red_wings_centennial_hockey_hobby_4-42x24.jpeg.webp 42w, https:\/\/www.2mkhokejovekarty.sk\/wp-content\/smush-webp\/2026\/01\/2025-26_upper_deck_detroit_red_wings_centennial_hockey_hobby_4.jpeg.webp 2000w\" sizes=\"(max-width: 300px) 100vw, 300px\" \/><\/a>\n\t\t\t<\/dt><\/dl><dl class='gallery-item'>\n\t\t\t<dt class='gallery-icon landscape'>\n\t\t\t\t<a href='https:\/\/www.2mkhokejovekarty.sk\/wp-content\/smush-webp\/2026\/01\/2025-26_upper_deck_detroit_red_wings_centennial_hockey_hobby_5.jpeg.webp'><img decoding=\"async\" width=\"300\" height=\"169\" src=\"https:\/\/www.2mkhokejovekarty.sk\/wp-content\/smush-webp\/2026\/01\/2025-26_upper_deck_detroit_red_wings_centennial_hockey_hobby_5-300x169.jpeg.webp\" class=\"attachment-medium size-medium\" alt=\"\" srcset=\"https:\/\/www.2mkhokejovekarty.sk\/wp-content\/smush-webp\/2026\/01\/2025-26_upper_deck_detroit_red_wings_centennial_hockey_hobby_5-300x169.jpeg.webp 300w, https:\/\/www.2mkhokejovekarty.sk\/wp-content\/smush-webp\/2026\/01\/2025-26_upper_deck_detroit_red_wings_centennial_hockey_hobby_5-1024x576.jpeg.webp 1024w, https:\/\/www.2mkhokejovekarty.sk\/wp-content\/smush-webp\/2026\/01\/2025-26_upper_deck_detroit_red_wings_centennial_hockey_hobby_5-768x432.jpeg.webp 768w, https:\/\/www.2mkhokejovekarty.sk\/wp-content\/smush-webp\/2026\/01\/2025-26_upper_deck_detroit_red_wings_centennial_hockey_hobby_5-60x34.jpeg.webp 60w, https:\/\/www.2mkhokejovekarty.sk\/wp-content\/smush-webp\/2026\/01\/2025-26_upper_deck_detroit_red_wings_centennial_hockey_hobby_5-1536x864.jpeg.webp 1536w, https:\/\/www.2mkhokejovekarty.sk\/wp-content\/smush-webp\/2026\/01\/2025-26_upper_deck_detroit_red_wings_centennial_hockey_hobby_5-1200x675.jpeg.webp 1200w, https:\/\/www.2mkhokejovekarty.sk\/wp-content\/smush-webp\/2026\/01\/2025-26_upper_deck_detroit_red_wings_centennial_hockey_hobby_5-150x84.jpeg.webp 150w, https:\/\/www.2mkhokejovekarty.sk\/wp-content\/smush-webp\/2026\/01\/2025-26_upper_deck_detroit_red_wings_centennial_hockey_hobby_5-96x54.jpeg.webp 96w, https:\/\/www.2mkhokejovekarty.sk\/wp-content\/smush-webp\/2026\/01\/2025-26_upper_deck_detroit_red_wings_centennial_hockey_hobby_5-42x24.jpeg.webp 42w, https:\/\/www.2mkhokejovekarty.sk\/wp-content\/smush-webp\/2026\/01\/2025-26_upper_deck_detroit_red_wings_centennial_hockey_hobby_5.jpeg.webp 2000w\" sizes=\"(max-width: 300px) 100vw, 300px\" \/><\/a>\n\t\t\t<\/dt><\/dl><br style=\"clear: both\" \/>\n\t\t<\/div>\n\n<p><strong>2025-26 Upper Deck Detroit Red Wings Centennial Hockey Hobby Box<\/strong><\/p>\n<p><strong>EACH BOX ON AVERAGE CONTAINS:<\/strong><\/p>\n<p>-2x Autograph card<br \/>\n-12x Cougars Parallel card<br \/>\n-30x Base Set Subset card<br \/>\n-15x Hockeytown Heroes, Smash Hits, Believing in South Detroit and Everybody from the 313 card<br \/>\n-2x Hockeytown Heroes, Smash Hits, Believing in South Detroit and Everybody from the 313 Red Parallel card<\/p>\n<p><strong>PRODUCT INCLUDES:<\/strong><\/p>\n<p><b>Signed and Memorabilia cards:<\/b><\/p>\n<p>-Base Set &#8211; Red Auto Parallel 1:18<br \/>\n-Hockeytown Heroes &#8211; Autograph Parallel 1:80<br \/>\n-Smash Hits &#8211; Autograph Parallel 1:360<br \/>\n-Believing in South Detroit &#8211; Autograph Parallel 1:240<br \/>\n-Everybody from the 313 &#8211; Autograph Parallel 1:240<br \/>\n-Octopus Ink 1:15<br \/>\n-Octopus Ink Inscriptions #&#8217;d to 35<br \/>\n-Octopus Ink Duals #&#8217;d to 49<br \/>\n-Octopus Ink Triples #&#8217;d to 25<br \/>\n-Take a Seat Olympia #&#8217;d to 10<br \/>\n-Take a Seat Olympia &#8211; Auto Parallel Varied #&#8217;ing<br \/>\n-Take a Seat Joe Louis #&#8217;d to 13<br \/>\n-Take a Seat Joe Louis &#8211; Auto Parallel Varied #&#8217;ing<br \/>\n-Motor City Materials 1:60<br \/>\n-Motor City Premium Materials Varied #&#8217;ing<br \/>\n-Cut Signatures Varied #&#8217;ing<br \/>\n-Big Ticket Varied #&#8217;ing<br \/>\n-Big Ticket Auto Varied #&#8217;ing<br \/>\n-Stanleytown 1:120<\/p>\n<p><b>Insert Cards:<\/b><\/p>\n<p>-Hockeytown Heroes 1:2<br \/>\n-Hockeytown Heroes &#8211; Red Parallel 1:15<br \/>\n-Hockeytown Heroes &#8211; Centennial Parallel #&#8217;d to 100<br \/>\n-Smash Hits 1:10<br \/>\n-Smash Hits &#8211; Red Parallel 1:75<br \/>\n-Smash Hits &#8211; Centennial Parallel #&#8217;d to 100<br \/>\n-Believing in South Detroit 1:5<br \/>\n-Believing in South Detroit &#8211; Red Parallel 1:38<br \/>\n-Believing in South Detroit &#8211; Centennial Parallel #&#8217;d to 100<br \/>\n-Everybody from the 313 1:5<br \/>\n-Everybody from the 313 &#8211; Red Parallel 1:38<br \/>\n-Everybody from the 313 &#8211; Centennial Parallel #&#8217;d to 100<\/p>\n<p><b>Base set and parallel cards:<\/b><\/p>\n<p>-Base Set (1-100) 5:1<br \/>\n-Base Set &#8211; Cougars Parallel 1 of 1926<br \/>\n-Base Set &#8211; Centennial Parallel #&#8217;d to 100<br \/>\n-Base Set &#8211; Hall of Famers (101-150) 1:1<br \/>\n-Base Set &#8211; Hall of Famers &#8211; Cougars Parallel 1 of 1926<br \/>\n-Base Set &#8211; Hall of Famers &#8211; Centennial Parallel #&#8217;d to 100<br \/>\n-Base Set &#8211; Trophy Winners (151-165) 1:4<br \/>\n-Base Set &#8211; Trophy Winners &#8211; Cougars Parallel 1 of 1926<br \/>\n-Base Set &#8211; Trophy Winners &#8211; Centennial Parallel #&#8217;d to 100<br \/>\n-Base Set &#8211; Captains (166-180) 1:4<br \/>\n-Base Set &#8211; Captains &#8211; Cougars Parallel 1 of 1926<br \/>\n-Base Set &#8211; Captains &#8211; Centennial Parallel #&#8217;d to 100<br \/>\n-Base Set &#8211; Team Leaders (181-193) 1:5<br \/>\n-Base Set &#8211; Team Leaders &#8211; Cougars Parallel 1 of 1926<br \/>\n-Base Set &#8211; Team Leaders &#8211; Centennial Parallel #&#8217;d to 100<br \/>\n-Base Set &#8211; Retired Numbers (194-200) 1:7<br \/>\n-Base Set &#8211; Retired Numbers &#8211; Cougars Parallel 1 of 1926<br \/>\n-Base Set &#8211; Retired Numbers &#8211; Centennial Parallel #&#8217;d to 100<\/p>\n","protected":false},"excerpt":{"rendered":"<p><strong>Box Contents<br \/>\n<\/strong>15 packs per box, 9 cards per pack<\/p>\n","protected":false},"featured_media":6723,"template":"","meta":[],"product_brand":[],"product_cat":[266,265],"product_tag":[267],"class_list":{"0":"post-6725","1":"product","2":"type-product","3":"status-publish","4":"has-post-thumbnail","6":"product_cat-boxes","7":"product_cat-2025-26-boxes","8":"product_tag-upper-deck","10":"first","11":"instock","12":"taxable","13":"shipping-taxable","14":"purchasable","15":"product-type-simple"},"yoast_head":"<!-- This site is optimized with the Yoast SEO plugin v17.7.1 - https:\/\/yoast.com\/wordpress\/plugins\/seo\/ -->\n<title>2025-26 Upper Deck Detroit Red Wings Centennial Hockey Hobby Box - 2MK Hokejov\u00e9 Karty<\/title>\n<meta name=\"robots\" content=\"index, follow, max-snippet:-1, max-image-preview:large, max-video-preview:-1\" \/>\n<link rel=\"canonical\" href=\"https:\/\/www.2mkhokejovekarty.sk\/en\/produkt\/2025-26-upper-deck-detroit-red-wings-centennial-hockey-hobby-box\/\" \/>\n<meta property=\"og:locale\" content=\"en_US\" \/>\n<meta property=\"og:type\" content=\"article\" \/>\n<meta property=\"og:title\" content=\"2025-26 Upper Deck Detroit Red Wings Centennial Hockey Hobby Box - 2MK Hokejov\u00e9 Karty\" \/>\n<meta property=\"og:description\" content=\"Box Contents 15 packs per box, 9 cards per pack\" \/>\n<meta property=\"og:url\" content=\"https:\/\/www.2mkhokejovekarty.sk\/en\/produkt\/2025-26-upper-deck-detroit-red-wings-centennial-hockey-hobby-box\/\" \/>\n<meta property=\"og:site_name\" content=\"2MK Hokejov\u00e9 Karty\" \/>\n<meta property=\"article:publisher\" content=\"https:\/\/www.facebook.com\/2MK-hokejov%c3%a9-karty-106293018483710\" \/>\n<meta property=\"article:modified_time\" content=\"2026-02-04T13:31:59+00:00\" \/>\n<meta property=\"og:image\" content=\"https:\/\/www.2mkhokejovekarty.sk\/wp-content\/uploads\/2026\/01\/2025-26_upper_deck_detroit_red_wings_centennial_hockey_hobby_box.jpeg\" \/>\n\t<meta property=\"og:image:width\" content=\"940\" \/>\n\t<meta property=\"og:image:height\" content=\"788\" \/>\n<meta name=\"twitter:card\" content=\"summary_large_image\" \/>\n<meta name=\"twitter:label1\" content=\"Est. reading time\" \/>\n\t<meta name=\"twitter:data1\" content=\"2 minutes\" \/>\n<script type=\"application\/ld+json\" class=\"yoast-schema-graph\">{\"@context\":\"https:\/\/schema.org\",\"@graph\":[{\"@type\":\"Organization\",\"@id\":\"https:\/\/www.2mkhokejovekarty.sk\/en\/#organization\",\"name\":\"2MK Hockey Cards\",\"url\":\"https:\/\/www.2mkhokejovekarty.sk\/en\/\",\"sameAs\":[\"https:\/\/www.facebook.com\/2MK-hokejov\\u00e9-karty-106293018483710\"],\"logo\":{\"@type\":\"ImageObject\",\"@id\":\"https:\/\/www.2mkhokejovekarty.sk\/en\/#logo\",\"inLanguage\":\"en-US\",\"url\":\"https:\/\/www.2mkhokejovekarty.sk\/wp-content\/uploads\/2021\/12\/2MK-logo-org.jpg\",\"contentUrl\":\"https:\/\/www.2mkhokejovekarty.sk\/wp-content\/uploads\/2021\/12\/2MK-logo-org.jpg\",\"width\":300,\"height\":200,\"caption\":\"2MK Hockey Cards\"},\"image\":{\"@id\":\"https:\/\/www.2mkhokejovekarty.sk\/en\/#logo\"}},{\"@type\":\"WebSite\",\"@id\":\"https:\/\/www.2mkhokejovekarty.sk\/en\/#website\",\"url\":\"https:\/\/www.2mkhokejovekarty.sk\/en\/\",\"name\":\"2MK Hokejov\\u00e9 Karty\",\"description\":\"Str\\u00e1nka ur\\u010den\\u00e1 pre zberate\\u013eov hokejov\\u00fdch kariet\",\"publisher\":{\"@id\":\"https:\/\/www.2mkhokejovekarty.sk\/en\/#organization\"},\"potentialAction\":[{\"@type\":\"SearchAction\",\"target\":{\"@type\":\"EntryPoint\",\"urlTemplate\":\"https:\/\/www.2mkhokejovekarty.sk\/en\/?s={search_term_string}\"},\"query-input\":\"required name=search_term_string\"}],\"inLanguage\":\"en-US\"},{\"@type\":\"ImageObject\",\"@id\":\"https:\/\/www.2mkhokejovekarty.sk\/en\/produkt\/2025-26-upper-deck-detroit-red-wings-centennial-hockey-hobby-box\/#primaryimage\",\"inLanguage\":\"en-US\",\"url\":\"https:\/\/www.2mkhokejovekarty.sk\/wp-content\/uploads\/2026\/01\/2025-26_upper_deck_detroit_red_wings_centennial_hockey_hobby_box.jpeg\",\"contentUrl\":\"https:\/\/www.2mkhokejovekarty.sk\/wp-content\/uploads\/2026\/01\/2025-26_upper_deck_detroit_red_wings_centennial_hockey_hobby_box.jpeg\",\"width\":940,\"height\":788},{\"@type\":\"WebPage\",\"@id\":\"https:\/\/www.2mkhokejovekarty.sk\/en\/produkt\/2025-26-upper-deck-detroit-red-wings-centennial-hockey-hobby-box\/#webpage\",\"url\":\"https:\/\/www.2mkhokejovekarty.sk\/en\/produkt\/2025-26-upper-deck-detroit-red-wings-centennial-hockey-hobby-box\/\",\"name\":\"2025-26 Upper Deck Detroit Red Wings Centennial Hockey Hobby Box - 2MK Hokejov\\u00e9 Karty\",\"isPartOf\":{\"@id\":\"https:\/\/www.2mkhokejovekarty.sk\/en\/#website\"},\"primaryImageOfPage\":{\"@id\":\"https:\/\/www.2mkhokejovekarty.sk\/en\/produkt\/2025-26-upper-deck-detroit-red-wings-centennial-hockey-hobby-box\/#primaryimage\"},\"datePublished\":\"2026-01-30T20:51:50+00:00\",\"dateModified\":\"2026-02-04T13:31:59+00:00\",\"breadcrumb\":{\"@id\":\"https:\/\/www.2mkhokejovekarty.sk\/en\/produkt\/2025-26-upper-deck-detroit-red-wings-centennial-hockey-hobby-box\/#breadcrumb\"},\"inLanguage\":\"en-US\",\"potentialAction\":[{\"@type\":\"ReadAction\",\"target\":[\"https:\/\/www.2mkhokejovekarty.sk\/en\/produkt\/2025-26-upper-deck-detroit-red-wings-centennial-hockey-hobby-box\/\"]}]},{\"@type\":\"BreadcrumbList\",\"@id\":\"https:\/\/www.2mkhokejovekarty.sk\/en\/produkt\/2025-26-upper-deck-detroit-red-wings-centennial-hockey-hobby-box\/#breadcrumb\",\"itemListElement\":[{\"@type\":\"ListItem\",\"position\":1,\"name\":\"Home\",\"item\":\"https:\/\/www.2mkhokejovekarty.sk\/en\/\"},{\"@type\":\"ListItem\",\"position\":2,\"name\":\"Shop\",\"item\":\"https:\/\/www.2mkhokejovekarty.sk\/en\/shop\/\"},{\"@type\":\"ListItem\",\"position\":3,\"name\":\"2025-26 Upper Deck Detroit Red Wings Centennial Hockey Hobby Box\"}]}]}<\/script>\n<!-- \/ Yoast SEO plugin. -->","yoast_head_json":{"title":"2025-26 Upper Deck Detroit Red Wings Centennial Hockey Hobby Box - 2MK Hokejov\u00e9 Karty","robots":{"index":"index","follow":"follow","max-snippet":"max-snippet:-1","max-image-preview":"max-image-preview:large","max-video-preview":"max-video-preview:-1"},"canonical":"https:\/\/www.2mkhokejovekarty.sk\/en\/produkt\/2025-26-upper-deck-detroit-red-wings-centennial-hockey-hobby-box\/","og_locale":"en_US","og_type":"article","og_title":"2025-26 Upper Deck Detroit Red Wings Centennial Hockey Hobby Box - 2MK Hokejov\u00e9 Karty","og_description":"Box Contents 15 packs per box, 9 cards per pack","og_url":"https:\/\/www.2mkhokejovekarty.sk\/en\/produkt\/2025-26-upper-deck-detroit-red-wings-centennial-hockey-hobby-box\/","og_site_name":"2MK Hokejov\u00e9 Karty","article_publisher":"https:\/\/www.facebook.com\/2MK-hokejov%c3%a9-karty-106293018483710","article_modified_time":"2026-02-04T13:31:59+00:00","og_image":[{"width":940,"height":788,"url":"https:\/\/www.2mkhokejovekarty.sk\/wp-content\/uploads\/2026\/01\/2025-26_upper_deck_detroit_red_wings_centennial_hockey_hobby_box.jpeg","type":"image\/jpeg"}],"twitter_card":"summary_large_image","twitter_misc":{"Est. reading time":"2 minutes"},"schema":{"@context":"https:\/\/schema.org","@graph":[{"@type":"Organization","@id":"https:\/\/www.2mkhokejovekarty.sk\/en\/#organization","name":"2MK Hockey Cards","url":"https:\/\/www.2mkhokejovekarty.sk\/en\/","sameAs":["https:\/\/www.facebook.com\/2MK-hokejov\u00e9-karty-106293018483710"],"logo":{"@type":"ImageObject","@id":"https:\/\/www.2mkhokejovekarty.sk\/en\/#logo","inLanguage":"en-US","url":"https:\/\/www.2mkhokejovekarty.sk\/wp-content\/uploads\/2021\/12\/2MK-logo-org.jpg","contentUrl":"https:\/\/www.2mkhokejovekarty.sk\/wp-content\/uploads\/2021\/12\/2MK-logo-org.jpg","width":300,"height":200,"caption":"2MK Hockey Cards"},"image":{"@id":"https:\/\/www.2mkhokejovekarty.sk\/en\/#logo"}},{"@type":"WebSite","@id":"https:\/\/www.2mkhokejovekarty.sk\/en\/#website","url":"https:\/\/www.2mkhokejovekarty.sk\/en\/","name":"2MK Hokejov\u00e9 Karty","description":"Str\u00e1nka ur\u010den\u00e1 pre zberate\u013eov hokejov\u00fdch kariet","publisher":{"@id":"https:\/\/www.2mkhokejovekarty.sk\/en\/#organization"},"potentialAction":[{"@type":"SearchAction","target":{"@type":"EntryPoint","urlTemplate":"https:\/\/www.2mkhokejovekarty.sk\/en\/?s={search_term_string}"},"query-input":"required name=search_term_string"}],"inLanguage":"en-US"},{"@type":"ImageObject","@id":"https:\/\/www.2mkhokejovekarty.sk\/en\/produkt\/2025-26-upper-deck-detroit-red-wings-centennial-hockey-hobby-box\/#primaryimage","inLanguage":"en-US","url":"https:\/\/www.2mkhokejovekarty.sk\/wp-content\/uploads\/2026\/01\/2025-26_upper_deck_detroit_red_wings_centennial_hockey_hobby_box.jpeg","contentUrl":"https:\/\/www.2mkhokejovekarty.sk\/wp-content\/uploads\/2026\/01\/2025-26_upper_deck_detroit_red_wings_centennial_hockey_hobby_box.jpeg","width":940,"height":788},{"@type":"WebPage","@id":"https:\/\/www.2mkhokejovekarty.sk\/en\/produkt\/2025-26-upper-deck-detroit-red-wings-centennial-hockey-hobby-box\/#webpage","url":"https:\/\/www.2mkhokejovekarty.sk\/en\/produkt\/2025-26-upper-deck-detroit-red-wings-centennial-hockey-hobby-box\/","name":"2025-26 Upper Deck Detroit Red Wings Centennial Hockey Hobby Box - 2MK Hokejov\u00e9 Karty","isPartOf":{"@id":"https:\/\/www.2mkhokejovekarty.sk\/en\/#website"},"primaryImageOfPage":{"@id":"https:\/\/www.2mkhokejovekarty.sk\/en\/produkt\/2025-26-upper-deck-detroit-red-wings-centennial-hockey-hobby-box\/#primaryimage"},"datePublished":"2026-01-30T20:51:50+00:00","dateModified":"2026-02-04T13:31:59+00:00","breadcrumb":{"@id":"https:\/\/www.2mkhokejovekarty.sk\/en\/produkt\/2025-26-upper-deck-detroit-red-wings-centennial-hockey-hobby-box\/#breadcrumb"},"inLanguage":"en-US","potentialAction":[{"@type":"ReadAction","target":["https:\/\/www.2mkhokejovekarty.sk\/en\/produkt\/2025-26-upper-deck-detroit-red-wings-centennial-hockey-hobby-box\/"]}]},{"@type":"BreadcrumbList","@id":"https:\/\/www.2mkhokejovekarty.sk\/en\/produkt\/2025-26-upper-deck-detroit-red-wings-centennial-hockey-hobby-box\/#breadcrumb","itemListElement":[{"@type":"ListItem","position":1,"name":"Home","item":"https:\/\/www.2mkhokejovekarty.sk\/en\/"},{"@type":"ListItem","position":2,"name":"Shop","item":"https:\/\/www.2mkhokejovekarty.sk\/en\/shop\/"},{"@type":"ListItem","position":3,"name":"2025-26 Upper Deck Detroit Red Wings Centennial Hockey Hobby Box"}]}]}},"_links":{"self":[{"href":"https:\/\/www.2mkhokejovekarty.sk\/en\/wp-json\/wp\/v2\/product\/6725","targetHints":{"allow":["GET"]}}],"collection":[{"href":"https:\/\/www.2mkhokejovekarty.sk\/en\/wp-json\/wp\/v2\/product"}],"about":[{"href":"https:\/\/www.2mkhokejovekarty.sk\/en\/wp-json\/wp\/v2\/types\/product"}],"version-history":[{"count":1,"href":"https:\/\/www.2mkhokejovekarty.sk\/en\/wp-json\/wp\/v2\/product\/6725\/revisions"}],"predecessor-version":[{"id":6745,"href":"https:\/\/www.2mkhokejovekarty.sk\/en\/wp-json\/wp\/v2\/product\/6725\/revisions\/6745"}],"wp:featuredmedia":[{"embeddable":true,"href":"https:\/\/www.2mkhokejovekarty.sk\/en\/wp-json\/wp\/v2\/media\/6723"}],"wp:attachment":[{"href":"https:\/\/www.2mkhokejovekarty.sk\/en\/wp-json\/wp\/v2\/media?parent=6725"}],"wp:term":[{"taxonomy":"product_brand","embeddable":true,"href":"https:\/\/www.2mkhokejovekarty.sk\/en\/wp-json\/wp\/v2\/product_brand?post=6725"},{"taxonomy":"product_cat","embeddable":true,"href":"https:\/\/www.2mkhokejovekarty.sk\/en\/wp-json\/wp\/v2\/product_cat?post=6725"},{"taxonomy":"product_tag","embeddable":true,"href":"https:\/\/www.2mkhokejovekarty.sk\/en\/wp-json\/wp\/v2\/product_tag?post=6725"}],"curies":[{"name":"wp","href":"https:\/\/api.w.org\/{rel}","templated":true}]}}