{"id":6217,"date":"2021-11-09T16:42:36","date_gmt":"2021-11-09T15:42:36","guid":{"rendered":"https:\/\/www.2mkhokejovekarty.sk\/produkt\/2020-21-upper-deck-synergy-hockey-hobby-box\/"},"modified":"2021-11-09T16:42:36","modified_gmt":"2021-11-09T15:42:36","slug":"2020-21-upper-deck-synergy-hockey-hobby-box","status":"publish","type":"product","link":"https:\/\/www.2mkhokejovekarty.sk\/en\/produkt\/2020-21-upper-deck-synergy-hockey-hobby-box\/","title":{"rendered":"2020-21 Upper Deck Synergy Hockey Hobby Box"},"content":{"rendered":"\n\t\t<style type=\"text\/css\">\n\t\t\t#gallery-1 {\n\t\t\t\tmargin: auto;\n\t\t\t}\n\t\t\t#gallery-1 .gallery-item {\n\t\t\t\tfloat: left;\n\t\t\t\tmargin-top: 10px;\n\t\t\t\ttext-align: center;\n\t\t\t\twidth: 20%;\n\t\t\t}\n\t\t\t#gallery-1 img {\n\t\t\t\tborder: 2px solid #cfcfcf;\n\t\t\t}\n\t\t\t#gallery-1 .gallery-caption {\n\t\t\t\tmargin-left: 0;\n\t\t\t}\n\t\t\t\/* see gallery_shortcode() in wp-includes\/media.php *\/\n\t\t<\/style>\n\t\t<div id='gallery-1' class='gallery galleryid-6217 gallery-columns-5 gallery-size-medium'><dl class='gallery-item'>\n\t\t\t<dt class='gallery-icon landscape'>\n\t\t\t\t<a href='https:\/\/www.2mkhokejovekarty.sk\/wp-content\/smush-webp\/2021\/11\/2020-21_upper_deck_synergy_hockey_hobby_1.jpeg.webp'><img decoding=\"async\" width=\"300\" height=\"225\" src=\"https:\/\/www.2mkhokejovekarty.sk\/wp-content\/smush-webp\/2021\/11\/2020-21_upper_deck_synergy_hockey_hobby_1-300x225.jpeg.webp\" class=\"attachment-medium size-medium\" alt=\"\" srcset=\"https:\/\/www.2mkhokejovekarty.sk\/wp-content\/smush-webp\/2021\/11\/2020-21_upper_deck_synergy_hockey_hobby_1-300x225.jpeg.webp 300w, https:\/\/www.2mkhokejovekarty.sk\/wp-content\/smush-webp\/2021\/11\/2020-21_upper_deck_synergy_hockey_hobby_1-1024x768.jpeg.webp 1024w, https:\/\/www.2mkhokejovekarty.sk\/wp-content\/smush-webp\/2021\/11\/2020-21_upper_deck_synergy_hockey_hobby_1-768x576.jpeg.webp 768w, https:\/\/www.2mkhokejovekarty.sk\/wp-content\/smush-webp\/2021\/11\/2020-21_upper_deck_synergy_hockey_hobby_1-150x113.jpeg.webp 150w, https:\/\/www.2mkhokejovekarty.sk\/wp-content\/smush-webp\/2021\/11\/2020-21_upper_deck_synergy_hockey_hobby_1.jpeg.webp 1056w\" sizes=\"(max-width: 300px) 100vw, 300px\" \/><\/a>\n\t\t\t<\/dt><\/dl><dl class='gallery-item'>\n\t\t\t<dt class='gallery-icon landscape'>\n\t\t\t\t<a href='https:\/\/www.2mkhokejovekarty.sk\/wp-content\/smush-webp\/2021\/11\/2020-21_upper_deck_synergy_hockey_hobby_2.jpeg.webp'><img decoding=\"async\" width=\"300\" height=\"225\" src=\"https:\/\/www.2mkhokejovekarty.sk\/wp-content\/smush-webp\/2021\/11\/2020-21_upper_deck_synergy_hockey_hobby_2-300x225.jpeg.webp\" class=\"attachment-medium size-medium\" alt=\"\" srcset=\"https:\/\/www.2mkhokejovekarty.sk\/wp-content\/smush-webp\/2021\/11\/2020-21_upper_deck_synergy_hockey_hobby_2-300x225.jpeg.webp 300w, https:\/\/www.2mkhokejovekarty.sk\/wp-content\/smush-webp\/2021\/11\/2020-21_upper_deck_synergy_hockey_hobby_2-1024x768.jpeg.webp 1024w, https:\/\/www.2mkhokejovekarty.sk\/wp-content\/smush-webp\/2021\/11\/2020-21_upper_deck_synergy_hockey_hobby_2-768x576.jpeg.webp 768w, https:\/\/www.2mkhokejovekarty.sk\/wp-content\/smush-webp\/2021\/11\/2020-21_upper_deck_synergy_hockey_hobby_2-150x113.jpeg.webp 150w, https:\/\/www.2mkhokejovekarty.sk\/wp-content\/smush-webp\/2021\/11\/2020-21_upper_deck_synergy_hockey_hobby_2.jpeg.webp 1056w\" sizes=\"(max-width: 300px) 100vw, 300px\" \/><\/a>\n\t\t\t<\/dt><\/dl><dl class='gallery-item'>\n\t\t\t<dt class='gallery-icon landscape'>\n\t\t\t\t<a href='https:\/\/www.2mkhokejovekarty.sk\/wp-content\/smush-webp\/2021\/11\/2020-21_upper_deck_synergy_hockey_hobby_3.jpeg.webp'><img decoding=\"async\" width=\"300\" height=\"225\" src=\"https:\/\/www.2mkhokejovekarty.sk\/wp-content\/smush-webp\/2021\/11\/2020-21_upper_deck_synergy_hockey_hobby_3-300x225.jpeg.webp\" class=\"attachment-medium size-medium\" alt=\"\" srcset=\"https:\/\/www.2mkhokejovekarty.sk\/wp-content\/smush-webp\/2021\/11\/2020-21_upper_deck_synergy_hockey_hobby_3-300x225.jpeg.webp 300w, https:\/\/www.2mkhokejovekarty.sk\/wp-content\/smush-webp\/2021\/11\/2020-21_upper_deck_synergy_hockey_hobby_3-1024x768.jpeg.webp 1024w, https:\/\/www.2mkhokejovekarty.sk\/wp-content\/smush-webp\/2021\/11\/2020-21_upper_deck_synergy_hockey_hobby_3-768x576.jpeg.webp 768w, https:\/\/www.2mkhokejovekarty.sk\/wp-content\/smush-webp\/2021\/11\/2020-21_upper_deck_synergy_hockey_hobby_3-150x113.jpeg.webp 150w, https:\/\/www.2mkhokejovekarty.sk\/wp-content\/smush-webp\/2021\/11\/2020-21_upper_deck_synergy_hockey_hobby_3.jpeg.webp 1056w\" sizes=\"(max-width: 300px) 100vw, 300px\" \/><\/a>\n\t\t\t<\/dt><\/dl><dl class='gallery-item'>\n\t\t\t<dt class='gallery-icon landscape'>\n\t\t\t\t<a href='https:\/\/www.2mkhokejovekarty.sk\/wp-content\/smush-webp\/2021\/11\/2020-21_upper_deck_synergy_hockey_hobby_4.jpeg.webp'><img decoding=\"async\" width=\"300\" height=\"225\" src=\"https:\/\/www.2mkhokejovekarty.sk\/wp-content\/smush-webp\/2021\/11\/2020-21_upper_deck_synergy_hockey_hobby_4-300x225.jpeg.webp\" class=\"attachment-medium size-medium\" alt=\"\" srcset=\"https:\/\/www.2mkhokejovekarty.sk\/wp-content\/smush-webp\/2021\/11\/2020-21_upper_deck_synergy_hockey_hobby_4-300x225.jpeg.webp 300w, https:\/\/www.2mkhokejovekarty.sk\/wp-content\/smush-webp\/2021\/11\/2020-21_upper_deck_synergy_hockey_hobby_4-1024x768.jpeg.webp 1024w, https:\/\/www.2mkhokejovekarty.sk\/wp-content\/smush-webp\/2021\/11\/2020-21_upper_deck_synergy_hockey_hobby_4-768x576.jpeg.webp 768w, https:\/\/www.2mkhokejovekarty.sk\/wp-content\/smush-webp\/2021\/11\/2020-21_upper_deck_synergy_hockey_hobby_4-150x113.jpeg.webp 150w, https:\/\/www.2mkhokejovekarty.sk\/wp-content\/smush-webp\/2021\/11\/2020-21_upper_deck_synergy_hockey_hobby_4.jpeg.webp 1056w\" sizes=\"(max-width: 300px) 100vw, 300px\" \/><\/a>\n\t\t\t<\/dt><\/dl><dl class='gallery-item'>\n\t\t\t<dt class='gallery-icon landscape'>\n\t\t\t\t<a href='https:\/\/www.2mkhokejovekarty.sk\/wp-content\/smush-webp\/2021\/11\/2020-21_upper_deck_synergy_hockey_hobby_5.jpeg.webp'><img decoding=\"async\" width=\"300\" height=\"225\" src=\"https:\/\/www.2mkhokejovekarty.sk\/wp-content\/smush-webp\/2021\/11\/2020-21_upper_deck_synergy_hockey_hobby_5-300x225.jpeg.webp\" class=\"attachment-medium size-medium\" alt=\"\" srcset=\"https:\/\/www.2mkhokejovekarty.sk\/wp-content\/smush-webp\/2021\/11\/2020-21_upper_deck_synergy_hockey_hobby_5-300x225.jpeg.webp 300w, https:\/\/www.2mkhokejovekarty.sk\/wp-content\/smush-webp\/2021\/11\/2020-21_upper_deck_synergy_hockey_hobby_5-1024x768.jpeg.webp 1024w, https:\/\/www.2mkhokejovekarty.sk\/wp-content\/smush-webp\/2021\/11\/2020-21_upper_deck_synergy_hockey_hobby_5-768x576.jpeg.webp 768w, https:\/\/www.2mkhokejovekarty.sk\/wp-content\/smush-webp\/2021\/11\/2020-21_upper_deck_synergy_hockey_hobby_5-150x113.jpeg.webp 150w, https:\/\/www.2mkhokejovekarty.sk\/wp-content\/smush-webp\/2021\/11\/2020-21_upper_deck_synergy_hockey_hobby_5.jpeg.webp 1056w\" sizes=\"(max-width: 300px) 100vw, 300px\" \/><\/a>\n\t\t\t<\/dt><\/dl><br style=\"clear: both\" \/>\n\t\t<\/div>\n\n<p><strong>2020-21 Upper Deck Synergy Hockey Hobby Box<\/strong><\/p>\n<p><strong>EACH BOX ON AVERAGE CONTAINS:<\/strong><\/p>\n<p>-8x Base Set Veteran, Legend and\/or Rookie Red parallel card<br \/>\n-3x Synergy FX Insert card<br \/>\n-4x Exceptional Stars, Young Stars and\/or Futures Insert card<br \/>\n-3x Constant Threats, Roaring 20&#8217;s and\/or Perennial All-Stars Insert card<\/p>\n<p><strong>PRODUCT INCLUDES:<\/strong><\/p>\n<p><strong>Signed cards:<\/strong><\/p>\n<p>-Base Set Veteran Autos &#8211; \/21<br \/>\n-Base Set Veteran Autos &#8211; Purple Parallel &#8211; various limitations<br \/>\n-Base Set Legend Autos &#8211; \/11<br \/>\n-Base Set Legend Autos &#8211; Purple Parallel &#8211; various limitations<br \/>\n-Base Set Rookie Autos &#8211; \/21<br \/>\n-Base Set Rookie Autos &#8211; Purple Parallel &#8211; various limitations<br \/>\n-Base Set Rookie SP Autos &#8211; \/11<br \/>\n-Base Set Rookie SP Auto Portraits &#8211; 1-of-1<br \/>\n-Base Set Rookie SP Auto Portraits &#8211; Red Parallel &#8211; \/99<br \/>\n-Base Set Rookie SP Auto Portraits &#8211; Purple Parallel &#8211; \/25<br \/>\n&#8211;<strong>NEW &#8211;<\/strong> Synergy FX Vet Autos (Tier 1) &#8211; Green Parallel &#8211; \/99<br \/>\n&#8211;<strong>NEW &#8211;<\/strong> Synergy FX Vet Autos (Tier 2) &#8211; Green Parallel &#8211; \/25<br \/>\n&#8211;<strong>NEW &#8211;<\/strong> Synergy FX Vet Autos &#8211; Gold Parallel &#8211; 1-of-1<br \/>\n&#8211;<strong>NEW &#8211;<\/strong> Synergy FX Rookie Autos &#8211; Green Parallel &#8211; \/99<br \/>\n&#8211;<strong>NEW &#8211;<\/strong> Synergy FX Rookie Autos &#8211; Gold Parallel &#8211; 1-of-1<br \/>\n-Synergy Autographs &#8211; 1:160<br \/>\n-Star Quest &#8211; Gold Auto Parallel &#8211; \/5<br \/>\n&#8211;<strong>NEW &#8211;<\/strong> Cast for Greatness Signatures &#8211; \/25<\/p>\n<p><strong>Insert Cards:<\/strong><\/p>\n<p>&#8211;<strong>NEW &#8211;<\/strong> Synergy FX Vets &#8211; \/749<br \/>\n&#8211;<strong>NEW &#8211;<\/strong> Synergy FX Vets &#8211; Purple Parallel &#8211; 349<br \/>\n&#8211;<strong>NEW &#8211;<\/strong> Synergy FX Vets &#8211; Green Parallel &#8211; \/99<br \/>\n&#8211;<strong>NEW &#8211;<\/strong> Synergy FX Vets &#8211; Gold Parallel &#8211; 1-of-1<br \/>\n&#8211;<strong>NEW &#8211;<\/strong> Synergy FX True Rookies &#8211; \/749<br \/>\n&#8211;<strong>NEW &#8211;<\/strong> Synergy FX True Rookies &#8211; Purple Parallel &#8211; \/349<br \/>\n&#8211;<strong>NEW &#8211;<\/strong> Synergy FX True Rookies &#8211; Green Parallel &#8211; \/99<br \/>\n&#8211;<strong>NEW &#8211;<\/strong> Synergy FX True Rookies &#8211; Gold Parallel &#8211; 1-of-1<br \/>\n-Exceptional Stars &#8211; \/749<br \/>\n-Exceptional Young Stars &#8211; \/749<br \/>\n-Exceptional Futures &#8211; \/749<br \/>\n&#8211;<strong>NEW &#8211;<\/strong> Constant Threats &#8211; 1:7<br \/>\n&#8211;<strong>NEW &#8211;<\/strong> Roaring 20&#8217;s &#8211; 1:8<br \/>\n&#8211;<strong>NEW &#8211;<\/strong> Perennial All-Stars &#8211; 1:12<br \/>\n-Rookie Journey &#8211; Draft &#8211; \/999<br \/>\n-Rookie Journey &#8211; Away &#8211; \/899<br \/>\n-Rookie Journey &#8211; Home &#8211; \/799<br \/>\n-Stanley Cup Journey &#8211; Regular Season &#8211; \/999<br \/>\n-Stanley Cup Journey &#8211; Post Season &#8211; \/899<br \/>\n-Stanley Cup Journey &#8211; Winning the Cup &#8211; \/799<br \/>\n-Star Quest &#8211; 1:64<br \/>\n-Cast for Greatness &#8211; 1:60<\/p>\n<p><strong>Low-numbered Base Set cards:<\/strong><\/p>\n<p>-Base Set Veterans &#8211; \/21<br \/>\n-Base Set Legends &#8211; \/21<br \/>\n-Base Set Rookies &#8211; \/21<\/p>\n<p><strong>Base Set and Parallel Cards: <\/strong><\/p>\n<p>-Base Set Veterans &#8211; Red Parallel &#8211; 1:3<br \/>\n-Base Set Veterans Purple Parallel &#8211; various limitations<br \/>\n-Base Set Legends &#8211; Red Parallel &#8211; 1:6<br \/>\n-Base Set Rookies &#8211; Red Parallel &#8211; 1:2<br \/>\n-Base Set Rookie SP Holdovers &#8211; Red Parallel &#8211; 1:200<br \/>\n-Base Set Rookie SP Non-Holdovers &#8211; Red Parallel &#8211; 1:133<br \/>\n-Base Set Rookies &#8211; Purple Parallel &#8211; various limitations<br \/>\n-Base Set Legends &#8211; Purple Parallel &#8211; various limitations<\/p>\n","protected":false},"excerpt":{"rendered":"<p><strong>Box contents<\/strong><br \/>\n8 packs per box, 3 cards per pack<\/p>\n","protected":false},"featured_media":6218,"template":"","meta":[],"product_brand":[],"product_cat":[266,334],"product_tag":[267],"class_list":{"0":"post-6217","1":"product","2":"type-product","3":"status-publish","4":"has-post-thumbnail","6":"product_cat-boxes","7":"product_cat-2020-21-boxes","8":"product_tag-upper-deck","10":"first","11":"instock","12":"taxable","13":"shipping-taxable","14":"purchasable","15":"product-type-simple"},"yoast_head":"<!-- This site is optimized with the Yoast SEO plugin v17.7.1 - https:\/\/yoast.com\/wordpress\/plugins\/seo\/ -->\n<title>2020-21 Upper Deck Synergy Hockey Hobby Box - 2MK Hokejov\u00e9 Karty<\/title>\n<meta name=\"robots\" content=\"index, follow, max-snippet:-1, max-image-preview:large, max-video-preview:-1\" \/>\n<link rel=\"canonical\" href=\"https:\/\/www.2mkhokejovekarty.sk\/en\/produkt\/2020-21-upper-deck-synergy-hockey-hobby-box\/\" \/>\n<meta property=\"og:locale\" content=\"en_US\" \/>\n<meta property=\"og:type\" content=\"article\" \/>\n<meta property=\"og:title\" content=\"2020-21 Upper Deck Synergy Hockey Hobby Box - 2MK Hokejov\u00e9 Karty\" \/>\n<meta property=\"og:description\" content=\"Box contents 8 packs per box, 3 cards per pack\" \/>\n<meta property=\"og:url\" content=\"https:\/\/www.2mkhokejovekarty.sk\/en\/produkt\/2020-21-upper-deck-synergy-hockey-hobby-box\/\" \/>\n<meta property=\"og:site_name\" content=\"2MK Hokejov\u00e9 Karty\" \/>\n<meta property=\"article:publisher\" content=\"https:\/\/www.facebook.com\/2MK-hokejov%c3%a9-karty-106293018483710\" \/>\n<meta property=\"og:image\" content=\"https:\/\/www.2mkhokejovekarty.sk\/wp-content\/uploads\/2021\/11\/20-21_synergy_hobby_box.jpg\" \/>\n\t<meta property=\"og:image:width\" content=\"1080\" \/>\n\t<meta property=\"og:image:height\" content=\"1080\" \/>\n<meta name=\"twitter:card\" content=\"summary_large_image\" \/>\n<meta name=\"twitter:label1\" content=\"Est. reading time\" \/>\n\t<meta name=\"twitter:data1\" content=\"2 minutes\" \/>\n<script type=\"application\/ld+json\" class=\"yoast-schema-graph\">{\"@context\":\"https:\/\/schema.org\",\"@graph\":[{\"@type\":\"Organization\",\"@id\":\"https:\/\/www.2mkhokejovekarty.sk\/en\/#organization\",\"name\":\"2MK Hockey Cards\",\"url\":\"https:\/\/www.2mkhokejovekarty.sk\/en\/\",\"sameAs\":[\"https:\/\/www.facebook.com\/2MK-hokejov\\u00e9-karty-106293018483710\"],\"logo\":{\"@type\":\"ImageObject\",\"@id\":\"https:\/\/www.2mkhokejovekarty.sk\/en\/#logo\",\"inLanguage\":\"en-US\",\"url\":\"https:\/\/www.2mkhokejovekarty.sk\/wp-content\/uploads\/2021\/12\/2MK-logo-org.jpg\",\"contentUrl\":\"https:\/\/www.2mkhokejovekarty.sk\/wp-content\/uploads\/2021\/12\/2MK-logo-org.jpg\",\"width\":300,\"height\":200,\"caption\":\"2MK Hockey Cards\"},\"image\":{\"@id\":\"https:\/\/www.2mkhokejovekarty.sk\/en\/#logo\"}},{\"@type\":\"WebSite\",\"@id\":\"https:\/\/www.2mkhokejovekarty.sk\/en\/#website\",\"url\":\"https:\/\/www.2mkhokejovekarty.sk\/en\/\",\"name\":\"2MK Hokejov\\u00e9 Karty\",\"description\":\"Str\\u00e1nka ur\\u010den\\u00e1 pre zberate\\u013eov hokejov\\u00fdch kariet\",\"publisher\":{\"@id\":\"https:\/\/www.2mkhokejovekarty.sk\/en\/#organization\"},\"potentialAction\":[{\"@type\":\"SearchAction\",\"target\":{\"@type\":\"EntryPoint\",\"urlTemplate\":\"https:\/\/www.2mkhokejovekarty.sk\/en\/?s={search_term_string}\"},\"query-input\":\"required name=search_term_string\"}],\"inLanguage\":\"en-US\"},{\"@type\":\"ImageObject\",\"@id\":\"https:\/\/www.2mkhokejovekarty.sk\/en\/produkt\/2020-21-upper-deck-synergy-hockey-hobby-box\/#primaryimage\",\"inLanguage\":\"en-US\",\"url\":\"https:\/\/www.2mkhokejovekarty.sk\/wp-content\/uploads\/2021\/11\/20-21_synergy_hobby_box.jpg\",\"contentUrl\":\"https:\/\/www.2mkhokejovekarty.sk\/wp-content\/uploads\/2021\/11\/20-21_synergy_hobby_box.jpg\",\"width\":1080,\"height\":1080},{\"@type\":\"WebPage\",\"@id\":\"https:\/\/www.2mkhokejovekarty.sk\/en\/produkt\/2020-21-upper-deck-synergy-hockey-hobby-box\/#webpage\",\"url\":\"https:\/\/www.2mkhokejovekarty.sk\/en\/produkt\/2020-21-upper-deck-synergy-hockey-hobby-box\/\",\"name\":\"2020-21 Upper Deck Synergy Hockey Hobby Box - 2MK Hokejov\\u00e9 Karty\",\"isPartOf\":{\"@id\":\"https:\/\/www.2mkhokejovekarty.sk\/en\/#website\"},\"primaryImageOfPage\":{\"@id\":\"https:\/\/www.2mkhokejovekarty.sk\/en\/produkt\/2020-21-upper-deck-synergy-hockey-hobby-box\/#primaryimage\"},\"datePublished\":\"2021-11-09T15:42:36+00:00\",\"dateModified\":\"2021-11-09T15:42:36+00:00\",\"breadcrumb\":{\"@id\":\"https:\/\/www.2mkhokejovekarty.sk\/en\/produkt\/2020-21-upper-deck-synergy-hockey-hobby-box\/#breadcrumb\"},\"inLanguage\":\"en-US\",\"potentialAction\":[{\"@type\":\"ReadAction\",\"target\":[\"https:\/\/www.2mkhokejovekarty.sk\/en\/produkt\/2020-21-upper-deck-synergy-hockey-hobby-box\/\"]}]},{\"@type\":\"BreadcrumbList\",\"@id\":\"https:\/\/www.2mkhokejovekarty.sk\/en\/produkt\/2020-21-upper-deck-synergy-hockey-hobby-box\/#breadcrumb\",\"itemListElement\":[{\"@type\":\"ListItem\",\"position\":1,\"name\":\"Home\",\"item\":\"https:\/\/www.2mkhokejovekarty.sk\/en\/\"},{\"@type\":\"ListItem\",\"position\":2,\"name\":\"Shop\",\"item\":\"https:\/\/www.2mkhokejovekarty.sk\/en\/shop\/\"},{\"@type\":\"ListItem\",\"position\":3,\"name\":\"2020-21 Upper Deck Synergy Hockey Hobby Box\"}]}]}<\/script>\n<!-- \/ Yoast SEO plugin. -->","yoast_head_json":{"title":"2020-21 Upper Deck Synergy Hockey Hobby Box - 2MK Hokejov\u00e9 Karty","robots":{"index":"index","follow":"follow","max-snippet":"max-snippet:-1","max-image-preview":"max-image-preview:large","max-video-preview":"max-video-preview:-1"},"canonical":"https:\/\/www.2mkhokejovekarty.sk\/en\/produkt\/2020-21-upper-deck-synergy-hockey-hobby-box\/","og_locale":"en_US","og_type":"article","og_title":"2020-21 Upper Deck Synergy Hockey Hobby Box - 2MK Hokejov\u00e9 Karty","og_description":"Box contents 8 packs per box, 3 cards per pack","og_url":"https:\/\/www.2mkhokejovekarty.sk\/en\/produkt\/2020-21-upper-deck-synergy-hockey-hobby-box\/","og_site_name":"2MK Hokejov\u00e9 Karty","article_publisher":"https:\/\/www.facebook.com\/2MK-hokejov%c3%a9-karty-106293018483710","og_image":[{"width":1080,"height":1080,"url":"https:\/\/www.2mkhokejovekarty.sk\/wp-content\/uploads\/2021\/11\/20-21_synergy_hobby_box.jpg","type":"image\/jpeg"}],"twitter_card":"summary_large_image","twitter_misc":{"Est. reading time":"2 minutes"},"schema":{"@context":"https:\/\/schema.org","@graph":[{"@type":"Organization","@id":"https:\/\/www.2mkhokejovekarty.sk\/en\/#organization","name":"2MK Hockey Cards","url":"https:\/\/www.2mkhokejovekarty.sk\/en\/","sameAs":["https:\/\/www.facebook.com\/2MK-hokejov\u00e9-karty-106293018483710"],"logo":{"@type":"ImageObject","@id":"https:\/\/www.2mkhokejovekarty.sk\/en\/#logo","inLanguage":"en-US","url":"https:\/\/www.2mkhokejovekarty.sk\/wp-content\/uploads\/2021\/12\/2MK-logo-org.jpg","contentUrl":"https:\/\/www.2mkhokejovekarty.sk\/wp-content\/uploads\/2021\/12\/2MK-logo-org.jpg","width":300,"height":200,"caption":"2MK Hockey Cards"},"image":{"@id":"https:\/\/www.2mkhokejovekarty.sk\/en\/#logo"}},{"@type":"WebSite","@id":"https:\/\/www.2mkhokejovekarty.sk\/en\/#website","url":"https:\/\/www.2mkhokejovekarty.sk\/en\/","name":"2MK Hokejov\u00e9 Karty","description":"Str\u00e1nka ur\u010den\u00e1 pre zberate\u013eov hokejov\u00fdch kariet","publisher":{"@id":"https:\/\/www.2mkhokejovekarty.sk\/en\/#organization"},"potentialAction":[{"@type":"SearchAction","target":{"@type":"EntryPoint","urlTemplate":"https:\/\/www.2mkhokejovekarty.sk\/en\/?s={search_term_string}"},"query-input":"required name=search_term_string"}],"inLanguage":"en-US"},{"@type":"ImageObject","@id":"https:\/\/www.2mkhokejovekarty.sk\/en\/produkt\/2020-21-upper-deck-synergy-hockey-hobby-box\/#primaryimage","inLanguage":"en-US","url":"https:\/\/www.2mkhokejovekarty.sk\/wp-content\/uploads\/2021\/11\/20-21_synergy_hobby_box.jpg","contentUrl":"https:\/\/www.2mkhokejovekarty.sk\/wp-content\/uploads\/2021\/11\/20-21_synergy_hobby_box.jpg","width":1080,"height":1080},{"@type":"WebPage","@id":"https:\/\/www.2mkhokejovekarty.sk\/en\/produkt\/2020-21-upper-deck-synergy-hockey-hobby-box\/#webpage","url":"https:\/\/www.2mkhokejovekarty.sk\/en\/produkt\/2020-21-upper-deck-synergy-hockey-hobby-box\/","name":"2020-21 Upper Deck Synergy Hockey Hobby Box - 2MK Hokejov\u00e9 Karty","isPartOf":{"@id":"https:\/\/www.2mkhokejovekarty.sk\/en\/#website"},"primaryImageOfPage":{"@id":"https:\/\/www.2mkhokejovekarty.sk\/en\/produkt\/2020-21-upper-deck-synergy-hockey-hobby-box\/#primaryimage"},"datePublished":"2021-11-09T15:42:36+00:00","dateModified":"2021-11-09T15:42:36+00:00","breadcrumb":{"@id":"https:\/\/www.2mkhokejovekarty.sk\/en\/produkt\/2020-21-upper-deck-synergy-hockey-hobby-box\/#breadcrumb"},"inLanguage":"en-US","potentialAction":[{"@type":"ReadAction","target":["https:\/\/www.2mkhokejovekarty.sk\/en\/produkt\/2020-21-upper-deck-synergy-hockey-hobby-box\/"]}]},{"@type":"BreadcrumbList","@id":"https:\/\/www.2mkhokejovekarty.sk\/en\/produkt\/2020-21-upper-deck-synergy-hockey-hobby-box\/#breadcrumb","itemListElement":[{"@type":"ListItem","position":1,"name":"Home","item":"https:\/\/www.2mkhokejovekarty.sk\/en\/"},{"@type":"ListItem","position":2,"name":"Shop","item":"https:\/\/www.2mkhokejovekarty.sk\/en\/shop\/"},{"@type":"ListItem","position":3,"name":"2020-21 Upper Deck Synergy Hockey Hobby Box"}]}]}},"_links":{"self":[{"href":"https:\/\/www.2mkhokejovekarty.sk\/en\/wp-json\/wp\/v2\/product\/6217","targetHints":{"allow":["GET"]}}],"collection":[{"href":"https:\/\/www.2mkhokejovekarty.sk\/en\/wp-json\/wp\/v2\/product"}],"about":[{"href":"https:\/\/www.2mkhokejovekarty.sk\/en\/wp-json\/wp\/v2\/types\/product"}],"version-history":[{"count":0,"href":"https:\/\/www.2mkhokejovekarty.sk\/en\/wp-json\/wp\/v2\/product\/6217\/revisions"}],"wp:featuredmedia":[{"embeddable":true,"href":"https:\/\/www.2mkhokejovekarty.sk\/en\/wp-json\/wp\/v2\/media\/6218"}],"wp:attachment":[{"href":"https:\/\/www.2mkhokejovekarty.sk\/en\/wp-json\/wp\/v2\/media?parent=6217"}],"wp:term":[{"taxonomy":"product_brand","embeddable":true,"href":"https:\/\/www.2mkhokejovekarty.sk\/en\/wp-json\/wp\/v2\/product_brand?post=6217"},{"taxonomy":"product_cat","embeddable":true,"href":"https:\/\/www.2mkhokejovekarty.sk\/en\/wp-json\/wp\/v2\/product_cat?post=6217"},{"taxonomy":"product_tag","embeddable":true,"href":"https:\/\/www.2mkhokejovekarty.sk\/en\/wp-json\/wp\/v2\/product_tag?post=6217"}],"curies":[{"name":"wp","href":"https:\/\/api.w.org\/{rel}","templated":true}]}}