{"id":6049,"date":"2023-01-05T11:11:07","date_gmt":"2023-01-05T10:11:07","guid":{"rendered":"https:\/\/www.2mkhokejovekarty.sk\/produkt\/2021-22-upper-deck-series-1-hockey-retail-pack\/"},"modified":"2023-01-05T11:11:07","modified_gmt":"2023-01-05T10:11:07","slug":"2021-22-upper-deck-series-1-hockey-retail-pack","status":"publish","type":"product","link":"https:\/\/www.2mkhokejovekarty.sk\/en\/produkt\/2021-22-upper-deck-series-1-hockey-retail-pack\/","title":{"rendered":"2021-22 Upper Deck Series 1 Hockey Retail Pack"},"content":{"rendered":"\n\t\t<style type=\"text\/css\">\n\t\t\t#gallery-1 {\n\t\t\t\tmargin: auto;\n\t\t\t}\n\t\t\t#gallery-1 .gallery-item {\n\t\t\t\tfloat: left;\n\t\t\t\tmargin-top: 10px;\n\t\t\t\ttext-align: center;\n\t\t\t\twidth: 25%;\n\t\t\t}\n\t\t\t#gallery-1 img {\n\t\t\t\tborder: 2px solid #cfcfcf;\n\t\t\t}\n\t\t\t#gallery-1 .gallery-caption {\n\t\t\t\tmargin-left: 0;\n\t\t\t}\n\t\t\t\/* see gallery_shortcode() in wp-includes\/media.php *\/\n\t\t<\/style>\n\t\t<div id='gallery-1' class='gallery galleryid-6049 gallery-columns-4 gallery-size-medium'><dl class='gallery-item'>\n\t\t\t<dt class='gallery-icon landscape'>\n\t\t\t\t<a href='https:\/\/www.2mkhokejovekarty.sk\/wp-content\/smush-webp\/2023\/01\/2021-22_upper_deck_series_1_hockey_retail_1.jpeg.webp'><img decoding=\"async\" width=\"300\" height=\"225\" src=\"https:\/\/www.2mkhokejovekarty.sk\/wp-content\/smush-webp\/2023\/01\/2021-22_upper_deck_series_1_hockey_retail_1-300x225.jpeg.webp\" class=\"attachment-medium size-medium\" alt=\"\" srcset=\"https:\/\/www.2mkhokejovekarty.sk\/wp-content\/smush-webp\/2023\/01\/2021-22_upper_deck_series_1_hockey_retail_1-300x225.jpeg.webp 300w, https:\/\/www.2mkhokejovekarty.sk\/wp-content\/smush-webp\/2023\/01\/2021-22_upper_deck_series_1_hockey_retail_1-1024x768.jpeg.webp 1024w, https:\/\/www.2mkhokejovekarty.sk\/wp-content\/smush-webp\/2023\/01\/2021-22_upper_deck_series_1_hockey_retail_1-768x576.jpeg.webp 768w, https:\/\/www.2mkhokejovekarty.sk\/wp-content\/smush-webp\/2023\/01\/2021-22_upper_deck_series_1_hockey_retail_1-1536x1152.jpeg.webp 1536w, https:\/\/www.2mkhokejovekarty.sk\/wp-content\/smush-webp\/2023\/01\/2021-22_upper_deck_series_1_hockey_retail_1-1200x900.jpeg.webp 1200w, https:\/\/www.2mkhokejovekarty.sk\/wp-content\/smush-webp\/2023\/01\/2021-22_upper_deck_series_1_hockey_retail_1-150x113.jpeg.webp 150w, https:\/\/www.2mkhokejovekarty.sk\/wp-content\/smush-webp\/2023\/01\/2021-22_upper_deck_series_1_hockey_retail_1.jpeg.webp 1800w\" sizes=\"(max-width: 300px) 100vw, 300px\" \/><\/a>\n\t\t\t<\/dt><\/dl><dl class='gallery-item'>\n\t\t\t<dt class='gallery-icon landscape'>\n\t\t\t\t<a href='https:\/\/www.2mkhokejovekarty.sk\/wp-content\/smush-webp\/2023\/01\/2021-22_upper_deck_series_1_hckey_retail_2.jpeg.webp'><img decoding=\"async\" width=\"300\" height=\"225\" src=\"https:\/\/www.2mkhokejovekarty.sk\/wp-content\/smush-webp\/2023\/01\/2021-22_upper_deck_series_1_hckey_retail_2-300x225.jpeg.webp\" class=\"attachment-medium size-medium\" alt=\"\" srcset=\"https:\/\/www.2mkhokejovekarty.sk\/wp-content\/smush-webp\/2023\/01\/2021-22_upper_deck_series_1_hckey_retail_2-300x225.jpeg.webp 300w, https:\/\/www.2mkhokejovekarty.sk\/wp-content\/smush-webp\/2023\/01\/2021-22_upper_deck_series_1_hckey_retail_2-1024x768.jpeg.webp 1024w, https:\/\/www.2mkhokejovekarty.sk\/wp-content\/smush-webp\/2023\/01\/2021-22_upper_deck_series_1_hckey_retail_2-768x576.jpeg.webp 768w, https:\/\/www.2mkhokejovekarty.sk\/wp-content\/smush-webp\/2023\/01\/2021-22_upper_deck_series_1_hckey_retail_2-1536x1152.jpeg.webp 1536w, https:\/\/www.2mkhokejovekarty.sk\/wp-content\/smush-webp\/2023\/01\/2021-22_upper_deck_series_1_hckey_retail_2-1200x900.jpeg.webp 1200w, https:\/\/www.2mkhokejovekarty.sk\/wp-content\/smush-webp\/2023\/01\/2021-22_upper_deck_series_1_hckey_retail_2-150x113.jpeg.webp 150w, https:\/\/www.2mkhokejovekarty.sk\/wp-content\/smush-webp\/2023\/01\/2021-22_upper_deck_series_1_hckey_retail_2.jpeg.webp 1800w\" sizes=\"(max-width: 300px) 100vw, 300px\" \/><\/a>\n\t\t\t<\/dt><\/dl><dl class='gallery-item'>\n\t\t\t<dt class='gallery-icon landscape'>\n\t\t\t\t<a href='https:\/\/www.2mkhokejovekarty.sk\/wp-content\/smush-webp\/2023\/01\/2021-22_upper_deck_series_1_hockey_retail_3.jpeg.webp'><img decoding=\"async\" width=\"300\" height=\"225\" src=\"https:\/\/www.2mkhokejovekarty.sk\/wp-content\/smush-webp\/2023\/01\/2021-22_upper_deck_series_1_hockey_retail_3-300x225.jpeg.webp\" class=\"attachment-medium size-medium\" alt=\"\" srcset=\"https:\/\/www.2mkhokejovekarty.sk\/wp-content\/smush-webp\/2023\/01\/2021-22_upper_deck_series_1_hockey_retail_3-300x225.jpeg.webp 300w, https:\/\/www.2mkhokejovekarty.sk\/wp-content\/smush-webp\/2023\/01\/2021-22_upper_deck_series_1_hockey_retail_3-1024x768.jpeg.webp 1024w, https:\/\/www.2mkhokejovekarty.sk\/wp-content\/smush-webp\/2023\/01\/2021-22_upper_deck_series_1_hockey_retail_3-768x576.jpeg.webp 768w, https:\/\/www.2mkhokejovekarty.sk\/wp-content\/smush-webp\/2023\/01\/2021-22_upper_deck_series_1_hockey_retail_3-1536x1152.jpeg.webp 1536w, https:\/\/www.2mkhokejovekarty.sk\/wp-content\/smush-webp\/2023\/01\/2021-22_upper_deck_series_1_hockey_retail_3-1200x900.jpeg.webp 1200w, https:\/\/www.2mkhokejovekarty.sk\/wp-content\/smush-webp\/2023\/01\/2021-22_upper_deck_series_1_hockey_retail_3-150x113.jpeg.webp 150w, https:\/\/www.2mkhokejovekarty.sk\/wp-content\/smush-webp\/2023\/01\/2021-22_upper_deck_series_1_hockey_retail_3.jpeg.webp 1800w\" sizes=\"(max-width: 300px) 100vw, 300px\" \/><\/a>\n\t\t\t<\/dt><\/dl><dl class='gallery-item'>\n\t\t\t<dt class='gallery-icon landscape'>\n\t\t\t\t<a href='https:\/\/www.2mkhokejovekarty.sk\/wp-content\/smush-webp\/2023\/01\/2021-22_upper_deck_series_1_hockey_retail_4.jpeg.webp'><img decoding=\"async\" width=\"300\" height=\"225\" src=\"https:\/\/www.2mkhokejovekarty.sk\/wp-content\/smush-webp\/2023\/01\/2021-22_upper_deck_series_1_hockey_retail_4-300x225.jpeg.webp\" class=\"attachment-medium size-medium\" alt=\"\" srcset=\"https:\/\/www.2mkhokejovekarty.sk\/wp-content\/smush-webp\/2023\/01\/2021-22_upper_deck_series_1_hockey_retail_4-300x225.jpeg.webp 300w, https:\/\/www.2mkhokejovekarty.sk\/wp-content\/smush-webp\/2023\/01\/2021-22_upper_deck_series_1_hockey_retail_4-1024x768.jpeg.webp 1024w, https:\/\/www.2mkhokejovekarty.sk\/wp-content\/smush-webp\/2023\/01\/2021-22_upper_deck_series_1_hockey_retail_4-768x576.jpeg.webp 768w, https:\/\/www.2mkhokejovekarty.sk\/wp-content\/smush-webp\/2023\/01\/2021-22_upper_deck_series_1_hockey_retail_4-1536x1152.jpeg.webp 1536w, https:\/\/www.2mkhokejovekarty.sk\/wp-content\/smush-webp\/2023\/01\/2021-22_upper_deck_series_1_hockey_retail_4-1200x900.jpeg.webp 1200w, https:\/\/www.2mkhokejovekarty.sk\/wp-content\/smush-webp\/2023\/01\/2021-22_upper_deck_series_1_hockey_retail_4-150x113.jpeg.webp 150w, https:\/\/www.2mkhokejovekarty.sk\/wp-content\/smush-webp\/2023\/01\/2021-22_upper_deck_series_1_hockey_retail_4.jpeg.webp 1800w\" sizes=\"(max-width: 300px) 100vw, 300px\" \/><\/a>\n\t\t\t<\/dt><\/dl><br style=\"clear: both\" \/>\n\t\t<\/div>\n\n<p><strong>2021-22 Upper Deck Series 1 Hockey Retail Pack<\/strong><\/p>\n<p><strong>PRODUCT INCLUDES:<\/strong><\/p>\n<p><b>Young Guns cards:<\/b><\/p>\n<p>-Young Guns &#8211; 1:4<br \/>\n-UD Canvas Young Guns &#8211; 1:48<\/p>\n<p><b>Insert Cards:<\/b><\/p>\n<p>-Day With The Cup Flashbacks &#8211; 1:7200<br \/>\n-Day With The Cup Flashbacks SP&#8217;s &#8211; 1:32400<br \/>\n-Dazzlers &#8211; Blue &#8211; 1:24<br \/>\n-Dazzlers &#8211; Pink &#8211; 1:144<br \/>\n&#8211;<strong>NEW &#8211;<\/strong> Dazzlers &#8211; Red &#8211; 1:12<br \/>\n-Debut Dates &#8211; 1:16<br \/>\n&#8211;<strong>NEW &#8211;<\/strong> Electromagnetic &#8211; 1:14<br \/>\n&#8211;<strong>NEW &#8211;<\/strong> Honor Roll &#8211; 1:12<br \/>\n&#8211;<strong>NEW &#8211;<\/strong> Hundo P &#8211; 1:16<br \/>\n&#8211;<strong>NEW &#8211;<\/strong> Rookie Retrospective &#8211; 1:20<br \/>\n&#8211;<strong>NEW &#8211;<\/strong> Rookie Retrospective &#8211; Jersey Parallel &#8211; 1:72<br \/>\n-UD Canvas &#8211; 1:7<br \/>\n-UD Portraits &#8211; 1:14<br \/>\n-UD Portraits SP&#8217;s &#8211; 1:120<\/p>\n<p><b>Base Set:<\/b><\/p>\n<p>-Base Set (1-200)<\/p>\n<p>&nbsp;<\/p>\n<p>&nbsp;<\/p>\n","protected":false},"excerpt":{"rendered":"<p><strong>Pack contents<br \/>\n<\/strong>8 cards per pack<\/p>\n","protected":false},"featured_media":6050,"template":"","meta":[],"product_brand":[],"product_cat":[332,276],"product_tag":[267],"class_list":{"0":"post-6049","1":"product","2":"type-product","3":"status-publish","4":"has-post-thumbnail","6":"product_cat-2021-22-packs","7":"product_cat-packs","8":"product_tag-upper-deck","10":"first","11":"instock","12":"taxable","13":"shipping-taxable","14":"purchasable","15":"product-type-simple"},"yoast_head":"<!-- This site is optimized with the Yoast SEO plugin v17.7.1 - https:\/\/yoast.com\/wordpress\/plugins\/seo\/ -->\n<title>2021-22 Upper Deck Series 1 Hockey Retail Pack - 2MK Hokejov\u00e9 Karty<\/title>\n<meta name=\"robots\" content=\"index, follow, max-snippet:-1, max-image-preview:large, max-video-preview:-1\" \/>\n<link rel=\"canonical\" href=\"https:\/\/www.2mkhokejovekarty.sk\/en\/produkt\/2021-22-upper-deck-series-1-hockey-retail-pack\/\" \/>\n<meta property=\"og:locale\" content=\"en_US\" \/>\n<meta property=\"og:type\" content=\"article\" \/>\n<meta property=\"og:title\" content=\"2021-22 Upper Deck Series 1 Hockey Retail Pack - 2MK Hokejov\u00e9 Karty\" \/>\n<meta property=\"og:description\" content=\"Pack contents 8 cards per pack\" \/>\n<meta property=\"og:url\" content=\"https:\/\/www.2mkhokejovekarty.sk\/en\/produkt\/2021-22-upper-deck-series-1-hockey-retail-pack\/\" \/>\n<meta property=\"og:site_name\" content=\"2MK Hokejov\u00e9 Karty\" \/>\n<meta property=\"article:publisher\" content=\"https:\/\/www.facebook.com\/2MK-hokejov%c3%a9-karty-106293018483710\" \/>\n<meta property=\"og:image\" content=\"https:\/\/www.2mkhokejovekarty.sk\/wp-content\/uploads\/2023\/01\/2021-22-upper_deck_series_one_retail_balicek.jpg\" \/>\n\t<meta property=\"og:image:width\" content=\"1080\" \/>\n\t<meta property=\"og:image:height\" content=\"1080\" \/>\n<meta name=\"twitter:card\" content=\"summary_large_image\" \/>\n<meta name=\"twitter:label1\" content=\"Est. reading time\" \/>\n\t<meta name=\"twitter:data1\" content=\"1 minute\" \/>\n<script type=\"application\/ld+json\" class=\"yoast-schema-graph\">{\"@context\":\"https:\/\/schema.org\",\"@graph\":[{\"@type\":\"Organization\",\"@id\":\"https:\/\/www.2mkhokejovekarty.sk\/en\/#organization\",\"name\":\"2MK Hockey Cards\",\"url\":\"https:\/\/www.2mkhokejovekarty.sk\/en\/\",\"sameAs\":[\"https:\/\/www.facebook.com\/2MK-hokejov\\u00e9-karty-106293018483710\"],\"logo\":{\"@type\":\"ImageObject\",\"@id\":\"https:\/\/www.2mkhokejovekarty.sk\/en\/#logo\",\"inLanguage\":\"en-US\",\"url\":\"https:\/\/www.2mkhokejovekarty.sk\/wp-content\/uploads\/2021\/12\/2MK-logo-org.jpg\",\"contentUrl\":\"https:\/\/www.2mkhokejovekarty.sk\/wp-content\/uploads\/2021\/12\/2MK-logo-org.jpg\",\"width\":300,\"height\":200,\"caption\":\"2MK Hockey Cards\"},\"image\":{\"@id\":\"https:\/\/www.2mkhokejovekarty.sk\/en\/#logo\"}},{\"@type\":\"WebSite\",\"@id\":\"https:\/\/www.2mkhokejovekarty.sk\/en\/#website\",\"url\":\"https:\/\/www.2mkhokejovekarty.sk\/en\/\",\"name\":\"2MK Hokejov\\u00e9 Karty\",\"description\":\"Str\\u00e1nka ur\\u010den\\u00e1 pre zberate\\u013eov hokejov\\u00fdch kariet\",\"publisher\":{\"@id\":\"https:\/\/www.2mkhokejovekarty.sk\/en\/#organization\"},\"potentialAction\":[{\"@type\":\"SearchAction\",\"target\":{\"@type\":\"EntryPoint\",\"urlTemplate\":\"https:\/\/www.2mkhokejovekarty.sk\/en\/?s={search_term_string}\"},\"query-input\":\"required name=search_term_string\"}],\"inLanguage\":\"en-US\"},{\"@type\":\"ImageObject\",\"@id\":\"https:\/\/www.2mkhokejovekarty.sk\/en\/produkt\/2021-22-upper-deck-series-1-hockey-retail-pack\/#primaryimage\",\"inLanguage\":\"en-US\",\"url\":\"https:\/\/www.2mkhokejovekarty.sk\/wp-content\/uploads\/2023\/01\/2021-22-upper_deck_series_one_retail_balicek.jpg\",\"contentUrl\":\"https:\/\/www.2mkhokejovekarty.sk\/wp-content\/uploads\/2023\/01\/2021-22-upper_deck_series_one_retail_balicek.jpg\",\"width\":1080,\"height\":1080},{\"@type\":\"WebPage\",\"@id\":\"https:\/\/www.2mkhokejovekarty.sk\/en\/produkt\/2021-22-upper-deck-series-1-hockey-retail-pack\/#webpage\",\"url\":\"https:\/\/www.2mkhokejovekarty.sk\/en\/produkt\/2021-22-upper-deck-series-1-hockey-retail-pack\/\",\"name\":\"2021-22 Upper Deck Series 1 Hockey Retail Pack - 2MK Hokejov\\u00e9 Karty\",\"isPartOf\":{\"@id\":\"https:\/\/www.2mkhokejovekarty.sk\/en\/#website\"},\"primaryImageOfPage\":{\"@id\":\"https:\/\/www.2mkhokejovekarty.sk\/en\/produkt\/2021-22-upper-deck-series-1-hockey-retail-pack\/#primaryimage\"},\"datePublished\":\"2023-01-05T10:11:07+00:00\",\"dateModified\":\"2023-01-05T10:11:07+00:00\",\"breadcrumb\":{\"@id\":\"https:\/\/www.2mkhokejovekarty.sk\/en\/produkt\/2021-22-upper-deck-series-1-hockey-retail-pack\/#breadcrumb\"},\"inLanguage\":\"en-US\",\"potentialAction\":[{\"@type\":\"ReadAction\",\"target\":[\"https:\/\/www.2mkhokejovekarty.sk\/en\/produkt\/2021-22-upper-deck-series-1-hockey-retail-pack\/\"]}]},{\"@type\":\"BreadcrumbList\",\"@id\":\"https:\/\/www.2mkhokejovekarty.sk\/en\/produkt\/2021-22-upper-deck-series-1-hockey-retail-pack\/#breadcrumb\",\"itemListElement\":[{\"@type\":\"ListItem\",\"position\":1,\"name\":\"Home\",\"item\":\"https:\/\/www.2mkhokejovekarty.sk\/en\/\"},{\"@type\":\"ListItem\",\"position\":2,\"name\":\"Shop\",\"item\":\"https:\/\/www.2mkhokejovekarty.sk\/en\/shop\/\"},{\"@type\":\"ListItem\",\"position\":3,\"name\":\"2021-22 Upper Deck Series 1 Hockey Retail Pack\"}]}]}<\/script>\n<!-- \/ Yoast SEO plugin. -->","yoast_head_json":{"title":"2021-22 Upper Deck Series 1 Hockey Retail Pack - 2MK Hokejov\u00e9 Karty","robots":{"index":"index","follow":"follow","max-snippet":"max-snippet:-1","max-image-preview":"max-image-preview:large","max-video-preview":"max-video-preview:-1"},"canonical":"https:\/\/www.2mkhokejovekarty.sk\/en\/produkt\/2021-22-upper-deck-series-1-hockey-retail-pack\/","og_locale":"en_US","og_type":"article","og_title":"2021-22 Upper Deck Series 1 Hockey Retail Pack - 2MK Hokejov\u00e9 Karty","og_description":"Pack contents 8 cards per pack","og_url":"https:\/\/www.2mkhokejovekarty.sk\/en\/produkt\/2021-22-upper-deck-series-1-hockey-retail-pack\/","og_site_name":"2MK Hokejov\u00e9 Karty","article_publisher":"https:\/\/www.facebook.com\/2MK-hokejov%c3%a9-karty-106293018483710","og_image":[{"width":1080,"height":1080,"url":"https:\/\/www.2mkhokejovekarty.sk\/wp-content\/uploads\/2023\/01\/2021-22-upper_deck_series_one_retail_balicek.jpg","type":"image\/jpeg"}],"twitter_card":"summary_large_image","twitter_misc":{"Est. reading time":"1 minute"},"schema":{"@context":"https:\/\/schema.org","@graph":[{"@type":"Organization","@id":"https:\/\/www.2mkhokejovekarty.sk\/en\/#organization","name":"2MK Hockey Cards","url":"https:\/\/www.2mkhokejovekarty.sk\/en\/","sameAs":["https:\/\/www.facebook.com\/2MK-hokejov\u00e9-karty-106293018483710"],"logo":{"@type":"ImageObject","@id":"https:\/\/www.2mkhokejovekarty.sk\/en\/#logo","inLanguage":"en-US","url":"https:\/\/www.2mkhokejovekarty.sk\/wp-content\/uploads\/2021\/12\/2MK-logo-org.jpg","contentUrl":"https:\/\/www.2mkhokejovekarty.sk\/wp-content\/uploads\/2021\/12\/2MK-logo-org.jpg","width":300,"height":200,"caption":"2MK Hockey Cards"},"image":{"@id":"https:\/\/www.2mkhokejovekarty.sk\/en\/#logo"}},{"@type":"WebSite","@id":"https:\/\/www.2mkhokejovekarty.sk\/en\/#website","url":"https:\/\/www.2mkhokejovekarty.sk\/en\/","name":"2MK Hokejov\u00e9 Karty","description":"Str\u00e1nka ur\u010den\u00e1 pre zberate\u013eov hokejov\u00fdch kariet","publisher":{"@id":"https:\/\/www.2mkhokejovekarty.sk\/en\/#organization"},"potentialAction":[{"@type":"SearchAction","target":{"@type":"EntryPoint","urlTemplate":"https:\/\/www.2mkhokejovekarty.sk\/en\/?s={search_term_string}"},"query-input":"required name=search_term_string"}],"inLanguage":"en-US"},{"@type":"ImageObject","@id":"https:\/\/www.2mkhokejovekarty.sk\/en\/produkt\/2021-22-upper-deck-series-1-hockey-retail-pack\/#primaryimage","inLanguage":"en-US","url":"https:\/\/www.2mkhokejovekarty.sk\/wp-content\/uploads\/2023\/01\/2021-22-upper_deck_series_one_retail_balicek.jpg","contentUrl":"https:\/\/www.2mkhokejovekarty.sk\/wp-content\/uploads\/2023\/01\/2021-22-upper_deck_series_one_retail_balicek.jpg","width":1080,"height":1080},{"@type":"WebPage","@id":"https:\/\/www.2mkhokejovekarty.sk\/en\/produkt\/2021-22-upper-deck-series-1-hockey-retail-pack\/#webpage","url":"https:\/\/www.2mkhokejovekarty.sk\/en\/produkt\/2021-22-upper-deck-series-1-hockey-retail-pack\/","name":"2021-22 Upper Deck Series 1 Hockey Retail Pack - 2MK Hokejov\u00e9 Karty","isPartOf":{"@id":"https:\/\/www.2mkhokejovekarty.sk\/en\/#website"},"primaryImageOfPage":{"@id":"https:\/\/www.2mkhokejovekarty.sk\/en\/produkt\/2021-22-upper-deck-series-1-hockey-retail-pack\/#primaryimage"},"datePublished":"2023-01-05T10:11:07+00:00","dateModified":"2023-01-05T10:11:07+00:00","breadcrumb":{"@id":"https:\/\/www.2mkhokejovekarty.sk\/en\/produkt\/2021-22-upper-deck-series-1-hockey-retail-pack\/#breadcrumb"},"inLanguage":"en-US","potentialAction":[{"@type":"ReadAction","target":["https:\/\/www.2mkhokejovekarty.sk\/en\/produkt\/2021-22-upper-deck-series-1-hockey-retail-pack\/"]}]},{"@type":"BreadcrumbList","@id":"https:\/\/www.2mkhokejovekarty.sk\/en\/produkt\/2021-22-upper-deck-series-1-hockey-retail-pack\/#breadcrumb","itemListElement":[{"@type":"ListItem","position":1,"name":"Home","item":"https:\/\/www.2mkhokejovekarty.sk\/en\/"},{"@type":"ListItem","position":2,"name":"Shop","item":"https:\/\/www.2mkhokejovekarty.sk\/en\/shop\/"},{"@type":"ListItem","position":3,"name":"2021-22 Upper Deck Series 1 Hockey Retail Pack"}]}]}},"_links":{"self":[{"href":"https:\/\/www.2mkhokejovekarty.sk\/en\/wp-json\/wp\/v2\/product\/6049","targetHints":{"allow":["GET"]}}],"collection":[{"href":"https:\/\/www.2mkhokejovekarty.sk\/en\/wp-json\/wp\/v2\/product"}],"about":[{"href":"https:\/\/www.2mkhokejovekarty.sk\/en\/wp-json\/wp\/v2\/types\/product"}],"version-history":[{"count":0,"href":"https:\/\/www.2mkhokejovekarty.sk\/en\/wp-json\/wp\/v2\/product\/6049\/revisions"}],"wp:featuredmedia":[{"embeddable":true,"href":"https:\/\/www.2mkhokejovekarty.sk\/en\/wp-json\/wp\/v2\/media\/6050"}],"wp:attachment":[{"href":"https:\/\/www.2mkhokejovekarty.sk\/en\/wp-json\/wp\/v2\/media?parent=6049"}],"wp:term":[{"taxonomy":"product_brand","embeddable":true,"href":"https:\/\/www.2mkhokejovekarty.sk\/en\/wp-json\/wp\/v2\/product_brand?post=6049"},{"taxonomy":"product_cat","embeddable":true,"href":"https:\/\/www.2mkhokejovekarty.sk\/en\/wp-json\/wp\/v2\/product_cat?post=6049"},{"taxonomy":"product_tag","embeddable":true,"href":"https:\/\/www.2mkhokejovekarty.sk\/en\/wp-json\/wp\/v2\/product_tag?post=6049"}],"curies":[{"name":"wp","href":"https:\/\/api.w.org\/{rel}","templated":true}]}}