{"id":6001,"date":"2023-03-07T00:18:42","date_gmt":"2023-03-06T23:18:42","guid":{"rendered":"https:\/\/www.2mkhokejovekarty.sk\/produkt\/2021-22-upper-deck-allure-hockey-hobby-pack\/"},"modified":"2023-03-07T00:18:42","modified_gmt":"2023-03-06T23:18:42","slug":"2021-22-upper-deck-allure-hockey-hobby-pack","status":"publish","type":"product","link":"https:\/\/www.2mkhokejovekarty.sk\/en\/produkt\/2021-22-upper-deck-allure-hockey-hobby-pack\/","title":{"rendered":"2021-22 Upper Deck Allure Hockey Hobby Pack"},"content":{"rendered":"\n\t\t<style type=\"text\/css\">\n\t\t\t#gallery-1 {\n\t\t\t\tmargin: auto;\n\t\t\t}\n\t\t\t#gallery-1 .gallery-item {\n\t\t\t\tfloat: left;\n\t\t\t\tmargin-top: 10px;\n\t\t\t\ttext-align: center;\n\t\t\t\twidth: 20%;\n\t\t\t}\n\t\t\t#gallery-1 img {\n\t\t\t\tborder: 2px solid #cfcfcf;\n\t\t\t}\n\t\t\t#gallery-1 .gallery-caption {\n\t\t\t\tmargin-left: 0;\n\t\t\t}\n\t\t\t\/* see gallery_shortcode() in wp-includes\/media.php *\/\n\t\t<\/style>\n\t\t<div id='gallery-1' class='gallery galleryid-6001 gallery-columns-5 gallery-size-medium'><dl class='gallery-item'>\n\t\t\t<dt class='gallery-icon landscape'>\n\t\t\t\t<a href='https:\/\/www.2mkhokejovekarty.sk\/wp-content\/smush-webp\/2023\/03\/2020-21-Allure-1.jpg.webp'><img decoding=\"async\" width=\"300\" height=\"225\" src=\"https:\/\/www.2mkhokejovekarty.sk\/wp-content\/smush-webp\/2023\/03\/2020-21-Allure-1-300x225.jpg.webp\" class=\"attachment-medium size-medium\" alt=\"\" srcset=\"https:\/\/www.2mkhokejovekarty.sk\/wp-content\/smush-webp\/2023\/03\/2020-21-Allure-1-300x225.jpg.webp 300w, https:\/\/www.2mkhokejovekarty.sk\/wp-content\/smush-webp\/2023\/03\/2020-21-Allure-1-1024x768.jpg.webp 1024w, https:\/\/www.2mkhokejovekarty.sk\/wp-content\/smush-webp\/2023\/03\/2020-21-Allure-1-768x576.jpg.webp 768w, https:\/\/www.2mkhokejovekarty.sk\/wp-content\/smush-webp\/2023\/03\/2020-21-Allure-1-1200x900.jpg.webp 1200w, https:\/\/www.2mkhokejovekarty.sk\/wp-content\/uploads\/2023\/03\/2020-21-Allure-1-150x112.jpg 150w, https:\/\/www.2mkhokejovekarty.sk\/wp-content\/smush-webp\/2023\/03\/2020-21-Allure-1.jpg.webp 1334w\" sizes=\"(max-width: 300px) 100vw, 300px\" \/><\/a>\n\t\t\t<\/dt><\/dl><dl class='gallery-item'>\n\t\t\t<dt class='gallery-icon landscape'>\n\t\t\t\t<a href='https:\/\/www.2mkhokejovekarty.sk\/wp-content\/smush-webp\/2023\/03\/2021-22-Allure-2.jpg.webp'><img decoding=\"async\" width=\"300\" height=\"225\" src=\"https:\/\/www.2mkhokejovekarty.sk\/wp-content\/smush-webp\/2023\/03\/2021-22-Allure-2-300x225.jpg.webp\" class=\"attachment-medium size-medium\" alt=\"\" srcset=\"https:\/\/www.2mkhokejovekarty.sk\/wp-content\/smush-webp\/2023\/03\/2021-22-Allure-2-300x225.jpg.webp 300w, https:\/\/www.2mkhokejovekarty.sk\/wp-content\/smush-webp\/2023\/03\/2021-22-Allure-2-1024x769.jpg.webp 1024w, https:\/\/www.2mkhokejovekarty.sk\/wp-content\/smush-webp\/2023\/03\/2021-22-Allure-2-768x577.jpg.webp 768w, https:\/\/www.2mkhokejovekarty.sk\/wp-content\/smush-webp\/2023\/03\/2021-22-Allure-2-1200x901.jpg.webp 1200w, https:\/\/www.2mkhokejovekarty.sk\/wp-content\/uploads\/2023\/03\/2021-22-Allure-2-150x113.jpg 150w, https:\/\/www.2mkhokejovekarty.sk\/wp-content\/smush-webp\/2023\/03\/2021-22-Allure-2.jpg.webp 1332w\" sizes=\"(max-width: 300px) 100vw, 300px\" \/><\/a>\n\t\t\t<\/dt><\/dl><dl class='gallery-item'>\n\t\t\t<dt class='gallery-icon landscape'>\n\t\t\t\t<a href='https:\/\/www.2mkhokejovekarty.sk\/wp-content\/smush-webp\/2023\/03\/2021-22-Allure-3.jpg.webp'><img decoding=\"async\" width=\"300\" height=\"225\" src=\"https:\/\/www.2mkhokejovekarty.sk\/wp-content\/smush-webp\/2023\/03\/2021-22-Allure-3-300x225.jpg.webp\" class=\"attachment-medium size-medium\" alt=\"\" srcset=\"https:\/\/www.2mkhokejovekarty.sk\/wp-content\/smush-webp\/2023\/03\/2021-22-Allure-3-300x225.jpg.webp 300w, https:\/\/www.2mkhokejovekarty.sk\/wp-content\/smush-webp\/2023\/03\/2021-22-Allure-3-1024x768.jpg.webp 1024w, https:\/\/www.2mkhokejovekarty.sk\/wp-content\/smush-webp\/2023\/03\/2021-22-Allure-3-768x576.jpg.webp 768w, https:\/\/www.2mkhokejovekarty.sk\/wp-content\/smush-webp\/2023\/03\/2021-22-Allure-3-1200x900.jpg.webp 1200w, https:\/\/www.2mkhokejovekarty.sk\/wp-content\/uploads\/2023\/03\/2021-22-Allure-3-150x113.jpg 150w, https:\/\/www.2mkhokejovekarty.sk\/wp-content\/smush-webp\/2023\/03\/2021-22-Allure-3.jpg.webp 1333w\" sizes=\"(max-width: 300px) 100vw, 300px\" \/><\/a>\n\t\t\t<\/dt><\/dl><dl class='gallery-item'>\n\t\t\t<dt class='gallery-icon landscape'>\n\t\t\t\t<a href='https:\/\/www.2mkhokejovekarty.sk\/wp-content\/smush-webp\/2023\/03\/2021-22-Allure-4.jpg.webp'><img decoding=\"async\" width=\"300\" height=\"225\" src=\"https:\/\/www.2mkhokejovekarty.sk\/wp-content\/smush-webp\/2023\/03\/2021-22-Allure-4-300x225.jpg.webp\" class=\"attachment-medium size-medium\" alt=\"\" srcset=\"https:\/\/www.2mkhokejovekarty.sk\/wp-content\/smush-webp\/2023\/03\/2021-22-Allure-4-300x225.jpg.webp 300w, https:\/\/www.2mkhokejovekarty.sk\/wp-content\/smush-webp\/2023\/03\/2021-22-Allure-4-768x577.jpg.webp 768w, https:\/\/www.2mkhokejovekarty.sk\/wp-content\/uploads\/2023\/03\/2021-22-Allure-4-150x113.jpg 150w, https:\/\/www.2mkhokejovekarty.sk\/wp-content\/smush-webp\/2023\/03\/2021-22-Allure-4.jpg.webp 799w\" sizes=\"(max-width: 300px) 100vw, 300px\" \/><\/a>\n\t\t\t<\/dt><\/dl><dl class='gallery-item'>\n\t\t\t<dt class='gallery-icon landscape'>\n\t\t\t\t<a href='https:\/\/www.2mkhokejovekarty.sk\/wp-content\/smush-webp\/2023\/03\/2021-22-Allure-5.jpg.webp'><img decoding=\"async\" width=\"300\" height=\"225\" src=\"https:\/\/www.2mkhokejovekarty.sk\/wp-content\/smush-webp\/2023\/03\/2021-22-Allure-5-300x225.jpg.webp\" class=\"attachment-medium size-medium\" alt=\"\" srcset=\"https:\/\/www.2mkhokejovekarty.sk\/wp-content\/smush-webp\/2023\/03\/2021-22-Allure-5-300x225.jpg.webp 300w, https:\/\/www.2mkhokejovekarty.sk\/wp-content\/smush-webp\/2023\/03\/2021-22-Allure-5-768x576.jpg.webp 768w, https:\/\/www.2mkhokejovekarty.sk\/wp-content\/uploads\/2023\/03\/2021-22-Allure-5-150x113.jpg 150w, https:\/\/www.2mkhokejovekarty.sk\/wp-content\/smush-webp\/2023\/03\/2021-22-Allure-5.jpg.webp 800w\" sizes=\"(max-width: 300px) 100vw, 300px\" \/><\/a>\n\t\t\t<\/dt><\/dl><br style=\"clear: both\" \/>\n\t\t<\/div>\n\n<p><strong>2021-22 Upper Deck Allure Hockey Hobby Pack<\/strong><\/p>\n<p><b>PRODUCT INCLUDES:<\/b><\/p>\n<p><b>Rookie Autographed, Memorabilia &amp; Autographed Memorabilia Cards:<\/b><\/p>\n<p>&#8211; Allure Quartz Rookies &#8211; Auto Parallel &#8211; 1:600<br \/>\n&#8211; Allure Quartz Rookies &#8211; Blue Auto Parallel &#8211; \/10<br \/>\n&#8211; Base Set Rookies &#8211; Red Rainbow Auto Parallel &#8211; 1:36<br \/>\n&#8211; Base Set Rookies &#8211; Blue Line Auto Parallel &#8211; \/35<br \/>\n&#8211; Base Set Rookies &#8211; Purple Diamond Auto Parallel &#8211; \/10<br \/>\n&#8211; Base Set Rookies &#8211; Pink Leopard Auto Parallel &#8211; 1:2476<br \/>\n&#8211; Base Set Rookies &#8211; Golden Treasures Auto Parallel &#8211; 1\/1<br \/>\n&#8211; Base Set Rookies &#8211; Blue Line Auto Jersey Parallel &#8211; \/75<br \/>\n&#8211; Base Set Rookies &#8211; Purple Diamond Auto Patch Parallel &#8211; \/10<\/p>\n<p><b>Autographed and Memorabilia Cards:<\/b><\/p>\n<p>&#8211; Allure Quartz &#8211; Auto Parallel &#8211; 1:300<br \/>\n&#8211; Allure Quartz &#8211; Blue Auto Parallel &#8211; \/10<br \/>\n&#8211; Base Set &#8211; Red Rainbow Auto Parallel &#8211; 1:60<br \/>\n&#8211; Base Set &#8211; Blue Line Auto Parallel &#8211; \/35<br \/>\n&#8211; Base Set &#8211; Purple Diamond Auto Parallel &#8211; \/10<br \/>\n&#8211; Base Set &#8211; Pink Leopard Auto Parallel &#8211; 1:1524<br \/>\n&#8211; Base Set &#8211; Golden Treasures Auto Parallel &#8211; 1\/1<br \/>\n&#8211; Base Set &#8211; Blue Line Auto Jersey Parallel &#8211; \/25<br \/>\n&#8211; Base Set &#8211; Purple Diamond Auto Patch Parallel &#8211; \/10<br \/>\n&#8211;  <strong>NEW<\/strong> &#8211; Rainbow &#8211; Full Rainbow Auto Parallel &#8211; 1:20<br \/>\n&#8211;  <strong>NEW<\/strong> &#8211; Rainbow &#8211; Golden Treasures Auto Parallel &#8211; 1\/1<br \/>\n&#8211;  <strong>NEW<\/strong> &#8211; Control Room &#8211; Auto Parallel &#8211; 1:360<br \/>\n&#8211; Iced Out &#8211; Auto Parallel &#8211; 1:800<br \/>\n&#8211;  <strong>NEW<\/strong> &#8211; Hustle, Hit and Never Quit &#8211; Auto Parallel &#8211; 1:800<br \/>\n&#8211;  <strong>NEW<\/strong> &#8211; Breadbaskets &#8211; Auto Parallel &#8211; 1:1000<\/p>\n<p><b>Insert Cards:<\/b><\/p>\n<p>&#8211; Allure Quartz &#8211; 1:12<br \/>\n&#8211;  <strong>NEW<\/strong> &#8211; Allure Quartz &#8211; Golden Treasures Parallel &#8211; 1\/1<br \/>\n&#8211; Allure Quartz Rookies &#8211; 1:18<br \/>\n&#8211;  <strong>NEW<\/strong> &#8211; Allure Quartz Rookies &#8211; Golden Treasures Parallel &#8211; 1\/1<br \/>\n&#8211;  <strong>NEW<\/strong> &#8211; Breadbaskets &#8211; 1:9<br \/>\n&#8211;  <strong>NEW<\/strong> &#8211; Breadbaskets &#8211; Green Rainbow Parallel &#8211; \/99<br \/>\n&#8211;  <strong>NEW<\/strong> &#8211; Breadbaskets &#8211; Golden Treasures Parallel &#8211; 1\/1<br \/>\n&#8211;  <strong>NEW<\/strong> &#8211; Hustle, Hit and Never Quit &#8211; 1:12<br \/>\n&#8211;  <strong>NEW<\/strong> &#8211; Hustle, Hit and Never Quit &#8211; Golden Treasures Parallel &#8211; 1\/1<br \/>\n&#8211; Iced Out &#8211; 1:9<br \/>\n&#8211;  <strong>NEW<\/strong> &#8211; Iced Out &#8211; Green Rainbow Parallel &#8211; \/99<br \/>\n&#8211;  <strong>NEW<\/strong> &#8211; Iced Out &#8211; Golden Treasures Parallel &#8211; 1\/1<br \/>\n&#8211;  <strong>NEW<\/strong> &#8211; Rainbow &#8211; Red-Orange &#8211; 1:4<br \/>\n&#8211;  <strong>NEW<\/strong> &#8211; Rainbow &#8211; Orange-Yellow Parallel &#8211; 1:12<br \/>\n&#8211;  <strong>NEW<\/strong> &#8211; Rainbow &#8211; Yellow-Green Parallel &#8211; 1:20<br \/>\n&#8211;  <strong>NEW<\/strong> &#8211; Rainbow &#8211; Green-Blue Parallel &#8211; \/299<br \/>\n&#8211;  <strong>NEW<\/strong> &#8211; Rainbow &#8211; Blue-Purple Parallel &#8211; \/199<br \/>\n&#8211;  <strong>NEW<\/strong> &#8211; Rainbow &#8211; Golden Treasures Parallel &#8211; 1\/1<br \/>\n&#8211;  <strong>NEW<\/strong> &#8211; Rainbow &#8211; Double Rainbow Parallel &#8211; 1:48<br \/>\n&#8211;  <strong>NEW<\/strong> &#8211; Control Room &#8211; 1:9<br \/>\n&#8211;  <strong>NEW<\/strong> &#8211; Control Room &#8211; Golden Treasures Parallel &#8211; 1\/1<\/p>\n<p><b>Memorabilia Cards:<\/b><\/p>\n<p>&#8211; Base Set (1-100)<br \/>\n&#8211; Base Set &#8211; Black Rainbow Parallel &#8211; 1:4<br \/>\n&#8211; Base Set &#8211; Red Rainbow Parallel &#8211; 1:6<br \/>\n&#8211; Base Set &#8211; Orange Slice Die-Cut Parallel &#8211; 1:12<br \/>\n&#8211;  <strong>NEW<\/strong> &#8211; Base Set &#8211; Number Parallel &#8211; \/199<br \/>\n&#8211; Base Set &#8211; Green Rainbow Die-Cut Parallel &#8211; \/99<br \/>\n&#8211; Base Set &#8211; Steel Parallel &#8211; 1:120<br \/>\n&#8211; Base Set &#8211; Blue Line Parallel &#8211; \/35<br \/>\n&#8211; Base Set &#8211; Pink Leopard &#8211; 1:200<br \/>\n&#8211; Base Set &#8211; Purple Diamond Parallel &#8211; \/10<br \/>\n&#8211; Base Set &#8211; Golden Treasures Parallel &#8211; 1\/1<br \/>\n&#8211; Base Set &#8211; Printing Plates Parallel<br \/>\n&#8211; Base Set Rookies (101-150) &#8211; 1:1<br \/>\n&#8211; Base Set Rookies &#8211; Black Rainbow Parallel &#8211; 1:8<br \/>\n&#8211; Base Set Rookies &#8211; Red Rainbow Parallel &#8211; 1:12<br \/>\n&#8211; Base Set Rookies &#8211; Orange Slice Die-Cut Parallel &#8211; 1:24<br \/>\n&#8211;  <strong>NEW<\/strong> &#8211; Base Set Rookies &#8211; Number Parallel &#8211; \/199<br \/>\n&#8211; Base Set Rookies &#8211; Green Rainbow Die-Cut Parallel &#8211; \/99<br \/>\n&#8211; Base Set Rookies &#8211; Steel Parallel &#8211; 1:240<br \/>\n&#8211; Base Set Rookies &#8211; Blue Line Parallel &#8211; \/35<br \/>\n&#8211; Base Set Rookies &#8211; Pink Leopard Parallel &#8211; 1:400<br \/>\n&#8211; Base Set Rookies &#8211; Purple Diamond Parallel &#8211; \/10<br \/>\n&#8211; Base Set Rookies &#8211; Golden Treasures Parallel &#8211; 1\/1<br \/>\n&#8211; Base Set Rookies &#8211; Printing Plates Parallel<\/p>\n<p>&nbsp;<\/p>\n<p>&nbsp;<\/p>\n","protected":false},"excerpt":{"rendered":"<p><strong>Pack contents<br \/>\n<\/strong>8 cards per pack<\/p>\n","protected":false},"featured_media":6002,"template":"","meta":[],"product_brand":[],"product_cat":[332,276],"product_tag":[267],"class_list":{"0":"post-6001","1":"product","2":"type-product","3":"status-publish","4":"has-post-thumbnail","6":"product_cat-2021-22-packs","7":"product_cat-packs","8":"product_tag-upper-deck","10":"first","11":"instock","12":"taxable","13":"shipping-taxable","14":"purchasable","15":"product-type-simple"},"yoast_head":"<!-- This site is optimized with the Yoast SEO plugin v17.7.1 - https:\/\/yoast.com\/wordpress\/plugins\/seo\/ -->\n<title>2021-22 Upper Deck Allure Hockey Hobby Pack - 2MK Hokejov\u00e9 Karty<\/title>\n<meta name=\"robots\" content=\"index, follow, max-snippet:-1, max-image-preview:large, max-video-preview:-1\" \/>\n<link rel=\"canonical\" href=\"https:\/\/www.2mkhokejovekarty.sk\/en\/produkt\/2021-22-upper-deck-allure-hockey-hobby-pack\/\" \/>\n<meta property=\"og:locale\" content=\"en_US\" \/>\n<meta property=\"og:type\" content=\"article\" \/>\n<meta property=\"og:title\" content=\"2021-22 Upper Deck Allure Hockey Hobby Pack - 2MK Hokejov\u00e9 Karty\" \/>\n<meta property=\"og:description\" content=\"Pack contents 8 cards per pack\" \/>\n<meta property=\"og:url\" content=\"https:\/\/www.2mkhokejovekarty.sk\/en\/produkt\/2021-22-upper-deck-allure-hockey-hobby-pack\/\" \/>\n<meta property=\"og:site_name\" content=\"2MK Hokejov\u00e9 Karty\" \/>\n<meta property=\"article:publisher\" content=\"https:\/\/www.facebook.com\/2MK-hokejov%c3%a9-karty-106293018483710\" \/>\n<meta property=\"og:image\" content=\"https:\/\/www.2mkhokejovekarty.sk\/wp-content\/uploads\/2023\/03\/2021-22_allure_hobby_balicek.jpeg\" \/>\n\t<meta property=\"og:image:width\" content=\"1080\" \/>\n\t<meta property=\"og:image:height\" content=\"1080\" \/>\n<meta name=\"twitter:card\" content=\"summary_large_image\" \/>\n<meta name=\"twitter:label1\" content=\"Est. reading time\" \/>\n\t<meta name=\"twitter:data1\" content=\"3 minutes\" \/>\n<script type=\"application\/ld+json\" class=\"yoast-schema-graph\">{\"@context\":\"https:\/\/schema.org\",\"@graph\":[{\"@type\":\"Organization\",\"@id\":\"https:\/\/www.2mkhokejovekarty.sk\/en\/#organization\",\"name\":\"2MK Hockey Cards\",\"url\":\"https:\/\/www.2mkhokejovekarty.sk\/en\/\",\"sameAs\":[\"https:\/\/www.facebook.com\/2MK-hokejov\\u00e9-karty-106293018483710\"],\"logo\":{\"@type\":\"ImageObject\",\"@id\":\"https:\/\/www.2mkhokejovekarty.sk\/en\/#logo\",\"inLanguage\":\"en-US\",\"url\":\"https:\/\/www.2mkhokejovekarty.sk\/wp-content\/uploads\/2021\/12\/2MK-logo-org.jpg\",\"contentUrl\":\"https:\/\/www.2mkhokejovekarty.sk\/wp-content\/uploads\/2021\/12\/2MK-logo-org.jpg\",\"width\":300,\"height\":200,\"caption\":\"2MK Hockey Cards\"},\"image\":{\"@id\":\"https:\/\/www.2mkhokejovekarty.sk\/en\/#logo\"}},{\"@type\":\"WebSite\",\"@id\":\"https:\/\/www.2mkhokejovekarty.sk\/en\/#website\",\"url\":\"https:\/\/www.2mkhokejovekarty.sk\/en\/\",\"name\":\"2MK Hokejov\\u00e9 Karty\",\"description\":\"Str\\u00e1nka ur\\u010den\\u00e1 pre zberate\\u013eov hokejov\\u00fdch kariet\",\"publisher\":{\"@id\":\"https:\/\/www.2mkhokejovekarty.sk\/en\/#organization\"},\"potentialAction\":[{\"@type\":\"SearchAction\",\"target\":{\"@type\":\"EntryPoint\",\"urlTemplate\":\"https:\/\/www.2mkhokejovekarty.sk\/en\/?s={search_term_string}\"},\"query-input\":\"required name=search_term_string\"}],\"inLanguage\":\"en-US\"},{\"@type\":\"ImageObject\",\"@id\":\"https:\/\/www.2mkhokejovekarty.sk\/en\/produkt\/2021-22-upper-deck-allure-hockey-hobby-pack\/#primaryimage\",\"inLanguage\":\"en-US\",\"url\":\"https:\/\/www.2mkhokejovekarty.sk\/wp-content\/uploads\/2023\/03\/2021-22_allure_hobby_balicek.jpeg\",\"contentUrl\":\"https:\/\/www.2mkhokejovekarty.sk\/wp-content\/uploads\/2023\/03\/2021-22_allure_hobby_balicek.jpeg\",\"width\":1080,\"height\":1080},{\"@type\":\"WebPage\",\"@id\":\"https:\/\/www.2mkhokejovekarty.sk\/en\/produkt\/2021-22-upper-deck-allure-hockey-hobby-pack\/#webpage\",\"url\":\"https:\/\/www.2mkhokejovekarty.sk\/en\/produkt\/2021-22-upper-deck-allure-hockey-hobby-pack\/\",\"name\":\"2021-22 Upper Deck Allure Hockey Hobby Pack - 2MK Hokejov\\u00e9 Karty\",\"isPartOf\":{\"@id\":\"https:\/\/www.2mkhokejovekarty.sk\/en\/#website\"},\"primaryImageOfPage\":{\"@id\":\"https:\/\/www.2mkhokejovekarty.sk\/en\/produkt\/2021-22-upper-deck-allure-hockey-hobby-pack\/#primaryimage\"},\"datePublished\":\"2023-03-06T23:18:42+00:00\",\"dateModified\":\"2023-03-06T23:18:42+00:00\",\"breadcrumb\":{\"@id\":\"https:\/\/www.2mkhokejovekarty.sk\/en\/produkt\/2021-22-upper-deck-allure-hockey-hobby-pack\/#breadcrumb\"},\"inLanguage\":\"en-US\",\"potentialAction\":[{\"@type\":\"ReadAction\",\"target\":[\"https:\/\/www.2mkhokejovekarty.sk\/en\/produkt\/2021-22-upper-deck-allure-hockey-hobby-pack\/\"]}]},{\"@type\":\"BreadcrumbList\",\"@id\":\"https:\/\/www.2mkhokejovekarty.sk\/en\/produkt\/2021-22-upper-deck-allure-hockey-hobby-pack\/#breadcrumb\",\"itemListElement\":[{\"@type\":\"ListItem\",\"position\":1,\"name\":\"Home\",\"item\":\"https:\/\/www.2mkhokejovekarty.sk\/en\/\"},{\"@type\":\"ListItem\",\"position\":2,\"name\":\"Shop\",\"item\":\"https:\/\/www.2mkhokejovekarty.sk\/en\/shop\/\"},{\"@type\":\"ListItem\",\"position\":3,\"name\":\"2021-22 Upper Deck Allure Hockey Hobby Pack\"}]}]}<\/script>\n<!-- \/ Yoast SEO plugin. -->","yoast_head_json":{"title":"2021-22 Upper Deck Allure Hockey Hobby Pack - 2MK Hokejov\u00e9 Karty","robots":{"index":"index","follow":"follow","max-snippet":"max-snippet:-1","max-image-preview":"max-image-preview:large","max-video-preview":"max-video-preview:-1"},"canonical":"https:\/\/www.2mkhokejovekarty.sk\/en\/produkt\/2021-22-upper-deck-allure-hockey-hobby-pack\/","og_locale":"en_US","og_type":"article","og_title":"2021-22 Upper Deck Allure Hockey Hobby Pack - 2MK Hokejov\u00e9 Karty","og_description":"Pack contents 8 cards per pack","og_url":"https:\/\/www.2mkhokejovekarty.sk\/en\/produkt\/2021-22-upper-deck-allure-hockey-hobby-pack\/","og_site_name":"2MK Hokejov\u00e9 Karty","article_publisher":"https:\/\/www.facebook.com\/2MK-hokejov%c3%a9-karty-106293018483710","og_image":[{"width":1080,"height":1080,"url":"https:\/\/www.2mkhokejovekarty.sk\/wp-content\/uploads\/2023\/03\/2021-22_allure_hobby_balicek.jpeg","type":"image\/jpeg"}],"twitter_card":"summary_large_image","twitter_misc":{"Est. reading time":"3 minutes"},"schema":{"@context":"https:\/\/schema.org","@graph":[{"@type":"Organization","@id":"https:\/\/www.2mkhokejovekarty.sk\/en\/#organization","name":"2MK Hockey Cards","url":"https:\/\/www.2mkhokejovekarty.sk\/en\/","sameAs":["https:\/\/www.facebook.com\/2MK-hokejov\u00e9-karty-106293018483710"],"logo":{"@type":"ImageObject","@id":"https:\/\/www.2mkhokejovekarty.sk\/en\/#logo","inLanguage":"en-US","url":"https:\/\/www.2mkhokejovekarty.sk\/wp-content\/uploads\/2021\/12\/2MK-logo-org.jpg","contentUrl":"https:\/\/www.2mkhokejovekarty.sk\/wp-content\/uploads\/2021\/12\/2MK-logo-org.jpg","width":300,"height":200,"caption":"2MK Hockey Cards"},"image":{"@id":"https:\/\/www.2mkhokejovekarty.sk\/en\/#logo"}},{"@type":"WebSite","@id":"https:\/\/www.2mkhokejovekarty.sk\/en\/#website","url":"https:\/\/www.2mkhokejovekarty.sk\/en\/","name":"2MK Hokejov\u00e9 Karty","description":"Str\u00e1nka ur\u010den\u00e1 pre zberate\u013eov hokejov\u00fdch kariet","publisher":{"@id":"https:\/\/www.2mkhokejovekarty.sk\/en\/#organization"},"potentialAction":[{"@type":"SearchAction","target":{"@type":"EntryPoint","urlTemplate":"https:\/\/www.2mkhokejovekarty.sk\/en\/?s={search_term_string}"},"query-input":"required name=search_term_string"}],"inLanguage":"en-US"},{"@type":"ImageObject","@id":"https:\/\/www.2mkhokejovekarty.sk\/en\/produkt\/2021-22-upper-deck-allure-hockey-hobby-pack\/#primaryimage","inLanguage":"en-US","url":"https:\/\/www.2mkhokejovekarty.sk\/wp-content\/uploads\/2023\/03\/2021-22_allure_hobby_balicek.jpeg","contentUrl":"https:\/\/www.2mkhokejovekarty.sk\/wp-content\/uploads\/2023\/03\/2021-22_allure_hobby_balicek.jpeg","width":1080,"height":1080},{"@type":"WebPage","@id":"https:\/\/www.2mkhokejovekarty.sk\/en\/produkt\/2021-22-upper-deck-allure-hockey-hobby-pack\/#webpage","url":"https:\/\/www.2mkhokejovekarty.sk\/en\/produkt\/2021-22-upper-deck-allure-hockey-hobby-pack\/","name":"2021-22 Upper Deck Allure Hockey Hobby Pack - 2MK Hokejov\u00e9 Karty","isPartOf":{"@id":"https:\/\/www.2mkhokejovekarty.sk\/en\/#website"},"primaryImageOfPage":{"@id":"https:\/\/www.2mkhokejovekarty.sk\/en\/produkt\/2021-22-upper-deck-allure-hockey-hobby-pack\/#primaryimage"},"datePublished":"2023-03-06T23:18:42+00:00","dateModified":"2023-03-06T23:18:42+00:00","breadcrumb":{"@id":"https:\/\/www.2mkhokejovekarty.sk\/en\/produkt\/2021-22-upper-deck-allure-hockey-hobby-pack\/#breadcrumb"},"inLanguage":"en-US","potentialAction":[{"@type":"ReadAction","target":["https:\/\/www.2mkhokejovekarty.sk\/en\/produkt\/2021-22-upper-deck-allure-hockey-hobby-pack\/"]}]},{"@type":"BreadcrumbList","@id":"https:\/\/www.2mkhokejovekarty.sk\/en\/produkt\/2021-22-upper-deck-allure-hockey-hobby-pack\/#breadcrumb","itemListElement":[{"@type":"ListItem","position":1,"name":"Home","item":"https:\/\/www.2mkhokejovekarty.sk\/en\/"},{"@type":"ListItem","position":2,"name":"Shop","item":"https:\/\/www.2mkhokejovekarty.sk\/en\/shop\/"},{"@type":"ListItem","position":3,"name":"2021-22 Upper Deck Allure Hockey Hobby Pack"}]}]}},"_links":{"self":[{"href":"https:\/\/www.2mkhokejovekarty.sk\/en\/wp-json\/wp\/v2\/product\/6001","targetHints":{"allow":["GET"]}}],"collection":[{"href":"https:\/\/www.2mkhokejovekarty.sk\/en\/wp-json\/wp\/v2\/product"}],"about":[{"href":"https:\/\/www.2mkhokejovekarty.sk\/en\/wp-json\/wp\/v2\/types\/product"}],"version-history":[{"count":0,"href":"https:\/\/www.2mkhokejovekarty.sk\/en\/wp-json\/wp\/v2\/product\/6001\/revisions"}],"wp:featuredmedia":[{"embeddable":true,"href":"https:\/\/www.2mkhokejovekarty.sk\/en\/wp-json\/wp\/v2\/media\/6002"}],"wp:attachment":[{"href":"https:\/\/www.2mkhokejovekarty.sk\/en\/wp-json\/wp\/v2\/media?parent=6001"}],"wp:term":[{"taxonomy":"product_brand","embeddable":true,"href":"https:\/\/www.2mkhokejovekarty.sk\/en\/wp-json\/wp\/v2\/product_brand?post=6001"},{"taxonomy":"product_cat","embeddable":true,"href":"https:\/\/www.2mkhokejovekarty.sk\/en\/wp-json\/wp\/v2\/product_cat?post=6001"},{"taxonomy":"product_tag","embeddable":true,"href":"https:\/\/www.2mkhokejovekarty.sk\/en\/wp-json\/wp\/v2\/product_tag?post=6001"}],"curies":[{"name":"wp","href":"https:\/\/api.w.org\/{rel}","templated":true}]}}