{"id":5980,"date":"2023-04-18T00:31:03","date_gmt":"2023-04-17T22:31:03","guid":{"rendered":"https:\/\/www.2mkhokejovekarty.sk\/produkt\/2021-22-upper-deck-sp-authentic-hockey-hobby-box\/"},"modified":"2023-04-18T00:31:03","modified_gmt":"2023-04-17T22:31:03","slug":"2021-22-upper-deck-sp-authentic-hockey-hobby-box","status":"publish","type":"product","link":"https:\/\/www.2mkhokejovekarty.sk\/en\/produkt\/2021-22-upper-deck-sp-authentic-hockey-hobby-box\/","title":{"rendered":"2021-22 Upper Deck SP Authentic Hockey Hobby Box"},"content":{"rendered":"\n\t\t<style type=\"text\/css\">\n\t\t\t#gallery-1 {\n\t\t\t\tmargin: auto;\n\t\t\t}\n\t\t\t#gallery-1 .gallery-item {\n\t\t\t\tfloat: left;\n\t\t\t\tmargin-top: 10px;\n\t\t\t\ttext-align: center;\n\t\t\t\twidth: 16%;\n\t\t\t}\n\t\t\t#gallery-1 img {\n\t\t\t\tborder: 2px solid #cfcfcf;\n\t\t\t}\n\t\t\t#gallery-1 .gallery-caption {\n\t\t\t\tmargin-left: 0;\n\t\t\t}\n\t\t\t\/* see gallery_shortcode() in wp-includes\/media.php *\/\n\t\t<\/style>\n\t\t<div id='gallery-1' class='gallery galleryid-5980 gallery-columns-6 gallery-size-medium'><dl class='gallery-item'>\n\t\t\t<dt class='gallery-icon landscape'>\n\t\t\t\t<a href='https:\/\/www.2mkhokejovekarty.sk\/wp-content\/uploads\/2023\/04\/2021-22_sp_authentic_hobby_1.jpg'><img decoding=\"async\" width=\"300\" height=\"225\" src=\"https:\/\/www.2mkhokejovekarty.sk\/wp-content\/smush-webp\/2023\/04\/2021-22_sp_authentic_hobby_1-300x225.jpg.webp\" class=\"attachment-medium size-medium\" alt=\"\" srcset=\"https:\/\/www.2mkhokejovekarty.sk\/wp-content\/smush-webp\/2023\/04\/2021-22_sp_authentic_hobby_1-300x225.jpg.webp 300w, https:\/\/www.2mkhokejovekarty.sk\/wp-content\/smush-webp\/2023\/04\/2021-22_sp_authentic_hobby_1-1024x768.jpg.webp 1024w, https:\/\/www.2mkhokejovekarty.sk\/wp-content\/smush-webp\/2023\/04\/2021-22_sp_authentic_hobby_1-768x576.jpg.webp 768w, https:\/\/www.2mkhokejovekarty.sk\/wp-content\/smush-webp\/2023\/04\/2021-22_sp_authentic_hobby_1-1536x1152.jpg.webp 1536w, https:\/\/www.2mkhokejovekarty.sk\/wp-content\/smush-webp\/2023\/04\/2021-22_sp_authentic_hobby_1-1200x900.jpg.webp 1200w, https:\/\/www.2mkhokejovekarty.sk\/wp-content\/uploads\/2023\/04\/2021-22_sp_authentic_hobby_1-150x113.jpg 150w, https:\/\/www.2mkhokejovekarty.sk\/wp-content\/uploads\/2023\/04\/2021-22_sp_authentic_hobby_1.jpg 1800w\" sizes=\"(max-width: 300px) 100vw, 300px\" \/><\/a>\n\t\t\t<\/dt><\/dl><dl class='gallery-item'>\n\t\t\t<dt class='gallery-icon landscape'>\n\t\t\t\t<a href='https:\/\/www.2mkhokejovekarty.sk\/wp-content\/uploads\/2023\/04\/2021-22_sp_authentic_hobby_2.jpg'><img decoding=\"async\" width=\"300\" height=\"225\" src=\"https:\/\/www.2mkhokejovekarty.sk\/wp-content\/smush-webp\/2023\/04\/2021-22_sp_authentic_hobby_2-300x225.jpg.webp\" class=\"attachment-medium size-medium\" alt=\"\" srcset=\"https:\/\/www.2mkhokejovekarty.sk\/wp-content\/smush-webp\/2023\/04\/2021-22_sp_authentic_hobby_2-300x225.jpg.webp 300w, https:\/\/www.2mkhokejovekarty.sk\/wp-content\/smush-webp\/2023\/04\/2021-22_sp_authentic_hobby_2-1024x768.jpg.webp 1024w, https:\/\/www.2mkhokejovekarty.sk\/wp-content\/smush-webp\/2023\/04\/2021-22_sp_authentic_hobby_2-768x576.jpg.webp 768w, https:\/\/www.2mkhokejovekarty.sk\/wp-content\/smush-webp\/2023\/04\/2021-22_sp_authentic_hobby_2-1536x1152.jpg.webp 1536w, https:\/\/www.2mkhokejovekarty.sk\/wp-content\/smush-webp\/2023\/04\/2021-22_sp_authentic_hobby_2-1200x900.jpg.webp 1200w, https:\/\/www.2mkhokejovekarty.sk\/wp-content\/uploads\/2023\/04\/2021-22_sp_authentic_hobby_2-150x113.jpg 150w, https:\/\/www.2mkhokejovekarty.sk\/wp-content\/uploads\/2023\/04\/2021-22_sp_authentic_hobby_2.jpg 1800w\" sizes=\"(max-width: 300px) 100vw, 300px\" \/><\/a>\n\t\t\t<\/dt><\/dl><dl class='gallery-item'>\n\t\t\t<dt class='gallery-icon landscape'>\n\t\t\t\t<a href='https:\/\/www.2mkhokejovekarty.sk\/wp-content\/uploads\/2023\/04\/2021-22_sp_authentic_hobby_3.jpg'><img decoding=\"async\" width=\"300\" height=\"225\" src=\"https:\/\/www.2mkhokejovekarty.sk\/wp-content\/smush-webp\/2023\/04\/2021-22_sp_authentic_hobby_3-300x225.jpg.webp\" class=\"attachment-medium size-medium\" alt=\"\" srcset=\"https:\/\/www.2mkhokejovekarty.sk\/wp-content\/smush-webp\/2023\/04\/2021-22_sp_authentic_hobby_3-300x225.jpg.webp 300w, https:\/\/www.2mkhokejovekarty.sk\/wp-content\/smush-webp\/2023\/04\/2021-22_sp_authentic_hobby_3-1024x768.jpg.webp 1024w, https:\/\/www.2mkhokejovekarty.sk\/wp-content\/smush-webp\/2023\/04\/2021-22_sp_authentic_hobby_3-768x576.jpg.webp 768w, https:\/\/www.2mkhokejovekarty.sk\/wp-content\/smush-webp\/2023\/04\/2021-22_sp_authentic_hobby_3-1536x1152.jpg.webp 1536w, https:\/\/www.2mkhokejovekarty.sk\/wp-content\/smush-webp\/2023\/04\/2021-22_sp_authentic_hobby_3-1200x900.jpg.webp 1200w, https:\/\/www.2mkhokejovekarty.sk\/wp-content\/uploads\/2023\/04\/2021-22_sp_authentic_hobby_3-150x113.jpg 150w, https:\/\/www.2mkhokejovekarty.sk\/wp-content\/uploads\/2023\/04\/2021-22_sp_authentic_hobby_3.jpg 1800w\" sizes=\"(max-width: 300px) 100vw, 300px\" \/><\/a>\n\t\t\t<\/dt><\/dl><dl class='gallery-item'>\n\t\t\t<dt class='gallery-icon landscape'>\n\t\t\t\t<a href='https:\/\/www.2mkhokejovekarty.sk\/wp-content\/uploads\/2023\/04\/2021-22_sp_authentic_hobby_4.jpg'><img decoding=\"async\" width=\"300\" height=\"225\" src=\"https:\/\/www.2mkhokejovekarty.sk\/wp-content\/smush-webp\/2023\/04\/2021-22_sp_authentic_hobby_4-300x225.jpg.webp\" class=\"attachment-medium size-medium\" alt=\"\" srcset=\"https:\/\/www.2mkhokejovekarty.sk\/wp-content\/smush-webp\/2023\/04\/2021-22_sp_authentic_hobby_4-300x225.jpg.webp 300w, https:\/\/www.2mkhokejovekarty.sk\/wp-content\/smush-webp\/2023\/04\/2021-22_sp_authentic_hobby_4-1024x768.jpg.webp 1024w, https:\/\/www.2mkhokejovekarty.sk\/wp-content\/smush-webp\/2023\/04\/2021-22_sp_authentic_hobby_4-768x576.jpg.webp 768w, https:\/\/www.2mkhokejovekarty.sk\/wp-content\/smush-webp\/2023\/04\/2021-22_sp_authentic_hobby_4-1536x1152.jpg.webp 1536w, https:\/\/www.2mkhokejovekarty.sk\/wp-content\/smush-webp\/2023\/04\/2021-22_sp_authentic_hobby_4-1200x900.jpg.webp 1200w, https:\/\/www.2mkhokejovekarty.sk\/wp-content\/uploads\/2023\/04\/2021-22_sp_authentic_hobby_4-150x113.jpg 150w, https:\/\/www.2mkhokejovekarty.sk\/wp-content\/uploads\/2023\/04\/2021-22_sp_authentic_hobby_4.jpg 1800w\" sizes=\"(max-width: 300px) 100vw, 300px\" \/><\/a>\n\t\t\t<\/dt><\/dl><dl class='gallery-item'>\n\t\t\t<dt class='gallery-icon landscape'>\n\t\t\t\t<a href='https:\/\/www.2mkhokejovekarty.sk\/wp-content\/uploads\/2023\/04\/2021-22_sp_authentic_hobby_5.jpg'><img decoding=\"async\" width=\"300\" height=\"225\" src=\"https:\/\/www.2mkhokejovekarty.sk\/wp-content\/smush-webp\/2023\/04\/2021-22_sp_authentic_hobby_5-300x225.jpg.webp\" class=\"attachment-medium size-medium\" alt=\"\" srcset=\"https:\/\/www.2mkhokejovekarty.sk\/wp-content\/smush-webp\/2023\/04\/2021-22_sp_authentic_hobby_5-300x225.jpg.webp 300w, https:\/\/www.2mkhokejovekarty.sk\/wp-content\/smush-webp\/2023\/04\/2021-22_sp_authentic_hobby_5-1024x768.jpg.webp 1024w, https:\/\/www.2mkhokejovekarty.sk\/wp-content\/smush-webp\/2023\/04\/2021-22_sp_authentic_hobby_5-768x576.jpg.webp 768w, https:\/\/www.2mkhokejovekarty.sk\/wp-content\/smush-webp\/2023\/04\/2021-22_sp_authentic_hobby_5-1536x1152.jpg.webp 1536w, https:\/\/www.2mkhokejovekarty.sk\/wp-content\/smush-webp\/2023\/04\/2021-22_sp_authentic_hobby_5-1200x900.jpg.webp 1200w, https:\/\/www.2mkhokejovekarty.sk\/wp-content\/uploads\/2023\/04\/2021-22_sp_authentic_hobby_5-150x113.jpg 150w, https:\/\/www.2mkhokejovekarty.sk\/wp-content\/uploads\/2023\/04\/2021-22_sp_authentic_hobby_5.jpg 1800w\" sizes=\"(max-width: 300px) 100vw, 300px\" \/><\/a>\n\t\t\t<\/dt><\/dl><dl class='gallery-item'>\n\t\t\t<dt class='gallery-icon landscape'>\n\t\t\t\t<a href='https:\/\/www.2mkhokejovekarty.sk\/wp-content\/uploads\/2023\/04\/2021-22_sp_authentic_hobby_6.jpg'><img decoding=\"async\" width=\"300\" height=\"225\" src=\"https:\/\/www.2mkhokejovekarty.sk\/wp-content\/smush-webp\/2023\/04\/2021-22_sp_authentic_hobby_6-300x225.jpg.webp\" class=\"attachment-medium size-medium\" alt=\"\" srcset=\"https:\/\/www.2mkhokejovekarty.sk\/wp-content\/smush-webp\/2023\/04\/2021-22_sp_authentic_hobby_6-300x225.jpg.webp 300w, https:\/\/www.2mkhokejovekarty.sk\/wp-content\/smush-webp\/2023\/04\/2021-22_sp_authentic_hobby_6-1024x768.jpg.webp 1024w, https:\/\/www.2mkhokejovekarty.sk\/wp-content\/smush-webp\/2023\/04\/2021-22_sp_authentic_hobby_6-768x576.jpg.webp 768w, https:\/\/www.2mkhokejovekarty.sk\/wp-content\/smush-webp\/2023\/04\/2021-22_sp_authentic_hobby_6-1536x1152.jpg.webp 1536w, https:\/\/www.2mkhokejovekarty.sk\/wp-content\/smush-webp\/2023\/04\/2021-22_sp_authentic_hobby_6-1200x900.jpg.webp 1200w, https:\/\/www.2mkhokejovekarty.sk\/wp-content\/uploads\/2023\/04\/2021-22_sp_authentic_hobby_6-150x113.jpg 150w, https:\/\/www.2mkhokejovekarty.sk\/wp-content\/uploads\/2023\/04\/2021-22_sp_authentic_hobby_6.jpg 1800w\" sizes=\"(max-width: 300px) 100vw, 300px\" \/><\/a>\n\t\t\t<\/dt><\/dl><br style=\"clear: both\" \/>\n\t\t<\/div>\n\n<p class=\"product-subset\"><strong>2021-22 Upper Deck SP Authentic Hockey Hobby Box<\/strong><\/p>\n<p><b>EACH BOX CONTAINS:<\/b><\/p>\n<p>-1x signed Future Watch rookie card<br \/>\n-1x signed card (can be a second signed Future Watch Rookie card)<br \/>\n-10x SP Die-Cuts, True Leaders and\/or SP Top Rookies card (including parallel versions)<br \/>\n-8x Limited Red card (Base Set\/Future Watch)<br \/>\n-7x Pageantry card<br \/>\n-1x limited Base Set, limited Insert, or Tech Insert card<br \/>\n-1x Spectrum FX Bounty card<\/p>\n<p><b>PRODUCT INCLUDES:<\/b><\/p>\n<p><b>Signed memorabilia cards:<\/b><\/p>\n<p>-Future Watch Auto Patch &#8211; \/100<br \/>\n&#8211;<strong>NEW &#8211;<\/strong> 2011-12 Retro Future Watch Auto Patch (Tier 1) &#8211; \/99<br \/>\n&#8211;<strong>NEW &#8211;<\/strong> 2011-12 Retro Future Watch Auto Patch (Tier 2) &#8211; \/50<br \/>\n&#8211;<strong>NEW &#8211;<\/strong> 2011-12 Retro Future Watch Auto Patch (Tier 3) &#8211; \/25<br \/>\n-Limited Auto Material (Tier 1) &#8211; \/100<br \/>\n-Limited Auto Material (Tier 2) &#8211; \/50<br \/>\n-Limited Auto Material (Tier 3) &#8211; \/25<br \/>\n-Limited Auto Material (Tier 4) &#8211; \/10<br \/>\n-UD Authentics Auto Patch (Tier 1) &#8211; \/49<br \/>\n-UD Authentics Auto Patch (Tier 2) &#8211; \/25<\/p>\n<p><b>Signed cards including memorabilia cards:<\/b><\/p>\n<p>&#8211;<strong>NEW &#8211;<\/strong> 2001-02 Retro Autographed Future Watch &#8211; \/90<br \/>\n&#8211;<strong>NEW &#8211;<\/strong> 2001-02 Retro Autographed Future Watch &#8211; SP Limited Parallel &#8211; \/9<br \/>\n&#8211;<strong>NEW &#8211;<\/strong> 2001-02 Retro Base Autographs &#8211; various limitations<br \/>\n&#8211;<strong>NEW &#8211;<\/strong> 2001-02 Retro Sign of the Times &#8211; 1:120<br \/>\n&#8211;<strong>NEW &#8211;<\/strong> 2011-12 Retro Autographed Future Watch (Tier 1) &#8211; \/499<br \/>\n&#8211;<strong>NEW &#8211;<\/strong> 2011-12 Retro Autographed Future Watch (Tier 2) &#8211; \/99<br \/>\n-Autographed Future Watch Rookies &#8211; \/999<br \/>\n-Base Set &#8211; Limited Auto Parallel &#8211; 1:60<br \/>\n-Immortal Ink &#8211; \/10<br \/>\n-Marks of Distinction &#8211; \/25<br \/>\n&#8211;<strong>NEW &#8211;<\/strong> Pageantry &#8211; Auto Parallel &#8211; 1:67<br \/>\n&#8211;<strong>NEW &#8211;<\/strong> Pageantry &#8211; Black Auto Parallel &#8211; 1\/1<br \/>\n-Sign of the Times &#8211; 1:30<br \/>\n-Sign of the Times 2 &#8211; \/25<br \/>\n-Sign of the Times 3 &#8211; \/10<br \/>\n-Sign of the Times 6 &#8211; \/6<br \/>\n-Sign of the Times 8 &#8211; \/5<br \/>\n-Sign of the Times Decades (1990&#8217;s, 2000&#8217;s &amp; 2010&#8217;s) &#8211; 1:400<br \/>\n-Sign of the Times Rookies &#8211; 1:864<br \/>\n-SP Chirography &#8211; 1:320<br \/>\n-UD Authentics Autographs &#8211; 1:80<\/p>\n<p><b>Bounty cards:<\/b><\/p>\n<p>-Spectrum FX: Veterans &#8211; 1:10<br \/>\n-Spectrum FX: Future Watch (Level 1) &#8211; 1:20<br \/>\n-Spectrum FX: Future Watch (Level 2) &#8211; 1:42<br \/>\n-Spectrum FX: Future Watch (Level 3) &#8211; 1:160<\/p>\n<p><b>Bounty Award cards:<\/b><\/p>\n<p>-Spectrum FX: Future Watch (Level 4) &#8211; N\/A<br \/>\n-Spectrum FX: Veterans &#8211; Gold Parallel &#8211; \/50<br \/>\n-Spectrum FX: Future Watch (Level 1) &#8211; Gold Parallel &#8211; \/50<br \/>\n-Spectrum FX: Future Watch (Level 2) &#8211; Gold Parallel &#8211; \/50<br \/>\n-Spectrum FX: Future Watch (Level 3) &#8211; Gold Parallel &#8211; \/50<br \/>\n-Spectrum FX: Future Watch (Level 4) &#8211; Gold Parallel &#8211; \/50<\/p>\n<p><b>Unsigned Future Watch cards:<\/b><\/p>\n<p>-2001-02 Retro Future Watch &#8211; \/900<br \/>\n-2001-02 Retro Future Watch &#8211; SP Limited Parallel &#8211; \/150<br \/>\n&#8211;<strong>NEW &#8211;<\/strong> Future Watch &#8211; Limited Red &#8211; 1:3<br \/>\n&#8211;<strong>NEW &#8211;<\/strong> Future Watch &#8211; Limited Gold Parallel &#8211; \/99<br \/>\n&#8211;<strong>NEW &#8211;<\/strong> Future Watch &#8211; Limited Black Parallel &#8211; 1\/1<br \/>\n-Future Watch Rookies &#8211; \/999<\/p>\n<p><b>Insert Cards:<\/b><\/p>\n<p>-Future Icons &#8211; \/399<br \/>\n-Future Icons &#8211; Limited Parallel &#8211; \/25<br \/>\n&#8211;<strong>NEW &#8211;<\/strong> Pageantry &#8211; 1:2<br \/>\n&#8211;<strong>NEW &#8211;<\/strong> SP Die-Cuts &#8211; 1:5<br \/>\n&#8211;<strong>NEW &#8211;<\/strong> SP Die-Cuts &#8211; 1:24<br \/>\n&#8211;<strong>NEW &#8211;<\/strong> SP Die-Cuts &#8211; Green Parallel &#8211; 1:120<br \/>\n&#8211;<strong>NEW &#8211;<\/strong> SP Holofoils &#8211; 1:160<br \/>\n&#8211;<strong>NEW &#8211;<\/strong> SP Top Rookies &#8211; 1:3<br \/>\n&#8211;<strong>NEW &#8211;<\/strong> SP Top Rookies &#8211; Blue Parallel &#8211; 1:12<br \/>\n&#8211;<strong>NEW &#8211;<\/strong> SP Top Rookies &#8211; Green Parallel &#8211; 1:60<br \/>\n-True Leaders &#8211; 1:5<br \/>\n-True Leaders &#8211; Blue Parallel &#8211; 1:24<br \/>\n-True Leaders &#8211; Green Parallel &#8211; 1:120<\/p>\n<p><b>Base Set:<\/b><\/p>\n<p>-Base Set N\/A<br \/>\n-Base Set &#8211; Limited Red Parallel &#8211; 1:3<br \/>\n-Base Set &#8211; Limited Gold Parallel &#8211; \/99<br \/>\n-Base Set &#8211; Limited Black Parallel &#8211; 1\/1<\/p>\n<p>&nbsp;<\/p>\n","protected":false},"excerpt":{"rendered":"<p><strong>Box contents<br \/>\n<\/strong>10 packs per box, 9 cards per pack<\/p>\n","protected":false},"featured_media":5988,"template":"","meta":[],"product_brand":[],"product_cat":[266],"product_tag":[267],"class_list":{"0":"post-5980","1":"product","2":"type-product","3":"status-publish","4":"has-post-thumbnail","6":"product_cat-boxes","7":"product_tag-upper-deck","9":"first","10":"instock","11":"taxable","12":"shipping-taxable","13":"purchasable","14":"product-type-simple"},"yoast_head":"<!-- This site is optimized with the Yoast SEO plugin v17.7.1 - https:\/\/yoast.com\/wordpress\/plugins\/seo\/ -->\n<title>2021-22 Upper Deck SP Authentic Hockey Hobby Box - 2MK Hokejov\u00e9 Karty<\/title>\n<meta name=\"robots\" content=\"index, follow, max-snippet:-1, max-image-preview:large, max-video-preview:-1\" \/>\n<link rel=\"canonical\" href=\"https:\/\/www.2mkhokejovekarty.sk\/en\/produkt\/2021-22-upper-deck-sp-authentic-hockey-hobby-box\/\" \/>\n<meta property=\"og:locale\" content=\"en_US\" \/>\n<meta property=\"og:type\" content=\"article\" \/>\n<meta property=\"og:title\" content=\"2021-22 Upper Deck SP Authentic Hockey Hobby Box - 2MK Hokejov\u00e9 Karty\" \/>\n<meta property=\"og:description\" content=\"Box contents 10 packs per box, 9 cards per pack\" \/>\n<meta property=\"og:url\" content=\"https:\/\/www.2mkhokejovekarty.sk\/en\/produkt\/2021-22-upper-deck-sp-authentic-hockey-hobby-box\/\" \/>\n<meta property=\"og:site_name\" content=\"2MK Hokejov\u00e9 Karty\" \/>\n<meta property=\"article:publisher\" content=\"https:\/\/www.facebook.com\/2MK-hokejov%c3%a9-karty-106293018483710\" \/>\n<meta property=\"og:image\" content=\"https:\/\/www.2mkhokejovekarty.sk\/wp-content\/uploads\/2023\/04\/2021-22_sp_authentic_hobby_box.jpeg\" \/>\n\t<meta property=\"og:image:width\" content=\"1080\" \/>\n\t<meta property=\"og:image:height\" content=\"1080\" \/>\n<meta name=\"twitter:card\" content=\"summary_large_image\" \/>\n<meta name=\"twitter:label1\" content=\"Est. reading time\" \/>\n\t<meta name=\"twitter:data1\" content=\"3 minutes\" \/>\n<script type=\"application\/ld+json\" class=\"yoast-schema-graph\">{\"@context\":\"https:\/\/schema.org\",\"@graph\":[{\"@type\":\"Organization\",\"@id\":\"https:\/\/www.2mkhokejovekarty.sk\/en\/#organization\",\"name\":\"2MK Hockey Cards\",\"url\":\"https:\/\/www.2mkhokejovekarty.sk\/en\/\",\"sameAs\":[\"https:\/\/www.facebook.com\/2MK-hokejov\\u00e9-karty-106293018483710\"],\"logo\":{\"@type\":\"ImageObject\",\"@id\":\"https:\/\/www.2mkhokejovekarty.sk\/en\/#logo\",\"inLanguage\":\"en-US\",\"url\":\"https:\/\/www.2mkhokejovekarty.sk\/wp-content\/uploads\/2021\/12\/2MK-logo-org.jpg\",\"contentUrl\":\"https:\/\/www.2mkhokejovekarty.sk\/wp-content\/uploads\/2021\/12\/2MK-logo-org.jpg\",\"width\":300,\"height\":200,\"caption\":\"2MK Hockey Cards\"},\"image\":{\"@id\":\"https:\/\/www.2mkhokejovekarty.sk\/en\/#logo\"}},{\"@type\":\"WebSite\",\"@id\":\"https:\/\/www.2mkhokejovekarty.sk\/en\/#website\",\"url\":\"https:\/\/www.2mkhokejovekarty.sk\/en\/\",\"name\":\"2MK Hokejov\\u00e9 Karty\",\"description\":\"Str\\u00e1nka ur\\u010den\\u00e1 pre zberate\\u013eov hokejov\\u00fdch kariet\",\"publisher\":{\"@id\":\"https:\/\/www.2mkhokejovekarty.sk\/en\/#organization\"},\"potentialAction\":[{\"@type\":\"SearchAction\",\"target\":{\"@type\":\"EntryPoint\",\"urlTemplate\":\"https:\/\/www.2mkhokejovekarty.sk\/en\/?s={search_term_string}\"},\"query-input\":\"required name=search_term_string\"}],\"inLanguage\":\"en-US\"},{\"@type\":\"ImageObject\",\"@id\":\"https:\/\/www.2mkhokejovekarty.sk\/en\/produkt\/2021-22-upper-deck-sp-authentic-hockey-hobby-box\/#primaryimage\",\"inLanguage\":\"en-US\",\"url\":\"https:\/\/www.2mkhokejovekarty.sk\/wp-content\/uploads\/2023\/04\/2021-22_sp_authentic_hobby_box.jpeg\",\"contentUrl\":\"https:\/\/www.2mkhokejovekarty.sk\/wp-content\/uploads\/2023\/04\/2021-22_sp_authentic_hobby_box.jpeg\",\"width\":1080,\"height\":1080},{\"@type\":\"WebPage\",\"@id\":\"https:\/\/www.2mkhokejovekarty.sk\/en\/produkt\/2021-22-upper-deck-sp-authentic-hockey-hobby-box\/#webpage\",\"url\":\"https:\/\/www.2mkhokejovekarty.sk\/en\/produkt\/2021-22-upper-deck-sp-authentic-hockey-hobby-box\/\",\"name\":\"2021-22 Upper Deck SP Authentic Hockey Hobby Box - 2MK Hokejov\\u00e9 Karty\",\"isPartOf\":{\"@id\":\"https:\/\/www.2mkhokejovekarty.sk\/en\/#website\"},\"primaryImageOfPage\":{\"@id\":\"https:\/\/www.2mkhokejovekarty.sk\/en\/produkt\/2021-22-upper-deck-sp-authentic-hockey-hobby-box\/#primaryimage\"},\"datePublished\":\"2023-04-17T22:31:03+00:00\",\"dateModified\":\"2023-04-17T22:31:03+00:00\",\"breadcrumb\":{\"@id\":\"https:\/\/www.2mkhokejovekarty.sk\/en\/produkt\/2021-22-upper-deck-sp-authentic-hockey-hobby-box\/#breadcrumb\"},\"inLanguage\":\"en-US\",\"potentialAction\":[{\"@type\":\"ReadAction\",\"target\":[\"https:\/\/www.2mkhokejovekarty.sk\/en\/produkt\/2021-22-upper-deck-sp-authentic-hockey-hobby-box\/\"]}]},{\"@type\":\"BreadcrumbList\",\"@id\":\"https:\/\/www.2mkhokejovekarty.sk\/en\/produkt\/2021-22-upper-deck-sp-authentic-hockey-hobby-box\/#breadcrumb\",\"itemListElement\":[{\"@type\":\"ListItem\",\"position\":1,\"name\":\"Home\",\"item\":\"https:\/\/www.2mkhokejovekarty.sk\/en\/\"},{\"@type\":\"ListItem\",\"position\":2,\"name\":\"Shop\",\"item\":\"https:\/\/www.2mkhokejovekarty.sk\/en\/shop\/\"},{\"@type\":\"ListItem\",\"position\":3,\"name\":\"2021-22 Upper Deck SP Authentic Hockey Hobby Box\"}]}]}<\/script>\n<!-- \/ Yoast SEO plugin. -->","yoast_head_json":{"title":"2021-22 Upper Deck SP Authentic Hockey Hobby Box - 2MK Hokejov\u00e9 Karty","robots":{"index":"index","follow":"follow","max-snippet":"max-snippet:-1","max-image-preview":"max-image-preview:large","max-video-preview":"max-video-preview:-1"},"canonical":"https:\/\/www.2mkhokejovekarty.sk\/en\/produkt\/2021-22-upper-deck-sp-authentic-hockey-hobby-box\/","og_locale":"en_US","og_type":"article","og_title":"2021-22 Upper Deck SP Authentic Hockey Hobby Box - 2MK Hokejov\u00e9 Karty","og_description":"Box contents 10 packs per box, 9 cards per pack","og_url":"https:\/\/www.2mkhokejovekarty.sk\/en\/produkt\/2021-22-upper-deck-sp-authentic-hockey-hobby-box\/","og_site_name":"2MK Hokejov\u00e9 Karty","article_publisher":"https:\/\/www.facebook.com\/2MK-hokejov%c3%a9-karty-106293018483710","og_image":[{"width":1080,"height":1080,"url":"https:\/\/www.2mkhokejovekarty.sk\/wp-content\/uploads\/2023\/04\/2021-22_sp_authentic_hobby_box.jpeg","type":"image\/jpeg"}],"twitter_card":"summary_large_image","twitter_misc":{"Est. reading time":"3 minutes"},"schema":{"@context":"https:\/\/schema.org","@graph":[{"@type":"Organization","@id":"https:\/\/www.2mkhokejovekarty.sk\/en\/#organization","name":"2MK Hockey Cards","url":"https:\/\/www.2mkhokejovekarty.sk\/en\/","sameAs":["https:\/\/www.facebook.com\/2MK-hokejov\u00e9-karty-106293018483710"],"logo":{"@type":"ImageObject","@id":"https:\/\/www.2mkhokejovekarty.sk\/en\/#logo","inLanguage":"en-US","url":"https:\/\/www.2mkhokejovekarty.sk\/wp-content\/uploads\/2021\/12\/2MK-logo-org.jpg","contentUrl":"https:\/\/www.2mkhokejovekarty.sk\/wp-content\/uploads\/2021\/12\/2MK-logo-org.jpg","width":300,"height":200,"caption":"2MK Hockey Cards"},"image":{"@id":"https:\/\/www.2mkhokejovekarty.sk\/en\/#logo"}},{"@type":"WebSite","@id":"https:\/\/www.2mkhokejovekarty.sk\/en\/#website","url":"https:\/\/www.2mkhokejovekarty.sk\/en\/","name":"2MK Hokejov\u00e9 Karty","description":"Str\u00e1nka ur\u010den\u00e1 pre zberate\u013eov hokejov\u00fdch kariet","publisher":{"@id":"https:\/\/www.2mkhokejovekarty.sk\/en\/#organization"},"potentialAction":[{"@type":"SearchAction","target":{"@type":"EntryPoint","urlTemplate":"https:\/\/www.2mkhokejovekarty.sk\/en\/?s={search_term_string}"},"query-input":"required name=search_term_string"}],"inLanguage":"en-US"},{"@type":"ImageObject","@id":"https:\/\/www.2mkhokejovekarty.sk\/en\/produkt\/2021-22-upper-deck-sp-authentic-hockey-hobby-box\/#primaryimage","inLanguage":"en-US","url":"https:\/\/www.2mkhokejovekarty.sk\/wp-content\/uploads\/2023\/04\/2021-22_sp_authentic_hobby_box.jpeg","contentUrl":"https:\/\/www.2mkhokejovekarty.sk\/wp-content\/uploads\/2023\/04\/2021-22_sp_authentic_hobby_box.jpeg","width":1080,"height":1080},{"@type":"WebPage","@id":"https:\/\/www.2mkhokejovekarty.sk\/en\/produkt\/2021-22-upper-deck-sp-authentic-hockey-hobby-box\/#webpage","url":"https:\/\/www.2mkhokejovekarty.sk\/en\/produkt\/2021-22-upper-deck-sp-authentic-hockey-hobby-box\/","name":"2021-22 Upper Deck SP Authentic Hockey Hobby Box - 2MK Hokejov\u00e9 Karty","isPartOf":{"@id":"https:\/\/www.2mkhokejovekarty.sk\/en\/#website"},"primaryImageOfPage":{"@id":"https:\/\/www.2mkhokejovekarty.sk\/en\/produkt\/2021-22-upper-deck-sp-authentic-hockey-hobby-box\/#primaryimage"},"datePublished":"2023-04-17T22:31:03+00:00","dateModified":"2023-04-17T22:31:03+00:00","breadcrumb":{"@id":"https:\/\/www.2mkhokejovekarty.sk\/en\/produkt\/2021-22-upper-deck-sp-authentic-hockey-hobby-box\/#breadcrumb"},"inLanguage":"en-US","potentialAction":[{"@type":"ReadAction","target":["https:\/\/www.2mkhokejovekarty.sk\/en\/produkt\/2021-22-upper-deck-sp-authentic-hockey-hobby-box\/"]}]},{"@type":"BreadcrumbList","@id":"https:\/\/www.2mkhokejovekarty.sk\/en\/produkt\/2021-22-upper-deck-sp-authentic-hockey-hobby-box\/#breadcrumb","itemListElement":[{"@type":"ListItem","position":1,"name":"Home","item":"https:\/\/www.2mkhokejovekarty.sk\/en\/"},{"@type":"ListItem","position":2,"name":"Shop","item":"https:\/\/www.2mkhokejovekarty.sk\/en\/shop\/"},{"@type":"ListItem","position":3,"name":"2021-22 Upper Deck SP Authentic Hockey Hobby Box"}]}]}},"_links":{"self":[{"href":"https:\/\/www.2mkhokejovekarty.sk\/en\/wp-json\/wp\/v2\/product\/5980","targetHints":{"allow":["GET"]}}],"collection":[{"href":"https:\/\/www.2mkhokejovekarty.sk\/en\/wp-json\/wp\/v2\/product"}],"about":[{"href":"https:\/\/www.2mkhokejovekarty.sk\/en\/wp-json\/wp\/v2\/types\/product"}],"version-history":[{"count":0,"href":"https:\/\/www.2mkhokejovekarty.sk\/en\/wp-json\/wp\/v2\/product\/5980\/revisions"}],"wp:featuredmedia":[{"embeddable":true,"href":"https:\/\/www.2mkhokejovekarty.sk\/en\/wp-json\/wp\/v2\/media\/5988"}],"wp:attachment":[{"href":"https:\/\/www.2mkhokejovekarty.sk\/en\/wp-json\/wp\/v2\/media?parent=5980"}],"wp:term":[{"taxonomy":"product_brand","embeddable":true,"href":"https:\/\/www.2mkhokejovekarty.sk\/en\/wp-json\/wp\/v2\/product_brand?post=5980"},{"taxonomy":"product_cat","embeddable":true,"href":"https:\/\/www.2mkhokejovekarty.sk\/en\/wp-json\/wp\/v2\/product_cat?post=5980"},{"taxonomy":"product_tag","embeddable":true,"href":"https:\/\/www.2mkhokejovekarty.sk\/en\/wp-json\/wp\/v2\/product_tag?post=5980"}],"curies":[{"name":"wp","href":"https:\/\/api.w.org\/{rel}","templated":true}]}}