{"id":5972,"date":"2023-05-19T19:53:54","date_gmt":"2023-05-19T17:53:54","guid":{"rendered":"https:\/\/www.2mkhokejovekarty.sk\/produkt\/2022-23-upper-deck-trilogy-hockey-hobby-box\/"},"modified":"2023-05-19T19:53:54","modified_gmt":"2023-05-19T17:53:54","slug":"2022-23-upper-deck-trilogy-hockey-hobby-box","status":"publish","type":"product","link":"https:\/\/www.2mkhokejovekarty.sk\/en\/produkt\/2022-23-upper-deck-trilogy-hockey-hobby-box\/","title":{"rendered":"2022-23 Upper Deck Trilogy Hockey Hobby Box"},"content":{"rendered":"\n\t\t<style type=\"text\/css\">\n\t\t\t#gallery-1 {\n\t\t\t\tmargin: auto;\n\t\t\t}\n\t\t\t#gallery-1 .gallery-item {\n\t\t\t\tfloat: left;\n\t\t\t\tmargin-top: 10px;\n\t\t\t\ttext-align: center;\n\t\t\t\twidth: 20%;\n\t\t\t}\n\t\t\t#gallery-1 img {\n\t\t\t\tborder: 2px solid #cfcfcf;\n\t\t\t}\n\t\t\t#gallery-1 .gallery-caption {\n\t\t\t\tmargin-left: 0;\n\t\t\t}\n\t\t\t\/* see gallery_shortcode() in wp-includes\/media.php *\/\n\t\t<\/style>\n\t\t<div id='gallery-1' class='gallery galleryid-5972 gallery-columns-5 gallery-size-medium'><dl class='gallery-item'>\n\t\t\t<dt class='gallery-icon landscape'>\n\t\t\t\t<a href='https:\/\/www.2mkhokejovekarty.sk\/wp-content\/smush-webp\/2023\/05\/22-23-Trilogy_1.jpg.webp'><img decoding=\"async\" width=\"300\" height=\"223\" src=\"https:\/\/www.2mkhokejovekarty.sk\/wp-content\/uploads\/2023\/05\/22-23-Trilogy_1-300x223.jpg\" class=\"attachment-medium size-medium\" alt=\"\" srcset=\"https:\/\/www.2mkhokejovekarty.sk\/wp-content\/uploads\/2023\/05\/22-23-Trilogy_1-300x223.jpg 300w, https:\/\/www.2mkhokejovekarty.sk\/wp-content\/smush-webp\/2023\/05\/22-23-Trilogy_1-768x572.jpg.webp 768w, https:\/\/www.2mkhokejovekarty.sk\/wp-content\/uploads\/2023\/05\/22-23-Trilogy_1-150x112.jpg 150w, https:\/\/www.2mkhokejovekarty.sk\/wp-content\/smush-webp\/2023\/05\/22-23-Trilogy_1.jpg.webp 908w\" sizes=\"(max-width: 300px) 100vw, 300px\" \/><\/a>\n\t\t\t<\/dt><\/dl><dl class='gallery-item'>\n\t\t\t<dt class='gallery-icon landscape'>\n\t\t\t\t<a href='https:\/\/www.2mkhokejovekarty.sk\/wp-content\/smush-webp\/2023\/05\/22-23-Trilogy_2.jpg.webp'><img decoding=\"async\" width=\"300\" height=\"225\" src=\"https:\/\/www.2mkhokejovekarty.sk\/wp-content\/smush-webp\/2023\/05\/22-23-Trilogy_2-300x225.jpg.webp\" class=\"attachment-medium size-medium\" alt=\"\" srcset=\"https:\/\/www.2mkhokejovekarty.sk\/wp-content\/smush-webp\/2023\/05\/22-23-Trilogy_2-300x225.jpg.webp 300w, https:\/\/www.2mkhokejovekarty.sk\/wp-content\/smush-webp\/2023\/05\/22-23-Trilogy_2-768x576.jpg.webp 768w, https:\/\/www.2mkhokejovekarty.sk\/wp-content\/uploads\/2023\/05\/22-23-Trilogy_2-150x112.jpg 150w, https:\/\/www.2mkhokejovekarty.sk\/wp-content\/smush-webp\/2023\/05\/22-23-Trilogy_2.jpg.webp 903w\" sizes=\"(max-width: 300px) 100vw, 300px\" \/><\/a>\n\t\t\t<\/dt><\/dl><dl class='gallery-item'>\n\t\t\t<dt class='gallery-icon landscape'>\n\t\t\t\t<a href='https:\/\/www.2mkhokejovekarty.sk\/wp-content\/smush-webp\/2023\/05\/22-23-Trilogy_3.jpg.webp'><img decoding=\"async\" width=\"300\" height=\"225\" src=\"https:\/\/www.2mkhokejovekarty.sk\/wp-content\/smush-webp\/2023\/05\/22-23-Trilogy_3-300x225.jpg.webp\" class=\"attachment-medium size-medium\" alt=\"\" srcset=\"https:\/\/www.2mkhokejovekarty.sk\/wp-content\/smush-webp\/2023\/05\/22-23-Trilogy_3-300x225.jpg.webp 300w, https:\/\/www.2mkhokejovekarty.sk\/wp-content\/smush-webp\/2023\/05\/22-23-Trilogy_3-768x576.jpg.webp 768w, https:\/\/www.2mkhokejovekarty.sk\/wp-content\/uploads\/2023\/05\/22-23-Trilogy_3-150x113.jpg 150w, https:\/\/www.2mkhokejovekarty.sk\/wp-content\/smush-webp\/2023\/05\/22-23-Trilogy_3.jpg.webp 904w\" sizes=\"(max-width: 300px) 100vw, 300px\" \/><\/a>\n\t\t\t<\/dt><\/dl><dl class='gallery-item'>\n\t\t\t<dt class='gallery-icon landscape'>\n\t\t\t\t<a href='https:\/\/www.2mkhokejovekarty.sk\/wp-content\/smush-webp\/2023\/05\/22-23-Trilogy_4.jpg.webp'><img decoding=\"async\" width=\"300\" height=\"225\" src=\"https:\/\/www.2mkhokejovekarty.sk\/wp-content\/smush-webp\/2023\/05\/22-23-Trilogy_4-300x225.jpg.webp\" class=\"attachment-medium size-medium\" alt=\"\" srcset=\"https:\/\/www.2mkhokejovekarty.sk\/wp-content\/smush-webp\/2023\/05\/22-23-Trilogy_4-300x225.jpg.webp 300w, https:\/\/www.2mkhokejovekarty.sk\/wp-content\/smush-webp\/2023\/05\/22-23-Trilogy_4-768x575.jpg.webp 768w, https:\/\/www.2mkhokejovekarty.sk\/wp-content\/uploads\/2023\/05\/22-23-Trilogy_4-150x112.jpg 150w, https:\/\/www.2mkhokejovekarty.sk\/wp-content\/smush-webp\/2023\/05\/22-23-Trilogy_4.jpg.webp 907w\" sizes=\"(max-width: 300px) 100vw, 300px\" \/><\/a>\n\t\t\t<\/dt><\/dl><dl class='gallery-item'>\n\t\t\t<dt class='gallery-icon landscape'>\n\t\t\t\t<a href='https:\/\/www.2mkhokejovekarty.sk\/wp-content\/smush-webp\/2023\/05\/22-23-Trilogy_5.jpg.webp'><img decoding=\"async\" width=\"300\" height=\"225\" src=\"https:\/\/www.2mkhokejovekarty.sk\/wp-content\/smush-webp\/2023\/05\/22-23-Trilogy_5-300x225.jpg.webp\" class=\"attachment-medium size-medium\" alt=\"\" srcset=\"https:\/\/www.2mkhokejovekarty.sk\/wp-content\/smush-webp\/2023\/05\/22-23-Trilogy_5-300x225.jpg.webp 300w, https:\/\/www.2mkhokejovekarty.sk\/wp-content\/smush-webp\/2023\/05\/22-23-Trilogy_5-768x576.jpg.webp 768w, https:\/\/www.2mkhokejovekarty.sk\/wp-content\/uploads\/2023\/05\/22-23-Trilogy_5-150x112.jpg 150w, https:\/\/www.2mkhokejovekarty.sk\/wp-content\/smush-webp\/2023\/05\/22-23-Trilogy_5.jpg.webp 906w\" sizes=\"(max-width: 300px) 100vw, 300px\" \/><\/a>\n\t\t\t<\/dt><\/dl><br style=\"clear: both\" \/>\n\t\t<\/div>\n\n<p><strong>2022-23 Upper Deck Trilogy Hockey Hobby Box:<\/strong><\/p>\n<p><strong>Each box, on average, contains: <\/strong><\/p>\n<p>&#8211; 1x Autographed Card<br \/>\n&#8211; 1x Memorabilia Card<br \/>\n&#8211; 1x Plexi and\/or Low-Numbered Parallel Card, Rookie Year Photo Variants, or Rookie Triptychs Card<br \/>\n&#8211; 3x Rookie Renditions and\/or Trilogy Generations Card<br \/>\n&#8211; 3x Limited Parallel Cards<br \/>\n&#8211; 3x Limited Rookie Cards<\/p>\n<p><strong>PRODUCT INCLUDES:<\/strong><\/p>\n<p><b>Hard Signed autographed cards:<\/b><\/p>\n<p>&#8211; AutoFocus &#8211; 1:480<br \/>\n&#8211; AutoFocus Rookies &#8211; 1:1200<br \/>\n&#8211; Crystalized Signatures &#8211; 1:480<br \/>\n&#8211; Signature Pucks &#8211; 1:42<br \/>\n&#8211; Signature Pucks &#8211; Team Logo Parallel &#8211; \/23<br \/>\n&#8211; Signature Pucks &#8211; NHL Shield Logo Parallel &#8211; \/3<br \/>\n&#8211; Rookie Signature Pucks &#8211; 1:144<br \/>\n&#8211; Rookie Signature Pucks &#8211; Team Logo Parallel &#8211; \/23<br \/>\n&#8211; Rookie Signature Pucks &#8211; NHL Shield Logo Parallel &#8211; \/3<br \/>\n&#8211; 2021-22 Rookie Update Signature Pucks &#8211; 1:720<br \/>\n&#8211; 2021-22 Rookie Update Signature Pucks &#8211; Team Logo Parallel &#8211; \/22<br \/>\n&#8211; 2021-22 Rookie Update Signature Pucks &#8211; NHL Shield Logo Parallel &#8211; \/2<br \/>\n&#8211;  <strong>NEW &#8211;<\/strong> Signature Puckstoppers &#8211; 1:360<br \/>\n&#8211;  <strong>NEW &#8211;<\/strong> Signature Puckstoppers &#8211; Team Logo Parallel &#8211; \/23<br \/>\n&#8211;  <strong>NEW &#8211;<\/strong> Signature Puckstoppers &#8211; NHL Shield Logo Parallel &#8211; \/3<br \/>\n&#8211; Scripted Hall of Fame Plaques &#8211; \/25<\/p>\n<p><b>Signed cards:<\/b><\/p>\n<p>&#8211; Base Set &#8211; Gold Auto Parallel &#8211; 1:48<br \/>\n&#8211; Base Set &#8211; Patch Auto Parallel Varied &#8211; varied limitations<br \/>\n&#8211; Base Set &#8211; Purple Auto Parallel &#8211; 1\/1<br \/>\n&#8211; Base Set Common Rookies &#8211; Gold Auto Parallel (Tier 1) &#8211; \/449<br \/>\n&#8211; Base Set Common Rookies &#8211; Gold Auto Parallel (Tier 2) &#8211; \/299<br \/>\n&#8211; Base Set Common Rookies &#8211; Gold Auto Parallel (Tier 3) &#8211; \/149<br \/>\n&#8211; Base Set Common Rookies &#8211; Gold Auto Parallel (Tier 4) &#8211; \/49<br \/>\n&#8211; Base Set Common Rookies &#8211; Purple Auto Parallel &#8211; 1\/1<br \/>\n&#8211; Base Set Uncommon Rookies &#8211; Gold Auto Parallel (Tier 1) &#8211; \/149<br \/>\n&#8211; Base Set Uncommon Rookies &#8211; Gold Auto Parallel (Tier 2) &#8211; \/99<br \/>\n&#8211; Base Set Uncommon Rookies &#8211; Gold Auto Parallel (Tier 3) &#8211; \/49<br \/>\n&#8211; Base Set Rare Rookies &#8211; Gold Auto Parallel (Tier 1) &#8211; \/33<br \/>\n&#8211; Base Set Rare Rookies &#8211; Gold Auto Parallel (Tier 2) &#8211; \/13<br \/>\n&#8211; Base Set Rare Rookies &#8211; Gold Auto Parallel (Tier 3) &#8211; \/3<br \/>\n&#8211; Rookie Renditions &#8211; Auto Parallel (Tier 1) &#8211; \/99<br \/>\n&#8211; Rookie Renditions &#8211; Auto Parallel (Tier 2) &#8211; \/49<br \/>\n&#8211; Rookie Renditions &#8211; Auto Parallel (Tier 3) &#8211; \/25<br \/>\n&#8211; Rookie Renditions &#8211; Gold Auto Parallel &#8211; \/15<br \/>\n&#8211; Rookie Renditions &#8211; Patch Auto Parallel (Tier 1) &#8211; \/49<br \/>\n&#8211; Rookie Renditions &#8211; Patch Auto Parallel (Tier 2) &#8211; \/25<br \/>\n&#8211; Rookie Renditions &#8211; Purple Patch Auto Parallel &#8211; 1\/1<br \/>\n&#8211; Trilogy Generations &#8211; Auto Parallel Varied &#8211; varied limitations<br \/>\n&#8211; Trilogy Generations &#8211; Gold Auto Parallel &#8211; \/10<br \/>\n&#8211; Trilogy Generations &#8211; Patch Auto Parallel &#8211; \/15<br \/>\n&#8211; Trilogy Generations &#8211; Purple Patch Auto Parallel &#8211; 1\/1<\/p>\n<p><b>Memorabilia cards:<\/b><\/p>\n<p>&#8211; Base Set &#8211; Jersey Parallel &#8211; 1:28<br \/>\n&#8211; Base Set &#8211; Patch Parallel Varied &#8211; varied limitations<br \/>\n&#8211; Base Set Common Rookies &#8211; Jersey Parallel &#8211; \/499<br \/>\n&#8211; Base Set Uncommon Rookies &#8211; Patch Parallel &#8211; \/49<br \/>\n&#8211; Base Set Rare Rookies &#8211; Tag Parallel &#8211; \/5<br \/>\n&#8211; Honorary Triple Swatches (Tier 1) &#8211; \/35<br \/>\n&#8211; Honorary Triple Swatches (Tier 2) &#8211; \/25<br \/>\n&#8211; Honorary Triple Swatches (Tier 3) &#8211; \/10<br \/>\n&#8211; Rookie Renditions &#8211; Jersey Parallel &#8211; 1:30<br \/>\n&#8211; Rookie Renditions &#8211; Patch Parallel &#8211; \/25<br \/>\n&#8211; Rookie Renditions &#8211; Purple Patch Parallel &#8211; 1\/1<br \/>\n&#8211; Trilogy Generations &#8211; Jersey Parallel &#8211; \/99<br \/>\n&#8211; Trilogy Generations &#8211; Patch Parallel &#8211; \/15<br \/>\n&#8211; Trilogy Generations &#8211; Purple Patch Parallel &#8211; 1\/1<br \/>\n&#8211; Triple Relics (Tier 1) &#8211; \/35<br \/>\n&#8211; Triple Relics (Tier 2) &#8211; \/25<br \/>\n&#8211; Triple Relics (Tier 3) &#8211; \/10<\/p>\n<p><b>Plexi Cards:<\/b><\/p>\n<p>&#8211; 2005-06 Rookie Premier Retro &#8211; \/99<br \/>\n&#8211; Rookie Premier &#8211; \/299<br \/>\n&#8211; Rookie Premier &#8211; Gold Tint Parallel &#8211; \/50<br \/>\n&#8211; Rookie Premier &#8211; Black Ice Parallel &#8211; 1\/1<br \/>\n&#8211; Frozen in Time &#8211; \/275<br \/>\n&#8211; Frozen in Time &#8211; Frost Blue Parallel &#8211; \/50<br \/>\n&#8211; Frozen in Time &#8211; Black Ice Parallel &#8211; 1\/1<\/p>\n<p><b>Insert Cards:<\/b><\/p>\n<p>&#8211; Rookie Renditions &#8211; 1:5<br \/>\n&#8211; Rookie Renditions &#8211; Red Parallel &#8211; \/799<br \/>\n&#8211; Rookie Renditions &#8211; Blue Parallel &#8211; \/399<br \/>\n&#8211; Rookie Renditions &#8211; Green Parallel &#8211; \/99<br \/>\n&#8211; Rookie Renditions &#8211; Pink Parallel &#8211; \/25<br \/>\n&#8211; Rookie Triptychs &#8211; 1:120<br \/>\n&#8211; Rookie Year Photo Variants &#8211; 1:120<br \/>\n&#8211; Trilogy Generations &#8211; 1:4<br \/>\n&#8211; Trilogy Generations &#8211; Red Parallel (Veterans) &#8211; \/799<br \/>\n&#8211; Trilogy Generations &#8211; Red Parallel (Legends) &#8211; \/699<br \/>\n&#8211; Trilogy Generations &#8211; Red Parallel (Rookies\/Young Stars) &#8211; \/599<br \/>\n&#8211; Trilogy Generations &#8211; Blue Parallel &#8211; \/299<br \/>\n&#8211; Trilogy Generations &#8211; Green Parallel &#8211; \/75<br \/>\n&#8211; Trilogy Generations &#8211; Pink Parallel &#8211; \/10<\/p>\n<p><b>Base set and parallel cards:<\/b><\/p>\n<p>&#8211; Base Set (1-100) &#8211; 2:1<br \/>\n&#8211; Base Set &#8211; Purple Parallel &#8211; 1\/1<br \/>\n&#8211; Base Set Common &#8211; Red Parallel &#8211; \/499<br \/>\n&#8211; Base Set Common &#8211; Blue Parallel &#8211; \/199<br \/>\n&#8211; Base Set Common &#8211; Green Parallel &#8211; \/99<br \/>\n&#8211; Base Set Uncommon &#8211; Red Parallel &#8211; \/299<br \/>\n&#8211; Base Set Uncommon &#8211; Blue Parallel &#8211; \/99<br \/>\n&#8211; Base Set Uncommon &#8211; Green Parallel &#8211; \/25<br \/>\n&#8211; Base Set Rare &#8211; Red Parallel &#8211; \/149<br \/>\n&#8211; Base Set Rare &#8211; Blue Parallel &#8211; \/25<br \/>\n&#8211; Base Set Rare &#8211; Green Parallel &#8211; \/10<br \/>\n&#8211; Base Set Common Rookies (101-150) &#8211; \/999<br \/>\n&#8211; Base Set Common Rookies &#8211; Red Parallel &#8211; \/299<br \/>\n&#8211; Base Set Common Rookies &#8211; Blue Parallel &#8211; \/199<br \/>\n&#8211; Base Set Common Rookies &#8211; Green Parallel &#8211; \/99<br \/>\n&#8211; Base Set Common Rookies &#8211; Purple Parallel &#8211; 1\/1<br \/>\n&#8211; Base Set Uncommon Rookies (151-200) &#8211; \/699<br \/>\n&#8211; Base Set Uncommon Rookies &#8211; Red Parallel &#8211; \/149<br \/>\n&#8211; Base Set Uncommon Rookies &#8211; Blue Parallel &#8211; \/99<br \/>\n&#8211; Base Set Uncommon Rookies &#8211; Green Parallel &#8211; \/25<br \/>\n&#8211; Base Set Rare Rookies (201-250) &#8211; \/299<br \/>\n&#8211; Base Set Rare Rookies &#8211; Red Parallel &#8211; \/49<br \/>\n&#8211; Base Set Rare Rookies &#8211; Blue Parallel &#8211; \/25<br \/>\n&#8211; Base Set Rare Rookies &#8211; Green Parallel &#8211; \/10<\/p>\n<p>&nbsp;<\/p>\n","protected":false},"excerpt":{"rendered":"<p><strong>Box Contents<\/strong><br \/>\n6 packs per box, 4 cards per pack<\/p>\n","protected":false},"featured_media":5978,"template":"","meta":[],"product_brand":[],"product_cat":[266,293],"product_tag":[267],"class_list":{"0":"post-5972","1":"product","2":"type-product","3":"status-publish","4":"has-post-thumbnail","6":"product_cat-boxes","7":"product_cat-2022-23-boxes","8":"product_tag-upper-deck","10":"first","11":"instock","12":"taxable","13":"shipping-taxable","14":"purchasable","15":"product-type-simple"},"yoast_head":"<!-- This site is optimized with the Yoast SEO plugin v17.7.1 - https:\/\/yoast.com\/wordpress\/plugins\/seo\/ -->\n<title>2022-23 Upper Deck Trilogy Hockey Hobby Box - 2MK Hokejov\u00e9 Karty<\/title>\n<meta name=\"robots\" content=\"index, follow, max-snippet:-1, max-image-preview:large, max-video-preview:-1\" \/>\n<link rel=\"canonical\" href=\"https:\/\/www.2mkhokejovekarty.sk\/en\/produkt\/2022-23-upper-deck-trilogy-hockey-hobby-box\/\" \/>\n<meta property=\"og:locale\" content=\"en_US\" \/>\n<meta property=\"og:type\" content=\"article\" \/>\n<meta property=\"og:title\" content=\"2022-23 Upper Deck Trilogy Hockey Hobby Box - 2MK Hokejov\u00e9 Karty\" \/>\n<meta property=\"og:description\" content=\"Box Contents 6 packs per box, 4 cards per pack\" \/>\n<meta property=\"og:url\" content=\"https:\/\/www.2mkhokejovekarty.sk\/en\/produkt\/2022-23-upper-deck-trilogy-hockey-hobby-box\/\" \/>\n<meta property=\"og:site_name\" content=\"2MK Hokejov\u00e9 Karty\" \/>\n<meta property=\"article:publisher\" content=\"https:\/\/www.facebook.com\/2MK-hokejov%c3%a9-karty-106293018483710\" \/>\n<meta property=\"og:image\" content=\"https:\/\/www.2mkhokejovekarty.sk\/wp-content\/uploads\/2023\/05\/2022-23_Trilogy_hobby_box.jpeg\" \/>\n\t<meta property=\"og:image:width\" content=\"1080\" \/>\n\t<meta property=\"og:image:height\" content=\"1080\" \/>\n<meta name=\"twitter:card\" content=\"summary_large_image\" \/>\n<meta name=\"twitter:label1\" content=\"Est. reading time\" \/>\n\t<meta name=\"twitter:data1\" content=\"5 minutes\" \/>\n<script type=\"application\/ld+json\" class=\"yoast-schema-graph\">{\"@context\":\"https:\/\/schema.org\",\"@graph\":[{\"@type\":\"Organization\",\"@id\":\"https:\/\/www.2mkhokejovekarty.sk\/en\/#organization\",\"name\":\"2MK Hockey Cards\",\"url\":\"https:\/\/www.2mkhokejovekarty.sk\/en\/\",\"sameAs\":[\"https:\/\/www.facebook.com\/2MK-hokejov\\u00e9-karty-106293018483710\"],\"logo\":{\"@type\":\"ImageObject\",\"@id\":\"https:\/\/www.2mkhokejovekarty.sk\/en\/#logo\",\"inLanguage\":\"en-US\",\"url\":\"https:\/\/www.2mkhokejovekarty.sk\/wp-content\/uploads\/2021\/12\/2MK-logo-org.jpg\",\"contentUrl\":\"https:\/\/www.2mkhokejovekarty.sk\/wp-content\/uploads\/2021\/12\/2MK-logo-org.jpg\",\"width\":300,\"height\":200,\"caption\":\"2MK Hockey Cards\"},\"image\":{\"@id\":\"https:\/\/www.2mkhokejovekarty.sk\/en\/#logo\"}},{\"@type\":\"WebSite\",\"@id\":\"https:\/\/www.2mkhokejovekarty.sk\/en\/#website\",\"url\":\"https:\/\/www.2mkhokejovekarty.sk\/en\/\",\"name\":\"2MK Hokejov\\u00e9 Karty\",\"description\":\"Str\\u00e1nka ur\\u010den\\u00e1 pre zberate\\u013eov hokejov\\u00fdch kariet\",\"publisher\":{\"@id\":\"https:\/\/www.2mkhokejovekarty.sk\/en\/#organization\"},\"potentialAction\":[{\"@type\":\"SearchAction\",\"target\":{\"@type\":\"EntryPoint\",\"urlTemplate\":\"https:\/\/www.2mkhokejovekarty.sk\/en\/?s={search_term_string}\"},\"query-input\":\"required name=search_term_string\"}],\"inLanguage\":\"en-US\"},{\"@type\":\"ImageObject\",\"@id\":\"https:\/\/www.2mkhokejovekarty.sk\/en\/produkt\/2022-23-upper-deck-trilogy-hockey-hobby-box\/#primaryimage\",\"inLanguage\":\"en-US\",\"url\":\"https:\/\/www.2mkhokejovekarty.sk\/wp-content\/uploads\/2023\/05\/2022-23_Trilogy_hobby_box.jpeg\",\"contentUrl\":\"https:\/\/www.2mkhokejovekarty.sk\/wp-content\/uploads\/2023\/05\/2022-23_Trilogy_hobby_box.jpeg\",\"width\":1080,\"height\":1080},{\"@type\":\"WebPage\",\"@id\":\"https:\/\/www.2mkhokejovekarty.sk\/en\/produkt\/2022-23-upper-deck-trilogy-hockey-hobby-box\/#webpage\",\"url\":\"https:\/\/www.2mkhokejovekarty.sk\/en\/produkt\/2022-23-upper-deck-trilogy-hockey-hobby-box\/\",\"name\":\"2022-23 Upper Deck Trilogy Hockey Hobby Box - 2MK Hokejov\\u00e9 Karty\",\"isPartOf\":{\"@id\":\"https:\/\/www.2mkhokejovekarty.sk\/en\/#website\"},\"primaryImageOfPage\":{\"@id\":\"https:\/\/www.2mkhokejovekarty.sk\/en\/produkt\/2022-23-upper-deck-trilogy-hockey-hobby-box\/#primaryimage\"},\"datePublished\":\"2023-05-19T17:53:54+00:00\",\"dateModified\":\"2023-05-19T17:53:54+00:00\",\"breadcrumb\":{\"@id\":\"https:\/\/www.2mkhokejovekarty.sk\/en\/produkt\/2022-23-upper-deck-trilogy-hockey-hobby-box\/#breadcrumb\"},\"inLanguage\":\"en-US\",\"potentialAction\":[{\"@type\":\"ReadAction\",\"target\":[\"https:\/\/www.2mkhokejovekarty.sk\/en\/produkt\/2022-23-upper-deck-trilogy-hockey-hobby-box\/\"]}]},{\"@type\":\"BreadcrumbList\",\"@id\":\"https:\/\/www.2mkhokejovekarty.sk\/en\/produkt\/2022-23-upper-deck-trilogy-hockey-hobby-box\/#breadcrumb\",\"itemListElement\":[{\"@type\":\"ListItem\",\"position\":1,\"name\":\"Home\",\"item\":\"https:\/\/www.2mkhokejovekarty.sk\/en\/\"},{\"@type\":\"ListItem\",\"position\":2,\"name\":\"Shop\",\"item\":\"https:\/\/www.2mkhokejovekarty.sk\/en\/shop\/\"},{\"@type\":\"ListItem\",\"position\":3,\"name\":\"2022-23 Upper Deck Trilogy Hockey Hobby Box\"}]}]}<\/script>\n<!-- \/ Yoast SEO plugin. -->","yoast_head_json":{"title":"2022-23 Upper Deck Trilogy Hockey Hobby Box - 2MK Hokejov\u00e9 Karty","robots":{"index":"index","follow":"follow","max-snippet":"max-snippet:-1","max-image-preview":"max-image-preview:large","max-video-preview":"max-video-preview:-1"},"canonical":"https:\/\/www.2mkhokejovekarty.sk\/en\/produkt\/2022-23-upper-deck-trilogy-hockey-hobby-box\/","og_locale":"en_US","og_type":"article","og_title":"2022-23 Upper Deck Trilogy Hockey Hobby Box - 2MK Hokejov\u00e9 Karty","og_description":"Box Contents 6 packs per box, 4 cards per pack","og_url":"https:\/\/www.2mkhokejovekarty.sk\/en\/produkt\/2022-23-upper-deck-trilogy-hockey-hobby-box\/","og_site_name":"2MK Hokejov\u00e9 Karty","article_publisher":"https:\/\/www.facebook.com\/2MK-hokejov%c3%a9-karty-106293018483710","og_image":[{"width":1080,"height":1080,"url":"https:\/\/www.2mkhokejovekarty.sk\/wp-content\/uploads\/2023\/05\/2022-23_Trilogy_hobby_box.jpeg","type":"image\/jpeg"}],"twitter_card":"summary_large_image","twitter_misc":{"Est. reading time":"5 minutes"},"schema":{"@context":"https:\/\/schema.org","@graph":[{"@type":"Organization","@id":"https:\/\/www.2mkhokejovekarty.sk\/en\/#organization","name":"2MK Hockey Cards","url":"https:\/\/www.2mkhokejovekarty.sk\/en\/","sameAs":["https:\/\/www.facebook.com\/2MK-hokejov\u00e9-karty-106293018483710"],"logo":{"@type":"ImageObject","@id":"https:\/\/www.2mkhokejovekarty.sk\/en\/#logo","inLanguage":"en-US","url":"https:\/\/www.2mkhokejovekarty.sk\/wp-content\/uploads\/2021\/12\/2MK-logo-org.jpg","contentUrl":"https:\/\/www.2mkhokejovekarty.sk\/wp-content\/uploads\/2021\/12\/2MK-logo-org.jpg","width":300,"height":200,"caption":"2MK Hockey Cards"},"image":{"@id":"https:\/\/www.2mkhokejovekarty.sk\/en\/#logo"}},{"@type":"WebSite","@id":"https:\/\/www.2mkhokejovekarty.sk\/en\/#website","url":"https:\/\/www.2mkhokejovekarty.sk\/en\/","name":"2MK Hokejov\u00e9 Karty","description":"Str\u00e1nka ur\u010den\u00e1 pre zberate\u013eov hokejov\u00fdch kariet","publisher":{"@id":"https:\/\/www.2mkhokejovekarty.sk\/en\/#organization"},"potentialAction":[{"@type":"SearchAction","target":{"@type":"EntryPoint","urlTemplate":"https:\/\/www.2mkhokejovekarty.sk\/en\/?s={search_term_string}"},"query-input":"required name=search_term_string"}],"inLanguage":"en-US"},{"@type":"ImageObject","@id":"https:\/\/www.2mkhokejovekarty.sk\/en\/produkt\/2022-23-upper-deck-trilogy-hockey-hobby-box\/#primaryimage","inLanguage":"en-US","url":"https:\/\/www.2mkhokejovekarty.sk\/wp-content\/uploads\/2023\/05\/2022-23_Trilogy_hobby_box.jpeg","contentUrl":"https:\/\/www.2mkhokejovekarty.sk\/wp-content\/uploads\/2023\/05\/2022-23_Trilogy_hobby_box.jpeg","width":1080,"height":1080},{"@type":"WebPage","@id":"https:\/\/www.2mkhokejovekarty.sk\/en\/produkt\/2022-23-upper-deck-trilogy-hockey-hobby-box\/#webpage","url":"https:\/\/www.2mkhokejovekarty.sk\/en\/produkt\/2022-23-upper-deck-trilogy-hockey-hobby-box\/","name":"2022-23 Upper Deck Trilogy Hockey Hobby Box - 2MK Hokejov\u00e9 Karty","isPartOf":{"@id":"https:\/\/www.2mkhokejovekarty.sk\/en\/#website"},"primaryImageOfPage":{"@id":"https:\/\/www.2mkhokejovekarty.sk\/en\/produkt\/2022-23-upper-deck-trilogy-hockey-hobby-box\/#primaryimage"},"datePublished":"2023-05-19T17:53:54+00:00","dateModified":"2023-05-19T17:53:54+00:00","breadcrumb":{"@id":"https:\/\/www.2mkhokejovekarty.sk\/en\/produkt\/2022-23-upper-deck-trilogy-hockey-hobby-box\/#breadcrumb"},"inLanguage":"en-US","potentialAction":[{"@type":"ReadAction","target":["https:\/\/www.2mkhokejovekarty.sk\/en\/produkt\/2022-23-upper-deck-trilogy-hockey-hobby-box\/"]}]},{"@type":"BreadcrumbList","@id":"https:\/\/www.2mkhokejovekarty.sk\/en\/produkt\/2022-23-upper-deck-trilogy-hockey-hobby-box\/#breadcrumb","itemListElement":[{"@type":"ListItem","position":1,"name":"Home","item":"https:\/\/www.2mkhokejovekarty.sk\/en\/"},{"@type":"ListItem","position":2,"name":"Shop","item":"https:\/\/www.2mkhokejovekarty.sk\/en\/shop\/"},{"@type":"ListItem","position":3,"name":"2022-23 Upper Deck Trilogy Hockey Hobby Box"}]}]}},"_links":{"self":[{"href":"https:\/\/www.2mkhokejovekarty.sk\/en\/wp-json\/wp\/v2\/product\/5972","targetHints":{"allow":["GET"]}}],"collection":[{"href":"https:\/\/www.2mkhokejovekarty.sk\/en\/wp-json\/wp\/v2\/product"}],"about":[{"href":"https:\/\/www.2mkhokejovekarty.sk\/en\/wp-json\/wp\/v2\/types\/product"}],"version-history":[{"count":0,"href":"https:\/\/www.2mkhokejovekarty.sk\/en\/wp-json\/wp\/v2\/product\/5972\/revisions"}],"wp:featuredmedia":[{"embeddable":true,"href":"https:\/\/www.2mkhokejovekarty.sk\/en\/wp-json\/wp\/v2\/media\/5978"}],"wp:attachment":[{"href":"https:\/\/www.2mkhokejovekarty.sk\/en\/wp-json\/wp\/v2\/media?parent=5972"}],"wp:term":[{"taxonomy":"product_brand","embeddable":true,"href":"https:\/\/www.2mkhokejovekarty.sk\/en\/wp-json\/wp\/v2\/product_brand?post=5972"},{"taxonomy":"product_cat","embeddable":true,"href":"https:\/\/www.2mkhokejovekarty.sk\/en\/wp-json\/wp\/v2\/product_cat?post=5972"},{"taxonomy":"product_tag","embeddable":true,"href":"https:\/\/www.2mkhokejovekarty.sk\/en\/wp-json\/wp\/v2\/product_tag?post=5972"}],"curies":[{"name":"wp","href":"https:\/\/api.w.org\/{rel}","templated":true}]}}