{"id":5959,"date":"2023-06-04T18:55:58","date_gmt":"2023-06-04T16:55:58","guid":{"rendered":"https:\/\/www.2mkhokejovekarty.sk\/produkt\/2022-23-upper-deck-extended-series-hockey-hobby-box\/"},"modified":"2023-06-04T18:55:58","modified_gmt":"2023-06-04T16:55:58","slug":"2022-23-upper-deck-extended-series-hockey-hobby-box","status":"publish","type":"product","link":"https:\/\/www.2mkhokejovekarty.sk\/en\/produkt\/2022-23-upper-deck-extended-series-hockey-hobby-box\/","title":{"rendered":"2022-23 Upper Deck Extended Series Hockey Hobby Box"},"content":{"rendered":"\n\t\t<style type=\"text\/css\">\n\t\t\t#gallery-1 {\n\t\t\t\tmargin: auto;\n\t\t\t}\n\t\t\t#gallery-1 .gallery-item {\n\t\t\t\tfloat: left;\n\t\t\t\tmargin-top: 10px;\n\t\t\t\ttext-align: center;\n\t\t\t\twidth: 20%;\n\t\t\t}\n\t\t\t#gallery-1 img {\n\t\t\t\tborder: 2px solid #cfcfcf;\n\t\t\t}\n\t\t\t#gallery-1 .gallery-caption {\n\t\t\t\tmargin-left: 0;\n\t\t\t}\n\t\t\t\/* see gallery_shortcode() in wp-includes\/media.php *\/\n\t\t<\/style>\n\t\t<div id='gallery-1' class='gallery galleryid-5959 gallery-columns-5 gallery-size-medium'><dl class='gallery-item'>\n\t\t\t<dt class='gallery-icon landscape'>\n\t\t\t\t<a href='https:\/\/www.2mkhokejovekarty.sk\/wp-content\/uploads\/2023\/06\/2022-23_upper_deck_extended_series_hobby_1.webp'><img decoding=\"async\" width=\"300\" height=\"225\" src=\"https:\/\/www.2mkhokejovekarty.sk\/wp-content\/uploads\/2023\/06\/2022-23_upper_deck_extended_series_hobby_1-300x225.webp\" class=\"attachment-medium size-medium\" alt=\"\" srcset=\"https:\/\/www.2mkhokejovekarty.sk\/wp-content\/uploads\/2023\/06\/2022-23_upper_deck_extended_series_hobby_1-300x225.webp 300w, https:\/\/www.2mkhokejovekarty.sk\/wp-content\/uploads\/2023\/06\/2022-23_upper_deck_extended_series_hobby_1-1024x768.webp 1024w, https:\/\/www.2mkhokejovekarty.sk\/wp-content\/uploads\/2023\/06\/2022-23_upper_deck_extended_series_hobby_1-768x576.webp 768w, https:\/\/www.2mkhokejovekarty.sk\/wp-content\/uploads\/2023\/06\/2022-23_upper_deck_extended_series_hobby_1-1536x1152.webp 1536w, https:\/\/www.2mkhokejovekarty.sk\/wp-content\/uploads\/2023\/06\/2022-23_upper_deck_extended_series_hobby_1-1200x900.webp 1200w, https:\/\/www.2mkhokejovekarty.sk\/wp-content\/uploads\/2023\/06\/2022-23_upper_deck_extended_series_hobby_1-150x113.webp 150w, https:\/\/www.2mkhokejovekarty.sk\/wp-content\/uploads\/2023\/06\/2022-23_upper_deck_extended_series_hobby_1.webp 1800w\" sizes=\"(max-width: 300px) 100vw, 300px\" \/><\/a>\n\t\t\t<\/dt><\/dl><dl class='gallery-item'>\n\t\t\t<dt class='gallery-icon landscape'>\n\t\t\t\t<a href='https:\/\/www.2mkhokejovekarty.sk\/wp-content\/uploads\/2023\/06\/2022-23_upper_deck_extended_series_hobby_2.webp'><img decoding=\"async\" width=\"300\" height=\"225\" src=\"https:\/\/www.2mkhokejovekarty.sk\/wp-content\/uploads\/2023\/06\/2022-23_upper_deck_extended_series_hobby_2-300x225.webp\" class=\"attachment-medium size-medium\" alt=\"\" srcset=\"https:\/\/www.2mkhokejovekarty.sk\/wp-content\/uploads\/2023\/06\/2022-23_upper_deck_extended_series_hobby_2-300x225.webp 300w, https:\/\/www.2mkhokejovekarty.sk\/wp-content\/uploads\/2023\/06\/2022-23_upper_deck_extended_series_hobby_2-1024x768.webp 1024w, https:\/\/www.2mkhokejovekarty.sk\/wp-content\/uploads\/2023\/06\/2022-23_upper_deck_extended_series_hobby_2-768x576.webp 768w, https:\/\/www.2mkhokejovekarty.sk\/wp-content\/uploads\/2023\/06\/2022-23_upper_deck_extended_series_hobby_2-1536x1152.webp 1536w, https:\/\/www.2mkhokejovekarty.sk\/wp-content\/uploads\/2023\/06\/2022-23_upper_deck_extended_series_hobby_2-1200x900.webp 1200w, https:\/\/www.2mkhokejovekarty.sk\/wp-content\/uploads\/2023\/06\/2022-23_upper_deck_extended_series_hobby_2-150x113.webp 150w, https:\/\/www.2mkhokejovekarty.sk\/wp-content\/uploads\/2023\/06\/2022-23_upper_deck_extended_series_hobby_2.webp 1800w\" sizes=\"(max-width: 300px) 100vw, 300px\" \/><\/a>\n\t\t\t<\/dt><\/dl><dl class='gallery-item'>\n\t\t\t<dt class='gallery-icon landscape'>\n\t\t\t\t<a href='https:\/\/www.2mkhokejovekarty.sk\/wp-content\/uploads\/2023\/06\/2022-23_upper_deck_extended_series_hobby_3.webp'><img decoding=\"async\" width=\"300\" height=\"225\" src=\"https:\/\/www.2mkhokejovekarty.sk\/wp-content\/uploads\/2023\/06\/2022-23_upper_deck_extended_series_hobby_3-300x225.webp\" class=\"attachment-medium size-medium\" alt=\"\" srcset=\"https:\/\/www.2mkhokejovekarty.sk\/wp-content\/uploads\/2023\/06\/2022-23_upper_deck_extended_series_hobby_3-300x225.webp 300w, https:\/\/www.2mkhokejovekarty.sk\/wp-content\/uploads\/2023\/06\/2022-23_upper_deck_extended_series_hobby_3-1024x768.webp 1024w, https:\/\/www.2mkhokejovekarty.sk\/wp-content\/uploads\/2023\/06\/2022-23_upper_deck_extended_series_hobby_3-768x576.webp 768w, https:\/\/www.2mkhokejovekarty.sk\/wp-content\/uploads\/2023\/06\/2022-23_upper_deck_extended_series_hobby_3-1536x1152.webp 1536w, https:\/\/www.2mkhokejovekarty.sk\/wp-content\/uploads\/2023\/06\/2022-23_upper_deck_extended_series_hobby_3-1200x900.webp 1200w, https:\/\/www.2mkhokejovekarty.sk\/wp-content\/uploads\/2023\/06\/2022-23_upper_deck_extended_series_hobby_3-150x113.webp 150w, https:\/\/www.2mkhokejovekarty.sk\/wp-content\/uploads\/2023\/06\/2022-23_upper_deck_extended_series_hobby_3.webp 1800w\" sizes=\"(max-width: 300px) 100vw, 300px\" \/><\/a>\n\t\t\t<\/dt><\/dl><dl class='gallery-item'>\n\t\t\t<dt class='gallery-icon landscape'>\n\t\t\t\t<a href='https:\/\/www.2mkhokejovekarty.sk\/wp-content\/uploads\/2023\/06\/2022-23_upper_deck_extended_series_hobby_4.webp'><img decoding=\"async\" width=\"300\" height=\"225\" src=\"https:\/\/www.2mkhokejovekarty.sk\/wp-content\/uploads\/2023\/06\/2022-23_upper_deck_extended_series_hobby_4-300x225.webp\" class=\"attachment-medium size-medium\" alt=\"\" srcset=\"https:\/\/www.2mkhokejovekarty.sk\/wp-content\/uploads\/2023\/06\/2022-23_upper_deck_extended_series_hobby_4-300x225.webp 300w, https:\/\/www.2mkhokejovekarty.sk\/wp-content\/uploads\/2023\/06\/2022-23_upper_deck_extended_series_hobby_4-1024x768.webp 1024w, https:\/\/www.2mkhokejovekarty.sk\/wp-content\/uploads\/2023\/06\/2022-23_upper_deck_extended_series_hobby_4-768x576.webp 768w, https:\/\/www.2mkhokejovekarty.sk\/wp-content\/uploads\/2023\/06\/2022-23_upper_deck_extended_series_hobby_4-1536x1152.webp 1536w, https:\/\/www.2mkhokejovekarty.sk\/wp-content\/uploads\/2023\/06\/2022-23_upper_deck_extended_series_hobby_4-1200x900.webp 1200w, https:\/\/www.2mkhokejovekarty.sk\/wp-content\/uploads\/2023\/06\/2022-23_upper_deck_extended_series_hobby_4-150x113.webp 150w, https:\/\/www.2mkhokejovekarty.sk\/wp-content\/uploads\/2023\/06\/2022-23_upper_deck_extended_series_hobby_4.webp 1800w\" sizes=\"(max-width: 300px) 100vw, 300px\" \/><\/a>\n\t\t\t<\/dt><\/dl><dl class='gallery-item'>\n\t\t\t<dt class='gallery-icon landscape'>\n\t\t\t\t<a href='https:\/\/www.2mkhokejovekarty.sk\/wp-content\/uploads\/2023\/06\/2022-23_upper_deck_extended_series_hobby_5.webp'><img decoding=\"async\" width=\"300\" height=\"225\" src=\"https:\/\/www.2mkhokejovekarty.sk\/wp-content\/uploads\/2023\/06\/2022-23_upper_deck_extended_series_hobby_5-300x225.webp\" class=\"attachment-medium size-medium\" alt=\"\" srcset=\"https:\/\/www.2mkhokejovekarty.sk\/wp-content\/uploads\/2023\/06\/2022-23_upper_deck_extended_series_hobby_5-300x225.webp 300w, https:\/\/www.2mkhokejovekarty.sk\/wp-content\/uploads\/2023\/06\/2022-23_upper_deck_extended_series_hobby_5-1024x768.webp 1024w, https:\/\/www.2mkhokejovekarty.sk\/wp-content\/uploads\/2023\/06\/2022-23_upper_deck_extended_series_hobby_5-768x576.webp 768w, https:\/\/www.2mkhokejovekarty.sk\/wp-content\/uploads\/2023\/06\/2022-23_upper_deck_extended_series_hobby_5-1536x1152.webp 1536w, https:\/\/www.2mkhokejovekarty.sk\/wp-content\/uploads\/2023\/06\/2022-23_upper_deck_extended_series_hobby_5-1200x900.webp 1200w, https:\/\/www.2mkhokejovekarty.sk\/wp-content\/uploads\/2023\/06\/2022-23_upper_deck_extended_series_hobby_5-150x113.webp 150w, https:\/\/www.2mkhokejovekarty.sk\/wp-content\/uploads\/2023\/06\/2022-23_upper_deck_extended_series_hobby_5.webp 1800w\" sizes=\"(max-width: 300px) 100vw, 300px\" \/><\/a>\n\t\t\t<\/dt><\/dl><br style=\"clear: both\" \/>\n\t\t<\/div>\n\n<p class=\"product-subset\"><strong>2022-23 Upper Deck Extended Series Hockey Hobby Box<\/strong><\/p>\n<p><strong>EACH BOX CONTAINS:<\/strong><\/p>\n<p>&#8211; 6x Young Guns\/1st Round Rookies card<br \/>\n&#8211; 4x UD Canvas card<br \/>\n&#8211; 4x 2007-08 Upper Deck Retro Insert card<br \/>\n&#8211; 2x 2006-07 Black Diamond Retros card<br \/>\n&#8211; 2x limited and\/or higher value card<br \/>\n&#8211; 1x French Parallel card<br \/>\n&#8211; 1x Clear Dominance, or Smooth Grooves PETG Insert card<br \/>\n&#8211; 1x 1997 Collectors Choice Commemorative Insert card, 1997-98 SPx Retro Sky Blue Insert card, 1999 History Class Insert card, Dazzlers Blue card<\/p>\n<p><b>PRODUCT INCLUDES:<\/b><\/p>\n<p><b>Rookie cards and parallel cards:<\/b><\/p>\n<p>&#8211;  <strong>NEW &#8211;<\/strong> 1997 Collectors Choice Commemorative &#8211; Tier 3 &#8211; 1:144<br \/>\n&#8211;  <strong>NEW &#8211;<\/strong> 1997-98 SPx Rookies &#8211; Sky Blue &#8211; 1:40<br \/>\n&#8211;  <strong>NEW &#8211;<\/strong> 1997-98 SPx Rookies &#8211; Bronze Parallel &#8211; \/250<br \/>\n&#8211;  <strong>NEW &#8211;<\/strong> 1997-98 SPx Rookies &#8211; Gold Parallel &#8211; \/50<br \/>\n&#8211;  <strong>NEW &#8211;<\/strong> 1999 History Class Rookies &#8211; 1:60<br \/>\n&#8211;  <strong>NEW &#8211;<\/strong> 1999 History Class Rookies &#8211; Level 1 &#8211; \/100<br \/>\n&#8211;  <strong>NEW &#8211; <\/strong>1999 History Class Rookies &#8211; Level 2 &#8211; \/25<br \/>\n&#8211;  <strong>NEW &#8211;<\/strong> 2006-07 Black Diamond Rookie Retros &#8211; 1 Star &#8211; 1:58<br \/>\n&#8211;  <strong>NEW &#8211;<\/strong> 2006-07 Black Diamond Rookie Retros &#8211; 2 Star &#8211; 1:86<br \/>\n&#8211;  <strong>NEW &#8211;<\/strong> 2006-07 Black Diamond Rookie Retros &#8211; 3 Star &#8211; 1:100<br \/>\n&#8211;  <strong>NEW &#8211;<\/strong> 2006-07 Black Diamond Rookie Retros &#8211; 4 Star &#8211; 1:400<br \/>\n&#8211;  <strong>NEW &#8211;<\/strong> 2006-07 Black Diamond Rookie Retros &#8211; Emerald Auto Parallel &#8211; \/25<br \/>\n&#8211;  <strong>NEW &#8211;<\/strong> 2006-07 Black Diamond Rookie Retros &#8211; Ruby Parallel &#8211; \/100<br \/>\n&#8211;  <strong>NEW &#8211;<\/strong> 2007-08 Upper Deck Young Guns Retro &#8211; 1:24<br \/>\n&#8211;  <strong>NEW &#8211;<\/strong> 2007-08 Upper Deck Young Guns Retro &#8211; Exclusives Parallel &#8211; \/100<br \/>\n&#8211;  <strong>NEW &#8211;<\/strong> 2007-08 Upper Deck Young Guns Retro &#8211; High Gloss Parallel &#8211; \/10<br \/>\n&#8211;  <strong>NEW &#8211;<\/strong> 2007-08 Upper Deck Young Guns Retro &#8211; Printing Plates &#8211; N\/A<br \/>\n&#8211; Base Set Young Guns\/1st Round Rookies (701-750) &#8211; 1:4<br \/>\n&#8211; Base Set Young Guns\/1st Round Rookies &#8211; Exclusives Parallel &#8211; \/100<br \/>\n&#8211; Base Set Young Guns\/1st Round Rookies &#8211; High Gloss Parallel &#8211; \/100<br \/>\n&#8211; Base Set Young Guns\/1st Round Rookies &#8211; Clear Cut Parallel &#8211; 1:288<br \/>\n&#8211; Base Set Young Guns\/1st Round Rookies &#8211; French Parallel &#8211; 1:120<br \/>\n&#8211;  <strong>NEW &#8211;<\/strong> Black Diamond Dominance Rookies &#8211; \/1000<br \/>\n&#8211;  <strong>NEW &#8211;<\/strong> Black Diamond Dominance Rookies &#8211; Emerald Parallel &#8211; \/100<br \/>\n&#8211; HoloGrFX &#8211; 1:120<br \/>\n&#8211; HoloGrFX &#8211; Gold Parallel &#8211; 1:240<br \/>\n&#8211; UD Canvas Young Guns (361-390) &#8211; 1:48<br \/>\n&#8211;  <strong>Hobby exclusive &#8211;<\/strong> UD Canvas Young Guns &#8211; Black &amp; White Variation &#8211; 1:270<br \/>\n&#8211; UD Canvas Young Guns Printing Plates<\/p>\n<p><b>Insert cards and parallel cards:<\/b><\/p>\n<p>&#8211;  <strong>NEW &#8211;<\/strong> 1997 Collectors Choice Commemorative (Tier 1) &#8211; 1:48<br \/>\n&#8211;  <strong>NEW &#8211;<\/strong> 1997 Collectors Choice Commemorative (Tier 2) &#8211; 1:72<br \/>\n&#8211;  <strong>NEW &#8211;<\/strong> 1997-98 SPx &#8211; Sky Blue &#8211; 1:60<br \/>\n&#8211;  <strong>NEW &#8211;<\/strong> 1997-98 SPx &#8211; Bronze Parallel &#8211; \/250<br \/>\n&#8211;  <strong>NEW &#8211;<\/strong> 1997-98 SPx &#8211; Gold Parallel &#8211; \/50<br \/>\n&#8211;  <strong>NEW &#8211;<\/strong> 1999 History Class &#8211; 1:40<br \/>\n&#8211;  <strong>NEW &#8211;<\/strong> 1999 History Class (Level 1) &#8211; \/100<br \/>\n&#8211;  <strong>NEW &#8211;<\/strong> 1999 History Class (Level 2) &#8211; \/25<br \/>\n&#8211;  <strong>NEW &#8211;<\/strong> 2006-07 Black Diamond Retros &#8211; 1 Star &#8211; 1:58<br \/>\n&#8211;  <strong>NEW &#8211;<\/strong> 2006-07 Black Diamond Retros &#8211; 2 Star &#8211; 1:86<br \/>\n&#8211;  <strong>NEW &#8211;<\/strong> 2006-07 Black Diamond Retros &#8211; 3 Star &#8211; 1:100<br \/>\n&#8211;  <strong>NEW &#8211;<\/strong> 2006-07 Black Diamond Retros &#8211; 4 Star &#8211; 1:400<br \/>\n&#8211;  <strong>NEW &#8211;<\/strong> 2006-07 Black Diamond Retros &#8211; Emerald Auto Parallel &#8211; \/10<br \/>\n&#8211;  <strong>NEW &#8211;<\/strong> 2006-07 Black Diamond Retros &#8211; Ruby Parallel &#8211; \/100<br \/>\n&#8211;  <strong>NEW &#8211;<\/strong> 2006-07 Black Diamond Retros &#8211; Ruby Parallel Printing Plates &#8211; N\/A<br \/>\n&#8211;  <strong>NEW &#8211;<\/strong> 2007-08 Upper Deck Retro &#8211; 1:8<br \/>\n&#8211;  <strong>NEW &#8211;<\/strong> 2007-08 Upper Deck Retro &#8211; Exclusives Parallel &#8211; \/100<br \/>\n&#8211;  <strong>NEW &#8211;<\/strong> 2007-08 Upper Deck Retro &#8211; High Gloss Parallel &#8211; \/10<br \/>\n&#8211;  <strong>NEW &#8211;<\/strong> 2007-08 Upper Deck Retro Printing Plates &#8211; N\/A<br \/>\n&#8211;  <strong>NEW &#8211;<\/strong> Black Diamond Dominance &#8211; \/1000<br \/>\n&#8211;  <strong>NEW &#8211;<\/strong> Black Diamond Dominance &#8211; Emerald Parallel &#8211; \/100<br \/>\n&#8211;  <strong>NEW &#8211;<\/strong> Clear Dominance &#8211; 1:120<br \/>\n&#8211;  <strong>NEW &#8211;<\/strong> Clear Dominance &#8211; Gold Spectrum Parallel &#8211; \/25<br \/>\n&#8211; Day With The Cup &#8211; 1:1000<br \/>\n&#8211; Dazzlers &#8211; Blue (101-150) &#8211; 1:24<br \/>\n&#8211; Dazzlers &#8211; Pink &#8211; 1:144<br \/>\n&#8211;  <strong>NEW &#8211;<\/strong> HoloGrFX &#8211; Future Fame &#8211; 1:504<br \/>\n&#8211;  <strong>NEW &#8211;<\/strong> Smooth Grooves &#8211; 1:30<br \/>\n&#8211;  <strong>NEW &#8211;<\/strong> Smooth Grooves &#8211; Sapphire Parallel &#8211; \/150<br \/>\n&#8211;  <strong>NEW &#8211;<\/strong> Smooth Grooves &#8211; Gold Spectrum Parallel &#8211; \/25<br \/>\n&#8211; UD Canvas (271-360) &#8211; 1:8<br \/>\n&#8211;  <strong>Hobby exclusive &#8211;<\/strong> UD Canvas &#8211; Black &amp; White Variation &#8211; 1:120<br \/>\n&#8211; UD Canvas Printing Plates &#8211; N\/A<br \/>\n&#8211;  <strong>NEW &#8211;<\/strong> UD Canvas Legends (391-405) &#8211; 1:192<br \/>\n&#8211;  <strong>NEW &#8211; Hobby exclusive &#8211;<\/strong> UD Canvas Legends Black &amp; White Variation &#8211; 1:1080<br \/>\n&#8211;  <strong>NEW &#8211;<\/strong> UD Canvas Legends Printing Plates &#8211; N\/A<br \/>\n&#8211;  <strong>NEW &#8211;<\/strong> UD Canvas All-Star Weekend &#8211; 1:192<br \/>\n&#8211;  <strong>NEW &#8211;<\/strong> UD Canvas All-Star Weekend Printing Plates<\/p>\n<p><b>Base set and parallel cards:<\/b><\/p>\n<p>&#8211; Base Set (501-700)<br \/>\n&#8211; Base Set &#8211; Clear Cut Parallel &#8211; 1:192<br \/>\n&#8211; Base Set &#8211; Exclusives Parallel &#8211; \/100<br \/>\n&#8211; Base Set &#8211; French Parallel &#8211; 1:60<br \/>\n&#8211; Base Set &#8211; High Gloss Parallel &#8211; \/10<\/p>\n<p>&nbsp;<\/p>\n<p>&nbsp;<\/p>\n","protected":false},"excerpt":{"rendered":"<p><strong>Box Contents<br \/>\n<\/strong>24 packs per box, 8 cards per pack<\/p>\n","protected":false},"featured_media":5965,"template":"","meta":[],"product_brand":[],"product_cat":[266,293],"product_tag":[267],"class_list":{"0":"post-5959","1":"product","2":"type-product","3":"status-publish","4":"has-post-thumbnail","6":"product_cat-boxes","7":"product_cat-2022-23-boxes","8":"product_tag-upper-deck","10":"first","11":"instock","12":"taxable","13":"shipping-taxable","14":"purchasable","15":"product-type-simple"},"yoast_head":"<!-- This site is optimized with the Yoast SEO plugin v17.7.1 - https:\/\/yoast.com\/wordpress\/plugins\/seo\/ -->\n<title>2022-23 Upper Deck Extended Series Hockey Hobby Box - 2MK Hokejov\u00e9 Karty<\/title>\n<meta name=\"robots\" content=\"index, follow, max-snippet:-1, max-image-preview:large, max-video-preview:-1\" \/>\n<link rel=\"canonical\" href=\"https:\/\/www.2mkhokejovekarty.sk\/en\/produkt\/2022-23-upper-deck-extended-series-hockey-hobby-box\/\" \/>\n<meta property=\"og:locale\" content=\"en_US\" \/>\n<meta property=\"og:type\" content=\"article\" \/>\n<meta property=\"og:title\" content=\"2022-23 Upper Deck Extended Series Hockey Hobby Box - 2MK Hokejov\u00e9 Karty\" \/>\n<meta property=\"og:description\" content=\"Box Contents 24 packs per box, 8 cards per pack\" \/>\n<meta property=\"og:url\" content=\"https:\/\/www.2mkhokejovekarty.sk\/en\/produkt\/2022-23-upper-deck-extended-series-hockey-hobby-box\/\" \/>\n<meta property=\"og:site_name\" content=\"2MK Hokejov\u00e9 Karty\" \/>\n<meta property=\"article:publisher\" content=\"https:\/\/www.facebook.com\/2MK-hokejov%c3%a9-karty-106293018483710\" \/>\n<meta property=\"og:image\" content=\"https:\/\/www.2mkhokejovekarty.sk\/wp-content\/uploads\/2023\/06\/2022-23_upper_deck_extended_series_hobby_box.jpeg\" \/>\n\t<meta property=\"og:image:width\" content=\"1080\" \/>\n\t<meta property=\"og:image:height\" content=\"1080\" \/>\n<meta name=\"twitter:card\" content=\"summary_large_image\" \/>\n<meta name=\"twitter:label1\" content=\"Est. reading time\" \/>\n\t<meta name=\"twitter:data1\" content=\"4 minutes\" \/>\n<script type=\"application\/ld+json\" class=\"yoast-schema-graph\">{\"@context\":\"https:\/\/schema.org\",\"@graph\":[{\"@type\":\"Organization\",\"@id\":\"https:\/\/www.2mkhokejovekarty.sk\/en\/#organization\",\"name\":\"2MK Hockey Cards\",\"url\":\"https:\/\/www.2mkhokejovekarty.sk\/en\/\",\"sameAs\":[\"https:\/\/www.facebook.com\/2MK-hokejov\\u00e9-karty-106293018483710\"],\"logo\":{\"@type\":\"ImageObject\",\"@id\":\"https:\/\/www.2mkhokejovekarty.sk\/en\/#logo\",\"inLanguage\":\"en-US\",\"url\":\"https:\/\/www.2mkhokejovekarty.sk\/wp-content\/uploads\/2021\/12\/2MK-logo-org.jpg\",\"contentUrl\":\"https:\/\/www.2mkhokejovekarty.sk\/wp-content\/uploads\/2021\/12\/2MK-logo-org.jpg\",\"width\":300,\"height\":200,\"caption\":\"2MK Hockey Cards\"},\"image\":{\"@id\":\"https:\/\/www.2mkhokejovekarty.sk\/en\/#logo\"}},{\"@type\":\"WebSite\",\"@id\":\"https:\/\/www.2mkhokejovekarty.sk\/en\/#website\",\"url\":\"https:\/\/www.2mkhokejovekarty.sk\/en\/\",\"name\":\"2MK Hokejov\\u00e9 Karty\",\"description\":\"Str\\u00e1nka ur\\u010den\\u00e1 pre zberate\\u013eov hokejov\\u00fdch kariet\",\"publisher\":{\"@id\":\"https:\/\/www.2mkhokejovekarty.sk\/en\/#organization\"},\"potentialAction\":[{\"@type\":\"SearchAction\",\"target\":{\"@type\":\"EntryPoint\",\"urlTemplate\":\"https:\/\/www.2mkhokejovekarty.sk\/en\/?s={search_term_string}\"},\"query-input\":\"required name=search_term_string\"}],\"inLanguage\":\"en-US\"},{\"@type\":\"ImageObject\",\"@id\":\"https:\/\/www.2mkhokejovekarty.sk\/en\/produkt\/2022-23-upper-deck-extended-series-hockey-hobby-box\/#primaryimage\",\"inLanguage\":\"en-US\",\"url\":\"https:\/\/www.2mkhokejovekarty.sk\/wp-content\/uploads\/2023\/06\/2022-23_upper_deck_extended_series_hobby_box.jpeg\",\"contentUrl\":\"https:\/\/www.2mkhokejovekarty.sk\/wp-content\/uploads\/2023\/06\/2022-23_upper_deck_extended_series_hobby_box.jpeg\",\"width\":1080,\"height\":1080},{\"@type\":\"WebPage\",\"@id\":\"https:\/\/www.2mkhokejovekarty.sk\/en\/produkt\/2022-23-upper-deck-extended-series-hockey-hobby-box\/#webpage\",\"url\":\"https:\/\/www.2mkhokejovekarty.sk\/en\/produkt\/2022-23-upper-deck-extended-series-hockey-hobby-box\/\",\"name\":\"2022-23 Upper Deck Extended Series Hockey Hobby Box - 2MK Hokejov\\u00e9 Karty\",\"isPartOf\":{\"@id\":\"https:\/\/www.2mkhokejovekarty.sk\/en\/#website\"},\"primaryImageOfPage\":{\"@id\":\"https:\/\/www.2mkhokejovekarty.sk\/en\/produkt\/2022-23-upper-deck-extended-series-hockey-hobby-box\/#primaryimage\"},\"datePublished\":\"2023-06-04T16:55:58+00:00\",\"dateModified\":\"2023-06-04T16:55:58+00:00\",\"breadcrumb\":{\"@id\":\"https:\/\/www.2mkhokejovekarty.sk\/en\/produkt\/2022-23-upper-deck-extended-series-hockey-hobby-box\/#breadcrumb\"},\"inLanguage\":\"en-US\",\"potentialAction\":[{\"@type\":\"ReadAction\",\"target\":[\"https:\/\/www.2mkhokejovekarty.sk\/en\/produkt\/2022-23-upper-deck-extended-series-hockey-hobby-box\/\"]}]},{\"@type\":\"BreadcrumbList\",\"@id\":\"https:\/\/www.2mkhokejovekarty.sk\/en\/produkt\/2022-23-upper-deck-extended-series-hockey-hobby-box\/#breadcrumb\",\"itemListElement\":[{\"@type\":\"ListItem\",\"position\":1,\"name\":\"Home\",\"item\":\"https:\/\/www.2mkhokejovekarty.sk\/en\/\"},{\"@type\":\"ListItem\",\"position\":2,\"name\":\"Shop\",\"item\":\"https:\/\/www.2mkhokejovekarty.sk\/en\/shop\/\"},{\"@type\":\"ListItem\",\"position\":3,\"name\":\"2022-23 Upper Deck Extended Series Hockey Hobby Box\"}]}]}<\/script>\n<!-- \/ Yoast SEO plugin. -->","yoast_head_json":{"title":"2022-23 Upper Deck Extended Series Hockey Hobby Box - 2MK Hokejov\u00e9 Karty","robots":{"index":"index","follow":"follow","max-snippet":"max-snippet:-1","max-image-preview":"max-image-preview:large","max-video-preview":"max-video-preview:-1"},"canonical":"https:\/\/www.2mkhokejovekarty.sk\/en\/produkt\/2022-23-upper-deck-extended-series-hockey-hobby-box\/","og_locale":"en_US","og_type":"article","og_title":"2022-23 Upper Deck Extended Series Hockey Hobby Box - 2MK Hokejov\u00e9 Karty","og_description":"Box Contents 24 packs per box, 8 cards per pack","og_url":"https:\/\/www.2mkhokejovekarty.sk\/en\/produkt\/2022-23-upper-deck-extended-series-hockey-hobby-box\/","og_site_name":"2MK Hokejov\u00e9 Karty","article_publisher":"https:\/\/www.facebook.com\/2MK-hokejov%c3%a9-karty-106293018483710","og_image":[{"width":1080,"height":1080,"url":"https:\/\/www.2mkhokejovekarty.sk\/wp-content\/uploads\/2023\/06\/2022-23_upper_deck_extended_series_hobby_box.jpeg","type":"image\/jpeg"}],"twitter_card":"summary_large_image","twitter_misc":{"Est. reading time":"4 minutes"},"schema":{"@context":"https:\/\/schema.org","@graph":[{"@type":"Organization","@id":"https:\/\/www.2mkhokejovekarty.sk\/en\/#organization","name":"2MK Hockey Cards","url":"https:\/\/www.2mkhokejovekarty.sk\/en\/","sameAs":["https:\/\/www.facebook.com\/2MK-hokejov\u00e9-karty-106293018483710"],"logo":{"@type":"ImageObject","@id":"https:\/\/www.2mkhokejovekarty.sk\/en\/#logo","inLanguage":"en-US","url":"https:\/\/www.2mkhokejovekarty.sk\/wp-content\/uploads\/2021\/12\/2MK-logo-org.jpg","contentUrl":"https:\/\/www.2mkhokejovekarty.sk\/wp-content\/uploads\/2021\/12\/2MK-logo-org.jpg","width":300,"height":200,"caption":"2MK Hockey Cards"},"image":{"@id":"https:\/\/www.2mkhokejovekarty.sk\/en\/#logo"}},{"@type":"WebSite","@id":"https:\/\/www.2mkhokejovekarty.sk\/en\/#website","url":"https:\/\/www.2mkhokejovekarty.sk\/en\/","name":"2MK Hokejov\u00e9 Karty","description":"Str\u00e1nka ur\u010den\u00e1 pre zberate\u013eov hokejov\u00fdch kariet","publisher":{"@id":"https:\/\/www.2mkhokejovekarty.sk\/en\/#organization"},"potentialAction":[{"@type":"SearchAction","target":{"@type":"EntryPoint","urlTemplate":"https:\/\/www.2mkhokejovekarty.sk\/en\/?s={search_term_string}"},"query-input":"required name=search_term_string"}],"inLanguage":"en-US"},{"@type":"ImageObject","@id":"https:\/\/www.2mkhokejovekarty.sk\/en\/produkt\/2022-23-upper-deck-extended-series-hockey-hobby-box\/#primaryimage","inLanguage":"en-US","url":"https:\/\/www.2mkhokejovekarty.sk\/wp-content\/uploads\/2023\/06\/2022-23_upper_deck_extended_series_hobby_box.jpeg","contentUrl":"https:\/\/www.2mkhokejovekarty.sk\/wp-content\/uploads\/2023\/06\/2022-23_upper_deck_extended_series_hobby_box.jpeg","width":1080,"height":1080},{"@type":"WebPage","@id":"https:\/\/www.2mkhokejovekarty.sk\/en\/produkt\/2022-23-upper-deck-extended-series-hockey-hobby-box\/#webpage","url":"https:\/\/www.2mkhokejovekarty.sk\/en\/produkt\/2022-23-upper-deck-extended-series-hockey-hobby-box\/","name":"2022-23 Upper Deck Extended Series Hockey Hobby Box - 2MK Hokejov\u00e9 Karty","isPartOf":{"@id":"https:\/\/www.2mkhokejovekarty.sk\/en\/#website"},"primaryImageOfPage":{"@id":"https:\/\/www.2mkhokejovekarty.sk\/en\/produkt\/2022-23-upper-deck-extended-series-hockey-hobby-box\/#primaryimage"},"datePublished":"2023-06-04T16:55:58+00:00","dateModified":"2023-06-04T16:55:58+00:00","breadcrumb":{"@id":"https:\/\/www.2mkhokejovekarty.sk\/en\/produkt\/2022-23-upper-deck-extended-series-hockey-hobby-box\/#breadcrumb"},"inLanguage":"en-US","potentialAction":[{"@type":"ReadAction","target":["https:\/\/www.2mkhokejovekarty.sk\/en\/produkt\/2022-23-upper-deck-extended-series-hockey-hobby-box\/"]}]},{"@type":"BreadcrumbList","@id":"https:\/\/www.2mkhokejovekarty.sk\/en\/produkt\/2022-23-upper-deck-extended-series-hockey-hobby-box\/#breadcrumb","itemListElement":[{"@type":"ListItem","position":1,"name":"Home","item":"https:\/\/www.2mkhokejovekarty.sk\/en\/"},{"@type":"ListItem","position":2,"name":"Shop","item":"https:\/\/www.2mkhokejovekarty.sk\/en\/shop\/"},{"@type":"ListItem","position":3,"name":"2022-23 Upper Deck Extended Series Hockey Hobby Box"}]}]}},"_links":{"self":[{"href":"https:\/\/www.2mkhokejovekarty.sk\/en\/wp-json\/wp\/v2\/product\/5959","targetHints":{"allow":["GET"]}}],"collection":[{"href":"https:\/\/www.2mkhokejovekarty.sk\/en\/wp-json\/wp\/v2\/product"}],"about":[{"href":"https:\/\/www.2mkhokejovekarty.sk\/en\/wp-json\/wp\/v2\/types\/product"}],"version-history":[{"count":0,"href":"https:\/\/www.2mkhokejovekarty.sk\/en\/wp-json\/wp\/v2\/product\/5959\/revisions"}],"wp:featuredmedia":[{"embeddable":true,"href":"https:\/\/www.2mkhokejovekarty.sk\/en\/wp-json\/wp\/v2\/media\/5965"}],"wp:attachment":[{"href":"https:\/\/www.2mkhokejovekarty.sk\/en\/wp-json\/wp\/v2\/media?parent=5959"}],"wp:term":[{"taxonomy":"product_brand","embeddable":true,"href":"https:\/\/www.2mkhokejovekarty.sk\/en\/wp-json\/wp\/v2\/product_brand?post=5959"},{"taxonomy":"product_cat","embeddable":true,"href":"https:\/\/www.2mkhokejovekarty.sk\/en\/wp-json\/wp\/v2\/product_cat?post=5959"},{"taxonomy":"product_tag","embeddable":true,"href":"https:\/\/www.2mkhokejovekarty.sk\/en\/wp-json\/wp\/v2\/product_tag?post=5959"}],"curies":[{"name":"wp","href":"https:\/\/api.w.org\/{rel}","templated":true}]}}