{"id":5915,"date":"2023-06-26T23:16:49","date_gmt":"2023-06-26T21:16:49","guid":{"rendered":"https:\/\/www.2mkhokejovekarty.sk\/produkt\/2022-23-upper-deck-synergy-hockey-hobby-box\/"},"modified":"2023-06-26T23:16:49","modified_gmt":"2023-06-26T21:16:49","slug":"2022-23-upper-deck-synergy-hockey-hobby-box","status":"publish","type":"product","link":"https:\/\/www.2mkhokejovekarty.sk\/en\/produkt\/2022-23-upper-deck-synergy-hockey-hobby-box\/","title":{"rendered":"2022-23 Upper Deck Synergy Hockey Hobby Box"},"content":{"rendered":"\n\t\t<style type=\"text\/css\">\n\t\t\t#gallery-1 {\n\t\t\t\tmargin: auto;\n\t\t\t}\n\t\t\t#gallery-1 .gallery-item {\n\t\t\t\tfloat: left;\n\t\t\t\tmargin-top: 10px;\n\t\t\t\ttext-align: center;\n\t\t\t\twidth: 20%;\n\t\t\t}\n\t\t\t#gallery-1 img {\n\t\t\t\tborder: 2px solid #cfcfcf;\n\t\t\t}\n\t\t\t#gallery-1 .gallery-caption {\n\t\t\t\tmargin-left: 0;\n\t\t\t}\n\t\t\t\/* see gallery_shortcode() in wp-includes\/media.php *\/\n\t\t<\/style>\n\t\t<div id='gallery-1' class='gallery galleryid-5915 gallery-columns-5 gallery-size-medium'><dl class='gallery-item'>\n\t\t\t<dt class='gallery-icon landscape'>\n\t\t\t\t<a href='https:\/\/www.2mkhokejovekarty.sk\/wp-content\/smush-webp\/2023\/06\/2022-23-synergy_1.jpeg.webp'><img decoding=\"async\" width=\"300\" height=\"225\" src=\"https:\/\/www.2mkhokejovekarty.sk\/wp-content\/smush-webp\/2023\/06\/2022-23-synergy_1-300x225.jpeg.webp\" class=\"attachment-medium size-medium\" alt=\"\" srcset=\"https:\/\/www.2mkhokejovekarty.sk\/wp-content\/smush-webp\/2023\/06\/2022-23-synergy_1-300x225.jpeg.webp 300w, https:\/\/www.2mkhokejovekarty.sk\/wp-content\/smush-webp\/2023\/06\/2022-23-synergy_1-1024x768.jpeg.webp 1024w, https:\/\/www.2mkhokejovekarty.sk\/wp-content\/smush-webp\/2023\/06\/2022-23-synergy_1-768x576.jpeg.webp 768w, https:\/\/www.2mkhokejovekarty.sk\/wp-content\/smush-webp\/2023\/06\/2022-23-synergy_1-1200x900.jpeg.webp 1200w, https:\/\/www.2mkhokejovekarty.sk\/wp-content\/smush-webp\/2023\/06\/2022-23-synergy_1-150x113.jpeg.webp 150w, https:\/\/www.2mkhokejovekarty.sk\/wp-content\/smush-webp\/2023\/06\/2022-23-synergy_1.jpeg.webp 1500w\" sizes=\"(max-width: 300px) 100vw, 300px\" \/><\/a>\n\t\t\t<\/dt><\/dl><dl class='gallery-item'>\n\t\t\t<dt class='gallery-icon landscape'>\n\t\t\t\t<a href='https:\/\/www.2mkhokejovekarty.sk\/wp-content\/smush-webp\/2023\/06\/2022-23_synergy_2.jpeg.webp'><img decoding=\"async\" width=\"300\" height=\"225\" src=\"https:\/\/www.2mkhokejovekarty.sk\/wp-content\/smush-webp\/2023\/06\/2022-23_synergy_2-300x225.jpeg.webp\" class=\"attachment-medium size-medium\" alt=\"\" srcset=\"https:\/\/www.2mkhokejovekarty.sk\/wp-content\/smush-webp\/2023\/06\/2022-23_synergy_2-300x225.jpeg.webp 300w, https:\/\/www.2mkhokejovekarty.sk\/wp-content\/smush-webp\/2023\/06\/2022-23_synergy_2-1024x768.jpeg.webp 1024w, https:\/\/www.2mkhokejovekarty.sk\/wp-content\/smush-webp\/2023\/06\/2022-23_synergy_2-768x576.jpeg.webp 768w, https:\/\/www.2mkhokejovekarty.sk\/wp-content\/smush-webp\/2023\/06\/2022-23_synergy_2-1200x900.jpeg.webp 1200w, https:\/\/www.2mkhokejovekarty.sk\/wp-content\/smush-webp\/2023\/06\/2022-23_synergy_2-150x113.jpeg.webp 150w, https:\/\/www.2mkhokejovekarty.sk\/wp-content\/smush-webp\/2023\/06\/2022-23_synergy_2.jpeg.webp 1500w\" sizes=\"(max-width: 300px) 100vw, 300px\" \/><\/a>\n\t\t\t<\/dt><\/dl><dl class='gallery-item'>\n\t\t\t<dt class='gallery-icon landscape'>\n\t\t\t\t<a href='https:\/\/www.2mkhokejovekarty.sk\/wp-content\/smush-webp\/2023\/06\/2022-23_synergy_3.jpeg.webp'><img decoding=\"async\" width=\"300\" height=\"225\" src=\"https:\/\/www.2mkhokejovekarty.sk\/wp-content\/smush-webp\/2023\/06\/2022-23_synergy_3-300x225.jpeg.webp\" class=\"attachment-medium size-medium\" alt=\"\" srcset=\"https:\/\/www.2mkhokejovekarty.sk\/wp-content\/smush-webp\/2023\/06\/2022-23_synergy_3-300x225.jpeg.webp 300w, https:\/\/www.2mkhokejovekarty.sk\/wp-content\/smush-webp\/2023\/06\/2022-23_synergy_3-1024x768.jpeg.webp 1024w, https:\/\/www.2mkhokejovekarty.sk\/wp-content\/smush-webp\/2023\/06\/2022-23_synergy_3-768x576.jpeg.webp 768w, https:\/\/www.2mkhokejovekarty.sk\/wp-content\/smush-webp\/2023\/06\/2022-23_synergy_3-1200x900.jpeg.webp 1200w, https:\/\/www.2mkhokejovekarty.sk\/wp-content\/smush-webp\/2023\/06\/2022-23_synergy_3-150x113.jpeg.webp 150w, https:\/\/www.2mkhokejovekarty.sk\/wp-content\/smush-webp\/2023\/06\/2022-23_synergy_3.jpeg.webp 1500w\" sizes=\"(max-width: 300px) 100vw, 300px\" \/><\/a>\n\t\t\t<\/dt><\/dl><dl class='gallery-item'>\n\t\t\t<dt class='gallery-icon landscape'>\n\t\t\t\t<a href='https:\/\/www.2mkhokejovekarty.sk\/wp-content\/smush-webp\/2023\/06\/2022-23_synergy_4.jpeg.webp'><img decoding=\"async\" width=\"300\" height=\"225\" src=\"https:\/\/www.2mkhokejovekarty.sk\/wp-content\/smush-webp\/2023\/06\/2022-23_synergy_4-300x225.jpeg.webp\" class=\"attachment-medium size-medium\" alt=\"\" srcset=\"https:\/\/www.2mkhokejovekarty.sk\/wp-content\/smush-webp\/2023\/06\/2022-23_synergy_4-300x225.jpeg.webp 300w, https:\/\/www.2mkhokejovekarty.sk\/wp-content\/smush-webp\/2023\/06\/2022-23_synergy_4-1024x768.jpeg.webp 1024w, https:\/\/www.2mkhokejovekarty.sk\/wp-content\/smush-webp\/2023\/06\/2022-23_synergy_4-768x576.jpeg.webp 768w, https:\/\/www.2mkhokejovekarty.sk\/wp-content\/smush-webp\/2023\/06\/2022-23_synergy_4-1200x900.jpeg.webp 1200w, https:\/\/www.2mkhokejovekarty.sk\/wp-content\/smush-webp\/2023\/06\/2022-23_synergy_4-150x113.jpeg.webp 150w, https:\/\/www.2mkhokejovekarty.sk\/wp-content\/smush-webp\/2023\/06\/2022-23_synergy_4.jpeg.webp 1500w\" sizes=\"(max-width: 300px) 100vw, 300px\" \/><\/a>\n\t\t\t<\/dt><\/dl><dl class='gallery-item'>\n\t\t\t<dt class='gallery-icon landscape'>\n\t\t\t\t<a href='https:\/\/www.2mkhokejovekarty.sk\/wp-content\/smush-webp\/2023\/06\/2022-23_synergy_5.jpeg.webp'><img decoding=\"async\" width=\"300\" height=\"225\" src=\"https:\/\/www.2mkhokejovekarty.sk\/wp-content\/smush-webp\/2023\/06\/2022-23_synergy_5-300x225.jpeg.webp\" class=\"attachment-medium size-medium\" alt=\"\" srcset=\"https:\/\/www.2mkhokejovekarty.sk\/wp-content\/smush-webp\/2023\/06\/2022-23_synergy_5-300x225.jpeg.webp 300w, https:\/\/www.2mkhokejovekarty.sk\/wp-content\/smush-webp\/2023\/06\/2022-23_synergy_5-1024x768.jpeg.webp 1024w, https:\/\/www.2mkhokejovekarty.sk\/wp-content\/smush-webp\/2023\/06\/2022-23_synergy_5-768x576.jpeg.webp 768w, https:\/\/www.2mkhokejovekarty.sk\/wp-content\/smush-webp\/2023\/06\/2022-23_synergy_5-1200x900.jpeg.webp 1200w, https:\/\/www.2mkhokejovekarty.sk\/wp-content\/smush-webp\/2023\/06\/2022-23_synergy_5-150x113.jpeg.webp 150w, https:\/\/www.2mkhokejovekarty.sk\/wp-content\/smush-webp\/2023\/06\/2022-23_synergy_5.jpeg.webp 1500w\" sizes=\"(max-width: 300px) 100vw, 300px\" \/><\/a>\n\t\t\t<\/dt><\/dl><br style=\"clear: both\" \/>\n\t\t<\/div>\n\n<p><strong>2022-23 Upper Deck Synergy Hockey Hobby Box<\/strong><\/p>\n<p><strong>EACH BOX CONTAINS:<\/strong><\/p>\n<p>-8x Base Set, Base Set Legends and Base Set Rookies Red parallel card<br \/>\n-5x 2030, Star of the Show and\/or Thrill Rides card<br \/>\n-4x Light Up the Night and Light Up the Night Rookies card<br \/>\n-3x Cranked Up! card<br \/>\n-3x Rookie Journey and\/or Synergistic Duos card<br \/>\n-1x limited Base Set, Base Set Rookies SP &#8211; Red Parallel, signed, or Metal\/Tech card<\/p>\n<p><b>PRODUCT CONTAINS<\/b><\/p>\n<p><b>Signed cards:<\/b><\/p>\n<p>-Base Set &#8211; Purple Auto Parallel (Tier 1) &#8211; \/65<br \/>\n-Base Set &#8211; Purple Auto Parallel (Tier 2) &#8211; \/35<br \/>\n-Base Set &#8211; Purple Auto Parallel (Tier 3) &#8211; \/15<br \/>\n-Base Set Legends &#8211; Purple Auto Parallel (Tier 1) &#8211; \/35<br \/>\n-Base Set Legends &#8211; Purple Auto Parallel (Tier 2) &#8211; \/15<br \/>\n-Base Set Rookies &#8211; Purple Auto Parallel &#8211; 99<br \/>\n-Base Set Rookies SP &#8211; Purple Auto Parallel &#8211; various limitations<br \/>\n-Base Set Rookies SP Auto Portraits &#8211; Red Parallel &#8211; \/25<br \/>\n-Base Set Rookies SP Auto Portraits &#8211; Purple Parallel &#8211; various limitations<br \/>\n-Cast for Greatness Signatures &#8211; \/25<br \/>\n&#8211;<strong>NEW &#8211;<\/strong> Greater Than Signatures &#8211; 1:192<br \/>\n&#8211;<strong>NEW &#8211;<\/strong> Greater Than Signatures &#8211; Orange Parallel &#8211; various limitations<br \/>\n&#8211;<strong>NEW &#8211;<\/strong> Greater Than Signatures &#8211; Blue Parallel &#8211; 1\/1<br \/>\n&#8211;<strong>NEW &#8211;<\/strong> Light Up the Night &#8211; Green Auto Parallel (Tier 1) &#8211; \/99<br \/>\n&#8211;<strong>NEW &#8211;<\/strong> Light Up the Night &#8211; Green Auto Parallel (Tier 2) &#8211; \/49<br \/>\n&#8211;<strong>NEW &#8211;<\/strong> Light Up the Night &#8211; Green Auto Parallel (Tier 3) &#8211; \/25<br \/>\n&#8211;<strong>NEW &#8211;<\/strong> Light Up the Night &#8211; Green Auto Parallel (Tier 4) &#8211; \/10<br \/>\n&#8211;<strong>NEW &#8211;<\/strong> Light Up the Night &#8211; Gold Auto Parallel &#8211; 1\/1<br \/>\n&#8211;<strong>NEW &#8211;<\/strong> Light Up the Night Rookies &#8211; Green Auto Parallel (Tier 1) &#8211; \/149<br \/>\n&#8211;<strong>NEW &#8211;<\/strong> Light Up the Night Rookies &#8211; Green Auto Parallel (Tier 2) &#8211; \/99<br \/>\n&#8211;<strong>NEW &#8211;<\/strong> Light Up the Night Rookies &#8211; Green Auto Parallel (Tier 3) &#8211; \/49<br \/>\n&#8211;<strong>NEW &#8211;<\/strong> Light Up the Night Rookies &#8211; Green Auto Parallel (Tier 4) &#8211; \/25<br \/>\n&#8211;<strong>NEW &#8211;<\/strong> Light Up the Night Rookies &#8211; Gold Auto Parallel &#8211; 1\/1<br \/>\n&#8211;<strong>NEW &#8211;<\/strong> Rink Ink Autographs &#8211; 1:160<br \/>\n&#8211;<strong>NEW &#8211;<\/strong> Rink Ink Autographs &#8211; Orange Parallel &#8211; various limitations<br \/>\n&#8211;<strong>NEW &#8211;<\/strong> Rink Ink Autographs &#8211; Blue Parallel &#8211; 1\/1<br \/>\n&#8211;<strong>NEW &#8211;<\/strong> Rink Ink Rookie Autographs &#8211; 1:96<br \/>\n&#8211;<strong>NEW &#8211;<\/strong> Rink Ink Rookie Autographs &#8211; Orange Parallel &#8211; various limitations<br \/>\n&#8211;<strong>NEW &#8211;<\/strong> Rink Ink Rookie Autographs &#8211; Blue Parallel &#8211; 1\/1<br \/>\n-StarQuest &#8211; Gold Auto Parallel &#8211; \/5<\/p>\n<p><b>Insert Cards:<\/b><\/p>\n<p>&#8211;<strong>NEW &#8211;<\/strong> 2030 &#8211; 1:5<br \/>\n-Cast for Greatness &#8211; 1:56<br \/>\n&#8211;<strong>NEW &#8211;<\/strong> Cranked Up! &#8211; \/899<br \/>\n&#8211;<strong>NEW &#8211;<\/strong> Cranked Up! &#8211; Red Parallel &#8211; \/599<br \/>\n&#8211;<strong>NEW &#8211;<\/strong> Cranked Up! &#8211; Blue Parallel &#8211; \/399<x id=\"gid_8\"><\/x>&#8211;<g id=\"gid_9\">NEW &#8211;<\/g> Cranked Up! &#8211; Purple Parallel &#8211; \/199<br \/>\n&#8211;<strong>NEW &#8211;<\/strong> Cranked Up! &#8211; Green Parallel &#8211; \/99<br \/>\n&#8211;<strong>NEW &#8211;<\/strong> Cranked Up!      &#8211; Pink Parallel &#8211; \/25<br \/>\n&#8211;<strong>NEW &#8211;<\/strong> Cranked Up! &#8211; Black Parallel &#8211; \/10<br \/>\n&#8211;<strong>NEW &#8211;<\/strong> Cranked Up! &#8211; Gold Spectrum Parallel &#8211; 1\/1<br \/>\n&#8211;<strong>NEW &#8211;<\/strong> Light Up the Night &#8211; \/1399<br \/>\n&#8211;<strong>NEW &#8211;<\/strong> Light Up the Night &#8211; Neon Yellow Parallel &#8211; \/799<br \/>\n&#8211;<strong>NEW &#8211;<\/strong> Light Up the Night &#8211; Blue Parallel &#8211; \/449<br \/>\n&#8211;<strong>NEW &#8211;<\/strong> Light Up the Night &#8211; Pink Parallel &#8211; \/299<br \/>\n&#8211;<strong>NEW &#8211;<\/strong> Light Up the Night &#8211; Green Parallel &#8211; \/99<br \/>\n&#8211;<strong>NEW &#8211;<\/strong> Light Up the Night &#8211; Gold Parallel &#8211; 1\/1<br \/>\n&#8211;<strong>NEW &#8211;<\/strong> Light Up the Night Rookies &#8211; Green Parallel &#8211; \/99<br \/>\n&#8211;<strong>NEW &#8211;<\/strong> Light Up the Night Rookies &#8211; Gold Parallel &#8211; 1\/1<br \/>\n-Rookie Journey: Draft &#8211; \/999<br \/>\n-Rookie Journey: Draft &#8211; Red Parallel &#8211; \/599<br \/>\n&#8211;<strong>NEW &#8211;<\/strong> Rookie Journey: Draft &#8211; Green Parallel &#8211; \/399<br \/>\n-Rookie Journey: Draft &#8211; Gold Parallel &#8211; \/149<br \/>\n-Rookie Journey: Away &#8211; \/999<br \/>\n-Rookie Journey: Away &#8211; Red Parallel &#8211; 599<br \/>\n&#8211;<strong>NEW &#8211;<\/strong> Rookie Journey: Away &#8211; Green Parallel &#8211; \/399<br \/>\n-Rookie Journey: Away &#8211; Gold Parallel &#8211; \/149<br \/>\n-Rookie Journey: Home &#8211; \/999<br \/>\n-Rookie Journey: Home &#8211; Red Parallel &#8211; \/599<br \/>\n&#8211;<strong>NEW &#8211;<\/strong> Rookie Journey: Home &#8211; Green Parallel &#8211; \/399<br \/>\n-Rookie Journey: Home &#8211; Gold Parallel &#8211; \/149<br \/>\n-StarQuest &#8211; 1:64<br \/>\n-Star of the Show &#8211; 1:4<br \/>\n-Synergistic Duos: Current Stars &#8211; \/999<br \/>\n-Synergistic Duos: Current Stars &#8211; Red Parallel &#8211; \/599<br \/>\n&#8211;<strong>NEW &#8211;<\/strong> Synergistic Duos: Current Stars &#8211; Green Parallel &#8211; \/399<br \/>\n-Synergistic Duos: Current Stars &#8211; Gold Parallel &#8211; \/149<br \/>\n-Synergistic Duos: Star &amp; Legend &#8211; \/999<br \/>\n-Synergistic Duos: Star &amp; Legend &#8211; Red Parallel &#8211; \/599<br \/>\n&#8211;<strong>NEW &#8211;<\/strong> Synergistic Duos: Star &amp; Legend &#8211; Green Parallel &#8211; \/399<br \/>\n-Synergistic Duos: Star &amp; Legend &#8211; Gold Parallel &#8211; \/149<br \/>\n-Synergistic Duos: Star &amp; Rookie &#8211; \/999<br \/>\n-Synergistic Duos: Star &amp; Rookie &#8211; Red Parallel &#8211; \/599<br \/>\n&#8211;<strong>NEW &#8211;<\/strong> Synergistic Duos: Star &amp; Rookie &#8211; Green Parallel &#8211; \/399<br \/>\n-Synergistic Duos: Star &amp; Rookie &#8211; Gold Parallel &#8211; \/149<br \/>\n&#8211;<strong>NEW &#8211;<\/strong> Thrill Rides &#8211; 1:7<\/p>\n<p><b>Base set and parallel cards:<\/b><\/p>\n<p>-Base Set (1-60) &#8211; \/13<br \/>\n-Base Set &#8211; Purple Parallel &#8211; \/99<br \/>\n-Base Set Legends (61-75) &#8211; \/13<br \/>\n-Base Set Rookies (76-115) &#8211; \/23<br \/>\n-Base Set Rookies &#8211; Purple Parallel &#8211; \/99<br \/>\n-Base Set Rookies SP (116-125) &#8211; \/23<br \/>\n-Base Set Rookies SP &#8211; Purple Parallel &#8211; \/49<br \/>\n-Base Set Rookies SP Portrait &#8211; \/13<\/p>\n<p><b>Bounty cards:<\/b> 50% of these cards contain a scratch-off Bounty code!<\/p>\n<p>-Base Set &#8211; Red Parallel &#8211; 1:2<br \/>\n-Base Set Legends &#8211; Red Parallel &#8211; 1:8<br \/>\n-Base Set Rookies &#8211; Red Parallel &#8211; 1:3<br \/>\n-Base Set Rookies SP &#8211; Red Parallel &#8211; 1:43<\/p>\n","protected":false},"excerpt":{"rendered":"<p><strong>Box contents<\/strong><br \/>\n3 cards per pack, 8 packs per box<\/p>\n","protected":false},"featured_media":5921,"template":"","meta":[],"product_brand":[],"product_cat":[266,293],"product_tag":[267],"class_list":{"0":"post-5915","1":"product","2":"type-product","3":"status-publish","4":"has-post-thumbnail","6":"product_cat-boxes","7":"product_cat-2022-23-boxes","8":"product_tag-upper-deck","10":"first","11":"instock","12":"taxable","13":"shipping-taxable","14":"purchasable","15":"product-type-simple"},"yoast_head":"<!-- This site is optimized with the Yoast SEO plugin v17.7.1 - https:\/\/yoast.com\/wordpress\/plugins\/seo\/ -->\n<title>2022-23 Upper Deck Synergy Hockey Hobby Box - 2MK Hokejov\u00e9 Karty<\/title>\n<meta name=\"robots\" content=\"index, follow, max-snippet:-1, max-image-preview:large, max-video-preview:-1\" \/>\n<link rel=\"canonical\" href=\"https:\/\/www.2mkhokejovekarty.sk\/en\/produkt\/2022-23-upper-deck-synergy-hockey-hobby-box\/\" \/>\n<meta property=\"og:locale\" content=\"en_US\" \/>\n<meta property=\"og:type\" content=\"article\" \/>\n<meta property=\"og:title\" content=\"2022-23 Upper Deck Synergy Hockey Hobby Box - 2MK Hokejov\u00e9 Karty\" \/>\n<meta property=\"og:description\" content=\"Box contents 3 cards per pack, 8 packs per box\" \/>\n<meta property=\"og:url\" content=\"https:\/\/www.2mkhokejovekarty.sk\/en\/produkt\/2022-23-upper-deck-synergy-hockey-hobby-box\/\" \/>\n<meta property=\"og:site_name\" content=\"2MK Hokejov\u00e9 Karty\" \/>\n<meta property=\"article:publisher\" content=\"https:\/\/www.facebook.com\/2MK-hokejov%c3%a9-karty-106293018483710\" \/>\n<meta property=\"og:image\" content=\"https:\/\/www.2mkhokejovekarty.sk\/wp-content\/uploads\/2023\/06\/2022-23_synergy_hobby_box.jpeg\" \/>\n\t<meta property=\"og:image:width\" content=\"1080\" \/>\n\t<meta property=\"og:image:height\" content=\"1080\" \/>\n<meta name=\"twitter:card\" content=\"summary_large_image\" \/>\n<meta name=\"twitter:label1\" content=\"Est. reading time\" \/>\n\t<meta name=\"twitter:data1\" content=\"4 minutes\" \/>\n<script type=\"application\/ld+json\" class=\"yoast-schema-graph\">{\"@context\":\"https:\/\/schema.org\",\"@graph\":[{\"@type\":\"Organization\",\"@id\":\"https:\/\/www.2mkhokejovekarty.sk\/en\/#organization\",\"name\":\"2MK Hockey Cards\",\"url\":\"https:\/\/www.2mkhokejovekarty.sk\/en\/\",\"sameAs\":[\"https:\/\/www.facebook.com\/2MK-hokejov\\u00e9-karty-106293018483710\"],\"logo\":{\"@type\":\"ImageObject\",\"@id\":\"https:\/\/www.2mkhokejovekarty.sk\/en\/#logo\",\"inLanguage\":\"en-US\",\"url\":\"https:\/\/www.2mkhokejovekarty.sk\/wp-content\/uploads\/2021\/12\/2MK-logo-org.jpg\",\"contentUrl\":\"https:\/\/www.2mkhokejovekarty.sk\/wp-content\/uploads\/2021\/12\/2MK-logo-org.jpg\",\"width\":300,\"height\":200,\"caption\":\"2MK Hockey Cards\"},\"image\":{\"@id\":\"https:\/\/www.2mkhokejovekarty.sk\/en\/#logo\"}},{\"@type\":\"WebSite\",\"@id\":\"https:\/\/www.2mkhokejovekarty.sk\/en\/#website\",\"url\":\"https:\/\/www.2mkhokejovekarty.sk\/en\/\",\"name\":\"2MK Hokejov\\u00e9 Karty\",\"description\":\"Str\\u00e1nka ur\\u010den\\u00e1 pre zberate\\u013eov hokejov\\u00fdch kariet\",\"publisher\":{\"@id\":\"https:\/\/www.2mkhokejovekarty.sk\/en\/#organization\"},\"potentialAction\":[{\"@type\":\"SearchAction\",\"target\":{\"@type\":\"EntryPoint\",\"urlTemplate\":\"https:\/\/www.2mkhokejovekarty.sk\/en\/?s={search_term_string}\"},\"query-input\":\"required name=search_term_string\"}],\"inLanguage\":\"en-US\"},{\"@type\":\"ImageObject\",\"@id\":\"https:\/\/www.2mkhokejovekarty.sk\/en\/produkt\/2022-23-upper-deck-synergy-hockey-hobby-box\/#primaryimage\",\"inLanguage\":\"en-US\",\"url\":\"https:\/\/www.2mkhokejovekarty.sk\/wp-content\/uploads\/2023\/06\/2022-23_synergy_hobby_box.jpeg\",\"contentUrl\":\"https:\/\/www.2mkhokejovekarty.sk\/wp-content\/uploads\/2023\/06\/2022-23_synergy_hobby_box.jpeg\",\"width\":1080,\"height\":1080},{\"@type\":\"WebPage\",\"@id\":\"https:\/\/www.2mkhokejovekarty.sk\/en\/produkt\/2022-23-upper-deck-synergy-hockey-hobby-box\/#webpage\",\"url\":\"https:\/\/www.2mkhokejovekarty.sk\/en\/produkt\/2022-23-upper-deck-synergy-hockey-hobby-box\/\",\"name\":\"2022-23 Upper Deck Synergy Hockey Hobby Box - 2MK Hokejov\\u00e9 Karty\",\"isPartOf\":{\"@id\":\"https:\/\/www.2mkhokejovekarty.sk\/en\/#website\"},\"primaryImageOfPage\":{\"@id\":\"https:\/\/www.2mkhokejovekarty.sk\/en\/produkt\/2022-23-upper-deck-synergy-hockey-hobby-box\/#primaryimage\"},\"datePublished\":\"2023-06-26T21:16:49+00:00\",\"dateModified\":\"2023-06-26T21:16:49+00:00\",\"breadcrumb\":{\"@id\":\"https:\/\/www.2mkhokejovekarty.sk\/en\/produkt\/2022-23-upper-deck-synergy-hockey-hobby-box\/#breadcrumb\"},\"inLanguage\":\"en-US\",\"potentialAction\":[{\"@type\":\"ReadAction\",\"target\":[\"https:\/\/www.2mkhokejovekarty.sk\/en\/produkt\/2022-23-upper-deck-synergy-hockey-hobby-box\/\"]}]},{\"@type\":\"BreadcrumbList\",\"@id\":\"https:\/\/www.2mkhokejovekarty.sk\/en\/produkt\/2022-23-upper-deck-synergy-hockey-hobby-box\/#breadcrumb\",\"itemListElement\":[{\"@type\":\"ListItem\",\"position\":1,\"name\":\"Home\",\"item\":\"https:\/\/www.2mkhokejovekarty.sk\/en\/\"},{\"@type\":\"ListItem\",\"position\":2,\"name\":\"Shop\",\"item\":\"https:\/\/www.2mkhokejovekarty.sk\/en\/shop\/\"},{\"@type\":\"ListItem\",\"position\":3,\"name\":\"2022-23 Upper Deck Synergy Hockey Hobby Box\"}]}]}<\/script>\n<!-- \/ Yoast SEO plugin. -->","yoast_head_json":{"title":"2022-23 Upper Deck Synergy Hockey Hobby Box - 2MK Hokejov\u00e9 Karty","robots":{"index":"index","follow":"follow","max-snippet":"max-snippet:-1","max-image-preview":"max-image-preview:large","max-video-preview":"max-video-preview:-1"},"canonical":"https:\/\/www.2mkhokejovekarty.sk\/en\/produkt\/2022-23-upper-deck-synergy-hockey-hobby-box\/","og_locale":"en_US","og_type":"article","og_title":"2022-23 Upper Deck Synergy Hockey Hobby Box - 2MK Hokejov\u00e9 Karty","og_description":"Box contents 3 cards per pack, 8 packs per box","og_url":"https:\/\/www.2mkhokejovekarty.sk\/en\/produkt\/2022-23-upper-deck-synergy-hockey-hobby-box\/","og_site_name":"2MK Hokejov\u00e9 Karty","article_publisher":"https:\/\/www.facebook.com\/2MK-hokejov%c3%a9-karty-106293018483710","og_image":[{"width":1080,"height":1080,"url":"https:\/\/www.2mkhokejovekarty.sk\/wp-content\/uploads\/2023\/06\/2022-23_synergy_hobby_box.jpeg","type":"image\/jpeg"}],"twitter_card":"summary_large_image","twitter_misc":{"Est. reading time":"4 minutes"},"schema":{"@context":"https:\/\/schema.org","@graph":[{"@type":"Organization","@id":"https:\/\/www.2mkhokejovekarty.sk\/en\/#organization","name":"2MK Hockey Cards","url":"https:\/\/www.2mkhokejovekarty.sk\/en\/","sameAs":["https:\/\/www.facebook.com\/2MK-hokejov\u00e9-karty-106293018483710"],"logo":{"@type":"ImageObject","@id":"https:\/\/www.2mkhokejovekarty.sk\/en\/#logo","inLanguage":"en-US","url":"https:\/\/www.2mkhokejovekarty.sk\/wp-content\/uploads\/2021\/12\/2MK-logo-org.jpg","contentUrl":"https:\/\/www.2mkhokejovekarty.sk\/wp-content\/uploads\/2021\/12\/2MK-logo-org.jpg","width":300,"height":200,"caption":"2MK Hockey Cards"},"image":{"@id":"https:\/\/www.2mkhokejovekarty.sk\/en\/#logo"}},{"@type":"WebSite","@id":"https:\/\/www.2mkhokejovekarty.sk\/en\/#website","url":"https:\/\/www.2mkhokejovekarty.sk\/en\/","name":"2MK Hokejov\u00e9 Karty","description":"Str\u00e1nka ur\u010den\u00e1 pre zberate\u013eov hokejov\u00fdch kariet","publisher":{"@id":"https:\/\/www.2mkhokejovekarty.sk\/en\/#organization"},"potentialAction":[{"@type":"SearchAction","target":{"@type":"EntryPoint","urlTemplate":"https:\/\/www.2mkhokejovekarty.sk\/en\/?s={search_term_string}"},"query-input":"required name=search_term_string"}],"inLanguage":"en-US"},{"@type":"ImageObject","@id":"https:\/\/www.2mkhokejovekarty.sk\/en\/produkt\/2022-23-upper-deck-synergy-hockey-hobby-box\/#primaryimage","inLanguage":"en-US","url":"https:\/\/www.2mkhokejovekarty.sk\/wp-content\/uploads\/2023\/06\/2022-23_synergy_hobby_box.jpeg","contentUrl":"https:\/\/www.2mkhokejovekarty.sk\/wp-content\/uploads\/2023\/06\/2022-23_synergy_hobby_box.jpeg","width":1080,"height":1080},{"@type":"WebPage","@id":"https:\/\/www.2mkhokejovekarty.sk\/en\/produkt\/2022-23-upper-deck-synergy-hockey-hobby-box\/#webpage","url":"https:\/\/www.2mkhokejovekarty.sk\/en\/produkt\/2022-23-upper-deck-synergy-hockey-hobby-box\/","name":"2022-23 Upper Deck Synergy Hockey Hobby Box - 2MK Hokejov\u00e9 Karty","isPartOf":{"@id":"https:\/\/www.2mkhokejovekarty.sk\/en\/#website"},"primaryImageOfPage":{"@id":"https:\/\/www.2mkhokejovekarty.sk\/en\/produkt\/2022-23-upper-deck-synergy-hockey-hobby-box\/#primaryimage"},"datePublished":"2023-06-26T21:16:49+00:00","dateModified":"2023-06-26T21:16:49+00:00","breadcrumb":{"@id":"https:\/\/www.2mkhokejovekarty.sk\/en\/produkt\/2022-23-upper-deck-synergy-hockey-hobby-box\/#breadcrumb"},"inLanguage":"en-US","potentialAction":[{"@type":"ReadAction","target":["https:\/\/www.2mkhokejovekarty.sk\/en\/produkt\/2022-23-upper-deck-synergy-hockey-hobby-box\/"]}]},{"@type":"BreadcrumbList","@id":"https:\/\/www.2mkhokejovekarty.sk\/en\/produkt\/2022-23-upper-deck-synergy-hockey-hobby-box\/#breadcrumb","itemListElement":[{"@type":"ListItem","position":1,"name":"Home","item":"https:\/\/www.2mkhokejovekarty.sk\/en\/"},{"@type":"ListItem","position":2,"name":"Shop","item":"https:\/\/www.2mkhokejovekarty.sk\/en\/shop\/"},{"@type":"ListItem","position":3,"name":"2022-23 Upper Deck Synergy Hockey Hobby Box"}]}]}},"_links":{"self":[{"href":"https:\/\/www.2mkhokejovekarty.sk\/en\/wp-json\/wp\/v2\/product\/5915","targetHints":{"allow":["GET"]}}],"collection":[{"href":"https:\/\/www.2mkhokejovekarty.sk\/en\/wp-json\/wp\/v2\/product"}],"about":[{"href":"https:\/\/www.2mkhokejovekarty.sk\/en\/wp-json\/wp\/v2\/types\/product"}],"version-history":[{"count":0,"href":"https:\/\/www.2mkhokejovekarty.sk\/en\/wp-json\/wp\/v2\/product\/5915\/revisions"}],"wp:featuredmedia":[{"embeddable":true,"href":"https:\/\/www.2mkhokejovekarty.sk\/en\/wp-json\/wp\/v2\/media\/5921"}],"wp:attachment":[{"href":"https:\/\/www.2mkhokejovekarty.sk\/en\/wp-json\/wp\/v2\/media?parent=5915"}],"wp:term":[{"taxonomy":"product_brand","embeddable":true,"href":"https:\/\/www.2mkhokejovekarty.sk\/en\/wp-json\/wp\/v2\/product_brand?post=5915"},{"taxonomy":"product_cat","embeddable":true,"href":"https:\/\/www.2mkhokejovekarty.sk\/en\/wp-json\/wp\/v2\/product_cat?post=5915"},{"taxonomy":"product_tag","embeddable":true,"href":"https:\/\/www.2mkhokejovekarty.sk\/en\/wp-json\/wp\/v2\/product_tag?post=5915"}],"curies":[{"name":"wp","href":"https:\/\/api.w.org\/{rel}","templated":true}]}}