{"id":5820,"date":"2023-10-15T15:26:21","date_gmt":"2023-10-15T13:26:21","guid":{"rendered":"https:\/\/www.2mkhokejovekarty.sk\/produkt\/2023-24-upper-deck-series-1-hockey-hobby-pack\/"},"modified":"2023-10-15T15:26:21","modified_gmt":"2023-10-15T13:26:21","slug":"2023-24-upper-deck-series-1-hockey-hobby-pack","status":"publish","type":"product","link":"https:\/\/www.2mkhokejovekarty.sk\/en\/produkt\/2023-24-upper-deck-series-1-hockey-hobby-pack\/","title":{"rendered":"2023-24 Upper Deck Series 1 Hockey Hobby Pack"},"content":{"rendered":"\n<p><strong>2023-24 Upper Deck Series 1 Hockey Hobby Pack<\/strong><\/p>\n<p><b>PRODUCT INCLUDES:<\/b><\/p>\n<p><b>Young Guns cards:<\/b><\/p>\n<p>-Young Guns (201-250) &#8211; 1:2<br \/>\n&#8211;<strong>NEW &#8211;<\/strong> Young Guns &#8211; Outburst Silver Parallel &#8211; 1:60<br \/>\n-Young Guns &#8211; Clear Cut Parallel <strong>(hobby exclusive) <\/strong>&#8211; 1:144<br \/>\n&#8211;<strong>NEW &#8211;<\/strong> Young Guns &#8211; Deluxe Parallel &#8211; \/250<br \/>\n-Young Guns &#8211; Exclusives Parallel &#8211; \/100<br \/>\n&#8211;<strong>NEW &#8211;<\/strong> Young Guns &#8211; Outburst Red Parallel &#8211; \/25<br \/>\n-Young Guns &#8211; High Gloss Parallel &#8211; \/10<br \/>\n&#8211;<strong>NEW &#8211;<\/strong> Young Guns &#8211; Outburst Gold Parallel &#8211; 1\/1<br \/>\n-UD Canvas Young Guns &#8211; 1:24<br \/>\n-UD Canvas Young Guns Printing Plates &#8211; N\/A<br \/>\n-UD Canvas Young Guns &#8211; Black &amp; White Parallel <strong>(hobby exclusive) <\/strong>&#8211; 1:144 <\/p>\n<p><b>New insert cards:<\/b><\/p>\n<p>-200&#8242; x 85&#8242; &#8211; 1:6<br \/>\n-200&#8242; x 85&#8242; &#8211; Gold Parallel &#8211; 1:36<br \/>\n-200&#8242; x 85&#8242; &#8211; Red Parallel &#8211; \/99<br \/>\n-200&#8242; x 85&#8242; &#8211; Black Parallel &#8211; 1\/1<br \/>\n-Special Edition &#8211; 1:5<br \/>\n-Special Edition &#8211; Red Parallel &#8211; 1:180<br \/>\n-Special Edition &#8211; Gold Parallel &#8211; \/50<br \/>\n-Star Surge &#8211; 1:7<br \/>\n-Star Surge &#8211; Red Die-Cut Parallel &#8211; 1:240<br \/>\n-Star Surge &#8211; Gold Die-Cut Parallel &#8211; \/25<br \/>\n-Star Zone &#8211; 1:7<br \/>\n-Star Zone &#8211; Red Parallel &#8211; 1:240<br \/>\n-Star Zone &#8211; Gold Parallel &#8211; \/50<br \/>\n-Stat Box Fillers &#8211; 1:6<br \/>\n-Stat Box Fillers Printing Plates &#8211; N\/A<br \/>\n-Stat Box Fillers &#8211; Gold Parallel &#8211; 1:288<br \/>\n-Teacher&#8217;s Pet &#8211; 1:5<br \/>\n-Teacher&#8217;s Pet Printing Plates &#8211; N\/A<br \/>\n-Teacher&#8217;s Pet &#8211; Gold Parallel &#8211; 1:240<\/p>\n<p><b>Insert Cards:<\/b><\/p>\n<p>-Dazzlers &#8211; Blue &#8211; 1:12<br \/>\n-Dazzlers &#8211; Pink &#8211; 1:144<br \/>\n-Debut Dates &#8211; 1:6<br \/>\n-Debut Dates Printing Plates &#8211; N\/A<br \/>\n-Debut Dates &#8211; Gold Parallel &#8211; 1:288<br \/>\n-Honor Roll &#8211; 1:3<br \/>\n-Honor Roll Printing Plates &#8211; N\/A<br \/>\n-Honor Roll &#8211; Silver Parallel &#8211; \/250<br \/>\n-Honor Roll &#8211; Gold Parallel &#8211; \/25<br \/>\n-Population Count 1000<br \/>\n-Population Count 500<br \/>\n-Population Count 100<br \/>\n-Population Count 50<br \/>\n-Population Count 25<br \/>\n-Population Count 10<br \/>\n-Population Count 1<br \/>\n-Rookie Retrospective &#8211; 1:8<br \/>\n-Rookie Retrospective Printing Plates &#8211; N\/A<br \/>\n-Rookie Retrospective &#8211; Gold Parallel &#8211; 1:360<br \/>\n-UD Canvas &#8211; 1:4<br \/>\n-UD Canvas Printing Plates &#8211; N\/A<br \/>\n-UD Canvas &#8211; Black &amp; White Parallel <strong>(exclusive to hobby)<\/strong> &#8211; 1:48<br \/>\n-UD Canvas Signatures &#8211; N\/A<br \/>\n-UD Portraits &#8211; 1:7<br \/>\n-UD Portraits Printing Plates &#8211; N\/A<br \/>\n-UD Portraits &#8211; Silver Frame Parallel &#8211; \/99<br \/>\n-UD Portraits &#8211; Red Frame Parallel &#8211; \/25<\/p>\n<p><b>Base set and parallel cards:<\/b><\/p>\n<p>-Base Set (1-200) &#8211; N\/A<br \/>\n&#8211;<strong>NEW &#8211;<\/strong> Base Set &#8211; Deluxe Parallel &#8211; \/250<br \/>\n-Base Set &#8211; Exclusives Parallel &#8211; \/100<br \/>\n&#8211;<strong>NEW &#8211;<\/strong> Base Set &#8211; Outburst Red Parallel &#8211; \/25<br \/>\n-Base Set &#8211; High Gloss Parallel &#8211; \/10<br \/>\n&#8211;<strong>NEW &#8211;<\/strong> Base Set &#8211; Outburst Gold Parallel &#8211; 1\/1<br \/>\n&#8211;<strong>NEW &#8211;<\/strong> Base Set &#8211; Outburst Silver Parallel &#8211; 1:15<br \/>\n-Base Set &#8211; Clear Cut Parallel <strong>(hobby exclusive)<\/strong> &#8211; 1:48<\/p>\n<p>&nbsp;<\/p>\n","protected":false},"excerpt":{"rendered":"<p><strong>Pack Contents<br \/>\n<\/strong>12 cards per pack<\/p>\n","protected":false},"featured_media":5821,"template":"","meta":[],"product_brand":[],"product_cat":[],"product_tag":[],"class_list":{"0":"post-5820","1":"product","2":"type-product","3":"status-publish","4":"has-post-thumbnail","7":"first","8":"outofstock","9":"taxable","10":"shipping-taxable","11":"purchasable","12":"product-type-simple"},"yoast_head":"<!-- This site is optimized with the Yoast SEO plugin v17.7.1 - https:\/\/yoast.com\/wordpress\/plugins\/seo\/ -->\n<title>2023-24 Upper Deck Series 1 Hockey Hobby Pack - 2MK Hokejov\u00e9 Karty<\/title>\n<meta name=\"robots\" content=\"index, follow, max-snippet:-1, max-image-preview:large, max-video-preview:-1\" \/>\n<link rel=\"canonical\" href=\"https:\/\/www.2mkhokejovekarty.sk\/en\/produkt\/2023-24-upper-deck-series-1-hockey-hobby-pack\/\" \/>\n<meta property=\"og:locale\" content=\"en_US\" \/>\n<meta property=\"og:type\" content=\"article\" \/>\n<meta property=\"og:title\" content=\"2023-24 Upper Deck Series 1 Hockey Hobby Pack - 2MK Hokejov\u00e9 Karty\" \/>\n<meta property=\"og:description\" content=\"Pack Contents 12 cards per pack\" \/>\n<meta property=\"og:url\" content=\"https:\/\/www.2mkhokejovekarty.sk\/en\/produkt\/2023-24-upper-deck-series-1-hockey-hobby-pack\/\" \/>\n<meta property=\"og:site_name\" content=\"2MK Hokejov\u00e9 Karty\" \/>\n<meta property=\"article:publisher\" content=\"https:\/\/www.facebook.com\/2MK-hokejov%c3%a9-karty-106293018483710\" \/>\n<meta property=\"og:image\" content=\"https:\/\/www.2mkhokejovekarty.sk\/wp-content\/uploads\/2023\/10\/2023-24_upper_deck_series_one_hobby_balicek.jpeg\" \/>\n\t<meta property=\"og:image:width\" content=\"940\" \/>\n\t<meta property=\"og:image:height\" content=\"788\" \/>\n<meta name=\"twitter:card\" content=\"summary_large_image\" \/>\n<meta name=\"twitter:label1\" content=\"Est. reading time\" \/>\n\t<meta name=\"twitter:data1\" content=\"2 minutes\" \/>\n<script type=\"application\/ld+json\" class=\"yoast-schema-graph\">{\"@context\":\"https:\/\/schema.org\",\"@graph\":[{\"@type\":\"Organization\",\"@id\":\"https:\/\/www.2mkhokejovekarty.sk\/en\/#organization\",\"name\":\"2MK Hockey Cards\",\"url\":\"https:\/\/www.2mkhokejovekarty.sk\/en\/\",\"sameAs\":[\"https:\/\/www.facebook.com\/2MK-hokejov\\u00e9-karty-106293018483710\"],\"logo\":{\"@type\":\"ImageObject\",\"@id\":\"https:\/\/www.2mkhokejovekarty.sk\/en\/#logo\",\"inLanguage\":\"en-US\",\"url\":\"https:\/\/www.2mkhokejovekarty.sk\/wp-content\/uploads\/2021\/12\/2MK-logo-org.jpg\",\"contentUrl\":\"https:\/\/www.2mkhokejovekarty.sk\/wp-content\/uploads\/2021\/12\/2MK-logo-org.jpg\",\"width\":300,\"height\":200,\"caption\":\"2MK Hockey Cards\"},\"image\":{\"@id\":\"https:\/\/www.2mkhokejovekarty.sk\/en\/#logo\"}},{\"@type\":\"WebSite\",\"@id\":\"https:\/\/www.2mkhokejovekarty.sk\/en\/#website\",\"url\":\"https:\/\/www.2mkhokejovekarty.sk\/en\/\",\"name\":\"2MK Hokejov\\u00e9 Karty\",\"description\":\"Str\\u00e1nka ur\\u010den\\u00e1 pre zberate\\u013eov hokejov\\u00fdch kariet\",\"publisher\":{\"@id\":\"https:\/\/www.2mkhokejovekarty.sk\/en\/#organization\"},\"potentialAction\":[{\"@type\":\"SearchAction\",\"target\":{\"@type\":\"EntryPoint\",\"urlTemplate\":\"https:\/\/www.2mkhokejovekarty.sk\/en\/?s={search_term_string}\"},\"query-input\":\"required name=search_term_string\"}],\"inLanguage\":\"en-US\"},{\"@type\":\"ImageObject\",\"@id\":\"https:\/\/www.2mkhokejovekarty.sk\/en\/produkt\/2023-24-upper-deck-series-1-hockey-hobby-pack\/#primaryimage\",\"inLanguage\":\"en-US\",\"url\":\"https:\/\/www.2mkhokejovekarty.sk\/wp-content\/uploads\/2023\/10\/2023-24_upper_deck_series_one_hobby_balicek.jpeg\",\"contentUrl\":\"https:\/\/www.2mkhokejovekarty.sk\/wp-content\/uploads\/2023\/10\/2023-24_upper_deck_series_one_hobby_balicek.jpeg\",\"width\":940,\"height\":788},{\"@type\":\"WebPage\",\"@id\":\"https:\/\/www.2mkhokejovekarty.sk\/en\/produkt\/2023-24-upper-deck-series-1-hockey-hobby-pack\/#webpage\",\"url\":\"https:\/\/www.2mkhokejovekarty.sk\/en\/produkt\/2023-24-upper-deck-series-1-hockey-hobby-pack\/\",\"name\":\"2023-24 Upper Deck Series 1 Hockey Hobby Pack - 2MK Hokejov\\u00e9 Karty\",\"isPartOf\":{\"@id\":\"https:\/\/www.2mkhokejovekarty.sk\/en\/#website\"},\"primaryImageOfPage\":{\"@id\":\"https:\/\/www.2mkhokejovekarty.sk\/en\/produkt\/2023-24-upper-deck-series-1-hockey-hobby-pack\/#primaryimage\"},\"datePublished\":\"2023-10-15T13:26:21+00:00\",\"dateModified\":\"2023-10-15T13:26:21+00:00\",\"breadcrumb\":{\"@id\":\"https:\/\/www.2mkhokejovekarty.sk\/en\/produkt\/2023-24-upper-deck-series-1-hockey-hobby-pack\/#breadcrumb\"},\"inLanguage\":\"en-US\",\"potentialAction\":[{\"@type\":\"ReadAction\",\"target\":[\"https:\/\/www.2mkhokejovekarty.sk\/en\/produkt\/2023-24-upper-deck-series-1-hockey-hobby-pack\/\"]}]},{\"@type\":\"BreadcrumbList\",\"@id\":\"https:\/\/www.2mkhokejovekarty.sk\/en\/produkt\/2023-24-upper-deck-series-1-hockey-hobby-pack\/#breadcrumb\",\"itemListElement\":[{\"@type\":\"ListItem\",\"position\":1,\"name\":\"Home\",\"item\":\"https:\/\/www.2mkhokejovekarty.sk\/en\/\"},{\"@type\":\"ListItem\",\"position\":2,\"name\":\"Shop\",\"item\":\"https:\/\/www.2mkhokejovekarty.sk\/en\/shop\/\"},{\"@type\":\"ListItem\",\"position\":3,\"name\":\"2023-24 Upper Deck Series 1 Hockey Hobby Pack\"}]}]}<\/script>\n<!-- \/ Yoast SEO plugin. -->","yoast_head_json":{"title":"2023-24 Upper Deck Series 1 Hockey Hobby Pack - 2MK Hokejov\u00e9 Karty","robots":{"index":"index","follow":"follow","max-snippet":"max-snippet:-1","max-image-preview":"max-image-preview:large","max-video-preview":"max-video-preview:-1"},"canonical":"https:\/\/www.2mkhokejovekarty.sk\/en\/produkt\/2023-24-upper-deck-series-1-hockey-hobby-pack\/","og_locale":"en_US","og_type":"article","og_title":"2023-24 Upper Deck Series 1 Hockey Hobby Pack - 2MK Hokejov\u00e9 Karty","og_description":"Pack Contents 12 cards per pack","og_url":"https:\/\/www.2mkhokejovekarty.sk\/en\/produkt\/2023-24-upper-deck-series-1-hockey-hobby-pack\/","og_site_name":"2MK Hokejov\u00e9 Karty","article_publisher":"https:\/\/www.facebook.com\/2MK-hokejov%c3%a9-karty-106293018483710","og_image":[{"width":940,"height":788,"url":"https:\/\/www.2mkhokejovekarty.sk\/wp-content\/uploads\/2023\/10\/2023-24_upper_deck_series_one_hobby_balicek.jpeg","type":"image\/jpeg"}],"twitter_card":"summary_large_image","twitter_misc":{"Est. reading time":"2 minutes"},"schema":{"@context":"https:\/\/schema.org","@graph":[{"@type":"Organization","@id":"https:\/\/www.2mkhokejovekarty.sk\/en\/#organization","name":"2MK Hockey Cards","url":"https:\/\/www.2mkhokejovekarty.sk\/en\/","sameAs":["https:\/\/www.facebook.com\/2MK-hokejov\u00e9-karty-106293018483710"],"logo":{"@type":"ImageObject","@id":"https:\/\/www.2mkhokejovekarty.sk\/en\/#logo","inLanguage":"en-US","url":"https:\/\/www.2mkhokejovekarty.sk\/wp-content\/uploads\/2021\/12\/2MK-logo-org.jpg","contentUrl":"https:\/\/www.2mkhokejovekarty.sk\/wp-content\/uploads\/2021\/12\/2MK-logo-org.jpg","width":300,"height":200,"caption":"2MK Hockey Cards"},"image":{"@id":"https:\/\/www.2mkhokejovekarty.sk\/en\/#logo"}},{"@type":"WebSite","@id":"https:\/\/www.2mkhokejovekarty.sk\/en\/#website","url":"https:\/\/www.2mkhokejovekarty.sk\/en\/","name":"2MK Hokejov\u00e9 Karty","description":"Str\u00e1nka ur\u010den\u00e1 pre zberate\u013eov hokejov\u00fdch kariet","publisher":{"@id":"https:\/\/www.2mkhokejovekarty.sk\/en\/#organization"},"potentialAction":[{"@type":"SearchAction","target":{"@type":"EntryPoint","urlTemplate":"https:\/\/www.2mkhokejovekarty.sk\/en\/?s={search_term_string}"},"query-input":"required name=search_term_string"}],"inLanguage":"en-US"},{"@type":"ImageObject","@id":"https:\/\/www.2mkhokejovekarty.sk\/en\/produkt\/2023-24-upper-deck-series-1-hockey-hobby-pack\/#primaryimage","inLanguage":"en-US","url":"https:\/\/www.2mkhokejovekarty.sk\/wp-content\/uploads\/2023\/10\/2023-24_upper_deck_series_one_hobby_balicek.jpeg","contentUrl":"https:\/\/www.2mkhokejovekarty.sk\/wp-content\/uploads\/2023\/10\/2023-24_upper_deck_series_one_hobby_balicek.jpeg","width":940,"height":788},{"@type":"WebPage","@id":"https:\/\/www.2mkhokejovekarty.sk\/en\/produkt\/2023-24-upper-deck-series-1-hockey-hobby-pack\/#webpage","url":"https:\/\/www.2mkhokejovekarty.sk\/en\/produkt\/2023-24-upper-deck-series-1-hockey-hobby-pack\/","name":"2023-24 Upper Deck Series 1 Hockey Hobby Pack - 2MK Hokejov\u00e9 Karty","isPartOf":{"@id":"https:\/\/www.2mkhokejovekarty.sk\/en\/#website"},"primaryImageOfPage":{"@id":"https:\/\/www.2mkhokejovekarty.sk\/en\/produkt\/2023-24-upper-deck-series-1-hockey-hobby-pack\/#primaryimage"},"datePublished":"2023-10-15T13:26:21+00:00","dateModified":"2023-10-15T13:26:21+00:00","breadcrumb":{"@id":"https:\/\/www.2mkhokejovekarty.sk\/en\/produkt\/2023-24-upper-deck-series-1-hockey-hobby-pack\/#breadcrumb"},"inLanguage":"en-US","potentialAction":[{"@type":"ReadAction","target":["https:\/\/www.2mkhokejovekarty.sk\/en\/produkt\/2023-24-upper-deck-series-1-hockey-hobby-pack\/"]}]},{"@type":"BreadcrumbList","@id":"https:\/\/www.2mkhokejovekarty.sk\/en\/produkt\/2023-24-upper-deck-series-1-hockey-hobby-pack\/#breadcrumb","itemListElement":[{"@type":"ListItem","position":1,"name":"Home","item":"https:\/\/www.2mkhokejovekarty.sk\/en\/"},{"@type":"ListItem","position":2,"name":"Shop","item":"https:\/\/www.2mkhokejovekarty.sk\/en\/shop\/"},{"@type":"ListItem","position":3,"name":"2023-24 Upper Deck Series 1 Hockey Hobby Pack"}]}]}},"_links":{"self":[{"href":"https:\/\/www.2mkhokejovekarty.sk\/en\/wp-json\/wp\/v2\/product\/5820","targetHints":{"allow":["GET"]}}],"collection":[{"href":"https:\/\/www.2mkhokejovekarty.sk\/en\/wp-json\/wp\/v2\/product"}],"about":[{"href":"https:\/\/www.2mkhokejovekarty.sk\/en\/wp-json\/wp\/v2\/types\/product"}],"version-history":[{"count":0,"href":"https:\/\/www.2mkhokejovekarty.sk\/en\/wp-json\/wp\/v2\/product\/5820\/revisions"}],"wp:featuredmedia":[{"embeddable":true,"href":"https:\/\/www.2mkhokejovekarty.sk\/en\/wp-json\/wp\/v2\/media\/5821"}],"wp:attachment":[{"href":"https:\/\/www.2mkhokejovekarty.sk\/en\/wp-json\/wp\/v2\/media?parent=5820"}],"wp:term":[{"taxonomy":"product_brand","embeddable":true,"href":"https:\/\/www.2mkhokejovekarty.sk\/en\/wp-json\/wp\/v2\/product_brand?post=5820"},{"taxonomy":"product_cat","embeddable":true,"href":"https:\/\/www.2mkhokejovekarty.sk\/en\/wp-json\/wp\/v2\/product_cat?post=5820"},{"taxonomy":"product_tag","embeddable":true,"href":"https:\/\/www.2mkhokejovekarty.sk\/en\/wp-json\/wp\/v2\/product_tag?post=5820"}],"curies":[{"name":"wp","href":"https:\/\/api.w.org\/{rel}","templated":true}]}}