{"id":5777,"date":"2024-01-03T20:02:19","date_gmt":"2024-01-03T19:02:19","guid":{"rendered":"https:\/\/www.2mkhokejovekarty.sk\/produkt\/2022-23-upper-deck-ice-hockey-hobby-box\/"},"modified":"2024-01-03T20:02:19","modified_gmt":"2024-01-03T19:02:19","slug":"2022-23-upper-deck-ice-hockey-hobby-box","status":"publish","type":"product","link":"https:\/\/www.2mkhokejovekarty.sk\/en\/produkt\/2022-23-upper-deck-ice-hockey-hobby-box\/","title":{"rendered":"2022-23 Upper Deck Ice Hockey Hobby Box"},"content":{"rendered":"\n\t\t<style type=\"text\/css\">\n\t\t\t#gallery-1 {\n\t\t\t\tmargin: auto;\n\t\t\t}\n\t\t\t#gallery-1 .gallery-item {\n\t\t\t\tfloat: left;\n\t\t\t\tmargin-top: 10px;\n\t\t\t\ttext-align: center;\n\t\t\t\twidth: 20%;\n\t\t\t}\n\t\t\t#gallery-1 img {\n\t\t\t\tborder: 2px solid #cfcfcf;\n\t\t\t}\n\t\t\t#gallery-1 .gallery-caption {\n\t\t\t\tmargin-left: 0;\n\t\t\t}\n\t\t\t\/* see gallery_shortcode() in wp-includes\/media.php *\/\n\t\t<\/style>\n\t\t<div id='gallery-1' class='gallery galleryid-5777 gallery-columns-5 gallery-size-medium'><dl class='gallery-item'>\n\t\t\t<dt class='gallery-icon landscape'>\n\t\t\t\t<a href='https:\/\/www.2mkhokejovekarty.sk\/wp-content\/smush-webp\/2024\/01\/2022-23_ice_hobby_1.jpeg.webp'><img decoding=\"async\" width=\"300\" height=\"225\" src=\"https:\/\/www.2mkhokejovekarty.sk\/wp-content\/smush-webp\/2024\/01\/2022-23_ice_hobby_1-300x225.jpeg.webp\" class=\"attachment-medium size-medium\" alt=\"\" srcset=\"https:\/\/www.2mkhokejovekarty.sk\/wp-content\/smush-webp\/2024\/01\/2022-23_ice_hobby_1-300x225.jpeg.webp 300w, https:\/\/www.2mkhokejovekarty.sk\/wp-content\/smush-webp\/2024\/01\/2022-23_ice_hobby_1-1024x768.jpeg.webp 1024w, https:\/\/www.2mkhokejovekarty.sk\/wp-content\/smush-webp\/2024\/01\/2022-23_ice_hobby_1-768x576.jpeg.webp 768w, https:\/\/www.2mkhokejovekarty.sk\/wp-content\/smush-webp\/2024\/01\/2022-23_ice_hobby_1-1200x900.jpeg.webp 1200w, https:\/\/www.2mkhokejovekarty.sk\/wp-content\/smush-webp\/2024\/01\/2022-23_ice_hobby_1-150x113.jpeg.webp 150w, https:\/\/www.2mkhokejovekarty.sk\/wp-content\/smush-webp\/2024\/01\/2022-23_ice_hobby_1.jpeg.webp 1500w\" sizes=\"(max-width: 300px) 100vw, 300px\" \/><\/a>\n\t\t\t<\/dt><\/dl><dl class='gallery-item'>\n\t\t\t<dt class='gallery-icon landscape'>\n\t\t\t\t<a href='https:\/\/www.2mkhokejovekarty.sk\/wp-content\/smush-webp\/2024\/01\/2022-23_ice_hobby_2.jpeg.webp'><img decoding=\"async\" width=\"300\" height=\"225\" src=\"https:\/\/www.2mkhokejovekarty.sk\/wp-content\/smush-webp\/2024\/01\/2022-23_ice_hobby_2-300x225.jpeg.webp\" class=\"attachment-medium size-medium\" alt=\"\" srcset=\"https:\/\/www.2mkhokejovekarty.sk\/wp-content\/smush-webp\/2024\/01\/2022-23_ice_hobby_2-300x225.jpeg.webp 300w, https:\/\/www.2mkhokejovekarty.sk\/wp-content\/smush-webp\/2024\/01\/2022-23_ice_hobby_2-1024x768.jpeg.webp 1024w, https:\/\/www.2mkhokejovekarty.sk\/wp-content\/smush-webp\/2024\/01\/2022-23_ice_hobby_2-768x576.jpeg.webp 768w, https:\/\/www.2mkhokejovekarty.sk\/wp-content\/smush-webp\/2024\/01\/2022-23_ice_hobby_2-1200x900.jpeg.webp 1200w, https:\/\/www.2mkhokejovekarty.sk\/wp-content\/smush-webp\/2024\/01\/2022-23_ice_hobby_2-150x113.jpeg.webp 150w, https:\/\/www.2mkhokejovekarty.sk\/wp-content\/smush-webp\/2024\/01\/2022-23_ice_hobby_2.jpeg.webp 1500w\" sizes=\"(max-width: 300px) 100vw, 300px\" \/><\/a>\n\t\t\t<\/dt><\/dl><dl class='gallery-item'>\n\t\t\t<dt class='gallery-icon landscape'>\n\t\t\t\t<a href='https:\/\/www.2mkhokejovekarty.sk\/wp-content\/smush-webp\/2024\/01\/2022-23_ice_hobby_3.jpeg.webp'><img decoding=\"async\" width=\"300\" height=\"225\" src=\"https:\/\/www.2mkhokejovekarty.sk\/wp-content\/smush-webp\/2024\/01\/2022-23_ice_hobby_3-300x225.jpeg.webp\" class=\"attachment-medium size-medium\" alt=\"\" srcset=\"https:\/\/www.2mkhokejovekarty.sk\/wp-content\/smush-webp\/2024\/01\/2022-23_ice_hobby_3-300x225.jpeg.webp 300w, https:\/\/www.2mkhokejovekarty.sk\/wp-content\/smush-webp\/2024\/01\/2022-23_ice_hobby_3-1024x768.jpeg.webp 1024w, https:\/\/www.2mkhokejovekarty.sk\/wp-content\/smush-webp\/2024\/01\/2022-23_ice_hobby_3-768x576.jpeg.webp 768w, https:\/\/www.2mkhokejovekarty.sk\/wp-content\/smush-webp\/2024\/01\/2022-23_ice_hobby_3-1200x900.jpeg.webp 1200w, https:\/\/www.2mkhokejovekarty.sk\/wp-content\/smush-webp\/2024\/01\/2022-23_ice_hobby_3-150x113.jpeg.webp 150w, https:\/\/www.2mkhokejovekarty.sk\/wp-content\/smush-webp\/2024\/01\/2022-23_ice_hobby_3.jpeg.webp 1500w\" sizes=\"(max-width: 300px) 100vw, 300px\" \/><\/a>\n\t\t\t<\/dt><\/dl><dl class='gallery-item'>\n\t\t\t<dt class='gallery-icon landscape'>\n\t\t\t\t<a href='https:\/\/www.2mkhokejovekarty.sk\/wp-content\/smush-webp\/2024\/01\/2022-23_ice_hobby_4.jpeg.webp'><img decoding=\"async\" width=\"300\" height=\"225\" src=\"https:\/\/www.2mkhokejovekarty.sk\/wp-content\/smush-webp\/2024\/01\/2022-23_ice_hobby_4-300x225.jpeg.webp\" class=\"attachment-medium size-medium\" alt=\"\" srcset=\"https:\/\/www.2mkhokejovekarty.sk\/wp-content\/smush-webp\/2024\/01\/2022-23_ice_hobby_4-300x225.jpeg.webp 300w, https:\/\/www.2mkhokejovekarty.sk\/wp-content\/smush-webp\/2024\/01\/2022-23_ice_hobby_4-1024x768.jpeg.webp 1024w, https:\/\/www.2mkhokejovekarty.sk\/wp-content\/smush-webp\/2024\/01\/2022-23_ice_hobby_4-768x576.jpeg.webp 768w, https:\/\/www.2mkhokejovekarty.sk\/wp-content\/smush-webp\/2024\/01\/2022-23_ice_hobby_4-1200x900.jpeg.webp 1200w, https:\/\/www.2mkhokejovekarty.sk\/wp-content\/smush-webp\/2024\/01\/2022-23_ice_hobby_4-150x113.jpeg.webp 150w, https:\/\/www.2mkhokejovekarty.sk\/wp-content\/smush-webp\/2024\/01\/2022-23_ice_hobby_4.jpeg.webp 1500w\" sizes=\"(max-width: 300px) 100vw, 300px\" \/><\/a>\n\t\t\t<\/dt><\/dl><dl class='gallery-item'>\n\t\t\t<dt class='gallery-icon landscape'>\n\t\t\t\t<a href='https:\/\/www.2mkhokejovekarty.sk\/wp-content\/smush-webp\/2024\/01\/2022-23_ice_hobby_5.jpeg.webp'><img decoding=\"async\" width=\"300\" height=\"225\" src=\"https:\/\/www.2mkhokejovekarty.sk\/wp-content\/smush-webp\/2024\/01\/2022-23_ice_hobby_5-300x225.jpeg.webp\" class=\"attachment-medium size-medium\" alt=\"\" srcset=\"https:\/\/www.2mkhokejovekarty.sk\/wp-content\/smush-webp\/2024\/01\/2022-23_ice_hobby_5-300x225.jpeg.webp 300w, https:\/\/www.2mkhokejovekarty.sk\/wp-content\/smush-webp\/2024\/01\/2022-23_ice_hobby_5-1024x768.jpeg.webp 1024w, https:\/\/www.2mkhokejovekarty.sk\/wp-content\/smush-webp\/2024\/01\/2022-23_ice_hobby_5-768x576.jpeg.webp 768w, https:\/\/www.2mkhokejovekarty.sk\/wp-content\/smush-webp\/2024\/01\/2022-23_ice_hobby_5-1200x900.jpeg.webp 1200w, https:\/\/www.2mkhokejovekarty.sk\/wp-content\/smush-webp\/2024\/01\/2022-23_ice_hobby_5-150x113.jpeg.webp 150w, https:\/\/www.2mkhokejovekarty.sk\/wp-content\/smush-webp\/2024\/01\/2022-23_ice_hobby_5.jpeg.webp 1500w\" sizes=\"(max-width: 300px) 100vw, 300px\" \/><\/a>\n\t\t\t<\/dt><\/dl><br style=\"clear: both\" \/>\n\t\t<\/div>\n\n<p><strong>2022-23 Upper Deck Ice Hockey Hobby Box<\/strong><\/p>\n<p><b>EACH BOX CONTAINS ON AVERAGE:<\/b><br \/>\n-at least 1x autographed or memorabilia card<br \/>\n-at least 2x Ice Premieres card<br \/>\n-3x Ice Crystals card<br \/>\n-1x SubZero card<br \/>\n-12x Base Rookies card<br \/>\n-12x Base Green parallel card<br \/>\n-1x Base Orange parallel card<\/p>\n<p><b>PRODUCT INCLUDES:<\/b><\/p>\n<p><b>Autographed &amp; Memorabilia Cards:<\/b><\/p>\n<p>-03-04 Exquisite Collection Rookie Auto Patch &#8211; \/25<br \/>\n-03-04 Exquisite Collection Rookie Auto Patch &#8211; Gold Parallel &#8211; \/5<br \/>\n-03-04 Exquisite Collection Rookie Auto Patch &#8211; Black Parallel &#8211; 1\/1<br \/>\n-09-10 Exquisite Collection Rookie Auto &#8211; \/49<br \/>\n-09-10 Exquisite Collection Rookie Auto &#8211; Gold Parallel &#8211; \/10<br \/>\n-09-10 Exquisite Collection Rookie Auto &#8211; Black Parallel &#8211; 1\/1<br \/>\n-Base Set &#8211; Gold Patch Parallel &#8211; \/25<br \/>\n-Base Set &#8211; Gold Patch Auto Parallel &#8211; various limitations<br \/>\n-Base Set &#8211; Red Auto Parallel &#8211; \/5<br \/>\n-Base Set Rookies &#8211; Gold Patch Auto Parallel &#8211; various limitations<br \/>\n-Base Set Rookies &#8211; Red Auto Parallel &#8211; \/5<br \/>\n-Exquisite Collection Material Signatures &#8211; various limitations<br \/>\n-Exquisite Collection Material Signatures &#8211; Gold Parallel &#8211; \/5<br \/>\n-Exquisite Collection Material Signatures &#8211; Black Parallel &#8211; 1\/1<br \/>\n-Exquisite Collection Rookie Signatures (Tier 1) &#8211; \/99<br \/>\n-Exquisite Collection Rookie Signatures (Tier 2) &#8211; \/49<br \/>\n-Exquisite Collection Rookie Signatures &#8211; Gold Parallel &#8211; \/25<br \/>\n-Exquisite Collection Rookie Signatures &#8211; Black Parallel &#8211; 1\/1<br \/>\n-Glacial Graphs &#8211; 1:288<br \/>\n-Glacial Graphs &#8211; Black Parallel &#8211; various limitations<br \/>\n-Ice Premieres Auto (Tier 1) &#8211; \/199<br \/>\n-Ice Premieres Auto (Tier 2) &#8211; \/99<br \/>\n-Ice Premieres Auto (Tier 3) &#8211; \/49<br \/>\n-Ice Premieres Auto (Tier 4) &#8211; \/25<br \/>\n-Ice Premieres Auto Patch &#8211; \/10<br \/>\n-Ice Premieres Auto Patch &#8211; Black Parallel &#8211; 1\/1<br \/>\n-Signature Swatches &#8211; 1:576<br \/>\n-Signature Swatches &#8211; Black Parallel &#8211; various limitations<br \/>\n-Sub Zero Rookies &#8211; Blue Auto Parallel &#8211; 1:144<br \/>\n-Sub Zero Rookies Variants &#8211; Green Auto Parallel &#8211; \/25<\/p>\n<p><b>Additional Autographed &amp; Memorabilia Cards:<\/b><\/p>\n<p>-Base Set &#8211; Jersey Parallel &#8211; 1:84<br \/>\n-Base Set &#8211; White Snowflake Auto Parallel &#8211; 1:320<br \/>\n-Base Set Rookies &#8211; Jersey Parallel &#8211; 1:84<br \/>\n-Base Set Rookies &#8211; White Snowflake Auto Parallel &#8211; 1:160<br \/>\n-Ice Premieres &#8211; Jersey Parallel &#8211; 1:60<\/p>\n<p><b>Insert Cards:<\/b><\/p>\n<p>&#8211;<strong>NEW &#8211;<\/strong> 2012-13 Ice Premieres Retro &#8211; \/149<br \/>\n&#8211;<strong>NEW &#8211;<\/strong> Cool Cuts &#8211; Stars &#8211; 1:60<br \/>\n&#8211;<strong>NEW &#8211;<\/strong> Cool Cuts &#8211; Rookies &#8211; 1:60<br \/>\n&#8211;<strong>NEW &#8211;<\/strong> Cool Cuts &#8211; Legends &#8211; 1:120<br \/>\n-Exquisite Collection Rookies &#8211; \/349<br \/>\n&#8211;<strong>NEW &#8211;<\/strong> Exquisite Collection Rookies &#8211; Blue Spectrum Parallel &#8211; \/199<br \/>\n-Exquisite Collection Rookies &#8211; Gold Spectrum Parallel &#8211; \/49<br \/>\n-Exquisite Collection Rookies &#8211; Black Parallel &#8211; 1\/1<br \/>\n-Frozen In Ice &#8211; 1:24<br \/>\n-Frozen In Ice &#8211; Gold Parallel &#8211; \/25<br \/>\n-Frozen In Ice &#8211; Black Parallel &#8211; \/5<br \/>\n-Ice Crystals &#8211; Frigid Parallel &#8211; \/99<br \/>\n&#8211;<strong>NEW &#8211;<\/strong> Ice Crystals &#8211; Neon Variants Parallel &#8211; \/10<br \/>\n-Ice Crystals Rookies &#8211; Frigid Parallel &#8211; \/99<br \/>\n&#8211;<strong>NEW &#8211;<\/strong> Ice Crystals Rookies &#8211; Neon Variants Parallel &#8211; \/10<br \/>\n-Ice Premieres Minis &#8211; 1:27<br \/>\n-Ice Premieres Minis &#8211; Gold Parallel &#8211; \/99<br \/>\n-Ice Premieres Minis &#8211; Black Parallel &#8211; \/15<br \/>\n-Sub Zero Stars &#8211; 1:21<br \/>\n-Sub Zero Stars &#8211; Gold Parallel &#8211; \/8<br \/>\n-Sub Zero Rookies (Tier 1) &#8211; \/999<br \/>\n-Sub Zero Rookies (Tier 2) &#8211; \/599<br \/>\n-Sub Zero Rookies &#8211; Gold Parallel &#8211; \/24<br \/>\n-Sub Zero Rookies Variants &#8211; 1:960<\/p>\n<p><b>Additional Insert Cards:<\/b><\/p>\n<p>-Ice Crystals &#8211; 1:5<br \/>\n-Ice Crystals Rookies &#8211; 1:12<\/p>\n<p><b>Base Set, Parallel Cards and Ice Premieres Cards:<\/b><\/p>\n<p>-Base Set (1-100) &#8211; 3:1<br \/>\n-Base Set &#8211; Green Parallel &#8211; 1:2<br \/>\n-Base Set &#8211; Orange Parallel &#8211; 1:9<br \/>\n-Base Set &#8211; Purple Parallel &#8211; 1:18<br \/>\n&#8211;<strong>NEW &#8211;<\/strong> Base Set &#8211; Greyscale Parallel &#8211; \/99<br \/>\n-Base Set &#8211; Ice Blue Parallel &#8211; 1:180<br \/>\n-Base Set &#8211; Black Parallel &#8211; 1\/1<br \/>\n-Base Set Rookies (101-150) &#8211; 1:1<br \/>\n-Base Set Rookies &#8211; Green Parallel &#8211; 1:3<br \/>\n-Base Set Rookies &#8211; Orange Parallel &#8211; 1:18<br \/>\n-Base Set Rookies &#8211; Purple Parallel &#8211; 1:36<br \/>\n&#8211;<strong>NEW &#8211;<\/strong> Base Set Rookies &#8211; Greyscale Parallel &#8211; \/99<br \/>\n-Base Set Rookies &#8211; Ice Blue Parallel &#8211; 1:360<br \/>\n-Base Set Rookies &#8211; Black Parallel &#8211; 1\/1<br \/>\n-Ice Premieres &#8211; Level 5 (151-180) &#8211; \/1299<br \/>\n-Ice Premieres &#8211; Level 4 (181-210) &#8211; \/999<br \/>\n-Ice Premieres &#8211; Level 3 (211-230) &#8211; \/499<br \/>\n-Ice Premieres &#8211; Level 2 (231-240) &#8211; \/249<br \/>\n-Ice Premieres &#8211; Level 1 (241-250) &#8211; \/99<br \/>\n-Ice Premieres &#8211; Green Parallel &#8211; \/599<br \/>\n-Ice Premieres &#8211; Red Parallel &#8211; \/299<br \/>\n-Ice Premieres &#8211; Gold Parallel &#8211; \/99<br \/>\n-Ice Premieres &#8211; Black Parallel &#8211; 1\/1<\/p>\n<p>&nbsp;<\/p>\n<p>&nbsp;<\/p>\n","protected":false},"excerpt":{"rendered":"<p><strong>Box Contents<\/strong><br \/>\n12 packs per box, 6 cards per pack<\/p>\n","protected":false},"featured_media":5784,"template":"","meta":[],"product_brand":[],"product_cat":[266,293],"product_tag":[267],"class_list":{"0":"post-5777","1":"product","2":"type-product","3":"status-publish","4":"has-post-thumbnail","6":"product_cat-boxes","7":"product_cat-2022-23-boxes","8":"product_tag-upper-deck","10":"first","11":"instock","12":"taxable","13":"shipping-taxable","14":"purchasable","15":"product-type-simple"},"yoast_head":"<!-- This site is optimized with the Yoast SEO plugin v17.7.1 - https:\/\/yoast.com\/wordpress\/plugins\/seo\/ -->\n<title>2022-23 Upper Deck Ice Hockey Hobby Box - 2MK Hokejov\u00e9 Karty<\/title>\n<meta name=\"robots\" content=\"index, follow, max-snippet:-1, max-image-preview:large, max-video-preview:-1\" \/>\n<link rel=\"canonical\" href=\"https:\/\/www.2mkhokejovekarty.sk\/en\/produkt\/2022-23-upper-deck-ice-hockey-hobby-box\/\" \/>\n<meta property=\"og:locale\" content=\"en_US\" \/>\n<meta property=\"og:type\" content=\"article\" \/>\n<meta property=\"og:title\" content=\"2022-23 Upper Deck Ice Hockey Hobby Box - 2MK Hokejov\u00e9 Karty\" \/>\n<meta property=\"og:description\" content=\"Box Contents 12 packs per box, 6 cards per pack\" \/>\n<meta property=\"og:url\" content=\"https:\/\/www.2mkhokejovekarty.sk\/en\/produkt\/2022-23-upper-deck-ice-hockey-hobby-box\/\" \/>\n<meta property=\"og:site_name\" content=\"2MK Hokejov\u00e9 Karty\" \/>\n<meta property=\"article:publisher\" content=\"https:\/\/www.facebook.com\/2MK-hokejov%c3%a9-karty-106293018483710\" \/>\n<meta property=\"og:image\" content=\"https:\/\/www.2mkhokejovekarty.sk\/wp-content\/uploads\/2024\/01\/2022-23_ice_hobby_box.jpeg\" \/>\n\t<meta property=\"og:image:width\" content=\"940\" \/>\n\t<meta property=\"og:image:height\" content=\"788\" \/>\n<meta name=\"twitter:card\" content=\"summary_large_image\" \/>\n<meta name=\"twitter:label1\" content=\"Est. reading time\" \/>\n\t<meta name=\"twitter:data1\" content=\"3 minutes\" \/>\n<script type=\"application\/ld+json\" class=\"yoast-schema-graph\">{\"@context\":\"https:\/\/schema.org\",\"@graph\":[{\"@type\":\"Organization\",\"@id\":\"https:\/\/www.2mkhokejovekarty.sk\/en\/#organization\",\"name\":\"2MK Hockey Cards\",\"url\":\"https:\/\/www.2mkhokejovekarty.sk\/en\/\",\"sameAs\":[\"https:\/\/www.facebook.com\/2MK-hokejov\\u00e9-karty-106293018483710\"],\"logo\":{\"@type\":\"ImageObject\",\"@id\":\"https:\/\/www.2mkhokejovekarty.sk\/en\/#logo\",\"inLanguage\":\"en-US\",\"url\":\"https:\/\/www.2mkhokejovekarty.sk\/wp-content\/uploads\/2021\/12\/2MK-logo-org.jpg\",\"contentUrl\":\"https:\/\/www.2mkhokejovekarty.sk\/wp-content\/uploads\/2021\/12\/2MK-logo-org.jpg\",\"width\":300,\"height\":200,\"caption\":\"2MK Hockey Cards\"},\"image\":{\"@id\":\"https:\/\/www.2mkhokejovekarty.sk\/en\/#logo\"}},{\"@type\":\"WebSite\",\"@id\":\"https:\/\/www.2mkhokejovekarty.sk\/en\/#website\",\"url\":\"https:\/\/www.2mkhokejovekarty.sk\/en\/\",\"name\":\"2MK Hokejov\\u00e9 Karty\",\"description\":\"Str\\u00e1nka ur\\u010den\\u00e1 pre zberate\\u013eov hokejov\\u00fdch kariet\",\"publisher\":{\"@id\":\"https:\/\/www.2mkhokejovekarty.sk\/en\/#organization\"},\"potentialAction\":[{\"@type\":\"SearchAction\",\"target\":{\"@type\":\"EntryPoint\",\"urlTemplate\":\"https:\/\/www.2mkhokejovekarty.sk\/en\/?s={search_term_string}\"},\"query-input\":\"required name=search_term_string\"}],\"inLanguage\":\"en-US\"},{\"@type\":\"ImageObject\",\"@id\":\"https:\/\/www.2mkhokejovekarty.sk\/en\/produkt\/2022-23-upper-deck-ice-hockey-hobby-box\/#primaryimage\",\"inLanguage\":\"en-US\",\"url\":\"https:\/\/www.2mkhokejovekarty.sk\/wp-content\/uploads\/2024\/01\/2022-23_ice_hobby_box.jpeg\",\"contentUrl\":\"https:\/\/www.2mkhokejovekarty.sk\/wp-content\/uploads\/2024\/01\/2022-23_ice_hobby_box.jpeg\",\"width\":940,\"height\":788},{\"@type\":\"WebPage\",\"@id\":\"https:\/\/www.2mkhokejovekarty.sk\/en\/produkt\/2022-23-upper-deck-ice-hockey-hobby-box\/#webpage\",\"url\":\"https:\/\/www.2mkhokejovekarty.sk\/en\/produkt\/2022-23-upper-deck-ice-hockey-hobby-box\/\",\"name\":\"2022-23 Upper Deck Ice Hockey Hobby Box - 2MK Hokejov\\u00e9 Karty\",\"isPartOf\":{\"@id\":\"https:\/\/www.2mkhokejovekarty.sk\/en\/#website\"},\"primaryImageOfPage\":{\"@id\":\"https:\/\/www.2mkhokejovekarty.sk\/en\/produkt\/2022-23-upper-deck-ice-hockey-hobby-box\/#primaryimage\"},\"datePublished\":\"2024-01-03T19:02:19+00:00\",\"dateModified\":\"2024-01-03T19:02:19+00:00\",\"breadcrumb\":{\"@id\":\"https:\/\/www.2mkhokejovekarty.sk\/en\/produkt\/2022-23-upper-deck-ice-hockey-hobby-box\/#breadcrumb\"},\"inLanguage\":\"en-US\",\"potentialAction\":[{\"@type\":\"ReadAction\",\"target\":[\"https:\/\/www.2mkhokejovekarty.sk\/en\/produkt\/2022-23-upper-deck-ice-hockey-hobby-box\/\"]}]},{\"@type\":\"BreadcrumbList\",\"@id\":\"https:\/\/www.2mkhokejovekarty.sk\/en\/produkt\/2022-23-upper-deck-ice-hockey-hobby-box\/#breadcrumb\",\"itemListElement\":[{\"@type\":\"ListItem\",\"position\":1,\"name\":\"Home\",\"item\":\"https:\/\/www.2mkhokejovekarty.sk\/en\/\"},{\"@type\":\"ListItem\",\"position\":2,\"name\":\"Shop\",\"item\":\"https:\/\/www.2mkhokejovekarty.sk\/en\/shop\/\"},{\"@type\":\"ListItem\",\"position\":3,\"name\":\"2022-23 Upper Deck Ice Hockey Hobby Box\"}]}]}<\/script>\n<!-- \/ Yoast SEO plugin. -->","yoast_head_json":{"title":"2022-23 Upper Deck Ice Hockey Hobby Box - 2MK Hokejov\u00e9 Karty","robots":{"index":"index","follow":"follow","max-snippet":"max-snippet:-1","max-image-preview":"max-image-preview:large","max-video-preview":"max-video-preview:-1"},"canonical":"https:\/\/www.2mkhokejovekarty.sk\/en\/produkt\/2022-23-upper-deck-ice-hockey-hobby-box\/","og_locale":"en_US","og_type":"article","og_title":"2022-23 Upper Deck Ice Hockey Hobby Box - 2MK Hokejov\u00e9 Karty","og_description":"Box Contents 12 packs per box, 6 cards per pack","og_url":"https:\/\/www.2mkhokejovekarty.sk\/en\/produkt\/2022-23-upper-deck-ice-hockey-hobby-box\/","og_site_name":"2MK Hokejov\u00e9 Karty","article_publisher":"https:\/\/www.facebook.com\/2MK-hokejov%c3%a9-karty-106293018483710","og_image":[{"width":940,"height":788,"url":"https:\/\/www.2mkhokejovekarty.sk\/wp-content\/uploads\/2024\/01\/2022-23_ice_hobby_box.jpeg","type":"image\/jpeg"}],"twitter_card":"summary_large_image","twitter_misc":{"Est. reading time":"3 minutes"},"schema":{"@context":"https:\/\/schema.org","@graph":[{"@type":"Organization","@id":"https:\/\/www.2mkhokejovekarty.sk\/en\/#organization","name":"2MK Hockey Cards","url":"https:\/\/www.2mkhokejovekarty.sk\/en\/","sameAs":["https:\/\/www.facebook.com\/2MK-hokejov\u00e9-karty-106293018483710"],"logo":{"@type":"ImageObject","@id":"https:\/\/www.2mkhokejovekarty.sk\/en\/#logo","inLanguage":"en-US","url":"https:\/\/www.2mkhokejovekarty.sk\/wp-content\/uploads\/2021\/12\/2MK-logo-org.jpg","contentUrl":"https:\/\/www.2mkhokejovekarty.sk\/wp-content\/uploads\/2021\/12\/2MK-logo-org.jpg","width":300,"height":200,"caption":"2MK Hockey Cards"},"image":{"@id":"https:\/\/www.2mkhokejovekarty.sk\/en\/#logo"}},{"@type":"WebSite","@id":"https:\/\/www.2mkhokejovekarty.sk\/en\/#website","url":"https:\/\/www.2mkhokejovekarty.sk\/en\/","name":"2MK Hokejov\u00e9 Karty","description":"Str\u00e1nka ur\u010den\u00e1 pre zberate\u013eov hokejov\u00fdch kariet","publisher":{"@id":"https:\/\/www.2mkhokejovekarty.sk\/en\/#organization"},"potentialAction":[{"@type":"SearchAction","target":{"@type":"EntryPoint","urlTemplate":"https:\/\/www.2mkhokejovekarty.sk\/en\/?s={search_term_string}"},"query-input":"required name=search_term_string"}],"inLanguage":"en-US"},{"@type":"ImageObject","@id":"https:\/\/www.2mkhokejovekarty.sk\/en\/produkt\/2022-23-upper-deck-ice-hockey-hobby-box\/#primaryimage","inLanguage":"en-US","url":"https:\/\/www.2mkhokejovekarty.sk\/wp-content\/uploads\/2024\/01\/2022-23_ice_hobby_box.jpeg","contentUrl":"https:\/\/www.2mkhokejovekarty.sk\/wp-content\/uploads\/2024\/01\/2022-23_ice_hobby_box.jpeg","width":940,"height":788},{"@type":"WebPage","@id":"https:\/\/www.2mkhokejovekarty.sk\/en\/produkt\/2022-23-upper-deck-ice-hockey-hobby-box\/#webpage","url":"https:\/\/www.2mkhokejovekarty.sk\/en\/produkt\/2022-23-upper-deck-ice-hockey-hobby-box\/","name":"2022-23 Upper Deck Ice Hockey Hobby Box - 2MK Hokejov\u00e9 Karty","isPartOf":{"@id":"https:\/\/www.2mkhokejovekarty.sk\/en\/#website"},"primaryImageOfPage":{"@id":"https:\/\/www.2mkhokejovekarty.sk\/en\/produkt\/2022-23-upper-deck-ice-hockey-hobby-box\/#primaryimage"},"datePublished":"2024-01-03T19:02:19+00:00","dateModified":"2024-01-03T19:02:19+00:00","breadcrumb":{"@id":"https:\/\/www.2mkhokejovekarty.sk\/en\/produkt\/2022-23-upper-deck-ice-hockey-hobby-box\/#breadcrumb"},"inLanguage":"en-US","potentialAction":[{"@type":"ReadAction","target":["https:\/\/www.2mkhokejovekarty.sk\/en\/produkt\/2022-23-upper-deck-ice-hockey-hobby-box\/"]}]},{"@type":"BreadcrumbList","@id":"https:\/\/www.2mkhokejovekarty.sk\/en\/produkt\/2022-23-upper-deck-ice-hockey-hobby-box\/#breadcrumb","itemListElement":[{"@type":"ListItem","position":1,"name":"Home","item":"https:\/\/www.2mkhokejovekarty.sk\/en\/"},{"@type":"ListItem","position":2,"name":"Shop","item":"https:\/\/www.2mkhokejovekarty.sk\/en\/shop\/"},{"@type":"ListItem","position":3,"name":"2022-23 Upper Deck Ice Hockey Hobby Box"}]}]}},"_links":{"self":[{"href":"https:\/\/www.2mkhokejovekarty.sk\/en\/wp-json\/wp\/v2\/product\/5777","targetHints":{"allow":["GET"]}}],"collection":[{"href":"https:\/\/www.2mkhokejovekarty.sk\/en\/wp-json\/wp\/v2\/product"}],"about":[{"href":"https:\/\/www.2mkhokejovekarty.sk\/en\/wp-json\/wp\/v2\/types\/product"}],"version-history":[{"count":0,"href":"https:\/\/www.2mkhokejovekarty.sk\/en\/wp-json\/wp\/v2\/product\/5777\/revisions"}],"wp:featuredmedia":[{"embeddable":true,"href":"https:\/\/www.2mkhokejovekarty.sk\/en\/wp-json\/wp\/v2\/media\/5784"}],"wp:attachment":[{"href":"https:\/\/www.2mkhokejovekarty.sk\/en\/wp-json\/wp\/v2\/media?parent=5777"}],"wp:term":[{"taxonomy":"product_brand","embeddable":true,"href":"https:\/\/www.2mkhokejovekarty.sk\/en\/wp-json\/wp\/v2\/product_brand?post=5777"},{"taxonomy":"product_cat","embeddable":true,"href":"https:\/\/www.2mkhokejovekarty.sk\/en\/wp-json\/wp\/v2\/product_cat?post=5777"},{"taxonomy":"product_tag","embeddable":true,"href":"https:\/\/www.2mkhokejovekarty.sk\/en\/wp-json\/wp\/v2\/product_tag?post=5777"}],"curies":[{"name":"wp","href":"https:\/\/api.w.org\/{rel}","templated":true}]}}