{"id":5724,"date":"2024-02-13T20:35:47","date_gmt":"2024-02-13T19:35:47","guid":{"rendered":"https:\/\/www.2mkhokejovekarty.sk\/produkt\/2023-24-upper-deck-series-2-hockey-hobby-box\/"},"modified":"2024-02-13T20:35:47","modified_gmt":"2024-02-13T19:35:47","slug":"2023-24-upper-deck-series-2-hockey-hobby-box","status":"publish","type":"product","link":"https:\/\/www.2mkhokejovekarty.sk\/en\/produkt\/2023-24-upper-deck-series-2-hockey-hobby-box\/","title":{"rendered":"2023-24 Upper Deck Series 2 Hockey Hobby Box"},"content":{"rendered":"\n\t\t<style type=\"text\/css\">\n\t\t\t#gallery-1 {\n\t\t\t\tmargin: auto;\n\t\t\t}\n\t\t\t#gallery-1 .gallery-item {\n\t\t\t\tfloat: left;\n\t\t\t\tmargin-top: 10px;\n\t\t\t\ttext-align: center;\n\t\t\t\twidth: 16%;\n\t\t\t}\n\t\t\t#gallery-1 img {\n\t\t\t\tborder: 2px solid #cfcfcf;\n\t\t\t}\n\t\t\t#gallery-1 .gallery-caption {\n\t\t\t\tmargin-left: 0;\n\t\t\t}\n\t\t\t\/* see gallery_shortcode() in wp-includes\/media.php *\/\n\t\t<\/style>\n\t\t<div id='gallery-1' class='gallery galleryid-5724 gallery-columns-6 gallery-size-medium'><dl class='gallery-item'>\n\t\t\t<dt class='gallery-icon landscape'>\n\t\t\t\t<a href='https:\/\/www.2mkhokejovekarty.sk\/wp-content\/smush-webp\/2024\/02\/2023-24_upper_deck_series_two_hobby_1.jpeg.webp'><img decoding=\"async\" width=\"300\" height=\"225\" src=\"https:\/\/www.2mkhokejovekarty.sk\/wp-content\/smush-webp\/2024\/02\/2023-24_upper_deck_series_two_hobby_1-300x225.jpeg.webp\" class=\"attachment-medium size-medium\" alt=\"\" srcset=\"https:\/\/www.2mkhokejovekarty.sk\/wp-content\/smush-webp\/2024\/02\/2023-24_upper_deck_series_two_hobby_1-300x225.jpeg.webp 300w, https:\/\/www.2mkhokejovekarty.sk\/wp-content\/smush-webp\/2024\/02\/2023-24_upper_deck_series_two_hobby_1-1024x768.jpeg.webp 1024w, https:\/\/www.2mkhokejovekarty.sk\/wp-content\/smush-webp\/2024\/02\/2023-24_upper_deck_series_two_hobby_1-768x576.jpeg.webp 768w, https:\/\/www.2mkhokejovekarty.sk\/wp-content\/smush-webp\/2024\/02\/2023-24_upper_deck_series_two_hobby_1-1200x900.jpeg.webp 1200w, https:\/\/www.2mkhokejovekarty.sk\/wp-content\/smush-webp\/2024\/02\/2023-24_upper_deck_series_two_hobby_1-150x113.jpeg.webp 150w, https:\/\/www.2mkhokejovekarty.sk\/wp-content\/smush-webp\/2024\/02\/2023-24_upper_deck_series_two_hobby_1.jpeg.webp 1500w\" sizes=\"(max-width: 300px) 100vw, 300px\" \/><\/a>\n\t\t\t<\/dt><\/dl><dl class='gallery-item'>\n\t\t\t<dt class='gallery-icon landscape'>\n\t\t\t\t<a href='https:\/\/www.2mkhokejovekarty.sk\/wp-content\/smush-webp\/2024\/02\/2023-24_upper_deck_series_two_hobby_2.jpeg.webp'><img decoding=\"async\" width=\"300\" height=\"225\" src=\"https:\/\/www.2mkhokejovekarty.sk\/wp-content\/smush-webp\/2024\/02\/2023-24_upper_deck_series_two_hobby_2-300x225.jpeg.webp\" class=\"attachment-medium size-medium\" alt=\"\" srcset=\"https:\/\/www.2mkhokejovekarty.sk\/wp-content\/smush-webp\/2024\/02\/2023-24_upper_deck_series_two_hobby_2-300x225.jpeg.webp 300w, https:\/\/www.2mkhokejovekarty.sk\/wp-content\/smush-webp\/2024\/02\/2023-24_upper_deck_series_two_hobby_2-1024x768.jpeg.webp 1024w, https:\/\/www.2mkhokejovekarty.sk\/wp-content\/smush-webp\/2024\/02\/2023-24_upper_deck_series_two_hobby_2-768x576.jpeg.webp 768w, https:\/\/www.2mkhokejovekarty.sk\/wp-content\/smush-webp\/2024\/02\/2023-24_upper_deck_series_two_hobby_2-1200x900.jpeg.webp 1200w, https:\/\/www.2mkhokejovekarty.sk\/wp-content\/smush-webp\/2024\/02\/2023-24_upper_deck_series_two_hobby_2-150x113.jpeg.webp 150w, https:\/\/www.2mkhokejovekarty.sk\/wp-content\/smush-webp\/2024\/02\/2023-24_upper_deck_series_two_hobby_2.jpeg.webp 1500w\" sizes=\"(max-width: 300px) 100vw, 300px\" \/><\/a>\n\t\t\t<\/dt><\/dl><dl class='gallery-item'>\n\t\t\t<dt class='gallery-icon landscape'>\n\t\t\t\t<a href='https:\/\/www.2mkhokejovekarty.sk\/wp-content\/smush-webp\/2024\/02\/2023-24_upper_deck_series_two_hobby_3.jpeg.webp'><img decoding=\"async\" width=\"300\" height=\"225\" src=\"https:\/\/www.2mkhokejovekarty.sk\/wp-content\/smush-webp\/2024\/02\/2023-24_upper_deck_series_two_hobby_3-300x225.jpeg.webp\" class=\"attachment-medium size-medium\" alt=\"\" srcset=\"https:\/\/www.2mkhokejovekarty.sk\/wp-content\/smush-webp\/2024\/02\/2023-24_upper_deck_series_two_hobby_3-300x225.jpeg.webp 300w, https:\/\/www.2mkhokejovekarty.sk\/wp-content\/smush-webp\/2024\/02\/2023-24_upper_deck_series_two_hobby_3-1024x768.jpeg.webp 1024w, https:\/\/www.2mkhokejovekarty.sk\/wp-content\/smush-webp\/2024\/02\/2023-24_upper_deck_series_two_hobby_3-768x576.jpeg.webp 768w, https:\/\/www.2mkhokejovekarty.sk\/wp-content\/smush-webp\/2024\/02\/2023-24_upper_deck_series_two_hobby_3-1200x900.jpeg.webp 1200w, https:\/\/www.2mkhokejovekarty.sk\/wp-content\/smush-webp\/2024\/02\/2023-24_upper_deck_series_two_hobby_3-150x113.jpeg.webp 150w, https:\/\/www.2mkhokejovekarty.sk\/wp-content\/smush-webp\/2024\/02\/2023-24_upper_deck_series_two_hobby_3.jpeg.webp 1500w\" sizes=\"(max-width: 300px) 100vw, 300px\" \/><\/a>\n\t\t\t<\/dt><\/dl><dl class='gallery-item'>\n\t\t\t<dt class='gallery-icon landscape'>\n\t\t\t\t<a href='https:\/\/www.2mkhokejovekarty.sk\/wp-content\/smush-webp\/2024\/02\/2023-24_upper_deck_series_two_hobby_4.jpeg.webp'><img decoding=\"async\" width=\"300\" height=\"225\" src=\"https:\/\/www.2mkhokejovekarty.sk\/wp-content\/smush-webp\/2024\/02\/2023-24_upper_deck_series_two_hobby_4-300x225.jpeg.webp\" class=\"attachment-medium size-medium\" alt=\"\" srcset=\"https:\/\/www.2mkhokejovekarty.sk\/wp-content\/smush-webp\/2024\/02\/2023-24_upper_deck_series_two_hobby_4-300x225.jpeg.webp 300w, https:\/\/www.2mkhokejovekarty.sk\/wp-content\/smush-webp\/2024\/02\/2023-24_upper_deck_series_two_hobby_4-1024x768.jpeg.webp 1024w, https:\/\/www.2mkhokejovekarty.sk\/wp-content\/smush-webp\/2024\/02\/2023-24_upper_deck_series_two_hobby_4-768x576.jpeg.webp 768w, https:\/\/www.2mkhokejovekarty.sk\/wp-content\/smush-webp\/2024\/02\/2023-24_upper_deck_series_two_hobby_4-1200x900.jpeg.webp 1200w, https:\/\/www.2mkhokejovekarty.sk\/wp-content\/smush-webp\/2024\/02\/2023-24_upper_deck_series_two_hobby_4-150x113.jpeg.webp 150w, https:\/\/www.2mkhokejovekarty.sk\/wp-content\/smush-webp\/2024\/02\/2023-24_upper_deck_series_two_hobby_4.jpeg.webp 1500w\" sizes=\"(max-width: 300px) 100vw, 300px\" \/><\/a>\n\t\t\t<\/dt><\/dl><dl class='gallery-item'>\n\t\t\t<dt class='gallery-icon landscape'>\n\t\t\t\t<a href='https:\/\/www.2mkhokejovekarty.sk\/wp-content\/smush-webp\/2024\/02\/2023-24_upper_deck_series_two_hobby_5.jpeg.webp'><img decoding=\"async\" width=\"300\" height=\"225\" src=\"https:\/\/www.2mkhokejovekarty.sk\/wp-content\/smush-webp\/2024\/02\/2023-24_upper_deck_series_two_hobby_5-300x225.jpeg.webp\" class=\"attachment-medium size-medium\" alt=\"\" srcset=\"https:\/\/www.2mkhokejovekarty.sk\/wp-content\/smush-webp\/2024\/02\/2023-24_upper_deck_series_two_hobby_5-300x225.jpeg.webp 300w, https:\/\/www.2mkhokejovekarty.sk\/wp-content\/smush-webp\/2024\/02\/2023-24_upper_deck_series_two_hobby_5-1024x768.jpeg.webp 1024w, https:\/\/www.2mkhokejovekarty.sk\/wp-content\/smush-webp\/2024\/02\/2023-24_upper_deck_series_two_hobby_5-768x576.jpeg.webp 768w, https:\/\/www.2mkhokejovekarty.sk\/wp-content\/smush-webp\/2024\/02\/2023-24_upper_deck_series_two_hobby_5-1200x900.jpeg.webp 1200w, https:\/\/www.2mkhokejovekarty.sk\/wp-content\/smush-webp\/2024\/02\/2023-24_upper_deck_series_two_hobby_5-150x113.jpeg.webp 150w, https:\/\/www.2mkhokejovekarty.sk\/wp-content\/smush-webp\/2024\/02\/2023-24_upper_deck_series_two_hobby_5.jpeg.webp 1500w\" sizes=\"(max-width: 300px) 100vw, 300px\" \/><\/a>\n\t\t\t<\/dt><\/dl><dl class='gallery-item'>\n\t\t\t<dt class='gallery-icon landscape'>\n\t\t\t\t<a href='https:\/\/www.2mkhokejovekarty.sk\/wp-content\/smush-webp\/2024\/02\/2023-24_upper_deck_series_two_hobby_6.jpeg.webp'><img decoding=\"async\" width=\"300\" height=\"225\" src=\"https:\/\/www.2mkhokejovekarty.sk\/wp-content\/smush-webp\/2024\/02\/2023-24_upper_deck_series_two_hobby_6-300x225.jpeg.webp\" class=\"attachment-medium size-medium\" alt=\"\" srcset=\"https:\/\/www.2mkhokejovekarty.sk\/wp-content\/smush-webp\/2024\/02\/2023-24_upper_deck_series_two_hobby_6-300x225.jpeg.webp 300w, https:\/\/www.2mkhokejovekarty.sk\/wp-content\/smush-webp\/2024\/02\/2023-24_upper_deck_series_two_hobby_6-1024x768.jpeg.webp 1024w, https:\/\/www.2mkhokejovekarty.sk\/wp-content\/smush-webp\/2024\/02\/2023-24_upper_deck_series_two_hobby_6-768x576.jpeg.webp 768w, https:\/\/www.2mkhokejovekarty.sk\/wp-content\/smush-webp\/2024\/02\/2023-24_upper_deck_series_two_hobby_6-1200x900.jpeg.webp 1200w, https:\/\/www.2mkhokejovekarty.sk\/wp-content\/smush-webp\/2024\/02\/2023-24_upper_deck_series_two_hobby_6-150x113.jpeg.webp 150w, https:\/\/www.2mkhokejovekarty.sk\/wp-content\/smush-webp\/2024\/02\/2023-24_upper_deck_series_two_hobby_6.jpeg.webp 1500w\" sizes=\"(max-width: 300px) 100vw, 300px\" \/><\/a>\n\t\t\t<\/dt><\/dl><br style=\"clear: both\" \/>\n\t\t<\/div>\n\n<p><strong>2023-24 Upper Deck Series 2 Hockey Hobby Box<\/strong><\/p>\n<p><strong><b>EACH BOX ON AVERAGE CONTAINS<\/b><\/strong><\/p>\n<p>-6x Young Guns cards<br \/>\n-4x UD Canvas cards<br \/>\n-1x Base Outburst parallel card (Veteran or Young Guns)<br \/>\n-1x Base Clear Cut, UD Canvas Black&amp;White, or Fluorescence Red parallel card<br \/>\n-6x Honor Roll and\/or UD Portraits insert cards<br \/>\n-3x Deep Roots insert cards<br \/>\n-1x Monster Season or Glaring insert card<br \/>\n-1x Blue Dazzlers insert card<br \/>\n-10x insert cards from Director of Boards, Ecliptic, Instinctive and\/or PC&#8217;s<br \/>\n-2x Sparkle insert parallel cards from Director of Boards, Ecliptic, Instinctive and\/or PC&#8217;s<br \/>\n-1x Wildcard<\/p>\n<p><b>PRODUCT INCLUDES:<\/b><\/p>\n<p><b>Young Guns cards:<\/b><\/p>\n<p>-Young Guns (451-500) &#8211; 1:2<br \/>\n-Young Guns &#8211; Outburst Parallel &#8211; 1:60<br \/>\n-Young Guns &#8211; Clear Cut Parallel <strong>(exclusive to hobby)<\/strong> &#8211; 1:144<br \/>\n-Young Guns &#8211; Deluxe Parallel &#8211; \/250<br \/>\n-Young Guns &#8211; Exclusives Parallel &#8211; \/100<br \/>\n-Young Guns &#8211; Outburst Red Parallel &#8211; \/25<br \/>\n-Young Guns &#8211; High Gloss Parallel &#8211; \/10<br \/>\n-Young Guns &#8211; Outburst Gold Parallel &#8211; 1\/1<br \/>\n-UD Canvas Young Guns &#8211; 1:24<br \/>\n-UD Canvas Young Guns Printing Plates &#8211; N\/A<br \/>\n-UD Canvas Young Guns &#8211; Black &amp; White Parallel <strong>(exclusive to hobby)<\/strong> &#8211; 1:216<\/p>\n<p><b>New Insert Cards:<\/b><\/p>\n<p>-Deep Roots &#8211; 1:4<br \/>\n-Deep Roots &#8211; Purple Parallel &#8211; 1:144<br \/>\n-Director of Boards &#8211; 1:8<br \/>\n-Director of Boards &#8211; Sparkle Parallel &#8211; 1:40<br \/>\n-Director of Boards &#8211; Gold Sparkle Parallel &#8211; 1:960<br \/>\n-Ecliptic &#8211; 1:6<br \/>\n-Ecliptic &#8211; Sparkle Parallel &#8211; 1:30<br \/>\n-Ecliptic &#8211; Gold Sparkle Parallel &#8211; 1:720<br \/>\n-Glaring &#8211; 1:67<br \/>\n-Glaring &#8211; Gold Parallel &#8211; \/100<br \/>\n-Glaring Printing Plates &#8211; N\/A<br \/>\n-Instinctive &#8211; 1:4<br \/>\n-Instinctive &#8211; Sparkle Parallel &#8211; 1:20<br \/>\n-Instinctive &#8211; Gold Sparkle Parallel &#8211; 1:480<br \/>\n-Monster Season &#8211; 1:15<br \/>\n-Monster Season &#8211; Gold Parallel -\/153<br \/>\n-PC&#8217;s &#8211; 1:4<br \/>\n-PC&#8217;s &#8211; Sparkle Parallel &#8211; 1:18<br \/>\n-PC&#8217;s &#8211; Gold Sparkle Parallel &#8211; 1:412<\/p>\n<p><b>Insert Cards:<\/b><\/p>\n<p>-Day With The Cup &#8211; 1:2000<br \/>\n-Dazzlers Blue &#8211; 1:12<br \/>\n-Dazzlers Pink &#8211; 1:72<br \/>\n-Dazzlers Blue Printing Plates &#8211; N\/A<br \/>\n-Fluorescence Red &#8211; 1:36<br \/>\n-Fluorescence &#8211; Gold Parallel &#8211; \/150<br \/>\n-Fluorescence &#8211; Blue Parallel &#8211; \/50<br \/>\n-Fluorescence &#8211; Pink Parallel &#8211; \/15<br \/>\n-Fluorescence &#8211; Green Parallel &#8211; \/5<br \/>\n-Highlighters &#8211; Yellow &#8211; 1:96<br \/>\n-Highlighters &#8211; Orange Parallel &#8211; 1:288<br \/>\n-Highlighters &#8211; Pink Parallel &#8211; 1:1536<br \/>\n-Highlighters &#8211; Green Parallel &#8211; 1:4608<br \/>\n-Honor Roll &#8211; 1:3<br \/>\n-Honor Roll &#8211; Silver Parallel &#8211; \/250<br \/>\n-Honor Roll &#8211; Gold Parallel &#8211; \/25<br \/>\n-Honor Roll Printing Plates &#8211; N\/A<br \/>\n-Population Count 1000 &#8211; v\/1000<br \/>\n-Population Count 500 &#8211; \/500<br \/>\n-Population Count 100 &#8211; \/100<br \/>\n-Population Count 50 &#8211; \/50<br \/>\n-Population Count 25 &#8211; 25<br \/>\n-Population Count 10 &#8211; \/10<br \/>\n-Population Count 1 &#8211; \/1<br \/>\n-UD Canvas &#8211; 1:4<br \/>\n-UD Canvas &#8211; Black &amp; White Parallel <strong>(exclusive to hobby)<\/strong> &#8211; 1:48<br \/>\n-UD Canvas Printing Plates &#8211; N\/A<br \/>\n-UD Canvas Retired &#8211; 1:96<br \/>\n-UD Canvas Retired Black &amp; White Parallel <strong>(exclusive to hobby)<\/strong> &#8211; 1:864<br \/>\n-UD Canvas Retired Printing Plates &#8211; N\/A<br \/>\n-UD Canvas Program of Excellence &#8211; 1:96<br \/>\n-UD Canvas Program of Excellence &#8211; Black &amp; White Parallel <strong>(exclusive to hobby)<\/strong> &#8211; 1:864<br \/>\n-UD Canvas Program of Excellence Printing Plates &#8211; N\/A<br \/>\n-UD Canvas Signatures &#8211; N\/A<br \/>\n-UD Portraits &#8211; 1:7<br \/>\n-UD Portraits &#8211; Silver Frame Parallel &#8211; \/99<br \/>\n-UD Portraits &#8211; Red Frame Parallel &#8211; \/25<br \/>\n-UD Portraits Printing Plates &#8211; N\/A<\/p>\n<p><b>Base set and parallel cards:<\/b><\/p>\n<p>-Base Set (251-450) &#8211; N\/A<br \/>\n-Base Set &#8211; Outburst Parallel &#8211; 1:15<br \/>\n-Base Set &#8211; Clear Cut Parallel <strong>(exclusive to hobby)<\/strong> &#8211; 1:48<br \/>\n-Base Set &#8211; Deluxe Parallel &#8211; \/250<br \/>\n-Base Set &#8211; Exclusives Parallel &#8211; \/100<br \/>\n-Base Set &#8211; Outburst Red Parallel &#8211; \/25<br \/>\n-Base Set &#8211; High Gloss Parallel &#8211; \/10<br \/>\n-Base Set &#8211; Outburst Gold Parallel &#8211; \/1<\/p>\n<p>&nbsp;<\/p>\n<p>&nbsp;<\/p>\n","protected":false},"excerpt":{"rendered":"<p><strong>Box contents<br \/>\n<\/strong>12 packs per box, 12 cards per pack<\/p>\n","protected":false},"featured_media":5731,"template":"","meta":[],"product_brand":[],"product_cat":[266,297],"product_tag":[267],"class_list":{"0":"post-5724","1":"product","2":"type-product","3":"status-publish","4":"has-post-thumbnail","6":"product_cat-boxes","7":"product_cat-2023-24-boxes","8":"product_tag-upper-deck","10":"first","11":"instock","12":"taxable","13":"shipping-taxable","14":"purchasable","15":"product-type-simple"},"yoast_head":"<!-- This site is optimized with the Yoast SEO plugin v17.7.1 - https:\/\/yoast.com\/wordpress\/plugins\/seo\/ -->\n<title>2023-24 Upper Deck Series 2 Hockey Hobby Box - 2MK Hokejov\u00e9 Karty<\/title>\n<meta name=\"robots\" content=\"index, follow, max-snippet:-1, max-image-preview:large, max-video-preview:-1\" \/>\n<link rel=\"canonical\" href=\"https:\/\/www.2mkhokejovekarty.sk\/en\/produkt\/2023-24-upper-deck-series-2-hockey-hobby-box\/\" \/>\n<meta property=\"og:locale\" content=\"en_US\" \/>\n<meta property=\"og:type\" content=\"article\" \/>\n<meta property=\"og:title\" content=\"2023-24 Upper Deck Series 2 Hockey Hobby Box - 2MK Hokejov\u00e9 Karty\" \/>\n<meta property=\"og:description\" content=\"Box contents 12 packs per box, 12 cards per pack\" \/>\n<meta property=\"og:url\" content=\"https:\/\/www.2mkhokejovekarty.sk\/en\/produkt\/2023-24-upper-deck-series-2-hockey-hobby-box\/\" \/>\n<meta property=\"og:site_name\" content=\"2MK Hokejov\u00e9 Karty\" \/>\n<meta property=\"article:publisher\" content=\"https:\/\/www.facebook.com\/2MK-hokejov%c3%a9-karty-106293018483710\" \/>\n<meta property=\"og:image\" content=\"https:\/\/www.2mkhokejovekarty.sk\/wp-content\/uploads\/2024\/02\/2023-24_upper_deck_series_two_hobby_box.jpeg\" \/>\n\t<meta property=\"og:image:width\" content=\"940\" \/>\n\t<meta property=\"og:image:height\" content=\"788\" \/>\n<meta name=\"twitter:card\" content=\"summary_large_image\" \/>\n<meta name=\"twitter:label1\" content=\"Est. reading time\" \/>\n\t<meta name=\"twitter:data1\" content=\"3 minutes\" \/>\n<script type=\"application\/ld+json\" class=\"yoast-schema-graph\">{\"@context\":\"https:\/\/schema.org\",\"@graph\":[{\"@type\":\"Organization\",\"@id\":\"https:\/\/www.2mkhokejovekarty.sk\/en\/#organization\",\"name\":\"2MK Hockey Cards\",\"url\":\"https:\/\/www.2mkhokejovekarty.sk\/en\/\",\"sameAs\":[\"https:\/\/www.facebook.com\/2MK-hokejov\\u00e9-karty-106293018483710\"],\"logo\":{\"@type\":\"ImageObject\",\"@id\":\"https:\/\/www.2mkhokejovekarty.sk\/en\/#logo\",\"inLanguage\":\"en-US\",\"url\":\"https:\/\/www.2mkhokejovekarty.sk\/wp-content\/uploads\/2021\/12\/2MK-logo-org.jpg\",\"contentUrl\":\"https:\/\/www.2mkhokejovekarty.sk\/wp-content\/uploads\/2021\/12\/2MK-logo-org.jpg\",\"width\":300,\"height\":200,\"caption\":\"2MK Hockey Cards\"},\"image\":{\"@id\":\"https:\/\/www.2mkhokejovekarty.sk\/en\/#logo\"}},{\"@type\":\"WebSite\",\"@id\":\"https:\/\/www.2mkhokejovekarty.sk\/en\/#website\",\"url\":\"https:\/\/www.2mkhokejovekarty.sk\/en\/\",\"name\":\"2MK Hokejov\\u00e9 Karty\",\"description\":\"Str\\u00e1nka ur\\u010den\\u00e1 pre zberate\\u013eov hokejov\\u00fdch kariet\",\"publisher\":{\"@id\":\"https:\/\/www.2mkhokejovekarty.sk\/en\/#organization\"},\"potentialAction\":[{\"@type\":\"SearchAction\",\"target\":{\"@type\":\"EntryPoint\",\"urlTemplate\":\"https:\/\/www.2mkhokejovekarty.sk\/en\/?s={search_term_string}\"},\"query-input\":\"required name=search_term_string\"}],\"inLanguage\":\"en-US\"},{\"@type\":\"ImageObject\",\"@id\":\"https:\/\/www.2mkhokejovekarty.sk\/en\/produkt\/2023-24-upper-deck-series-2-hockey-hobby-box\/#primaryimage\",\"inLanguage\":\"en-US\",\"url\":\"https:\/\/www.2mkhokejovekarty.sk\/wp-content\/uploads\/2024\/02\/2023-24_upper_deck_series_two_hobby_box.jpeg\",\"contentUrl\":\"https:\/\/www.2mkhokejovekarty.sk\/wp-content\/uploads\/2024\/02\/2023-24_upper_deck_series_two_hobby_box.jpeg\",\"width\":940,\"height\":788},{\"@type\":\"WebPage\",\"@id\":\"https:\/\/www.2mkhokejovekarty.sk\/en\/produkt\/2023-24-upper-deck-series-2-hockey-hobby-box\/#webpage\",\"url\":\"https:\/\/www.2mkhokejovekarty.sk\/en\/produkt\/2023-24-upper-deck-series-2-hockey-hobby-box\/\",\"name\":\"2023-24 Upper Deck Series 2 Hockey Hobby Box - 2MK Hokejov\\u00e9 Karty\",\"isPartOf\":{\"@id\":\"https:\/\/www.2mkhokejovekarty.sk\/en\/#website\"},\"primaryImageOfPage\":{\"@id\":\"https:\/\/www.2mkhokejovekarty.sk\/en\/produkt\/2023-24-upper-deck-series-2-hockey-hobby-box\/#primaryimage\"},\"datePublished\":\"2024-02-13T19:35:47+00:00\",\"dateModified\":\"2024-02-13T19:35:47+00:00\",\"breadcrumb\":{\"@id\":\"https:\/\/www.2mkhokejovekarty.sk\/en\/produkt\/2023-24-upper-deck-series-2-hockey-hobby-box\/#breadcrumb\"},\"inLanguage\":\"en-US\",\"potentialAction\":[{\"@type\":\"ReadAction\",\"target\":[\"https:\/\/www.2mkhokejovekarty.sk\/en\/produkt\/2023-24-upper-deck-series-2-hockey-hobby-box\/\"]}]},{\"@type\":\"BreadcrumbList\",\"@id\":\"https:\/\/www.2mkhokejovekarty.sk\/en\/produkt\/2023-24-upper-deck-series-2-hockey-hobby-box\/#breadcrumb\",\"itemListElement\":[{\"@type\":\"ListItem\",\"position\":1,\"name\":\"Home\",\"item\":\"https:\/\/www.2mkhokejovekarty.sk\/en\/\"},{\"@type\":\"ListItem\",\"position\":2,\"name\":\"Shop\",\"item\":\"https:\/\/www.2mkhokejovekarty.sk\/en\/shop\/\"},{\"@type\":\"ListItem\",\"position\":3,\"name\":\"2023-24 Upper Deck Series 2 Hockey Hobby Box\"}]}]}<\/script>\n<!-- \/ Yoast SEO plugin. -->","yoast_head_json":{"title":"2023-24 Upper Deck Series 2 Hockey Hobby Box - 2MK Hokejov\u00e9 Karty","robots":{"index":"index","follow":"follow","max-snippet":"max-snippet:-1","max-image-preview":"max-image-preview:large","max-video-preview":"max-video-preview:-1"},"canonical":"https:\/\/www.2mkhokejovekarty.sk\/en\/produkt\/2023-24-upper-deck-series-2-hockey-hobby-box\/","og_locale":"en_US","og_type":"article","og_title":"2023-24 Upper Deck Series 2 Hockey Hobby Box - 2MK Hokejov\u00e9 Karty","og_description":"Box contents 12 packs per box, 12 cards per pack","og_url":"https:\/\/www.2mkhokejovekarty.sk\/en\/produkt\/2023-24-upper-deck-series-2-hockey-hobby-box\/","og_site_name":"2MK Hokejov\u00e9 Karty","article_publisher":"https:\/\/www.facebook.com\/2MK-hokejov%c3%a9-karty-106293018483710","og_image":[{"width":940,"height":788,"url":"https:\/\/www.2mkhokejovekarty.sk\/wp-content\/uploads\/2024\/02\/2023-24_upper_deck_series_two_hobby_box.jpeg","type":"image\/jpeg"}],"twitter_card":"summary_large_image","twitter_misc":{"Est. reading time":"3 minutes"},"schema":{"@context":"https:\/\/schema.org","@graph":[{"@type":"Organization","@id":"https:\/\/www.2mkhokejovekarty.sk\/en\/#organization","name":"2MK Hockey Cards","url":"https:\/\/www.2mkhokejovekarty.sk\/en\/","sameAs":["https:\/\/www.facebook.com\/2MK-hokejov\u00e9-karty-106293018483710"],"logo":{"@type":"ImageObject","@id":"https:\/\/www.2mkhokejovekarty.sk\/en\/#logo","inLanguage":"en-US","url":"https:\/\/www.2mkhokejovekarty.sk\/wp-content\/uploads\/2021\/12\/2MK-logo-org.jpg","contentUrl":"https:\/\/www.2mkhokejovekarty.sk\/wp-content\/uploads\/2021\/12\/2MK-logo-org.jpg","width":300,"height":200,"caption":"2MK Hockey Cards"},"image":{"@id":"https:\/\/www.2mkhokejovekarty.sk\/en\/#logo"}},{"@type":"WebSite","@id":"https:\/\/www.2mkhokejovekarty.sk\/en\/#website","url":"https:\/\/www.2mkhokejovekarty.sk\/en\/","name":"2MK Hokejov\u00e9 Karty","description":"Str\u00e1nka ur\u010den\u00e1 pre zberate\u013eov hokejov\u00fdch kariet","publisher":{"@id":"https:\/\/www.2mkhokejovekarty.sk\/en\/#organization"},"potentialAction":[{"@type":"SearchAction","target":{"@type":"EntryPoint","urlTemplate":"https:\/\/www.2mkhokejovekarty.sk\/en\/?s={search_term_string}"},"query-input":"required name=search_term_string"}],"inLanguage":"en-US"},{"@type":"ImageObject","@id":"https:\/\/www.2mkhokejovekarty.sk\/en\/produkt\/2023-24-upper-deck-series-2-hockey-hobby-box\/#primaryimage","inLanguage":"en-US","url":"https:\/\/www.2mkhokejovekarty.sk\/wp-content\/uploads\/2024\/02\/2023-24_upper_deck_series_two_hobby_box.jpeg","contentUrl":"https:\/\/www.2mkhokejovekarty.sk\/wp-content\/uploads\/2024\/02\/2023-24_upper_deck_series_two_hobby_box.jpeg","width":940,"height":788},{"@type":"WebPage","@id":"https:\/\/www.2mkhokejovekarty.sk\/en\/produkt\/2023-24-upper-deck-series-2-hockey-hobby-box\/#webpage","url":"https:\/\/www.2mkhokejovekarty.sk\/en\/produkt\/2023-24-upper-deck-series-2-hockey-hobby-box\/","name":"2023-24 Upper Deck Series 2 Hockey Hobby Box - 2MK Hokejov\u00e9 Karty","isPartOf":{"@id":"https:\/\/www.2mkhokejovekarty.sk\/en\/#website"},"primaryImageOfPage":{"@id":"https:\/\/www.2mkhokejovekarty.sk\/en\/produkt\/2023-24-upper-deck-series-2-hockey-hobby-box\/#primaryimage"},"datePublished":"2024-02-13T19:35:47+00:00","dateModified":"2024-02-13T19:35:47+00:00","breadcrumb":{"@id":"https:\/\/www.2mkhokejovekarty.sk\/en\/produkt\/2023-24-upper-deck-series-2-hockey-hobby-box\/#breadcrumb"},"inLanguage":"en-US","potentialAction":[{"@type":"ReadAction","target":["https:\/\/www.2mkhokejovekarty.sk\/en\/produkt\/2023-24-upper-deck-series-2-hockey-hobby-box\/"]}]},{"@type":"BreadcrumbList","@id":"https:\/\/www.2mkhokejovekarty.sk\/en\/produkt\/2023-24-upper-deck-series-2-hockey-hobby-box\/#breadcrumb","itemListElement":[{"@type":"ListItem","position":1,"name":"Home","item":"https:\/\/www.2mkhokejovekarty.sk\/en\/"},{"@type":"ListItem","position":2,"name":"Shop","item":"https:\/\/www.2mkhokejovekarty.sk\/en\/shop\/"},{"@type":"ListItem","position":3,"name":"2023-24 Upper Deck Series 2 Hockey Hobby Box"}]}]}},"_links":{"self":[{"href":"https:\/\/www.2mkhokejovekarty.sk\/en\/wp-json\/wp\/v2\/product\/5724","targetHints":{"allow":["GET"]}}],"collection":[{"href":"https:\/\/www.2mkhokejovekarty.sk\/en\/wp-json\/wp\/v2\/product"}],"about":[{"href":"https:\/\/www.2mkhokejovekarty.sk\/en\/wp-json\/wp\/v2\/types\/product"}],"version-history":[{"count":0,"href":"https:\/\/www.2mkhokejovekarty.sk\/en\/wp-json\/wp\/v2\/product\/5724\/revisions"}],"wp:featuredmedia":[{"embeddable":true,"href":"https:\/\/www.2mkhokejovekarty.sk\/en\/wp-json\/wp\/v2\/media\/5731"}],"wp:attachment":[{"href":"https:\/\/www.2mkhokejovekarty.sk\/en\/wp-json\/wp\/v2\/media?parent=5724"}],"wp:term":[{"taxonomy":"product_brand","embeddable":true,"href":"https:\/\/www.2mkhokejovekarty.sk\/en\/wp-json\/wp\/v2\/product_brand?post=5724"},{"taxonomy":"product_cat","embeddable":true,"href":"https:\/\/www.2mkhokejovekarty.sk\/en\/wp-json\/wp\/v2\/product_cat?post=5724"},{"taxonomy":"product_tag","embeddable":true,"href":"https:\/\/www.2mkhokejovekarty.sk\/en\/wp-json\/wp\/v2\/product_tag?post=5724"}],"curies":[{"name":"wp","href":"https:\/\/api.w.org\/{rel}","templated":true}]}}