{"id":5702,"date":"2024-08-15T21:32:38","date_gmt":"2024-08-15T19:32:38","guid":{"rendered":"https:\/\/www.2mkhokejovekarty.sk\/produkt\/2023-24-upper-deck-credentials-hockey-hobby-pack\/"},"modified":"2024-08-15T21:32:38","modified_gmt":"2024-08-15T19:32:38","slug":"2023-24-upper-deck-credentials-hockey-hobby-pack","status":"publish","type":"product","link":"https:\/\/www.2mkhokejovekarty.sk\/en\/produkt\/2023-24-upper-deck-credentials-hockey-hobby-pack\/","title":{"rendered":"2023-24 Upper Deck Credentials Hockey Hobby Pack"},"content":{"rendered":"\n\t\t<style type=\"text\/css\">\n\t\t\t#gallery-1 {\n\t\t\t\tmargin: auto;\n\t\t\t}\n\t\t\t#gallery-1 .gallery-item {\n\t\t\t\tfloat: left;\n\t\t\t\tmargin-top: 10px;\n\t\t\t\ttext-align: center;\n\t\t\t\twidth: 25%;\n\t\t\t}\n\t\t\t#gallery-1 img {\n\t\t\t\tborder: 2px solid #cfcfcf;\n\t\t\t}\n\t\t\t#gallery-1 .gallery-caption {\n\t\t\t\tmargin-left: 0;\n\t\t\t}\n\t\t\t\/* see gallery_shortcode() in wp-includes\/media.php *\/\n\t\t<\/style>\n\t\t<div id='gallery-1' class='gallery galleryid-5702 gallery-columns-4 gallery-size-medium'><dl class='gallery-item'>\n\t\t\t<dt class='gallery-icon landscape'>\n\t\t\t\t<a href='https:\/\/www.2mkhokejovekarty.sk\/wp-content\/smush-webp\/2024\/08\/2023-24_credentials_hobby_1.jpeg.webp'><img decoding=\"async\" width=\"300\" height=\"225\" src=\"https:\/\/www.2mkhokejovekarty.sk\/wp-content\/smush-webp\/2024\/08\/2023-24_credentials_hobby_1-300x225.jpeg.webp\" class=\"attachment-medium size-medium\" alt=\"\" srcset=\"https:\/\/www.2mkhokejovekarty.sk\/wp-content\/smush-webp\/2024\/08\/2023-24_credentials_hobby_1-300x225.jpeg.webp 300w, https:\/\/www.2mkhokejovekarty.sk\/wp-content\/smush-webp\/2024\/08\/2023-24_credentials_hobby_1-1024x768.jpeg.webp 1024w, https:\/\/www.2mkhokejovekarty.sk\/wp-content\/smush-webp\/2024\/08\/2023-24_credentials_hobby_1-768x576.jpeg.webp 768w, https:\/\/www.2mkhokejovekarty.sk\/wp-content\/smush-webp\/2024\/08\/2023-24_credentials_hobby_1-1200x900.jpeg.webp 1200w, https:\/\/www.2mkhokejovekarty.sk\/wp-content\/smush-webp\/2024\/08\/2023-24_credentials_hobby_1-150x113.jpeg.webp 150w, https:\/\/www.2mkhokejovekarty.sk\/wp-content\/smush-webp\/2024\/08\/2023-24_credentials_hobby_1.jpeg.webp 1500w\" sizes=\"(max-width: 300px) 100vw, 300px\" \/><\/a>\n\t\t\t<\/dt><\/dl><dl class='gallery-item'>\n\t\t\t<dt class='gallery-icon landscape'>\n\t\t\t\t<a href='https:\/\/www.2mkhokejovekarty.sk\/wp-content\/smush-webp\/2024\/08\/2023-24_credentials_hobby_2.jpeg.webp'><img decoding=\"async\" width=\"300\" height=\"225\" src=\"https:\/\/www.2mkhokejovekarty.sk\/wp-content\/smush-webp\/2024\/08\/2023-24_credentials_hobby_2-300x225.jpeg.webp\" class=\"attachment-medium size-medium\" alt=\"\" srcset=\"https:\/\/www.2mkhokejovekarty.sk\/wp-content\/smush-webp\/2024\/08\/2023-24_credentials_hobby_2-300x225.jpeg.webp 300w, https:\/\/www.2mkhokejovekarty.sk\/wp-content\/smush-webp\/2024\/08\/2023-24_credentials_hobby_2-1024x768.jpeg.webp 1024w, https:\/\/www.2mkhokejovekarty.sk\/wp-content\/smush-webp\/2024\/08\/2023-24_credentials_hobby_2-768x576.jpeg.webp 768w, https:\/\/www.2mkhokejovekarty.sk\/wp-content\/smush-webp\/2024\/08\/2023-24_credentials_hobby_2-1200x900.jpeg.webp 1200w, https:\/\/www.2mkhokejovekarty.sk\/wp-content\/smush-webp\/2024\/08\/2023-24_credentials_hobby_2-150x113.jpeg.webp 150w, https:\/\/www.2mkhokejovekarty.sk\/wp-content\/smush-webp\/2024\/08\/2023-24_credentials_hobby_2.jpeg.webp 1500w\" sizes=\"(max-width: 300px) 100vw, 300px\" \/><\/a>\n\t\t\t<\/dt><\/dl><dl class='gallery-item'>\n\t\t\t<dt class='gallery-icon landscape'>\n\t\t\t\t<a href='https:\/\/www.2mkhokejovekarty.sk\/wp-content\/smush-webp\/2024\/08\/2023-24_credentials_hobby_3.jpeg.webp'><img decoding=\"async\" width=\"300\" height=\"225\" src=\"https:\/\/www.2mkhokejovekarty.sk\/wp-content\/smush-webp\/2024\/08\/2023-24_credentials_hobby_3-300x225.jpeg.webp\" class=\"attachment-medium size-medium\" alt=\"\" srcset=\"https:\/\/www.2mkhokejovekarty.sk\/wp-content\/smush-webp\/2024\/08\/2023-24_credentials_hobby_3-300x225.jpeg.webp 300w, https:\/\/www.2mkhokejovekarty.sk\/wp-content\/smush-webp\/2024\/08\/2023-24_credentials_hobby_3-1024x768.jpeg.webp 1024w, https:\/\/www.2mkhokejovekarty.sk\/wp-content\/smush-webp\/2024\/08\/2023-24_credentials_hobby_3-768x576.jpeg.webp 768w, https:\/\/www.2mkhokejovekarty.sk\/wp-content\/smush-webp\/2024\/08\/2023-24_credentials_hobby_3-1200x900.jpeg.webp 1200w, https:\/\/www.2mkhokejovekarty.sk\/wp-content\/smush-webp\/2024\/08\/2023-24_credentials_hobby_3-150x113.jpeg.webp 150w, https:\/\/www.2mkhokejovekarty.sk\/wp-content\/smush-webp\/2024\/08\/2023-24_credentials_hobby_3.jpeg.webp 1500w\" sizes=\"(max-width: 300px) 100vw, 300px\" \/><\/a>\n\t\t\t<\/dt><\/dl><dl class='gallery-item'>\n\t\t\t<dt class='gallery-icon landscape'>\n\t\t\t\t<a href='https:\/\/www.2mkhokejovekarty.sk\/wp-content\/smush-webp\/2024\/08\/2023-24_credentials_hobby_4.jpeg.webp'><img decoding=\"async\" width=\"300\" height=\"225\" src=\"https:\/\/www.2mkhokejovekarty.sk\/wp-content\/smush-webp\/2024\/08\/2023-24_credentials_hobby_4-300x225.jpeg.webp\" class=\"attachment-medium size-medium\" alt=\"\" srcset=\"https:\/\/www.2mkhokejovekarty.sk\/wp-content\/smush-webp\/2024\/08\/2023-24_credentials_hobby_4-300x225.jpeg.webp 300w, https:\/\/www.2mkhokejovekarty.sk\/wp-content\/smush-webp\/2024\/08\/2023-24_credentials_hobby_4-1024x768.jpeg.webp 1024w, https:\/\/www.2mkhokejovekarty.sk\/wp-content\/smush-webp\/2024\/08\/2023-24_credentials_hobby_4-768x576.jpeg.webp 768w, https:\/\/www.2mkhokejovekarty.sk\/wp-content\/smush-webp\/2024\/08\/2023-24_credentials_hobby_4-1200x900.jpeg.webp 1200w, https:\/\/www.2mkhokejovekarty.sk\/wp-content\/smush-webp\/2024\/08\/2023-24_credentials_hobby_4-150x113.jpeg.webp 150w, https:\/\/www.2mkhokejovekarty.sk\/wp-content\/smush-webp\/2024\/08\/2023-24_credentials_hobby_4.jpeg.webp 1500w\" sizes=\"(max-width: 300px) 100vw, 300px\" \/><\/a>\n\t\t\t<\/dt><\/dl><br style=\"clear: both\" \/>\n\t\t<\/div>\n\n<p><strong>2023-24 Upper Deck Credentials Hockey Hobby Pack<\/strong><\/p>\n<p><b>PRODUCT INCLUDES:<\/b><\/p>\n<p><b>Signed cards:<\/b><\/p>\n<p>&#8211;  <strong>NEW &#8211;<\/strong> 1997 Season Ticket Retro Acetate Autographs &#8211; \/25<br \/>\n&#8211;  <strong>NEW &#8211;<\/strong> 1997 Season Ticket Retro Acetate Rookies Autographs &#8211; \/25<br \/>\n&#8211; Acetate Debut Ticket Access Autographs &#8211; \/99<br \/>\n&#8211; Acetate Ticket Access Autographs &#8211; various limitations<br \/>\n&#8211; Debut Ticket Access Autographs (Tier 1) &#8211; \/299<br \/>\n&#8211; Debut Ticket Access Autographs (Tier 2) &#8211; \/199<br \/>\n&#8211; Debut Ticket Access Autographs (Tier 3) &#8211; \/99<br \/>\n&#8211; Debut Ticket Access Autographs &#8211; Yellow Parallel (Tier 1) &#8211; \/125<br \/>\n&#8211; Debut Ticket Access Autographs &#8211; Yellow Parallel (Tier 2) &#8211; \/75<br \/>\n&#8211; Debut Ticket Access Autographs &#8211; Red Parallel (Tier 1) &#8211; \/99<br \/>\n&#8211; Debut Ticket Access Autographs &#8211; Red Parallel (Tier 2) &#8211; \/49<br \/>\n&#8211; Debut Ticket Access Autographs &#8211; Orange Parallel (Tier 1) &#8211; \/45<br \/>\n&#8211; Debut Ticket Access Autographs &#8211; Orange Parallel (Tier 2) &#8211; \/25<br \/>\n&#8211; Debut Ticket Access Autographs &#8211; Blue Parallel (Tier 1) &#8211; \/35<br \/>\n&#8211; Debut Ticket Access Autographs &#8211; Blue Parallel (Tier 2) &#8211; \/15<br \/>\n&#8211; Debut Ticket Access Autographs &#8211; Green Parallel &#8211; \/25<br \/>\n&#8211; Debut Ticket Access Autographs &#8211; Purple Parallel <strong>(hobby exclusive)<\/strong> &#8211; \/10<br \/>\n&#8211; Debut Ticket Access Autographs &#8211; Black Parallel &#8211; 1\/1<br \/>\n&#8211; Dual Ticket Access Autographs &#8211; various limitations<br \/>\n&#8211; Dual Ticket Access Autographs &#8211; Yellow Parallel &#8211; \/10<br \/>\n&#8211; Dual Ticket Access Autographs &#8211; Red Parallel &#8211; \/6<br \/>\n&#8211; Dual Ticket Access Autographs &#8211; Orange Parallel &#8211; \/5<br \/>\n&#8211; Dual Ticket Access Autographs &#8211; Blue Parallel &#8211; \/4<br \/>\n&#8211; Dual Ticket Access Autographs &#8211; Green Parallel &#8211; \/3<br \/>\n&#8211; Dual Ticket Access Autographs &#8211; Purple Parallel <strong>(hobby exclusive)<\/strong> &#8211; \/2<br \/>\n&#8211; Dual Ticket Access Autographs &#8211; Black Parallel &#8211; 1\/1<br \/>\n&#8211; Highly Anticipated &#8211; Auto Parallel &#8211; 1:40<br \/>\n&#8211; Horizontal Debut Ticket Access Autographs (Tier 1) &#8211; \/99<br \/>\n&#8211; Horizontal Debut Ticket Access Autographs (Tier 2) &#8211; \/35<br \/>\n&#8211; Horizontal Debut Ticket Access Autographs &#8211; Yellow Parallel (Tier 1) &#8211; \/49<br \/>\n&#8211; Horizontal Debut Ticket Access Autographs &#8211; Yellow Parallel (Tier 2) &#8211; \/15<br \/>\n&#8211; Horizontal Debut Ticket Access Autographs &#8211; Red Parallel (Tier 1) &#8211; \/25<br \/>\n&#8211; Horizontal Debut Ticket Access Autographs &#8211; Red Parallel (Tier 2) &#8211; \/9<br \/>\n&#8211; Horizontal Debut Ticket Access Autographs &#8211; Orange Parallel (Tier 1) &#8211; \/15<br \/>\n&#8211; Horizontal Debut Ticket Access Autographs &#8211; Orange Parallel (Tier 2) &#8211; \/6<br \/>\n&#8211; Horizontal Debut Ticket Access Autographs &#8211; Blue Parallel (Tier 1) &#8211; \/10<br \/>\n&#8211; Horizontal Debut Ticket Access Autographs &#8211; Blue Parallel (Tier 2) &#8211; \/4<br \/>\n&#8211; Horizontal Debut Ticket Access Autographs &#8211; Green Parallel (Tier 1) &#8211; \/5<br \/>\n&#8211; Horizontal Debut Ticket Access Autographs &#8211; Green Parallel (Tier 2) &#8211; \/3<br \/>\n&#8211; Horizontal Debut Ticket Access Autographs &#8211; Purple Parallel (Tier 1) <strong>(hobby exclusive)<\/strong> &#8211; \/3<br \/>\n&#8211; Horizontal Debut Ticket Access Autographs &#8211; Purple Parallel (Tier 2) <strong>(hobby exclusive)<\/strong> &#8211; \/2<br \/>\n&#8211; Horizontal Debut Ticket Access Autographs &#8211; Black Parallel &#8211; 1\/1<br \/>\n&#8211; Main Stage Signatures &#8211; 1:140<br \/>\n&#8211; Main Stage Signatures &#8211; Gold Parallel (Tier 1) &#8211; \/25<br \/>\n&#8211; Main Stage Signatures &#8211; Gold Parallel (Tier 2) &#8211; \/10<br \/>\n&#8211; Main Stage Signatures &#8211; Black Parallel &#8211; 1\/1<br \/>\n&#8211; Ticket Access Autographs &#8211; various limitations<br \/>\n&#8211; Ticket Access Autographs &#8211; Yellow Parallel &#8211; \/25<br \/>\n&#8211; Ticket Access Autographs &#8211; Red Parallel &#8211; \/10<br \/>\n&#8211; Ticket Access Autographs &#8211; Orange Parallel &#8211; \/5<br \/>\n&#8211; Ticket Access Autographs &#8211; Blue Parallel &#8211; \/4<br \/>\n&#8211; Ticket Access Autographs &#8211; Green Parallel &#8211; \/3<br \/>\n&#8211; Ticket Access Autographs &#8211; Purple Parallel <strong>(hobby exclusive)<\/strong> &#8211; \/2<br \/>\n&#8211; Ticket Access Autographs &#8211; Black Parallel &#8211; 1\/1<br \/>\n&#8211; Retro Ticket Access Autographs &#8211; \/25<br \/>\n&#8211; Retro Ticket Access Autographs &#8211; Yellow Parallel &#8211; \/15<br \/>\n&#8211; Retro Ticket Access Autographs &#8211; Red Parallel &#8211; \/10<br \/>\n&#8211; Retro Ticket Access Autographs &#8211; Orange Parallel &#8211; \/5<br \/>\n&#8211; Retro Ticket Access Autographs &#8211; Blue Parallel &#8211; \/4<br \/>\n&#8211; Retro Ticket Access Autographs &#8211; Green Parallel &#8211; \/3<br \/>\n&#8211; Retro Ticket Access Autographs &#8211; Purple Parallel <strong>(hobby exclusive)<\/strong> &#8211; \/2<br \/>\n&#8211; Retro Ticket Access Autographs &#8211; Black Parallel &#8211; 1\/1<br \/>\n&#8211; <strong>NEW &#8211;<\/strong> Who&#8217;s Best? (Defensemen) &#8211; Auto Parallel &#8211; \/99<br \/>\n&#8211; <strong>NEW &#8211;<\/strong> Who&#8217;s Best? (Goalies) &#8211; Auto Parallel &#8211; \/49<br \/>\n&#8211; <strong>NEW &#8211;<\/strong> Who&#8217;s Best? (Forwards) &#8211; Auto Parallel &#8211; \/8<br \/>\n&#8211; <strong>NEW &#8211;<\/strong> Who&#8217;s Next? (Defensemen) &#8211; Auto Parallel &#8211; \/99<br \/>\n&#8211; <strong>NEW &#8211;<\/strong> Who&#8217;s Next? (Goalies) &#8211; Auto Parallel &#8211; \/49<br \/>\n&#8211; <strong>NEW &#8211;<\/strong> Who&#8217;s Next? (Forwards) &#8211; Auto Parallel &#8211; various limitations      <\/p>\n<p><b>Insert Cards:<\/b><\/p>\n<p>&#8211; <strong>NEW &#8211;<\/strong> 1997 Season Ticket Retro Acetate &#8211; 1:320<br \/>\n&#8211; <strong>NEW &#8211;<\/strong> 1997 Season Ticket Retro Acetate Rookies &#8211; 1:160<br \/>\n&#8211; Acetate Debut Ticket Access &#8211; \/149<br \/>\n&#8211; Acetate Ticket Access &#8211; \/99<br \/>\n&#8211; Highly Anticipated &#8211; 1:2<br \/>\n&#8211; Speed of the Game Stars &#8211; 1:12<br \/>\n&#8211; Speed of the Game Rookies &#8211; 1:6<br \/>\n&#8211; <strong>NEW &#8211;<\/strong> Who&#8217;s Best? (Defensemen) &#8211; 1:10<br \/>\n&#8211; <strong>NEW &#8211;<\/strong> Who&#8217;s Best? (Forwards) &#8211; 1:10<br \/>\n&#8211; <strong>NEW &#8211;<\/strong> Who&#8217;s Best?   (Goalies) &#8211; 1:10<br \/>\n&#8211; <strong>NEW &#8211;<\/strong> Who&#8217;s Next? (Defensemen) &#8211; 1:17<br \/>\n&#8211; <strong>NEW &#8211;<\/strong> Who&#8217;s Next? (Forward) &#8211; 1:17<x id=\"gid_4\"><\/x>&#8211; <g id=\"gid_5\">NEW &#8211;<\/g> Who&#8217;s Next? (Goalies) &#8211; 1:15   <\/p>\n<p><b>Base set and parallel cards:<\/b><\/p>\n<p>&#8211; Base Set (1-100) &#8211; 4:1<br \/>\n&#8211; Base Set &#8211; Yellow Parallel &#8211; 1:24<br \/>\n&#8211; Base Set &#8211; Red Parallel &#8211; \/349<br \/>\n&#8211; Base Set &#8211; Orange Parallel &#8211; \/249<br \/>\n&#8211; Base Set &#8211; Blue Parallel &#8211; \/149<br \/>\n&#8211; Base Set &#8211; Pink Parallel &#8211; \/49<br \/>\n&#8211; Base Set &#8211; Green Parallel &#8211; \/25<br \/>\n&#8211; Base Set &#8211; Purple Parallel <strong>(hobby exclusive)<\/strong> &#8211; \/10<br \/>\n&#8211; Base Set &#8211; Gold Parallel &#8211; \/5<br \/>\n&#8211; Base Set &#8211; Black Parallel &#8211; 1\/1<br \/>\n&#8211; Debut Ticket Access (Tier 1) (101-155) &#8211; \/999<br \/>\n&#8211; Debut Ticket Access (Tier 2) (156-180) &#8211; \/799<br \/>\n&#8211; Debut Ticket Access (Tier 3) (181-195) &#8211; \/599<br \/>\n&#8211; Debut Ticket Access (Tier 4) (196-200) &#8211; \/399<br \/>\n&#8211; Debut Ticket Access &#8211; Yellow Parallel &#8211; 1:24<br \/>\n&#8211; Debut Ticket Access &#8211; Red Parallel &#8211; \/349<br \/>\n&#8211; Debut Ticket Access &#8211; Orange Parallel &#8211; \/249<br \/>\n&#8211; Debut Ticket Access &#8211; Blue Parallel &#8211; \/149<br \/>\n&#8211; Debut Ticket Access &#8211; Pink Parallel &#8211; \/49<br \/>\n&#8211; Debut Ticket Access &#8211; Green Parallel &#8211; \/25<br \/>\n&#8211; Debut Ticket Access &#8211; Purple Parallel <strong>(hobby exclusive)<\/strong> &#8211; \/10<br \/>\n&#8211; Debut Ticket Access &#8211; Gold Parallel &#8211; \/5<br \/>\n&#8211; Debut Ticket Access &#8211; Black Parallel &#8211; 1\/1<br \/>\n&#8211; Horizontal Debut Ticket Access (Tier 1) &#8211; \/799<br \/>\n&#8211; Horizontal Debut Ticket Access (Tier 2) &#8211; \/599<br \/>\n&#8211; Horizontal Debut Ticket Access (Tier 3) &#8211; \/399<br \/>\n&#8211; Horizontal Debut Ticket Access (Tier 4) &#8211; \/199<br \/>\n&#8211; Horizontal Debut Ticket Access &#8211; Yellow Parallel &#8211; 1:36<br \/>\n&#8211; Horizontal Debut Ticket Access &#8211; Red Parallel &#8211; \/125<br \/>\n&#8211; Horizontal Debut Ticket Access &#8211; Orange Parallel &#8211; \/99<br \/>\n&#8211; Horizontal Debut Ticket Access &#8211; Blue Parallel &#8211; \/49<br \/>\n&#8211; Horizontal Debut Ticket Access &#8211; Pink Parallel &#8211; \/25<br \/>\n&#8211; Horizontal Debut Ticket Access &#8211; Green Parallel &#8211; \/15<br \/>\n&#8211; Horizontal Debut Ticket Access &#8211; Purple Parallel <strong>(hobby exclusive)<\/strong> &#8211; \/10<br \/>\n&#8211; Horizontal Debut Ticket Access &#8211; Gold Parallel &#8211; \/3<br \/>\n&#8211; Horizontal Debut Ticket Access &#8211; Black Parallel &#8211; 1\/1<\/p>\n<p>&nbsp;<\/p>\n<p>&nbsp;<\/p>\n<p>&nbsp;<\/p>\n<p>&nbsp;<\/p>\n<p>&nbsp;<\/p>\n","protected":false},"excerpt":{"rendered":"<p><strong>Pack contents<\/strong><br \/>\n6 cards per pack<\/p>\n","protected":false},"featured_media":5703,"template":"","meta":[],"product_brand":[],"product_cat":[276,302],"product_tag":[267],"class_list":{"0":"post-5702","1":"product","2":"type-product","3":"status-publish","4":"has-post-thumbnail","6":"product_cat-packs","7":"product_cat-2023-24-packs","8":"product_tag-upper-deck","10":"first","11":"instock","12":"taxable","13":"shipping-taxable","14":"purchasable","15":"product-type-simple"},"yoast_head":"<!-- This site is optimized with the Yoast SEO plugin v17.7.1 - https:\/\/yoast.com\/wordpress\/plugins\/seo\/ -->\n<title>2023-24 Upper Deck Credentials Hockey Hobby Pack - 2MK Hokejov\u00e9 Karty<\/title>\n<meta name=\"robots\" content=\"index, follow, max-snippet:-1, max-image-preview:large, max-video-preview:-1\" \/>\n<link rel=\"canonical\" href=\"https:\/\/www.2mkhokejovekarty.sk\/en\/produkt\/2023-24-upper-deck-credentials-hockey-hobby-pack\/\" \/>\n<meta property=\"og:locale\" content=\"en_US\" \/>\n<meta property=\"og:type\" content=\"article\" \/>\n<meta property=\"og:title\" content=\"2023-24 Upper Deck Credentials Hockey Hobby Pack - 2MK Hokejov\u00e9 Karty\" \/>\n<meta property=\"og:description\" content=\"Pack contents 6 cards per pack\" \/>\n<meta property=\"og:url\" content=\"https:\/\/www.2mkhokejovekarty.sk\/en\/produkt\/2023-24-upper-deck-credentials-hockey-hobby-pack\/\" \/>\n<meta property=\"og:site_name\" content=\"2MK Hokejov\u00e9 Karty\" \/>\n<meta property=\"article:publisher\" content=\"https:\/\/www.facebook.com\/2MK-hokejov%c3%a9-karty-106293018483710\" \/>\n<meta property=\"og:image\" content=\"https:\/\/www.2mkhokejovekarty.sk\/wp-content\/uploads\/2024\/08\/2023-24_credentials_hobby_balicek.jpeg\" \/>\n\t<meta property=\"og:image:width\" content=\"940\" \/>\n\t<meta property=\"og:image:height\" content=\"788\" \/>\n<meta name=\"twitter:card\" content=\"summary_large_image\" \/>\n<meta name=\"twitter:label1\" content=\"Est. reading time\" \/>\n\t<meta name=\"twitter:data1\" content=\"5 minutes\" \/>\n<script type=\"application\/ld+json\" class=\"yoast-schema-graph\">{\"@context\":\"https:\/\/schema.org\",\"@graph\":[{\"@type\":\"Organization\",\"@id\":\"https:\/\/www.2mkhokejovekarty.sk\/en\/#organization\",\"name\":\"2MK Hockey Cards\",\"url\":\"https:\/\/www.2mkhokejovekarty.sk\/en\/\",\"sameAs\":[\"https:\/\/www.facebook.com\/2MK-hokejov\\u00e9-karty-106293018483710\"],\"logo\":{\"@type\":\"ImageObject\",\"@id\":\"https:\/\/www.2mkhokejovekarty.sk\/en\/#logo\",\"inLanguage\":\"en-US\",\"url\":\"https:\/\/www.2mkhokejovekarty.sk\/wp-content\/uploads\/2021\/12\/2MK-logo-org.jpg\",\"contentUrl\":\"https:\/\/www.2mkhokejovekarty.sk\/wp-content\/uploads\/2021\/12\/2MK-logo-org.jpg\",\"width\":300,\"height\":200,\"caption\":\"2MK Hockey Cards\"},\"image\":{\"@id\":\"https:\/\/www.2mkhokejovekarty.sk\/en\/#logo\"}},{\"@type\":\"WebSite\",\"@id\":\"https:\/\/www.2mkhokejovekarty.sk\/en\/#website\",\"url\":\"https:\/\/www.2mkhokejovekarty.sk\/en\/\",\"name\":\"2MK Hokejov\\u00e9 Karty\",\"description\":\"Str\\u00e1nka ur\\u010den\\u00e1 pre zberate\\u013eov hokejov\\u00fdch kariet\",\"publisher\":{\"@id\":\"https:\/\/www.2mkhokejovekarty.sk\/en\/#organization\"},\"potentialAction\":[{\"@type\":\"SearchAction\",\"target\":{\"@type\":\"EntryPoint\",\"urlTemplate\":\"https:\/\/www.2mkhokejovekarty.sk\/en\/?s={search_term_string}\"},\"query-input\":\"required name=search_term_string\"}],\"inLanguage\":\"en-US\"},{\"@type\":\"ImageObject\",\"@id\":\"https:\/\/www.2mkhokejovekarty.sk\/en\/produkt\/2023-24-upper-deck-credentials-hockey-hobby-pack\/#primaryimage\",\"inLanguage\":\"en-US\",\"url\":\"https:\/\/www.2mkhokejovekarty.sk\/wp-content\/uploads\/2024\/08\/2023-24_credentials_hobby_balicek.jpeg\",\"contentUrl\":\"https:\/\/www.2mkhokejovekarty.sk\/wp-content\/uploads\/2024\/08\/2023-24_credentials_hobby_balicek.jpeg\",\"width\":940,\"height\":788},{\"@type\":\"WebPage\",\"@id\":\"https:\/\/www.2mkhokejovekarty.sk\/en\/produkt\/2023-24-upper-deck-credentials-hockey-hobby-pack\/#webpage\",\"url\":\"https:\/\/www.2mkhokejovekarty.sk\/en\/produkt\/2023-24-upper-deck-credentials-hockey-hobby-pack\/\",\"name\":\"2023-24 Upper Deck Credentials Hockey Hobby Pack - 2MK Hokejov\\u00e9 Karty\",\"isPartOf\":{\"@id\":\"https:\/\/www.2mkhokejovekarty.sk\/en\/#website\"},\"primaryImageOfPage\":{\"@id\":\"https:\/\/www.2mkhokejovekarty.sk\/en\/produkt\/2023-24-upper-deck-credentials-hockey-hobby-pack\/#primaryimage\"},\"datePublished\":\"2024-08-15T19:32:38+00:00\",\"dateModified\":\"2024-08-15T19:32:38+00:00\",\"breadcrumb\":{\"@id\":\"https:\/\/www.2mkhokejovekarty.sk\/en\/produkt\/2023-24-upper-deck-credentials-hockey-hobby-pack\/#breadcrumb\"},\"inLanguage\":\"en-US\",\"potentialAction\":[{\"@type\":\"ReadAction\",\"target\":[\"https:\/\/www.2mkhokejovekarty.sk\/en\/produkt\/2023-24-upper-deck-credentials-hockey-hobby-pack\/\"]}]},{\"@type\":\"BreadcrumbList\",\"@id\":\"https:\/\/www.2mkhokejovekarty.sk\/en\/produkt\/2023-24-upper-deck-credentials-hockey-hobby-pack\/#breadcrumb\",\"itemListElement\":[{\"@type\":\"ListItem\",\"position\":1,\"name\":\"Home\",\"item\":\"https:\/\/www.2mkhokejovekarty.sk\/en\/\"},{\"@type\":\"ListItem\",\"position\":2,\"name\":\"Shop\",\"item\":\"https:\/\/www.2mkhokejovekarty.sk\/en\/shop\/\"},{\"@type\":\"ListItem\",\"position\":3,\"name\":\"2023-24 Upper Deck Credentials Hockey Hobby Pack\"}]}]}<\/script>\n<!-- \/ Yoast SEO plugin. -->","yoast_head_json":{"title":"2023-24 Upper Deck Credentials Hockey Hobby Pack - 2MK Hokejov\u00e9 Karty","robots":{"index":"index","follow":"follow","max-snippet":"max-snippet:-1","max-image-preview":"max-image-preview:large","max-video-preview":"max-video-preview:-1"},"canonical":"https:\/\/www.2mkhokejovekarty.sk\/en\/produkt\/2023-24-upper-deck-credentials-hockey-hobby-pack\/","og_locale":"en_US","og_type":"article","og_title":"2023-24 Upper Deck Credentials Hockey Hobby Pack - 2MK Hokejov\u00e9 Karty","og_description":"Pack contents 6 cards per pack","og_url":"https:\/\/www.2mkhokejovekarty.sk\/en\/produkt\/2023-24-upper-deck-credentials-hockey-hobby-pack\/","og_site_name":"2MK Hokejov\u00e9 Karty","article_publisher":"https:\/\/www.facebook.com\/2MK-hokejov%c3%a9-karty-106293018483710","og_image":[{"width":940,"height":788,"url":"https:\/\/www.2mkhokejovekarty.sk\/wp-content\/uploads\/2024\/08\/2023-24_credentials_hobby_balicek.jpeg","type":"image\/jpeg"}],"twitter_card":"summary_large_image","twitter_misc":{"Est. reading time":"5 minutes"},"schema":{"@context":"https:\/\/schema.org","@graph":[{"@type":"Organization","@id":"https:\/\/www.2mkhokejovekarty.sk\/en\/#organization","name":"2MK Hockey Cards","url":"https:\/\/www.2mkhokejovekarty.sk\/en\/","sameAs":["https:\/\/www.facebook.com\/2MK-hokejov\u00e9-karty-106293018483710"],"logo":{"@type":"ImageObject","@id":"https:\/\/www.2mkhokejovekarty.sk\/en\/#logo","inLanguage":"en-US","url":"https:\/\/www.2mkhokejovekarty.sk\/wp-content\/uploads\/2021\/12\/2MK-logo-org.jpg","contentUrl":"https:\/\/www.2mkhokejovekarty.sk\/wp-content\/uploads\/2021\/12\/2MK-logo-org.jpg","width":300,"height":200,"caption":"2MK Hockey Cards"},"image":{"@id":"https:\/\/www.2mkhokejovekarty.sk\/en\/#logo"}},{"@type":"WebSite","@id":"https:\/\/www.2mkhokejovekarty.sk\/en\/#website","url":"https:\/\/www.2mkhokejovekarty.sk\/en\/","name":"2MK Hokejov\u00e9 Karty","description":"Str\u00e1nka ur\u010den\u00e1 pre zberate\u013eov hokejov\u00fdch kariet","publisher":{"@id":"https:\/\/www.2mkhokejovekarty.sk\/en\/#organization"},"potentialAction":[{"@type":"SearchAction","target":{"@type":"EntryPoint","urlTemplate":"https:\/\/www.2mkhokejovekarty.sk\/en\/?s={search_term_string}"},"query-input":"required name=search_term_string"}],"inLanguage":"en-US"},{"@type":"ImageObject","@id":"https:\/\/www.2mkhokejovekarty.sk\/en\/produkt\/2023-24-upper-deck-credentials-hockey-hobby-pack\/#primaryimage","inLanguage":"en-US","url":"https:\/\/www.2mkhokejovekarty.sk\/wp-content\/uploads\/2024\/08\/2023-24_credentials_hobby_balicek.jpeg","contentUrl":"https:\/\/www.2mkhokejovekarty.sk\/wp-content\/uploads\/2024\/08\/2023-24_credentials_hobby_balicek.jpeg","width":940,"height":788},{"@type":"WebPage","@id":"https:\/\/www.2mkhokejovekarty.sk\/en\/produkt\/2023-24-upper-deck-credentials-hockey-hobby-pack\/#webpage","url":"https:\/\/www.2mkhokejovekarty.sk\/en\/produkt\/2023-24-upper-deck-credentials-hockey-hobby-pack\/","name":"2023-24 Upper Deck Credentials Hockey Hobby Pack - 2MK Hokejov\u00e9 Karty","isPartOf":{"@id":"https:\/\/www.2mkhokejovekarty.sk\/en\/#website"},"primaryImageOfPage":{"@id":"https:\/\/www.2mkhokejovekarty.sk\/en\/produkt\/2023-24-upper-deck-credentials-hockey-hobby-pack\/#primaryimage"},"datePublished":"2024-08-15T19:32:38+00:00","dateModified":"2024-08-15T19:32:38+00:00","breadcrumb":{"@id":"https:\/\/www.2mkhokejovekarty.sk\/en\/produkt\/2023-24-upper-deck-credentials-hockey-hobby-pack\/#breadcrumb"},"inLanguage":"en-US","potentialAction":[{"@type":"ReadAction","target":["https:\/\/www.2mkhokejovekarty.sk\/en\/produkt\/2023-24-upper-deck-credentials-hockey-hobby-pack\/"]}]},{"@type":"BreadcrumbList","@id":"https:\/\/www.2mkhokejovekarty.sk\/en\/produkt\/2023-24-upper-deck-credentials-hockey-hobby-pack\/#breadcrumb","itemListElement":[{"@type":"ListItem","position":1,"name":"Home","item":"https:\/\/www.2mkhokejovekarty.sk\/en\/"},{"@type":"ListItem","position":2,"name":"Shop","item":"https:\/\/www.2mkhokejovekarty.sk\/en\/shop\/"},{"@type":"ListItem","position":3,"name":"2023-24 Upper Deck Credentials Hockey Hobby Pack"}]}]}},"_links":{"self":[{"href":"https:\/\/www.2mkhokejovekarty.sk\/en\/wp-json\/wp\/v2\/product\/5702","targetHints":{"allow":["GET"]}}],"collection":[{"href":"https:\/\/www.2mkhokejovekarty.sk\/en\/wp-json\/wp\/v2\/product"}],"about":[{"href":"https:\/\/www.2mkhokejovekarty.sk\/en\/wp-json\/wp\/v2\/types\/product"}],"version-history":[{"count":0,"href":"https:\/\/www.2mkhokejovekarty.sk\/en\/wp-json\/wp\/v2\/product\/5702\/revisions"}],"wp:featuredmedia":[{"embeddable":true,"href":"https:\/\/www.2mkhokejovekarty.sk\/en\/wp-json\/wp\/v2\/media\/5703"}],"wp:attachment":[{"href":"https:\/\/www.2mkhokejovekarty.sk\/en\/wp-json\/wp\/v2\/media?parent=5702"}],"wp:term":[{"taxonomy":"product_brand","embeddable":true,"href":"https:\/\/www.2mkhokejovekarty.sk\/en\/wp-json\/wp\/v2\/product_brand?post=5702"},{"taxonomy":"product_cat","embeddable":true,"href":"https:\/\/www.2mkhokejovekarty.sk\/en\/wp-json\/wp\/v2\/product_cat?post=5702"},{"taxonomy":"product_tag","embeddable":true,"href":"https:\/\/www.2mkhokejovekarty.sk\/en\/wp-json\/wp\/v2\/product_tag?post=5702"}],"curies":[{"name":"wp","href":"https:\/\/api.w.org\/{rel}","templated":true}]}}