{"id":5640,"date":"2024-11-01T21:20:50","date_gmt":"2024-11-01T20:20:50","guid":{"rendered":"https:\/\/www.2mkhokejovekarty.sk\/produkt\/2024-25-upper-deck-series-1-hockey-starter-kit\/"},"modified":"2024-11-01T21:20:50","modified_gmt":"2024-11-01T20:20:50","slug":"2024-25-upper-deck-series-1-hockey-starter-kit","status":"publish","type":"product","link":"https:\/\/www.2mkhokejovekarty.sk\/en\/produkt\/2024-25-upper-deck-series-1-hockey-starter-kit\/","title":{"rendered":"2024-25 Upper Deck Series 1 Hockey Starter Kit"},"content":{"rendered":"\n<p><strong>2024-25 Upper Deck Series 1 Hockey Starter Kit<\/strong><\/p>\n<p><strong>EACH PACK CONTAINS:<\/strong><\/p>\n<p>-1x Album<br \/>\n-14x Sleeves for 252 cards<br \/>\n-1x Pack of 2024-25 Upper Deck Series 1 (12 cards per pack)<br \/>\n-1x Sophomore Sensations insert card <strong>(exclusive to Starter Kit)<\/strong><br \/>\n-1x 2024-25 Upper Deck Series 1 Base Set checklist poster<br \/>\n-1x Collector&#8217;s guide<\/p>\n<p><b>PRODUCT INCLUDES:<\/b><\/p>\n<p><b><strong>Insert card:<\/strong><\/b><\/p>\n<p><b>&#8211;<\/b>Sophomore Sensations &#8211; 1 card per pack <strong>(exclusive to Starter Kit)<\/strong><\/p>\n<p><b>Young Guns cards:<\/b><\/p>\n<p>-Young Guns (201-250) &#8211; 1:3<br \/>\n-Young Guns &#8211; Outburst Silver Parallel &#8211; 1:180<br \/>\n-UD Canvas Young Guns &#8211; 1:48<\/p>\n<p><b>New insert cards:<\/b><\/p>\n<p>-A-Lines &#8211; 1:13<br \/>\n-Aimbot &#8211; 1:6<br \/>\n-Aimbot &#8211; Speckle Parallel &#8211; 1:48<br \/>\n-Aimbot &#8211; Black Parallel &#8211; 1:288<br \/>\n-Breaking News &#8211; 1:6<br \/>\n-Checkpoint &#8211; 1:6<br \/>\n-Checkpoint &#8211; Speckle Parallel &#8211; 1:48<br \/>\n-Checkpoint &#8211; Black Parallel &#8211; 1:288<br \/>\n-City Satellites &#8211; 1:8<br \/>\n-City Satellites &#8211; Speckle Parallel &#8211; 1:60<br \/>\n-City Satellites &#8211; Black Parallel &#8211; 1:360<br \/>\n-Gaming Co-Op &#8211; 1:8<br \/>\n-Gaming Co-Op &#8211; Speckle Parallel &#8211; 1:48<br \/>\n-Gaming FOV &#8211; 1:8<br \/>\n-Gaming FOV &#8211; Speckle Parallel &#8211; 1:48<br \/>\n-Gaming PVP &#8211; 1:8<br \/>\n-Gaming PVP &#8211; Speckle Parallel &#8211; 1:48<br \/>\n-Gaming XP &#8211; 1:8<br \/>\n-Gaming XP &#8211; Speckle Parallel &#8211; 1:48<br \/>\n-Holotypes &#8211; 1:1008<br \/>\n-Young Guns Renewed &#8211; 1:4<\/p>\n<p><b>Insert Cards:<\/b><\/p>\n<p>-Dazzlers Green <strong>(exclusive to blaster and starter kit)<\/strong> &#8211; 1:4<br \/>\n-OPC Glossy &#8211; 1:3<br \/>\n-OPC Glossy &#8211; Gold Parallel &#8211; 1:8<br \/>\n-UD Canvas &#8211; 1:7<br \/>\n-UD Portraits &#8211; 1:5<br \/>\n&#8211;<strong>NEW &#8211;<\/strong> UD Portraits &#8211; Speckle Parallel &#8211; 1:40<br \/>\n&#8211;<strong>NEW &#8211;<\/strong> UD Portraits &#8211; Black Parallel &#8211; 1:240<\/p>\n<p><b>Base set and parallel cards:<\/b><\/p>\n<p>-Base Set (1-200) &#8211; N\/A<br \/>\n-Base Set &#8211; Outburst Silver Parallel &#8211; 1:45<\/p>\n<p>&nbsp;<\/p>\n","protected":false},"excerpt":{"rendered":"<p><strong>Starter Kit pack contents<br \/>\n<\/strong><\/p>\n<p>1x Album, 14x sleeves, 1x pack &#8211; 12 cards per pack<\/p>\n","protected":false},"featured_media":5642,"template":"","meta":[],"product_brand":[],"product_cat":[],"product_tag":[],"class_list":{"0":"post-5640","1":"product","2":"type-product","3":"status-publish","4":"has-post-thumbnail","7":"first","8":"outofstock","9":"taxable","10":"shipping-taxable","11":"purchasable","12":"product-type-simple"},"yoast_head":"<!-- This site is optimized with the Yoast SEO plugin v17.7.1 - https:\/\/yoast.com\/wordpress\/plugins\/seo\/ -->\n<title>2024-25 Upper Deck Series 1 Hockey Starter Kit - 2MK Hokejov\u00e9 Karty<\/title>\n<meta name=\"robots\" content=\"index, follow, max-snippet:-1, max-image-preview:large, max-video-preview:-1\" \/>\n<link rel=\"canonical\" href=\"https:\/\/www.2mkhokejovekarty.sk\/en\/produkt\/2024-25-upper-deck-series-1-hockey-starter-kit\/\" \/>\n<meta property=\"og:locale\" content=\"en_US\" \/>\n<meta property=\"og:type\" content=\"article\" \/>\n<meta property=\"og:title\" content=\"2024-25 Upper Deck Series 1 Hockey Starter Kit - 2MK Hokejov\u00e9 Karty\" \/>\n<meta property=\"og:description\" content=\"Starter Kit pack contents  1x Album, 14x sleeves, 1x pack - 12 cards per pack\" \/>\n<meta property=\"og:url\" content=\"https:\/\/www.2mkhokejovekarty.sk\/en\/produkt\/2024-25-upper-deck-series-1-hockey-starter-kit\/\" \/>\n<meta property=\"og:site_name\" content=\"2MK Hokejov\u00e9 Karty\" \/>\n<meta property=\"article:publisher\" content=\"https:\/\/www.facebook.com\/2MK-hokejov%c3%a9-karty-106293018483710\" \/>\n<meta property=\"og:image\" content=\"https:\/\/www.2mkhokejovekarty.sk\/wp-content\/uploads\/2024\/11\/2024-25_upper_deck_series_one_starter_kit.jpeg\" \/>\n\t<meta property=\"og:image:width\" content=\"940\" \/>\n\t<meta property=\"og:image:height\" content=\"788\" \/>\n<meta name=\"twitter:card\" content=\"summary_large_image\" \/>\n<meta name=\"twitter:label1\" content=\"Est. reading time\" \/>\n\t<meta name=\"twitter:data1\" content=\"1 minute\" \/>\n<script type=\"application\/ld+json\" class=\"yoast-schema-graph\">{\"@context\":\"https:\/\/schema.org\",\"@graph\":[{\"@type\":\"Organization\",\"@id\":\"https:\/\/www.2mkhokejovekarty.sk\/en\/#organization\",\"name\":\"2MK Hockey Cards\",\"url\":\"https:\/\/www.2mkhokejovekarty.sk\/en\/\",\"sameAs\":[\"https:\/\/www.facebook.com\/2MK-hokejov\\u00e9-karty-106293018483710\"],\"logo\":{\"@type\":\"ImageObject\",\"@id\":\"https:\/\/www.2mkhokejovekarty.sk\/en\/#logo\",\"inLanguage\":\"en-US\",\"url\":\"https:\/\/www.2mkhokejovekarty.sk\/wp-content\/uploads\/2021\/12\/2MK-logo-org.jpg\",\"contentUrl\":\"https:\/\/www.2mkhokejovekarty.sk\/wp-content\/uploads\/2021\/12\/2MK-logo-org.jpg\",\"width\":300,\"height\":200,\"caption\":\"2MK Hockey Cards\"},\"image\":{\"@id\":\"https:\/\/www.2mkhokejovekarty.sk\/en\/#logo\"}},{\"@type\":\"WebSite\",\"@id\":\"https:\/\/www.2mkhokejovekarty.sk\/en\/#website\",\"url\":\"https:\/\/www.2mkhokejovekarty.sk\/en\/\",\"name\":\"2MK Hokejov\\u00e9 Karty\",\"description\":\"Str\\u00e1nka ur\\u010den\\u00e1 pre zberate\\u013eov hokejov\\u00fdch kariet\",\"publisher\":{\"@id\":\"https:\/\/www.2mkhokejovekarty.sk\/en\/#organization\"},\"potentialAction\":[{\"@type\":\"SearchAction\",\"target\":{\"@type\":\"EntryPoint\",\"urlTemplate\":\"https:\/\/www.2mkhokejovekarty.sk\/en\/?s={search_term_string}\"},\"query-input\":\"required name=search_term_string\"}],\"inLanguage\":\"en-US\"},{\"@type\":\"ImageObject\",\"@id\":\"https:\/\/www.2mkhokejovekarty.sk\/en\/produkt\/2024-25-upper-deck-series-1-hockey-starter-kit\/#primaryimage\",\"inLanguage\":\"en-US\",\"url\":\"https:\/\/www.2mkhokejovekarty.sk\/wp-content\/uploads\/2024\/11\/2024-25_upper_deck_series_one_starter_kit.jpeg\",\"contentUrl\":\"https:\/\/www.2mkhokejovekarty.sk\/wp-content\/uploads\/2024\/11\/2024-25_upper_deck_series_one_starter_kit.jpeg\",\"width\":940,\"height\":788},{\"@type\":\"WebPage\",\"@id\":\"https:\/\/www.2mkhokejovekarty.sk\/en\/produkt\/2024-25-upper-deck-series-1-hockey-starter-kit\/#webpage\",\"url\":\"https:\/\/www.2mkhokejovekarty.sk\/en\/produkt\/2024-25-upper-deck-series-1-hockey-starter-kit\/\",\"name\":\"2024-25 Upper Deck Series 1 Hockey Starter Kit - 2MK Hokejov\\u00e9 Karty\",\"isPartOf\":{\"@id\":\"https:\/\/www.2mkhokejovekarty.sk\/en\/#website\"},\"primaryImageOfPage\":{\"@id\":\"https:\/\/www.2mkhokejovekarty.sk\/en\/produkt\/2024-25-upper-deck-series-1-hockey-starter-kit\/#primaryimage\"},\"datePublished\":\"2024-11-01T20:20:50+00:00\",\"dateModified\":\"2024-11-01T20:20:50+00:00\",\"breadcrumb\":{\"@id\":\"https:\/\/www.2mkhokejovekarty.sk\/en\/produkt\/2024-25-upper-deck-series-1-hockey-starter-kit\/#breadcrumb\"},\"inLanguage\":\"en-US\",\"potentialAction\":[{\"@type\":\"ReadAction\",\"target\":[\"https:\/\/www.2mkhokejovekarty.sk\/en\/produkt\/2024-25-upper-deck-series-1-hockey-starter-kit\/\"]}]},{\"@type\":\"BreadcrumbList\",\"@id\":\"https:\/\/www.2mkhokejovekarty.sk\/en\/produkt\/2024-25-upper-deck-series-1-hockey-starter-kit\/#breadcrumb\",\"itemListElement\":[{\"@type\":\"ListItem\",\"position\":1,\"name\":\"Home\",\"item\":\"https:\/\/www.2mkhokejovekarty.sk\/en\/\"},{\"@type\":\"ListItem\",\"position\":2,\"name\":\"Shop\",\"item\":\"https:\/\/www.2mkhokejovekarty.sk\/en\/shop\/\"},{\"@type\":\"ListItem\",\"position\":3,\"name\":\"2024-25 Upper Deck Series 1 Hockey Starter Kit\"}]}]}<\/script>\n<!-- \/ Yoast SEO plugin. -->","yoast_head_json":{"title":"2024-25 Upper Deck Series 1 Hockey Starter Kit - 2MK Hokejov\u00e9 Karty","robots":{"index":"index","follow":"follow","max-snippet":"max-snippet:-1","max-image-preview":"max-image-preview:large","max-video-preview":"max-video-preview:-1"},"canonical":"https:\/\/www.2mkhokejovekarty.sk\/en\/produkt\/2024-25-upper-deck-series-1-hockey-starter-kit\/","og_locale":"en_US","og_type":"article","og_title":"2024-25 Upper Deck Series 1 Hockey Starter Kit - 2MK Hokejov\u00e9 Karty","og_description":"Starter Kit pack contents  1x Album, 14x sleeves, 1x pack - 12 cards per pack","og_url":"https:\/\/www.2mkhokejovekarty.sk\/en\/produkt\/2024-25-upper-deck-series-1-hockey-starter-kit\/","og_site_name":"2MK Hokejov\u00e9 Karty","article_publisher":"https:\/\/www.facebook.com\/2MK-hokejov%c3%a9-karty-106293018483710","og_image":[{"width":940,"height":788,"url":"https:\/\/www.2mkhokejovekarty.sk\/wp-content\/uploads\/2024\/11\/2024-25_upper_deck_series_one_starter_kit.jpeg","type":"image\/jpeg"}],"twitter_card":"summary_large_image","twitter_misc":{"Est. reading time":"1 minute"},"schema":{"@context":"https:\/\/schema.org","@graph":[{"@type":"Organization","@id":"https:\/\/www.2mkhokejovekarty.sk\/en\/#organization","name":"2MK Hockey Cards","url":"https:\/\/www.2mkhokejovekarty.sk\/en\/","sameAs":["https:\/\/www.facebook.com\/2MK-hokejov\u00e9-karty-106293018483710"],"logo":{"@type":"ImageObject","@id":"https:\/\/www.2mkhokejovekarty.sk\/en\/#logo","inLanguage":"en-US","url":"https:\/\/www.2mkhokejovekarty.sk\/wp-content\/uploads\/2021\/12\/2MK-logo-org.jpg","contentUrl":"https:\/\/www.2mkhokejovekarty.sk\/wp-content\/uploads\/2021\/12\/2MK-logo-org.jpg","width":300,"height":200,"caption":"2MK Hockey Cards"},"image":{"@id":"https:\/\/www.2mkhokejovekarty.sk\/en\/#logo"}},{"@type":"WebSite","@id":"https:\/\/www.2mkhokejovekarty.sk\/en\/#website","url":"https:\/\/www.2mkhokejovekarty.sk\/en\/","name":"2MK Hokejov\u00e9 Karty","description":"Str\u00e1nka ur\u010den\u00e1 pre zberate\u013eov hokejov\u00fdch kariet","publisher":{"@id":"https:\/\/www.2mkhokejovekarty.sk\/en\/#organization"},"potentialAction":[{"@type":"SearchAction","target":{"@type":"EntryPoint","urlTemplate":"https:\/\/www.2mkhokejovekarty.sk\/en\/?s={search_term_string}"},"query-input":"required name=search_term_string"}],"inLanguage":"en-US"},{"@type":"ImageObject","@id":"https:\/\/www.2mkhokejovekarty.sk\/en\/produkt\/2024-25-upper-deck-series-1-hockey-starter-kit\/#primaryimage","inLanguage":"en-US","url":"https:\/\/www.2mkhokejovekarty.sk\/wp-content\/uploads\/2024\/11\/2024-25_upper_deck_series_one_starter_kit.jpeg","contentUrl":"https:\/\/www.2mkhokejovekarty.sk\/wp-content\/uploads\/2024\/11\/2024-25_upper_deck_series_one_starter_kit.jpeg","width":940,"height":788},{"@type":"WebPage","@id":"https:\/\/www.2mkhokejovekarty.sk\/en\/produkt\/2024-25-upper-deck-series-1-hockey-starter-kit\/#webpage","url":"https:\/\/www.2mkhokejovekarty.sk\/en\/produkt\/2024-25-upper-deck-series-1-hockey-starter-kit\/","name":"2024-25 Upper Deck Series 1 Hockey Starter Kit - 2MK Hokejov\u00e9 Karty","isPartOf":{"@id":"https:\/\/www.2mkhokejovekarty.sk\/en\/#website"},"primaryImageOfPage":{"@id":"https:\/\/www.2mkhokejovekarty.sk\/en\/produkt\/2024-25-upper-deck-series-1-hockey-starter-kit\/#primaryimage"},"datePublished":"2024-11-01T20:20:50+00:00","dateModified":"2024-11-01T20:20:50+00:00","breadcrumb":{"@id":"https:\/\/www.2mkhokejovekarty.sk\/en\/produkt\/2024-25-upper-deck-series-1-hockey-starter-kit\/#breadcrumb"},"inLanguage":"en-US","potentialAction":[{"@type":"ReadAction","target":["https:\/\/www.2mkhokejovekarty.sk\/en\/produkt\/2024-25-upper-deck-series-1-hockey-starter-kit\/"]}]},{"@type":"BreadcrumbList","@id":"https:\/\/www.2mkhokejovekarty.sk\/en\/produkt\/2024-25-upper-deck-series-1-hockey-starter-kit\/#breadcrumb","itemListElement":[{"@type":"ListItem","position":1,"name":"Home","item":"https:\/\/www.2mkhokejovekarty.sk\/en\/"},{"@type":"ListItem","position":2,"name":"Shop","item":"https:\/\/www.2mkhokejovekarty.sk\/en\/shop\/"},{"@type":"ListItem","position":3,"name":"2024-25 Upper Deck Series 1 Hockey Starter Kit"}]}]}},"_links":{"self":[{"href":"https:\/\/www.2mkhokejovekarty.sk\/en\/wp-json\/wp\/v2\/product\/5640","targetHints":{"allow":["GET"]}}],"collection":[{"href":"https:\/\/www.2mkhokejovekarty.sk\/en\/wp-json\/wp\/v2\/product"}],"about":[{"href":"https:\/\/www.2mkhokejovekarty.sk\/en\/wp-json\/wp\/v2\/types\/product"}],"version-history":[{"count":0,"href":"https:\/\/www.2mkhokejovekarty.sk\/en\/wp-json\/wp\/v2\/product\/5640\/revisions"}],"wp:featuredmedia":[{"embeddable":true,"href":"https:\/\/www.2mkhokejovekarty.sk\/en\/wp-json\/wp\/v2\/media\/5642"}],"wp:attachment":[{"href":"https:\/\/www.2mkhokejovekarty.sk\/en\/wp-json\/wp\/v2\/media?parent=5640"}],"wp:term":[{"taxonomy":"product_brand","embeddable":true,"href":"https:\/\/www.2mkhokejovekarty.sk\/en\/wp-json\/wp\/v2\/product_brand?post=5640"},{"taxonomy":"product_cat","embeddable":true,"href":"https:\/\/www.2mkhokejovekarty.sk\/en\/wp-json\/wp\/v2\/product_cat?post=5640"},{"taxonomy":"product_tag","embeddable":true,"href":"https:\/\/www.2mkhokejovekarty.sk\/en\/wp-json\/wp\/v2\/product_tag?post=5640"}],"curies":[{"name":"wp","href":"https:\/\/api.w.org\/{rel}","templated":true}]}}