{"id":5636,"date":"2024-09-11T15:49:16","date_gmt":"2024-09-11T13:49:16","guid":{"rendered":"https:\/\/www.2mkhokejovekarty.sk\/produkt\/2023-24-upper-deck-skybox-metal-universe-hockey-hobby-box\/"},"modified":"2024-09-11T15:49:16","modified_gmt":"2024-09-11T13:49:16","slug":"2023-24-upper-deck-skybox-metal-universe-hockey-hobby-box","status":"publish","type":"product","link":"https:\/\/www.2mkhokejovekarty.sk\/en\/produkt\/2023-24-upper-deck-skybox-metal-universe-hockey-hobby-box\/","title":{"rendered":"2023-24 Upper Deck Skybox Metal Universe Hockey Hobby Box"},"content":{"rendered":"\n\t\t<style type=\"text\/css\">\n\t\t\t#gallery-1 {\n\t\t\t\tmargin: auto;\n\t\t\t}\n\t\t\t#gallery-1 .gallery-item {\n\t\t\t\tfloat: left;\n\t\t\t\tmargin-top: 10px;\n\t\t\t\ttext-align: center;\n\t\t\t\twidth: 20%;\n\t\t\t}\n\t\t\t#gallery-1 img {\n\t\t\t\tborder: 2px solid #cfcfcf;\n\t\t\t}\n\t\t\t#gallery-1 .gallery-caption {\n\t\t\t\tmargin-left: 0;\n\t\t\t}\n\t\t\t\/* see gallery_shortcode() in wp-includes\/media.php *\/\n\t\t<\/style>\n\t\t<div id='gallery-1' class='gallery galleryid-5636 gallery-columns-5 gallery-size-medium'><dl class='gallery-item'>\n\t\t\t<dt class='gallery-icon landscape'>\n\t\t\t\t<a href='https:\/\/www.2mkhokejovekarty.sk\/wp-content\/smush-webp\/2024\/09\/2023-24_skybox_metal_universe_hobby_1.jpeg.webp'><img decoding=\"async\" width=\"300\" height=\"225\" src=\"https:\/\/www.2mkhokejovekarty.sk\/wp-content\/smush-webp\/2024\/09\/2023-24_skybox_metal_universe_hobby_1-300x225.jpeg.webp\" class=\"attachment-medium size-medium\" alt=\"\" srcset=\"https:\/\/www.2mkhokejovekarty.sk\/wp-content\/smush-webp\/2024\/09\/2023-24_skybox_metal_universe_hobby_1-300x225.jpeg.webp 300w, https:\/\/www.2mkhokejovekarty.sk\/wp-content\/smush-webp\/2024\/09\/2023-24_skybox_metal_universe_hobby_1-1024x768.jpeg.webp 1024w, https:\/\/www.2mkhokejovekarty.sk\/wp-content\/smush-webp\/2024\/09\/2023-24_skybox_metal_universe_hobby_1-768x576.jpeg.webp 768w, https:\/\/www.2mkhokejovekarty.sk\/wp-content\/smush-webp\/2024\/09\/2023-24_skybox_metal_universe_hobby_1-1200x900.jpeg.webp 1200w, https:\/\/www.2mkhokejovekarty.sk\/wp-content\/smush-webp\/2024\/09\/2023-24_skybox_metal_universe_hobby_1-150x113.jpeg.webp 150w, https:\/\/www.2mkhokejovekarty.sk\/wp-content\/smush-webp\/2024\/09\/2023-24_skybox_metal_universe_hobby_1.jpeg.webp 1500w\" sizes=\"(max-width: 300px) 100vw, 300px\" \/><\/a>\n\t\t\t<\/dt><\/dl><dl class='gallery-item'>\n\t\t\t<dt class='gallery-icon landscape'>\n\t\t\t\t<a href='https:\/\/www.2mkhokejovekarty.sk\/wp-content\/smush-webp\/2024\/09\/2023-24_skybox_metal_universe_hobby_2.jpeg.webp'><img decoding=\"async\" width=\"300\" height=\"225\" src=\"https:\/\/www.2mkhokejovekarty.sk\/wp-content\/smush-webp\/2024\/09\/2023-24_skybox_metal_universe_hobby_2-300x225.jpeg.webp\" class=\"attachment-medium size-medium\" alt=\"\" srcset=\"https:\/\/www.2mkhokejovekarty.sk\/wp-content\/smush-webp\/2024\/09\/2023-24_skybox_metal_universe_hobby_2-300x225.jpeg.webp 300w, https:\/\/www.2mkhokejovekarty.sk\/wp-content\/smush-webp\/2024\/09\/2023-24_skybox_metal_universe_hobby_2-1024x768.jpeg.webp 1024w, https:\/\/www.2mkhokejovekarty.sk\/wp-content\/smush-webp\/2024\/09\/2023-24_skybox_metal_universe_hobby_2-768x576.jpeg.webp 768w, https:\/\/www.2mkhokejovekarty.sk\/wp-content\/smush-webp\/2024\/09\/2023-24_skybox_metal_universe_hobby_2-1200x900.jpeg.webp 1200w, https:\/\/www.2mkhokejovekarty.sk\/wp-content\/smush-webp\/2024\/09\/2023-24_skybox_metal_universe_hobby_2-150x113.jpeg.webp 150w, https:\/\/www.2mkhokejovekarty.sk\/wp-content\/smush-webp\/2024\/09\/2023-24_skybox_metal_universe_hobby_2.jpeg.webp 1500w\" sizes=\"(max-width: 300px) 100vw, 300px\" \/><\/a>\n\t\t\t<\/dt><\/dl><dl class='gallery-item'>\n\t\t\t<dt class='gallery-icon landscape'>\n\t\t\t\t<a href='https:\/\/www.2mkhokejovekarty.sk\/wp-content\/smush-webp\/2024\/09\/2023-24_skybox_metal_universe_hobby_3.jpeg.webp'><img decoding=\"async\" width=\"300\" height=\"225\" src=\"https:\/\/www.2mkhokejovekarty.sk\/wp-content\/smush-webp\/2024\/09\/2023-24_skybox_metal_universe_hobby_3-300x225.jpeg.webp\" class=\"attachment-medium size-medium\" alt=\"\" srcset=\"https:\/\/www.2mkhokejovekarty.sk\/wp-content\/smush-webp\/2024\/09\/2023-24_skybox_metal_universe_hobby_3-300x225.jpeg.webp 300w, https:\/\/www.2mkhokejovekarty.sk\/wp-content\/smush-webp\/2024\/09\/2023-24_skybox_metal_universe_hobby_3-1024x768.jpeg.webp 1024w, https:\/\/www.2mkhokejovekarty.sk\/wp-content\/smush-webp\/2024\/09\/2023-24_skybox_metal_universe_hobby_3-768x576.jpeg.webp 768w, https:\/\/www.2mkhokejovekarty.sk\/wp-content\/smush-webp\/2024\/09\/2023-24_skybox_metal_universe_hobby_3-1200x900.jpeg.webp 1200w, https:\/\/www.2mkhokejovekarty.sk\/wp-content\/smush-webp\/2024\/09\/2023-24_skybox_metal_universe_hobby_3-150x113.jpeg.webp 150w, https:\/\/www.2mkhokejovekarty.sk\/wp-content\/smush-webp\/2024\/09\/2023-24_skybox_metal_universe_hobby_3.jpeg.webp 1500w\" sizes=\"(max-width: 300px) 100vw, 300px\" \/><\/a>\n\t\t\t<\/dt><\/dl><dl class='gallery-item'>\n\t\t\t<dt class='gallery-icon landscape'>\n\t\t\t\t<a href='https:\/\/www.2mkhokejovekarty.sk\/wp-content\/smush-webp\/2024\/09\/2023-24_skybox_metal_universe_hobby_4.jpeg.webp'><img decoding=\"async\" width=\"300\" height=\"225\" src=\"https:\/\/www.2mkhokejovekarty.sk\/wp-content\/smush-webp\/2024\/09\/2023-24_skybox_metal_universe_hobby_4-300x225.jpeg.webp\" class=\"attachment-medium size-medium\" alt=\"\" srcset=\"https:\/\/www.2mkhokejovekarty.sk\/wp-content\/smush-webp\/2024\/09\/2023-24_skybox_metal_universe_hobby_4-300x225.jpeg.webp 300w, https:\/\/www.2mkhokejovekarty.sk\/wp-content\/smush-webp\/2024\/09\/2023-24_skybox_metal_universe_hobby_4-1024x768.jpeg.webp 1024w, https:\/\/www.2mkhokejovekarty.sk\/wp-content\/smush-webp\/2024\/09\/2023-24_skybox_metal_universe_hobby_4-768x576.jpeg.webp 768w, https:\/\/www.2mkhokejovekarty.sk\/wp-content\/smush-webp\/2024\/09\/2023-24_skybox_metal_universe_hobby_4-1200x900.jpeg.webp 1200w, https:\/\/www.2mkhokejovekarty.sk\/wp-content\/smush-webp\/2024\/09\/2023-24_skybox_metal_universe_hobby_4-150x113.jpeg.webp 150w, https:\/\/www.2mkhokejovekarty.sk\/wp-content\/smush-webp\/2024\/09\/2023-24_skybox_metal_universe_hobby_4.jpeg.webp 1500w\" sizes=\"(max-width: 300px) 100vw, 300px\" \/><\/a>\n\t\t\t<\/dt><\/dl><dl class='gallery-item'>\n\t\t\t<dt class='gallery-icon landscape'>\n\t\t\t\t<a href='https:\/\/www.2mkhokejovekarty.sk\/wp-content\/smush-webp\/2024\/09\/2023-24_skybox_metal_universe_hobby_5.jpeg.webp'><img decoding=\"async\" width=\"300\" height=\"225\" src=\"https:\/\/www.2mkhokejovekarty.sk\/wp-content\/smush-webp\/2024\/09\/2023-24_skybox_metal_universe_hobby_5-300x225.jpeg.webp\" class=\"attachment-medium size-medium\" alt=\"\" srcset=\"https:\/\/www.2mkhokejovekarty.sk\/wp-content\/smush-webp\/2024\/09\/2023-24_skybox_metal_universe_hobby_5-300x225.jpeg.webp 300w, https:\/\/www.2mkhokejovekarty.sk\/wp-content\/smush-webp\/2024\/09\/2023-24_skybox_metal_universe_hobby_5-1024x768.jpeg.webp 1024w, https:\/\/www.2mkhokejovekarty.sk\/wp-content\/smush-webp\/2024\/09\/2023-24_skybox_metal_universe_hobby_5-768x576.jpeg.webp 768w, https:\/\/www.2mkhokejovekarty.sk\/wp-content\/smush-webp\/2024\/09\/2023-24_skybox_metal_universe_hobby_5-1200x900.jpeg.webp 1200w, https:\/\/www.2mkhokejovekarty.sk\/wp-content\/smush-webp\/2024\/09\/2023-24_skybox_metal_universe_hobby_5-150x113.jpeg.webp 150w, https:\/\/www.2mkhokejovekarty.sk\/wp-content\/smush-webp\/2024\/09\/2023-24_skybox_metal_universe_hobby_5.jpeg.webp 1500w\" sizes=\"(max-width: 300px) 100vw, 300px\" \/><\/a>\n\t\t\t<\/dt><\/dl><br style=\"clear: both\" \/>\n\t\t<\/div>\n\n<p class=\"product-subset\"><strong>2023-24 Upper Deck Skybox Metal Universe Hockey Hobby Box<\/strong><\/p>\n<p class=\"product-subset\"><strong>EACH BOX CONTAINS ON AVERAGE: <\/strong><\/p>\n<p class=\"product-subset\">-1x Z-Force card<br \/>\n-1x limited card<br \/>\n-3x 2008-09 Metal Universe Retros insert card<br \/>\n-3x Skybox Premium Prospects card<br \/>\n-5x Insert card from: Meltdown, Constellations, T Tauri Star and\/or Energetic Explosions<br \/>\n-1x insert card from: Soul of the Game, Premium Player, or 9.461e KM<\/p>\n<p><b>PRODUCT INCLUDES:<\/b><\/p>\n<p><b>Signed cards:<\/b><\/p>\n<p>&#8211;  <strong>NEW &#8211;<\/strong> 2008-09 Metal Universe Retros &#8211; Auto Parallel &#8211; 1:480<br \/>\n&#8211;  <strong>NEW &#8211;<\/strong> 9.461e KM &#8211; Auto Parallel &#8211; \/35<br \/>\n&#8211; Base Set &#8211; Silver Auto Parallel &#8211; 1:120<br \/>\n&#8211; Base Set &#8211; Green Auto Parallel &#8211; \/10<br \/>\n&#8211; Base Set &#8211; Gold Auto Parallel &#8211; 1\/1<br \/>\n&#8211; Base Set Stars &#8211; Silver Auto Parallel &#8211; 1:600<br \/>\n&#8211; Base Set Stars &#8211; Green Auto Parallel &#8211; \/10<br \/>\n&#8211; Base Set Stars &#8211; Gold Auto Parallel &#8211; 1\/1<br \/>\n&#8211; Base Set Rookies &#8211; Silver Auto Parallel (Tier 1) &#8211; \/399<br \/>\n&#8211; Base Set Rookies &#8211; Silver Auto Parallel (Tier 2) &#8211; \/199<br \/>\n&#8211;  <strong>NEW &#8211;<\/strong> Base Set Rookies &#8211; Blue Auto Parallel &#8211; \/50<br \/>\n&#8211; Base Set Rookies &#8211; Green Auto Parallel &#8211; \/10<br \/>\n&#8211; Base Set Rookies &#8211; Gold Auto Parallel &#8211; 1\/1<br \/>\n&#8211;  <strong>NEW &#8211;<\/strong> Constellations &#8211; Auto Parallel &#8211; 1:1500<br \/>\n&#8211;  <strong>NEW &#8211;<\/strong> Energetic Explosions &#8211; Auto Parallel &#8211; 1:1200<br \/>\n&#8211;  <strong>NEW &#8211;<\/strong> Meltdown &#8211; Auto Parallel &#8211; 1:1000<br \/>\n&#8211;  <strong>NEW &#8211;<\/strong> Premium Player &#8211; Auto Parallel &#8211; \/25<br \/>\n&#8211; Skybox Premium Prospects &#8211; Star Emeralds &#8211; Auto Parallel &#8211; \/25<br \/>\n&#8211;  <strong>NEW &#8211;<\/strong> Soul of the Game &#8211; Auto Parallel &#8211; \/35<br \/>\n&#8211;  <strong>NEW &#8211;<\/strong> T Tauri Star &#8211; Auto Parallel &#8211; 1:1000<\/p>\n<p><b>PMG cards:<\/b><\/p>\n<p>&#8211; 1997-98 Metal Universe Retros &#8211; Red PMG Parallel (11-100) &#8211; \/100<br \/>\n&#8211; 1997-98 Metal Universe Retros &#8211; Green PMG Parallel (1-10) &#8211; \/100<br \/>\n&#8211; 1997-98 Metal Universe Retros &#8211; Gold PMG Parallel &#8211; 1\/1<br \/>\n&#8211;  <strong>NEW &#8211;<\/strong> 2008-09 Metal Universe Retros &#8211; PMG Red Parallel (11-100) &#8211; \/100<br \/>\n&#8211;  <strong>NEW &#8211;<\/strong> 2008-09 Metal Universe Retros &#8211; PMG Green Parallel (1-10) &#8211; \/100<br \/>\n&#8211;  <strong>NEW &#8211;<\/strong> 2008-09 Metal Universe Retros &#8211; PMG Gold Parallel &#8211; 1\/1<br \/>\n&#8211; 2013 Metal Universe Retros &#8211; Red PMG Parallel (11-100) &#8211; \/100<br \/>\n&#8211; 2013 Metal Universe Retros &#8211; Green PMG Parallel (1-10) &#8211; \/100<br \/>\n&#8211; 2013 Metal Universe Retros &#8211; Blue PMG Parallel &#8211; \/50<br \/>\n&#8211; 2013 Metal Universe Retros &#8211; Gold PMG Parallel &#8211; 1\/1<br \/>\n&#8211; Base Set &#8211; Red PMG Parallel &#8211; \/100<br \/>\n&#8211; Base Set &#8211; Green PMG Parallel &#8211; \/10<br \/>\n&#8211; Base Set &#8211; Gold PMG Parallel &#8211; 1\/1<br \/>\n&#8211; Base Set Stars &#8211; Red PMG Parallel &#8211; \/100<br \/>\n&#8211; Base Set Stars &#8211; Green PMG Parallel &#8211; \/10<br \/>\n&#8211; Base Set Stars &#8211; Gold PMG Parallel &#8211; 1\/1<br \/>\n&#8211; Base Set Rookies &#8211; Red PMG Parallel &#8211; \/100<br \/>\n&#8211; Base Set Rookies &#8211; Green PMG Parallel &#8211; \/10<br \/>\n&#8211; Base Set Rookies &#8211; Gold PMG Parallel &#8211; 1\/1<\/p>\n<p><b>Insert Cards:<\/b><\/p>\n<p>&#8211;  <strong>NEW &#8211;<\/strong> 1990 Skybox Retro Metal Cards &#8211; 1:240<br \/>\n&#8211;  <strong>NEW &#8211;<\/strong> 2008-09 Metal Universe Retros &#8211; 1:5<br \/>\n&#8211;  <strong>NEW &#8211;<\/strong> 2008-09 Metal Universe Retros &#8211; Purple Spectrum FX Parallel &#8211; \/199<br \/>\n&#8211; 2013 Metal Universe Retros &#8211; 1:240<br \/>\n&#8211;  <strong>NEW &#8211;<\/strong> 9.461e KM &#8211; 1:60<br \/>\n&#8211;  <strong>NEW &#8211;<\/strong> 9.461e KM &#8211; Gold Parallel &#8211; \/99<br \/>\n&#8211;  <strong>NEW &#8211;<\/strong> Constellations &#8211; 1:10<br \/>\n&#8211;  <strong>NEW &#8211;<\/strong> Constellations &#8211; Spectrum Parallel &#8211; \/199<br \/>\n&#8211;  <strong>NEW &#8211;<\/strong> Constellations &#8211; Gold Parallel &#8211; \/99<br \/>\n&#8211;  <strong>NEW &#8211;<\/strong> Energetic Explosions &#8211; 1:14<br \/>\n&#8211;  <strong>NEW &#8211;<\/strong> Energetic Explosions &#8211; Spectrum Parallel &#8211; \/199<br \/>\n&#8211;  <strong>NEW &#8211;<\/strong> Energetic Explosions &#8211; Gold Parallel &#8211; \/99<br \/>\n&#8211;  <strong>NEW &#8211;<\/strong> Goose Eggs &#8211; 1:400<br \/>\n&#8211;  <strong>NEW &#8211;<\/strong> Golden Goose Eggs &#8211; \/25<br \/>\n&#8211; Jambalaya &#8211; 1:960<br \/>\n&#8211;  <strong>NEW &#8211;<\/strong> Martensite &#8211; 1:160<br \/>\n&#8211;  <strong>NEW &#8211;<\/strong> Meltdown &#8211; 1:12<br \/>\n&#8211;  <strong>NEW &#8211;<\/strong> Meltdown &#8211; Spectrum Parallel &#8211; \/199<br \/>\n&#8211;  <strong>NEW &#8211;<\/strong> Meltdown &#8211; Gold Parallel &#8211; \/99<br \/>\n&#8211; Metal-X &#8211; 1:480<br \/>\n&#8211;  <strong>NEW &#8211;<\/strong> Net-Rageous &#8211; 1:343<br \/>\n&#8211;  <strong>NEW &#8211;<\/strong> NOYZ BOYZ &#8211; 1:960<br \/>\n&#8211;  <strong>NEW &#8211;<\/strong> Palladium &#8211; 1:400<br \/>\n&#8211;  <strong>NEW &#8211;<\/strong> Palladium &#8211; Spectrum Parallel &#8211; \/25<br \/>\n&#8211;  <strong>NEW &#8211;<\/strong> Premium Player &#8211; 1:38<br \/>\n&#8211;  <strong>NEW &#8211;<\/strong> Premium Player &#8211; Gold Parallel &#8211; \/99<br \/>\n&#8211;  <strong>NEW &#8211;<\/strong> Quick Strike &#8211; 1:300<br \/>\n&#8211;  <strong>NEW &#8211;<\/strong> Quick Strike &#8211; Spectrum Parallel &#8211; \/25<br \/>\n&#8211; Skybox Premium Prospects &#8211; 1:5<br \/>\n&#8211; Skybox Premium Prospects &#8211; Star Rubies Parallel &#8211; \/50<br \/>\n&#8211; Skybox Premium Prospects &#8211; Star Emeralds Parallel &#8211; \/10<br \/>\n&#8211; Skybox Premium Prospects &#8211; Star Diamonds Parallel &#8211; 1\/1<br \/>\n&#8211;  <strong>NEW &#8211;<\/strong> Soul of the Game &#8211; 1:43<br \/>\n&#8211;  <strong>NEW &#8211;<\/strong> Soul of the Game &#8211; Gold Parallel &#8211; \/99<br \/>\n&#8211;  <strong>NEW &#8211;<\/strong> T Tauri Star &#8211; 1:15<br \/>\n&#8211;  <strong>NEW &#8211;<\/strong> T Tauri Phase &#8211; Spectrum Parallel &#8211; \/199<br \/>\n&#8211;  <strong>NEW &#8211;<\/strong> T Tauri Phase &#8211; Gold Parallel &#8211; \/99<br \/>\n&#8211;  <strong>NEW &#8211;<\/strong> The Business &#8211; 1:480<br \/>\n&#8211;  <strong>NEW &#8211;<\/strong> Vivacity &#8211; 1:300<br \/>\n&#8211;  <strong>NEW &#8211;<\/strong> Z-Force &#8211; 1:15<br \/>\n&#8211;  <strong>NEW &#8211;<\/strong> Z-Force &#8211; Rave Parallel &#8211; \/399<br \/>\n&#8211;  <strong>NEW &#8211;<\/strong> Z-Force &#8211; Super Rave Parallel &#8211; \/50<br \/>\n&#8211;  <strong>NEW &#8211;<\/strong> Z-Force &#8211; Universe Rave Parallel &#8211; 1\/1<\/p>\n<p><b>Printing Plates:<\/b><\/p>\n<p>&#8211; Base Set Printing Plates &#8211; N\/A<br \/>\n&#8211; Base Set &#8211; Star &amp; Rookies Printing Plates &#8211; N\/A<br \/>\n&#8211; <strong>NEW &#8211;<\/strong> 2008-09 Metal Universe Retros Printing Plates &#8211; N\/A<br \/>\n&#8211; Sky Box Premium Prospects Printing Plates &#8211; N\/A<\/p>\n<p><b>Base Set:<\/b><\/p>\n<p>&#8211; Base Set (1-100) &#8211; 4:1<br \/>\n&#8211; Base Set Stars (101-150) &#8211; 1:1<br \/>\n&#8211; Base Set Rookies (151-200) &#8211; 1:1<\/p>\n<p>&nbsp;<\/p>\n<div id=\"ajax-block-main_content\">\n<div class=\"BLOCK PRODUCT-MAIN\">\n<div class=\"BLOCK__CONTENT PRODUCT-MAIN__CONTENT\">\n<div class=\"PRODUCT-MAIN__RIGHT js-product-data\" data-url=\"\/boxy-hokejovych-karet-nhl\/2021-22-upper-deck-skybox-metal-universe-hockey-hobby-box\">\n<div class=\"PRODUCT-TABS\">\n<div id=\"description_long\" class=\"PRODUCT-TABS__TAB\" data-toggle-name=\"tab-description_long\" data-toggle-class=\"PRODUCT-TABS__TAB--HIDDEN\">\n<div class=\"Box Text Text--product-long\">\n<div class=\"Box__content Text__content\">\n<p>&nbsp;<\/p>\n<\/div>\n<\/div>\n<\/div>\n<\/div>\n<\/div>\n<\/div>\n<\/div>\n<\/div>\n<footer class=\"BLOCK FOOTER\">\n<div class=\"BLOCK__CONTENT FOOTER__CONTENT\">\n<div class=\"FOOTER-MAIN\">\n<div class=\"Box Links-side Links-side--info\"><\/div>\n<\/div>\n<\/div>\n<\/footer>\n<p>&nbsp;<\/p>\n<p>&nbsp;<\/p>\n","protected":false},"excerpt":{"rendered":"<p><strong>Box Contents<\/strong><br \/>\n15 packs per box, 7 cards per pack<\/p>\n","protected":false},"featured_media":5638,"template":"","meta":[],"product_brand":[],"product_cat":[266,297],"product_tag":[267],"class_list":{"0":"post-5636","1":"product","2":"type-product","3":"status-publish","4":"has-post-thumbnail","6":"product_cat-boxes","7":"product_cat-2023-24-boxes","8":"product_tag-upper-deck","10":"first","11":"instock","12":"taxable","13":"shipping-taxable","14":"purchasable","15":"product-type-simple"},"yoast_head":"<!-- This site is optimized with the Yoast SEO plugin v17.7.1 - https:\/\/yoast.com\/wordpress\/plugins\/seo\/ -->\n<title>2023-24 Upper Deck Skybox Metal Universe Hockey Hobby Box - 2MK Hokejov\u00e9 Karty<\/title>\n<meta name=\"robots\" content=\"index, follow, max-snippet:-1, max-image-preview:large, max-video-preview:-1\" \/>\n<link rel=\"canonical\" href=\"https:\/\/www.2mkhokejovekarty.sk\/en\/produkt\/2023-24-upper-deck-skybox-metal-universe-hockey-hobby-box\/\" \/>\n<meta property=\"og:locale\" content=\"en_US\" \/>\n<meta property=\"og:type\" content=\"article\" \/>\n<meta property=\"og:title\" content=\"2023-24 Upper Deck Skybox Metal Universe Hockey Hobby Box - 2MK Hokejov\u00e9 Karty\" \/>\n<meta property=\"og:description\" content=\"Box Contents 15 packs per box, 7 cards per pack\" \/>\n<meta property=\"og:url\" content=\"https:\/\/www.2mkhokejovekarty.sk\/en\/produkt\/2023-24-upper-deck-skybox-metal-universe-hockey-hobby-box\/\" \/>\n<meta property=\"og:site_name\" content=\"2MK Hokejov\u00e9 Karty\" \/>\n<meta property=\"article:publisher\" content=\"https:\/\/www.facebook.com\/2MK-hokejov%c3%a9-karty-106293018483710\" \/>\n<meta property=\"og:image\" content=\"https:\/\/www.2mkhokejovekarty.sk\/wp-content\/uploads\/2024\/09\/2023-24_skybox_metal_universe_hobby_box.jpeg\" \/>\n\t<meta property=\"og:image:width\" content=\"940\" \/>\n\t<meta property=\"og:image:height\" content=\"788\" \/>\n<meta name=\"twitter:card\" content=\"summary_large_image\" \/>\n<meta name=\"twitter:label1\" content=\"Est. reading time\" \/>\n\t<meta name=\"twitter:data1\" content=\"4 minutes\" \/>\n<script type=\"application\/ld+json\" class=\"yoast-schema-graph\">{\"@context\":\"https:\/\/schema.org\",\"@graph\":[{\"@type\":\"Organization\",\"@id\":\"https:\/\/www.2mkhokejovekarty.sk\/en\/#organization\",\"name\":\"2MK Hockey Cards\",\"url\":\"https:\/\/www.2mkhokejovekarty.sk\/en\/\",\"sameAs\":[\"https:\/\/www.facebook.com\/2MK-hokejov\\u00e9-karty-106293018483710\"],\"logo\":{\"@type\":\"ImageObject\",\"@id\":\"https:\/\/www.2mkhokejovekarty.sk\/en\/#logo\",\"inLanguage\":\"en-US\",\"url\":\"https:\/\/www.2mkhokejovekarty.sk\/wp-content\/uploads\/2021\/12\/2MK-logo-org.jpg\",\"contentUrl\":\"https:\/\/www.2mkhokejovekarty.sk\/wp-content\/uploads\/2021\/12\/2MK-logo-org.jpg\",\"width\":300,\"height\":200,\"caption\":\"2MK Hockey Cards\"},\"image\":{\"@id\":\"https:\/\/www.2mkhokejovekarty.sk\/en\/#logo\"}},{\"@type\":\"WebSite\",\"@id\":\"https:\/\/www.2mkhokejovekarty.sk\/en\/#website\",\"url\":\"https:\/\/www.2mkhokejovekarty.sk\/en\/\",\"name\":\"2MK Hokejov\\u00e9 Karty\",\"description\":\"Str\\u00e1nka ur\\u010den\\u00e1 pre zberate\\u013eov hokejov\\u00fdch kariet\",\"publisher\":{\"@id\":\"https:\/\/www.2mkhokejovekarty.sk\/en\/#organization\"},\"potentialAction\":[{\"@type\":\"SearchAction\",\"target\":{\"@type\":\"EntryPoint\",\"urlTemplate\":\"https:\/\/www.2mkhokejovekarty.sk\/en\/?s={search_term_string}\"},\"query-input\":\"required name=search_term_string\"}],\"inLanguage\":\"en-US\"},{\"@type\":\"ImageObject\",\"@id\":\"https:\/\/www.2mkhokejovekarty.sk\/en\/produkt\/2023-24-upper-deck-skybox-metal-universe-hockey-hobby-box\/#primaryimage\",\"inLanguage\":\"en-US\",\"url\":\"https:\/\/www.2mkhokejovekarty.sk\/wp-content\/uploads\/2024\/09\/2023-24_skybox_metal_universe_hobby_box.jpeg\",\"contentUrl\":\"https:\/\/www.2mkhokejovekarty.sk\/wp-content\/uploads\/2024\/09\/2023-24_skybox_metal_universe_hobby_box.jpeg\",\"width\":940,\"height\":788},{\"@type\":\"WebPage\",\"@id\":\"https:\/\/www.2mkhokejovekarty.sk\/en\/produkt\/2023-24-upper-deck-skybox-metal-universe-hockey-hobby-box\/#webpage\",\"url\":\"https:\/\/www.2mkhokejovekarty.sk\/en\/produkt\/2023-24-upper-deck-skybox-metal-universe-hockey-hobby-box\/\",\"name\":\"2023-24 Upper Deck Skybox Metal Universe Hockey Hobby Box - 2MK Hokejov\\u00e9 Karty\",\"isPartOf\":{\"@id\":\"https:\/\/www.2mkhokejovekarty.sk\/en\/#website\"},\"primaryImageOfPage\":{\"@id\":\"https:\/\/www.2mkhokejovekarty.sk\/en\/produkt\/2023-24-upper-deck-skybox-metal-universe-hockey-hobby-box\/#primaryimage\"},\"datePublished\":\"2024-09-11T13:49:16+00:00\",\"dateModified\":\"2024-09-11T13:49:16+00:00\",\"breadcrumb\":{\"@id\":\"https:\/\/www.2mkhokejovekarty.sk\/en\/produkt\/2023-24-upper-deck-skybox-metal-universe-hockey-hobby-box\/#breadcrumb\"},\"inLanguage\":\"en-US\",\"potentialAction\":[{\"@type\":\"ReadAction\",\"target\":[\"https:\/\/www.2mkhokejovekarty.sk\/en\/produkt\/2023-24-upper-deck-skybox-metal-universe-hockey-hobby-box\/\"]}]},{\"@type\":\"BreadcrumbList\",\"@id\":\"https:\/\/www.2mkhokejovekarty.sk\/en\/produkt\/2023-24-upper-deck-skybox-metal-universe-hockey-hobby-box\/#breadcrumb\",\"itemListElement\":[{\"@type\":\"ListItem\",\"position\":1,\"name\":\"Home\",\"item\":\"https:\/\/www.2mkhokejovekarty.sk\/en\/\"},{\"@type\":\"ListItem\",\"position\":2,\"name\":\"Shop\",\"item\":\"https:\/\/www.2mkhokejovekarty.sk\/en\/shop\/\"},{\"@type\":\"ListItem\",\"position\":3,\"name\":\"2023-24 Upper Deck Skybox Metal Universe Hockey Hobby Box\"}]}]}<\/script>\n<!-- \/ Yoast SEO plugin. -->","yoast_head_json":{"title":"2023-24 Upper Deck Skybox Metal Universe Hockey Hobby Box - 2MK Hokejov\u00e9 Karty","robots":{"index":"index","follow":"follow","max-snippet":"max-snippet:-1","max-image-preview":"max-image-preview:large","max-video-preview":"max-video-preview:-1"},"canonical":"https:\/\/www.2mkhokejovekarty.sk\/en\/produkt\/2023-24-upper-deck-skybox-metal-universe-hockey-hobby-box\/","og_locale":"en_US","og_type":"article","og_title":"2023-24 Upper Deck Skybox Metal Universe Hockey Hobby Box - 2MK Hokejov\u00e9 Karty","og_description":"Box Contents 15 packs per box, 7 cards per pack","og_url":"https:\/\/www.2mkhokejovekarty.sk\/en\/produkt\/2023-24-upper-deck-skybox-metal-universe-hockey-hobby-box\/","og_site_name":"2MK Hokejov\u00e9 Karty","article_publisher":"https:\/\/www.facebook.com\/2MK-hokejov%c3%a9-karty-106293018483710","og_image":[{"width":940,"height":788,"url":"https:\/\/www.2mkhokejovekarty.sk\/wp-content\/uploads\/2024\/09\/2023-24_skybox_metal_universe_hobby_box.jpeg","type":"image\/jpeg"}],"twitter_card":"summary_large_image","twitter_misc":{"Est. reading time":"4 minutes"},"schema":{"@context":"https:\/\/schema.org","@graph":[{"@type":"Organization","@id":"https:\/\/www.2mkhokejovekarty.sk\/en\/#organization","name":"2MK Hockey Cards","url":"https:\/\/www.2mkhokejovekarty.sk\/en\/","sameAs":["https:\/\/www.facebook.com\/2MK-hokejov\u00e9-karty-106293018483710"],"logo":{"@type":"ImageObject","@id":"https:\/\/www.2mkhokejovekarty.sk\/en\/#logo","inLanguage":"en-US","url":"https:\/\/www.2mkhokejovekarty.sk\/wp-content\/uploads\/2021\/12\/2MK-logo-org.jpg","contentUrl":"https:\/\/www.2mkhokejovekarty.sk\/wp-content\/uploads\/2021\/12\/2MK-logo-org.jpg","width":300,"height":200,"caption":"2MK Hockey Cards"},"image":{"@id":"https:\/\/www.2mkhokejovekarty.sk\/en\/#logo"}},{"@type":"WebSite","@id":"https:\/\/www.2mkhokejovekarty.sk\/en\/#website","url":"https:\/\/www.2mkhokejovekarty.sk\/en\/","name":"2MK Hokejov\u00e9 Karty","description":"Str\u00e1nka ur\u010den\u00e1 pre zberate\u013eov hokejov\u00fdch kariet","publisher":{"@id":"https:\/\/www.2mkhokejovekarty.sk\/en\/#organization"},"potentialAction":[{"@type":"SearchAction","target":{"@type":"EntryPoint","urlTemplate":"https:\/\/www.2mkhokejovekarty.sk\/en\/?s={search_term_string}"},"query-input":"required name=search_term_string"}],"inLanguage":"en-US"},{"@type":"ImageObject","@id":"https:\/\/www.2mkhokejovekarty.sk\/en\/produkt\/2023-24-upper-deck-skybox-metal-universe-hockey-hobby-box\/#primaryimage","inLanguage":"en-US","url":"https:\/\/www.2mkhokejovekarty.sk\/wp-content\/uploads\/2024\/09\/2023-24_skybox_metal_universe_hobby_box.jpeg","contentUrl":"https:\/\/www.2mkhokejovekarty.sk\/wp-content\/uploads\/2024\/09\/2023-24_skybox_metal_universe_hobby_box.jpeg","width":940,"height":788},{"@type":"WebPage","@id":"https:\/\/www.2mkhokejovekarty.sk\/en\/produkt\/2023-24-upper-deck-skybox-metal-universe-hockey-hobby-box\/#webpage","url":"https:\/\/www.2mkhokejovekarty.sk\/en\/produkt\/2023-24-upper-deck-skybox-metal-universe-hockey-hobby-box\/","name":"2023-24 Upper Deck Skybox Metal Universe Hockey Hobby Box - 2MK Hokejov\u00e9 Karty","isPartOf":{"@id":"https:\/\/www.2mkhokejovekarty.sk\/en\/#website"},"primaryImageOfPage":{"@id":"https:\/\/www.2mkhokejovekarty.sk\/en\/produkt\/2023-24-upper-deck-skybox-metal-universe-hockey-hobby-box\/#primaryimage"},"datePublished":"2024-09-11T13:49:16+00:00","dateModified":"2024-09-11T13:49:16+00:00","breadcrumb":{"@id":"https:\/\/www.2mkhokejovekarty.sk\/en\/produkt\/2023-24-upper-deck-skybox-metal-universe-hockey-hobby-box\/#breadcrumb"},"inLanguage":"en-US","potentialAction":[{"@type":"ReadAction","target":["https:\/\/www.2mkhokejovekarty.sk\/en\/produkt\/2023-24-upper-deck-skybox-metal-universe-hockey-hobby-box\/"]}]},{"@type":"BreadcrumbList","@id":"https:\/\/www.2mkhokejovekarty.sk\/en\/produkt\/2023-24-upper-deck-skybox-metal-universe-hockey-hobby-box\/#breadcrumb","itemListElement":[{"@type":"ListItem","position":1,"name":"Home","item":"https:\/\/www.2mkhokejovekarty.sk\/en\/"},{"@type":"ListItem","position":2,"name":"Shop","item":"https:\/\/www.2mkhokejovekarty.sk\/en\/shop\/"},{"@type":"ListItem","position":3,"name":"2023-24 Upper Deck Skybox Metal Universe Hockey Hobby Box"}]}]}},"_links":{"self":[{"href":"https:\/\/www.2mkhokejovekarty.sk\/en\/wp-json\/wp\/v2\/product\/5636","targetHints":{"allow":["GET"]}}],"collection":[{"href":"https:\/\/www.2mkhokejovekarty.sk\/en\/wp-json\/wp\/v2\/product"}],"about":[{"href":"https:\/\/www.2mkhokejovekarty.sk\/en\/wp-json\/wp\/v2\/types\/product"}],"version-history":[{"count":0,"href":"https:\/\/www.2mkhokejovekarty.sk\/en\/wp-json\/wp\/v2\/product\/5636\/revisions"}],"wp:featuredmedia":[{"embeddable":true,"href":"https:\/\/www.2mkhokejovekarty.sk\/en\/wp-json\/wp\/v2\/media\/5638"}],"wp:attachment":[{"href":"https:\/\/www.2mkhokejovekarty.sk\/en\/wp-json\/wp\/v2\/media?parent=5636"}],"wp:term":[{"taxonomy":"product_brand","embeddable":true,"href":"https:\/\/www.2mkhokejovekarty.sk\/en\/wp-json\/wp\/v2\/product_brand?post=5636"},{"taxonomy":"product_cat","embeddable":true,"href":"https:\/\/www.2mkhokejovekarty.sk\/en\/wp-json\/wp\/v2\/product_cat?post=5636"},{"taxonomy":"product_tag","embeddable":true,"href":"https:\/\/www.2mkhokejovekarty.sk\/en\/wp-json\/wp\/v2\/product_tag?post=5636"}],"curies":[{"name":"wp","href":"https:\/\/api.w.org\/{rel}","templated":true}]}}