{"id":5341,"date":"2025-01-13T15:43:10","date_gmt":"2025-01-13T14:43:10","guid":{"rendered":"https:\/\/www.2mkhokejovekarty.sk\/produkt\/nhl-mcfarlane-connor-mcdavid-edmonton-oilers-figure-legacy-series-3\/"},"modified":"2026-02-23T22:08:26","modified_gmt":"2026-02-23T21:08:26","slug":"nhl-mcfarlane-connor-mcdavid-edmonton-oilers-figure-legacy-series-3","status":"publish","type":"product","link":"https:\/\/www.2mkhokejovekarty.sk\/en\/produkt\/nhl-mcfarlane-connor-mcdavid-edmonton-oilers-figure-legacy-series-3\/","title":{"rendered":"NHL McFarlane Connor McDavid Edmonton Oilers Figure &#8211; Legacy Series #3"},"content":{"rendered":"\n\t\t<style type=\"text\/css\">\n\t\t\t#gallery-1 {\n\t\t\t\tmargin: auto;\n\t\t\t}\n\t\t\t#gallery-1 .gallery-item {\n\t\t\t\tfloat: left;\n\t\t\t\tmargin-top: 10px;\n\t\t\t\ttext-align: center;\n\t\t\t\twidth: 33%;\n\t\t\t}\n\t\t\t#gallery-1 img {\n\t\t\t\tborder: 2px solid #cfcfcf;\n\t\t\t}\n\t\t\t#gallery-1 .gallery-caption {\n\t\t\t\tmargin-left: 0;\n\t\t\t}\n\t\t\t\/* see gallery_shortcode() in wp-includes\/media.php *\/\n\t\t<\/style>\n\t\t<div id='gallery-1' class='gallery galleryid-5341 gallery-columns-3 gallery-size-thumbnail'><dl class='gallery-item'>\n\t\t\t<dt class='gallery-icon landscape'>\n\t\t\t\t<a href='https:\/\/www.2mkhokejovekarty.sk\/wp-content\/smush-webp\/2025\/01\/figurka_mcfarlane_connor_mcdavid_97_1.jpg.webp'><img decoding=\"async\" width=\"150\" height=\"150\" src=\"https:\/\/www.2mkhokejovekarty.sk\/wp-content\/smush-webp\/2025\/01\/figurka_mcfarlane_connor_mcdavid_97_1-150x150.jpg.webp\" class=\"attachment-thumbnail size-thumbnail\" alt=\"\" srcset=\"https:\/\/www.2mkhokejovekarty.sk\/wp-content\/smush-webp\/2025\/01\/figurka_mcfarlane_connor_mcdavid_97_1-150x150.jpg.webp 150w, https:\/\/www.2mkhokejovekarty.sk\/wp-content\/smush-webp\/2025\/01\/figurka_mcfarlane_connor_mcdavid_97_1-300x300.jpg.webp 300w, https:\/\/www.2mkhokejovekarty.sk\/wp-content\/smush-webp\/2025\/01\/figurka_mcfarlane_connor_mcdavid_97_1-1024x1024.jpg.webp 1024w, https:\/\/www.2mkhokejovekarty.sk\/wp-content\/smush-webp\/2025\/01\/figurka_mcfarlane_connor_mcdavid_97_1-768x768.jpg.webp 768w, https:\/\/www.2mkhokejovekarty.sk\/wp-content\/smush-webp\/2025\/01\/figurka_mcfarlane_connor_mcdavid_97_1-600x600.jpg.webp 600w, https:\/\/www.2mkhokejovekarty.sk\/wp-content\/smush-webp\/2025\/01\/figurka_mcfarlane_connor_mcdavid_97_1.jpg.webp 1100w\" sizes=\"(max-width: 150px) 100vw, 150px\" \/><\/a>\n\t\t\t<\/dt><\/dl><dl class='gallery-item'>\n\t\t\t<dt class='gallery-icon landscape'>\n\t\t\t\t<a href='https:\/\/www.2mkhokejovekarty.sk\/wp-content\/smush-webp\/2025\/01\/figurka_mcfarlane_connor_mcdavid_97_2.jpg.webp'><img decoding=\"async\" width=\"150\" height=\"150\" src=\"https:\/\/www.2mkhokejovekarty.sk\/wp-content\/smush-webp\/2025\/01\/figurka_mcfarlane_connor_mcdavid_97_2-150x150.jpg.webp\" class=\"attachment-thumbnail size-thumbnail\" alt=\"\" srcset=\"https:\/\/www.2mkhokejovekarty.sk\/wp-content\/smush-webp\/2025\/01\/figurka_mcfarlane_connor_mcdavid_97_2-150x150.jpg.webp 150w, https:\/\/www.2mkhokejovekarty.sk\/wp-content\/smush-webp\/2025\/01\/figurka_mcfarlane_connor_mcdavid_97_2-300x300.jpg.webp 300w, https:\/\/www.2mkhokejovekarty.sk\/wp-content\/smush-webp\/2025\/01\/figurka_mcfarlane_connor_mcdavid_97_2-1024x1024.jpg.webp 1024w, https:\/\/www.2mkhokejovekarty.sk\/wp-content\/smush-webp\/2025\/01\/figurka_mcfarlane_connor_mcdavid_97_2-768x768.jpg.webp 768w, https:\/\/www.2mkhokejovekarty.sk\/wp-content\/smush-webp\/2025\/01\/figurka_mcfarlane_connor_mcdavid_97_2-600x600.jpg.webp 600w, https:\/\/www.2mkhokejovekarty.sk\/wp-content\/smush-webp\/2025\/01\/figurka_mcfarlane_connor_mcdavid_97_2.jpg.webp 1100w\" sizes=\"(max-width: 150px) 100vw, 150px\" \/><\/a>\n\t\t\t<\/dt><\/dl><dl class='gallery-item'>\n\t\t\t<dt class='gallery-icon landscape'>\n\t\t\t\t<a href='https:\/\/www.2mkhokejovekarty.sk\/wp-content\/smush-webp\/2025\/01\/figurka_mcfarlane_connor_mcdavid_97_3.jpg.webp'><img decoding=\"async\" width=\"150\" height=\"150\" src=\"https:\/\/www.2mkhokejovekarty.sk\/wp-content\/smush-webp\/2025\/01\/figurka_mcfarlane_connor_mcdavid_97_3-150x150.jpg.webp\" class=\"attachment-thumbnail size-thumbnail\" alt=\"\" srcset=\"https:\/\/www.2mkhokejovekarty.sk\/wp-content\/smush-webp\/2025\/01\/figurka_mcfarlane_connor_mcdavid_97_3-150x150.jpg.webp 150w, https:\/\/www.2mkhokejovekarty.sk\/wp-content\/smush-webp\/2025\/01\/figurka_mcfarlane_connor_mcdavid_97_3-300x300.jpg.webp 300w, https:\/\/www.2mkhokejovekarty.sk\/wp-content\/smush-webp\/2025\/01\/figurka_mcfarlane_connor_mcdavid_97_3-1024x1024.jpg.webp 1024w, https:\/\/www.2mkhokejovekarty.sk\/wp-content\/smush-webp\/2025\/01\/figurka_mcfarlane_connor_mcdavid_97_3-768x768.jpg.webp 768w, https:\/\/www.2mkhokejovekarty.sk\/wp-content\/smush-webp\/2025\/01\/figurka_mcfarlane_connor_mcdavid_97_3-600x600.jpg.webp 600w, https:\/\/www.2mkhokejovekarty.sk\/wp-content\/smush-webp\/2025\/01\/figurka_mcfarlane_connor_mcdavid_97_3.jpg.webp 1100w\" sizes=\"(max-width: 150px) 100vw, 150px\" \/><\/a>\n\t\t\t<\/dt><\/dl><br style=\"clear: both\" \/>\n\t\t<\/div>\n\n<p><strong>NHL McFarlane Connor McDavid Edmonton Oilers Figure &#8211; Legacy Series #3<\/strong><\/p>\n<p>Connor McDavid is a Canadian ice hockey forward wearing number 97, who was drafted first overall in the first round by the Edmonton Oilers in 2015. He is currently considered the best ice hockey forward in the world.  <\/p>\n<p>&nbsp;<\/p>\n","protected":false},"excerpt":{"rendered":"<p>The Connor McDavid figure from McFarlane Toys is approximately 18 cm tall.<\/p>\n","protected":false},"featured_media":4866,"template":"","meta":[],"product_brand":[],"product_cat":[271],"product_tag":[445],"class_list":{"0":"post-5341","1":"product","2":"type-product","3":"status-publish","4":"has-post-thumbnail","6":"product_cat-nhl-figures","7":"product_tag-mcfarlane-toys","9":"first","10":"instock","11":"taxable","12":"shipping-taxable","13":"purchasable","14":"product-type-simple"},"yoast_head":"<!-- This site is optimized with the Yoast SEO plugin v17.7.1 - https:\/\/yoast.com\/wordpress\/plugins\/seo\/ -->\n<title>NHL McFarlane Connor McDavid Edmonton Oilers Figure - Legacy Series #3 - 2MK Hokejov\u00e9 Karty<\/title>\n<meta name=\"robots\" content=\"index, follow, max-snippet:-1, max-image-preview:large, max-video-preview:-1\" \/>\n<link rel=\"canonical\" href=\"https:\/\/www.2mkhokejovekarty.sk\/en\/produkt\/nhl-mcfarlane-connor-mcdavid-edmonton-oilers-figure-legacy-series-3\/\" \/>\n<meta property=\"og:locale\" content=\"en_US\" \/>\n<meta property=\"og:type\" content=\"article\" \/>\n<meta property=\"og:title\" content=\"NHL McFarlane Connor McDavid Edmonton Oilers Figure - Legacy Series #3 - 2MK Hokejov\u00e9 Karty\" \/>\n<meta property=\"og:description\" content=\"The Connor McDavid figure from McFarlane Toys is approximately 18 cm tall.\" \/>\n<meta property=\"og:url\" content=\"https:\/\/www.2mkhokejovekarty.sk\/en\/produkt\/nhl-mcfarlane-connor-mcdavid-edmonton-oilers-figure-legacy-series-3\/\" \/>\n<meta property=\"og:site_name\" content=\"2MK Hokejov\u00e9 Karty\" \/>\n<meta property=\"article:publisher\" content=\"https:\/\/www.facebook.com\/2MK-hokejov%c3%a9-karty-106293018483710\" \/>\n<meta property=\"article:modified_time\" content=\"2026-02-23T21:08:26+00:00\" \/>\n<meta property=\"og:image\" content=\"https:\/\/www.2mkhokejovekarty.sk\/wp-content\/uploads\/2025\/01\/figurka_nhl_connor_mcdavid_mcfarlane.jpeg\" \/>\n\t<meta property=\"og:image:width\" content=\"940\" \/>\n\t<meta property=\"og:image:height\" content=\"788\" \/>\n<meta name=\"twitter:card\" content=\"summary_large_image\" \/>\n<script type=\"application\/ld+json\" class=\"yoast-schema-graph\">{\"@context\":\"https:\/\/schema.org\",\"@graph\":[{\"@type\":\"Organization\",\"@id\":\"https:\/\/www.2mkhokejovekarty.sk\/en\/#organization\",\"name\":\"2MK Hockey Cards\",\"url\":\"https:\/\/www.2mkhokejovekarty.sk\/en\/\",\"sameAs\":[\"https:\/\/www.facebook.com\/2MK-hokejov\\u00e9-karty-106293018483710\"],\"logo\":{\"@type\":\"ImageObject\",\"@id\":\"https:\/\/www.2mkhokejovekarty.sk\/en\/#logo\",\"inLanguage\":\"en-US\",\"url\":\"https:\/\/www.2mkhokejovekarty.sk\/wp-content\/uploads\/2021\/12\/2MK-logo-org.jpg\",\"contentUrl\":\"https:\/\/www.2mkhokejovekarty.sk\/wp-content\/uploads\/2021\/12\/2MK-logo-org.jpg\",\"width\":300,\"height\":200,\"caption\":\"2MK Hockey Cards\"},\"image\":{\"@id\":\"https:\/\/www.2mkhokejovekarty.sk\/en\/#logo\"}},{\"@type\":\"WebSite\",\"@id\":\"https:\/\/www.2mkhokejovekarty.sk\/en\/#website\",\"url\":\"https:\/\/www.2mkhokejovekarty.sk\/en\/\",\"name\":\"2MK Hokejov\\u00e9 Karty\",\"description\":\"Str\\u00e1nka ur\\u010den\\u00e1 pre zberate\\u013eov hokejov\\u00fdch kariet\",\"publisher\":{\"@id\":\"https:\/\/www.2mkhokejovekarty.sk\/en\/#organization\"},\"potentialAction\":[{\"@type\":\"SearchAction\",\"target\":{\"@type\":\"EntryPoint\",\"urlTemplate\":\"https:\/\/www.2mkhokejovekarty.sk\/en\/?s={search_term_string}\"},\"query-input\":\"required name=search_term_string\"}],\"inLanguage\":\"en-US\"},{\"@type\":\"ImageObject\",\"@id\":\"https:\/\/www.2mkhokejovekarty.sk\/en\/produkt\/nhl-mcfarlane-connor-mcdavid-edmonton-oilers-figure-legacy-series-3\/#primaryimage\",\"inLanguage\":\"en-US\",\"url\":\"https:\/\/www.2mkhokejovekarty.sk\/wp-content\/uploads\/2025\/01\/figurka_nhl_connor_mcdavid_mcfarlane.jpeg\",\"contentUrl\":\"https:\/\/www.2mkhokejovekarty.sk\/wp-content\/uploads\/2025\/01\/figurka_nhl_connor_mcdavid_mcfarlane.jpeg\",\"width\":940,\"height\":788},{\"@type\":\"WebPage\",\"@id\":\"https:\/\/www.2mkhokejovekarty.sk\/en\/produkt\/nhl-mcfarlane-connor-mcdavid-edmonton-oilers-figure-legacy-series-3\/#webpage\",\"url\":\"https:\/\/www.2mkhokejovekarty.sk\/en\/produkt\/nhl-mcfarlane-connor-mcdavid-edmonton-oilers-figure-legacy-series-3\/\",\"name\":\"NHL McFarlane Connor McDavid Edmonton Oilers Figure - Legacy Series #3 - 2MK Hokejov\\u00e9 Karty\",\"isPartOf\":{\"@id\":\"https:\/\/www.2mkhokejovekarty.sk\/en\/#website\"},\"primaryImageOfPage\":{\"@id\":\"https:\/\/www.2mkhokejovekarty.sk\/en\/produkt\/nhl-mcfarlane-connor-mcdavid-edmonton-oilers-figure-legacy-series-3\/#primaryimage\"},\"datePublished\":\"2025-01-13T14:43:10+00:00\",\"dateModified\":\"2026-02-23T21:08:26+00:00\",\"breadcrumb\":{\"@id\":\"https:\/\/www.2mkhokejovekarty.sk\/en\/produkt\/nhl-mcfarlane-connor-mcdavid-edmonton-oilers-figure-legacy-series-3\/#breadcrumb\"},\"inLanguage\":\"en-US\",\"potentialAction\":[{\"@type\":\"ReadAction\",\"target\":[\"https:\/\/www.2mkhokejovekarty.sk\/en\/produkt\/nhl-mcfarlane-connor-mcdavid-edmonton-oilers-figure-legacy-series-3\/\"]}]},{\"@type\":\"BreadcrumbList\",\"@id\":\"https:\/\/www.2mkhokejovekarty.sk\/en\/produkt\/nhl-mcfarlane-connor-mcdavid-edmonton-oilers-figure-legacy-series-3\/#breadcrumb\",\"itemListElement\":[{\"@type\":\"ListItem\",\"position\":1,\"name\":\"Home\",\"item\":\"https:\/\/www.2mkhokejovekarty.sk\/en\/\"},{\"@type\":\"ListItem\",\"position\":2,\"name\":\"Shop\",\"item\":\"https:\/\/www.2mkhokejovekarty.sk\/en\/shop\/\"},{\"@type\":\"ListItem\",\"position\":3,\"name\":\"NHL McFarlane Connor McDavid Edmonton Oilers Figure &#8211; Legacy Series #3\"}]}]}<\/script>\n<!-- \/ Yoast SEO plugin. -->","yoast_head_json":{"title":"NHL McFarlane Connor McDavid Edmonton Oilers Figure - Legacy Series #3 - 2MK Hokejov\u00e9 Karty","robots":{"index":"index","follow":"follow","max-snippet":"max-snippet:-1","max-image-preview":"max-image-preview:large","max-video-preview":"max-video-preview:-1"},"canonical":"https:\/\/www.2mkhokejovekarty.sk\/en\/produkt\/nhl-mcfarlane-connor-mcdavid-edmonton-oilers-figure-legacy-series-3\/","og_locale":"en_US","og_type":"article","og_title":"NHL McFarlane Connor McDavid Edmonton Oilers Figure - Legacy Series #3 - 2MK Hokejov\u00e9 Karty","og_description":"The Connor McDavid figure from McFarlane Toys is approximately 18 cm tall.","og_url":"https:\/\/www.2mkhokejovekarty.sk\/en\/produkt\/nhl-mcfarlane-connor-mcdavid-edmonton-oilers-figure-legacy-series-3\/","og_site_name":"2MK Hokejov\u00e9 Karty","article_publisher":"https:\/\/www.facebook.com\/2MK-hokejov%c3%a9-karty-106293018483710","article_modified_time":"2026-02-23T21:08:26+00:00","og_image":[{"width":940,"height":788,"url":"https:\/\/www.2mkhokejovekarty.sk\/wp-content\/uploads\/2025\/01\/figurka_nhl_connor_mcdavid_mcfarlane.jpeg","type":"image\/jpeg"}],"twitter_card":"summary_large_image","schema":{"@context":"https:\/\/schema.org","@graph":[{"@type":"Organization","@id":"https:\/\/www.2mkhokejovekarty.sk\/en\/#organization","name":"2MK Hockey Cards","url":"https:\/\/www.2mkhokejovekarty.sk\/en\/","sameAs":["https:\/\/www.facebook.com\/2MK-hokejov\u00e9-karty-106293018483710"],"logo":{"@type":"ImageObject","@id":"https:\/\/www.2mkhokejovekarty.sk\/en\/#logo","inLanguage":"en-US","url":"https:\/\/www.2mkhokejovekarty.sk\/wp-content\/uploads\/2021\/12\/2MK-logo-org.jpg","contentUrl":"https:\/\/www.2mkhokejovekarty.sk\/wp-content\/uploads\/2021\/12\/2MK-logo-org.jpg","width":300,"height":200,"caption":"2MK Hockey Cards"},"image":{"@id":"https:\/\/www.2mkhokejovekarty.sk\/en\/#logo"}},{"@type":"WebSite","@id":"https:\/\/www.2mkhokejovekarty.sk\/en\/#website","url":"https:\/\/www.2mkhokejovekarty.sk\/en\/","name":"2MK Hokejov\u00e9 Karty","description":"Str\u00e1nka ur\u010den\u00e1 pre zberate\u013eov hokejov\u00fdch kariet","publisher":{"@id":"https:\/\/www.2mkhokejovekarty.sk\/en\/#organization"},"potentialAction":[{"@type":"SearchAction","target":{"@type":"EntryPoint","urlTemplate":"https:\/\/www.2mkhokejovekarty.sk\/en\/?s={search_term_string}"},"query-input":"required name=search_term_string"}],"inLanguage":"en-US"},{"@type":"ImageObject","@id":"https:\/\/www.2mkhokejovekarty.sk\/en\/produkt\/nhl-mcfarlane-connor-mcdavid-edmonton-oilers-figure-legacy-series-3\/#primaryimage","inLanguage":"en-US","url":"https:\/\/www.2mkhokejovekarty.sk\/wp-content\/uploads\/2025\/01\/figurka_nhl_connor_mcdavid_mcfarlane.jpeg","contentUrl":"https:\/\/www.2mkhokejovekarty.sk\/wp-content\/uploads\/2025\/01\/figurka_nhl_connor_mcdavid_mcfarlane.jpeg","width":940,"height":788},{"@type":"WebPage","@id":"https:\/\/www.2mkhokejovekarty.sk\/en\/produkt\/nhl-mcfarlane-connor-mcdavid-edmonton-oilers-figure-legacy-series-3\/#webpage","url":"https:\/\/www.2mkhokejovekarty.sk\/en\/produkt\/nhl-mcfarlane-connor-mcdavid-edmonton-oilers-figure-legacy-series-3\/","name":"NHL McFarlane Connor McDavid Edmonton Oilers Figure - Legacy Series #3 - 2MK Hokejov\u00e9 Karty","isPartOf":{"@id":"https:\/\/www.2mkhokejovekarty.sk\/en\/#website"},"primaryImageOfPage":{"@id":"https:\/\/www.2mkhokejovekarty.sk\/en\/produkt\/nhl-mcfarlane-connor-mcdavid-edmonton-oilers-figure-legacy-series-3\/#primaryimage"},"datePublished":"2025-01-13T14:43:10+00:00","dateModified":"2026-02-23T21:08:26+00:00","breadcrumb":{"@id":"https:\/\/www.2mkhokejovekarty.sk\/en\/produkt\/nhl-mcfarlane-connor-mcdavid-edmonton-oilers-figure-legacy-series-3\/#breadcrumb"},"inLanguage":"en-US","potentialAction":[{"@type":"ReadAction","target":["https:\/\/www.2mkhokejovekarty.sk\/en\/produkt\/nhl-mcfarlane-connor-mcdavid-edmonton-oilers-figure-legacy-series-3\/"]}]},{"@type":"BreadcrumbList","@id":"https:\/\/www.2mkhokejovekarty.sk\/en\/produkt\/nhl-mcfarlane-connor-mcdavid-edmonton-oilers-figure-legacy-series-3\/#breadcrumb","itemListElement":[{"@type":"ListItem","position":1,"name":"Home","item":"https:\/\/www.2mkhokejovekarty.sk\/en\/"},{"@type":"ListItem","position":2,"name":"Shop","item":"https:\/\/www.2mkhokejovekarty.sk\/en\/shop\/"},{"@type":"ListItem","position":3,"name":"NHL McFarlane Connor McDavid Edmonton Oilers Figure &#8211; Legacy Series #3"}]}]}},"_links":{"self":[{"href":"https:\/\/www.2mkhokejovekarty.sk\/en\/wp-json\/wp\/v2\/product\/5341","targetHints":{"allow":["GET"]}}],"collection":[{"href":"https:\/\/www.2mkhokejovekarty.sk\/en\/wp-json\/wp\/v2\/product"}],"about":[{"href":"https:\/\/www.2mkhokejovekarty.sk\/en\/wp-json\/wp\/v2\/types\/product"}],"version-history":[{"count":1,"href":"https:\/\/www.2mkhokejovekarty.sk\/en\/wp-json\/wp\/v2\/product\/5341\/revisions"}],"predecessor-version":[{"id":5345,"href":"https:\/\/www.2mkhokejovekarty.sk\/en\/wp-json\/wp\/v2\/product\/5341\/revisions\/5345"}],"wp:featuredmedia":[{"embeddable":true,"href":"https:\/\/www.2mkhokejovekarty.sk\/en\/wp-json\/wp\/v2\/media\/4866"}],"wp:attachment":[{"href":"https:\/\/www.2mkhokejovekarty.sk\/en\/wp-json\/wp\/v2\/media?parent=5341"}],"wp:term":[{"taxonomy":"product_brand","embeddable":true,"href":"https:\/\/www.2mkhokejovekarty.sk\/en\/wp-json\/wp\/v2\/product_brand?post=5341"},{"taxonomy":"product_cat","embeddable":true,"href":"https:\/\/www.2mkhokejovekarty.sk\/en\/wp-json\/wp\/v2\/product_cat?post=5341"},{"taxonomy":"product_tag","embeddable":true,"href":"https:\/\/www.2mkhokejovekarty.sk\/en\/wp-json\/wp\/v2\/product_tag?post=5341"}],"curies":[{"name":"wp","href":"https:\/\/api.w.org\/{rel}","templated":true}]}}