{"id":4849,"date":"2021-10-14T16:35:03","date_gmt":"2021-10-14T14:35:03","guid":{"rendered":"https:\/\/www.2mkhokejovekarty.sk\/my-account\/"},"modified":"2025-11-19T15:16:07","modified_gmt":"2025-11-19T14:16:07","slug":"my-account","status":"publish","type":"page","link":"https:\/\/www.2mkhokejovekarty.sk\/en\/my-account\/","title":{"rendered":"My account"},"content":{"rendered":"<div class=\"woocommerce\"><\/div>\n","protected":false},"excerpt":{"rendered":"","protected":false},"author":1,"featured_media":0,"parent":0,"menu_order":0,"comment_status":"closed","ping_status":"closed","template":"","meta":{"footnotes":""},"class_list":["post-4849","page","type-page","status-publish","hentry"],"yoast_head":"<!-- This site is optimized with the Yoast SEO plugin v17.7.1 - https:\/\/yoast.com\/wordpress\/plugins\/seo\/ -->\n<title>My account - 2MK Hokejov\u00e9 Karty<\/title>\n<meta name=\"robots\" content=\"index, follow, max-snippet:-1, max-image-preview:large, max-video-preview:-1\" \/>\n<link rel=\"canonical\" href=\"https:\/\/www.2mkhokejovekarty.sk\/en\/my-account\/\" \/>\n<meta property=\"og:locale\" content=\"en_US\" \/>\n<meta property=\"og:type\" content=\"article\" \/>\n<meta property=\"og:title\" content=\"My account - 2MK Hokejov\u00e9 Karty\" \/>\n<meta property=\"og:url\" content=\"https:\/\/www.2mkhokejovekarty.sk\/en\/my-account\/\" \/>\n<meta property=\"og:site_name\" content=\"2MK Hokejov\u00e9 Karty\" \/>\n<meta property=\"article:publisher\" content=\"https:\/\/www.facebook.com\/2MK-hokejov%c3%a9-karty-106293018483710\" \/>\n<meta property=\"article:modified_time\" content=\"2025-11-19T14:16:07+00:00\" \/>\n<meta property=\"og:image\" content=\"https:\/\/www.2mkhokejovekarty.sk\/wp-content\/uploads\/2021\/10\/category-bg-1.jpg\" \/>\n\t<meta property=\"og:image:width\" content=\"900\" \/>\n\t<meta property=\"og:image:height\" content=\"342\" \/>\n<meta name=\"twitter:card\" content=\"summary_large_image\" \/>\n<script type=\"application\/ld+json\" class=\"yoast-schema-graph\">{\"@context\":\"https:\/\/schema.org\",\"@graph\":[{\"@type\":\"Organization\",\"@id\":\"https:\/\/www.2mkhokejovekarty.sk\/en\/#organization\",\"name\":\"2MK Hockey Cards\",\"url\":\"https:\/\/www.2mkhokejovekarty.sk\/en\/\",\"sameAs\":[\"https:\/\/www.facebook.com\/2MK-hokejov\\u00e9-karty-106293018483710\"],\"logo\":{\"@type\":\"ImageObject\",\"@id\":\"https:\/\/www.2mkhokejovekarty.sk\/en\/#logo\",\"inLanguage\":\"en-US\",\"url\":\"https:\/\/www.2mkhokejovekarty.sk\/wp-content\/uploads\/2021\/12\/2MK-logo-org.jpg\",\"contentUrl\":\"https:\/\/www.2mkhokejovekarty.sk\/wp-content\/uploads\/2021\/12\/2MK-logo-org.jpg\",\"width\":300,\"height\":200,\"caption\":\"2MK Hockey Cards\"},\"image\":{\"@id\":\"https:\/\/www.2mkhokejovekarty.sk\/en\/#logo\"}},{\"@type\":\"WebSite\",\"@id\":\"https:\/\/www.2mkhokejovekarty.sk\/en\/#website\",\"url\":\"https:\/\/www.2mkhokejovekarty.sk\/en\/\",\"name\":\"2MK Hokejov\\u00e9 Karty\",\"description\":\"Str\\u00e1nka ur\\u010den\\u00e1 pre zberate\\u013eov hokejov\\u00fdch kariet\",\"publisher\":{\"@id\":\"https:\/\/www.2mkhokejovekarty.sk\/en\/#organization\"},\"potentialAction\":[{\"@type\":\"SearchAction\",\"target\":{\"@type\":\"EntryPoint\",\"urlTemplate\":\"https:\/\/www.2mkhokejovekarty.sk\/en\/?s={search_term_string}\"},\"query-input\":\"required name=search_term_string\"}],\"inLanguage\":\"en-US\"},{\"@type\":\"WebPage\",\"@id\":\"https:\/\/www.2mkhokejovekarty.sk\/en\/my-account\/#webpage\",\"url\":\"https:\/\/www.2mkhokejovekarty.sk\/en\/my-account\/\",\"name\":\"My account - 2MK Hokejov\\u00e9 Karty\",\"isPartOf\":{\"@id\":\"https:\/\/www.2mkhokejovekarty.sk\/en\/#website\"},\"datePublished\":\"2021-10-14T14:35:03+00:00\",\"dateModified\":\"2025-11-19T14:16:07+00:00\",\"breadcrumb\":{\"@id\":\"https:\/\/www.2mkhokejovekarty.sk\/en\/my-account\/#breadcrumb\"},\"inLanguage\":\"en-US\",\"potentialAction\":[{\"@type\":\"ReadAction\",\"target\":[\"https:\/\/www.2mkhokejovekarty.sk\/en\/my-account\/\"]}]},{\"@type\":\"BreadcrumbList\",\"@id\":\"https:\/\/www.2mkhokejovekarty.sk\/en\/my-account\/#breadcrumb\",\"itemListElement\":[{\"@type\":\"ListItem\",\"position\":1,\"name\":\"Home\",\"item\":\"https:\/\/www.2mkhokejovekarty.sk\/en\/\"},{\"@type\":\"ListItem\",\"position\":2,\"name\":\"My account\"}]}]}<\/script>\n<!-- \/ Yoast SEO plugin. -->","yoast_head_json":{"title":"My account - 2MK Hokejov\u00e9 Karty","robots":{"index":"index","follow":"follow","max-snippet":"max-snippet:-1","max-image-preview":"max-image-preview:large","max-video-preview":"max-video-preview:-1"},"canonical":"https:\/\/www.2mkhokejovekarty.sk\/en\/my-account\/","og_locale":"en_US","og_type":"article","og_title":"My account - 2MK Hokejov\u00e9 Karty","og_url":"https:\/\/www.2mkhokejovekarty.sk\/en\/my-account\/","og_site_name":"2MK Hokejov\u00e9 Karty","article_publisher":"https:\/\/www.facebook.com\/2MK-hokejov%c3%a9-karty-106293018483710","article_modified_time":"2025-11-19T14:16:07+00:00","og_image":[{"width":900,"height":342,"url":"https:\/\/www.2mkhokejovekarty.sk\/wp-content\/uploads\/2021\/10\/category-bg-1.jpg","type":"image\/jpeg"}],"twitter_card":"summary_large_image","schema":{"@context":"https:\/\/schema.org","@graph":[{"@type":"Organization","@id":"https:\/\/www.2mkhokejovekarty.sk\/en\/#organization","name":"2MK Hockey Cards","url":"https:\/\/www.2mkhokejovekarty.sk\/en\/","sameAs":["https:\/\/www.facebook.com\/2MK-hokejov\u00e9-karty-106293018483710"],"logo":{"@type":"ImageObject","@id":"https:\/\/www.2mkhokejovekarty.sk\/en\/#logo","inLanguage":"en-US","url":"https:\/\/www.2mkhokejovekarty.sk\/wp-content\/uploads\/2021\/12\/2MK-logo-org.jpg","contentUrl":"https:\/\/www.2mkhokejovekarty.sk\/wp-content\/uploads\/2021\/12\/2MK-logo-org.jpg","width":300,"height":200,"caption":"2MK Hockey Cards"},"image":{"@id":"https:\/\/www.2mkhokejovekarty.sk\/en\/#logo"}},{"@type":"WebSite","@id":"https:\/\/www.2mkhokejovekarty.sk\/en\/#website","url":"https:\/\/www.2mkhokejovekarty.sk\/en\/","name":"2MK Hokejov\u00e9 Karty","description":"Str\u00e1nka ur\u010den\u00e1 pre zberate\u013eov hokejov\u00fdch kariet","publisher":{"@id":"https:\/\/www.2mkhokejovekarty.sk\/en\/#organization"},"potentialAction":[{"@type":"SearchAction","target":{"@type":"EntryPoint","urlTemplate":"https:\/\/www.2mkhokejovekarty.sk\/en\/?s={search_term_string}"},"query-input":"required name=search_term_string"}],"inLanguage":"en-US"},{"@type":"WebPage","@id":"https:\/\/www.2mkhokejovekarty.sk\/en\/my-account\/#webpage","url":"https:\/\/www.2mkhokejovekarty.sk\/en\/my-account\/","name":"My account - 2MK Hokejov\u00e9 Karty","isPartOf":{"@id":"https:\/\/www.2mkhokejovekarty.sk\/en\/#website"},"datePublished":"2021-10-14T14:35:03+00:00","dateModified":"2025-11-19T14:16:07+00:00","breadcrumb":{"@id":"https:\/\/www.2mkhokejovekarty.sk\/en\/my-account\/#breadcrumb"},"inLanguage":"en-US","potentialAction":[{"@type":"ReadAction","target":["https:\/\/www.2mkhokejovekarty.sk\/en\/my-account\/"]}]},{"@type":"BreadcrumbList","@id":"https:\/\/www.2mkhokejovekarty.sk\/en\/my-account\/#breadcrumb","itemListElement":[{"@type":"ListItem","position":1,"name":"Home","item":"https:\/\/www.2mkhokejovekarty.sk\/en\/"},{"@type":"ListItem","position":2,"name":"My account"}]}]}},"_links":{"self":[{"href":"https:\/\/www.2mkhokejovekarty.sk\/en\/wp-json\/wp\/v2\/pages\/4849","targetHints":{"allow":["GET"]}}],"collection":[{"href":"https:\/\/www.2mkhokejovekarty.sk\/en\/wp-json\/wp\/v2\/pages"}],"about":[{"href":"https:\/\/www.2mkhokejovekarty.sk\/en\/wp-json\/wp\/v2\/types\/page"}],"author":[{"embeddable":true,"href":"https:\/\/www.2mkhokejovekarty.sk\/en\/wp-json\/wp\/v2\/users\/1"}],"replies":[{"embeddable":true,"href":"https:\/\/www.2mkhokejovekarty.sk\/en\/wp-json\/wp\/v2\/comments?post=4849"}],"version-history":[{"count":1,"href":"https:\/\/www.2mkhokejovekarty.sk\/en\/wp-json\/wp\/v2\/pages\/4849\/revisions"}],"predecessor-version":[{"id":6309,"href":"https:\/\/www.2mkhokejovekarty.sk\/en\/wp-json\/wp\/v2\/pages\/4849\/revisions\/6309"}],"wp:attachment":[{"href":"https:\/\/www.2mkhokejovekarty.sk\/en\/wp-json\/wp\/v2\/media?parent=4849"}],"curies":[{"name":"wp","href":"https:\/\/api.w.org\/{rel}","templated":true}]}}